{"id":29155,"date":"2024-12-09T17:48:15","date_gmt":"2024-12-09T16:48:15","guid":{"rendered":"https:\/\/www.geoparcorigens.cat\/proteccio-legal\/"},"modified":"2025-01-31T16:48:43","modified_gmt":"2025-01-31T15:48:43","slug":"proteccio-legal","status":"publish","type":"page","link":"https:\/\/www.geoparcorigens.cat\/en\/proteccio-legal\/","title":{"rendered":"Legal protection"},"content":{"rendered":"<style>.kb-row-layout-id29155_5428ac-8d > .kt-row-column-wrap{align-content:start;}:where(.kb-row-layout-id29155_5428ac-8d > .kt-row-column-wrap) > .wp-block-kadence-column{justify-content:start;}.kb-row-layout-id29155_5428ac-8d > .kt-row-column-wrap{column-gap:var(--global-kb-gap-md, 2rem);row-gap:var(--global-kb-gap-none, 0rem );max-width:900px;margin-left:auto;margin-right:auto;padding-top:var(--global-kb-spacing-xxl, 5rem);padding-bottom:var(--global-kb-spacing-xxl, 5rem);grid-template-columns:minmax(0, 1fr);}.kb-row-layout-id29155_5428ac-8d > .kt-row-layout-overlay{opacity:0.30;}@media all and (max-width: 1024px){.kb-row-layout-id29155_5428ac-8d > .kt-row-column-wrap{padding-top:var(--global-kb-spacing-lg, 3rem);padding-right:var(--global-kb-spacing-xs, 1rem);padding-left:var(--global-kb-spacing-xs, 1rem);grid-template-columns:minmax(0, 1fr);}}@media all and (max-width: 767px){.kb-row-layout-id29155_5428ac-8d > .kt-row-column-wrap{grid-template-columns:minmax(0, 1fr);}}<\/style><div class=\"kb-row-layout-wrap kb-row-layout-id29155_5428ac-8d alignfull wp-block-kadence-rowlayout\"><div class=\"kt-row-column-wrap kt-has-1-columns kt-row-layout-equal kt-tab-layout-inherit kt-mobile-layout-row kt-row-valign-top\">\n<style>.kadence-column29155_3c0424-9f > .kt-inside-inner-col,.kadence-column29155_3c0424-9f > .kt-inside-inner-col:before{border-top-left-radius:0px;border-top-right-radius:0px;border-bottom-right-radius:0px;border-bottom-left-radius:0px;}.kadence-column29155_3c0424-9f > .kt-inside-inner-col{column-gap:var(--global-kb-gap-sm, 1rem);}.kadence-column29155_3c0424-9f > .kt-inside-inner-col{flex-direction:column;}.kadence-column29155_3c0424-9f > .kt-inside-inner-col > .aligncenter{width:100%;}.kadence-column29155_3c0424-9f > .kt-inside-inner-col:before{opacity:0.3;}.kadence-column29155_3c0424-9f{position:relative;}@media all and (max-width: 1024px){.kadence-column29155_3c0424-9f > .kt-inside-inner-col{flex-direction:column;justify-content:center;}}@media all and (max-width: 767px){.kadence-column29155_3c0424-9f > .kt-inside-inner-col{flex-direction:column;justify-content:center;}}<\/style>\n<div class=\"wp-block-kadence-column kadence-column29155_3c0424-9f\"><div class=\"kt-inside-inner-col\">\n<p>A Geopark is not a figure of legal protection, but must ensure the implementation of laws that guarantee the conservation of its natural values.<\/p>\n\n\n<style>.kb-row-layout-id29155_e10bb5-41 > .kt-row-column-wrap{align-content:start;}:where(.kb-row-layout-id29155_e10bb5-41 > .kt-row-column-wrap) > .wp-block-kadence-column{justify-content:start;}.kb-row-layout-id29155_e10bb5-41 > .kt-row-column-wrap{column-gap:var(--global-kb-gap-md, 2rem);row-gap:var(--global-kb-gap-none, 0rem );max-width:900px;margin-left:auto;margin-right:auto;grid-template-columns:repeat(2, minmax(0, 1fr));}.kb-row-layout-id29155_e10bb5-41 > .kt-row-layout-overlay{opacity:0.30;}@media all and (max-width: 1024px){.kb-row-layout-id29155_e10bb5-41 > .kt-row-column-wrap{grid-template-columns:repeat(2, minmax(0, 1fr));}}@media all and (max-width: 767px){.kb-row-layout-id29155_e10bb5-41 > .kt-row-column-wrap{grid-template-columns:minmax(0, 1fr);}}<\/style><div class=\"kb-row-layout-wrap kb-row-layout-id29155_e10bb5-41 alignfull wp-block-kadence-rowlayout\"><div class=\"kt-row-column-wrap kt-has-2-columns kt-row-layout-equal kt-tab-layout-inherit kt-mobile-layout-row kt-row-valign-top\">\n<style>.kadence-column29155_b58db3-ad > .kt-inside-inner-col,.kadence-column29155_b58db3-ad > .kt-inside-inner-col:before{border-top-left-radius:0px;border-top-right-radius:0px;border-bottom-right-radius:0px;border-bottom-left-radius:0px;}.kadence-column29155_b58db3-ad > .kt-inside-inner-col{column-gap:var(--global-kb-gap-sm, 1rem);}.kadence-column29155_b58db3-ad > .kt-inside-inner-col{flex-direction:column;}.kadence-column29155_b58db3-ad > .kt-inside-inner-col > .aligncenter{width:100%;}.kadence-column29155_b58db3-ad > .kt-inside-inner-col:before{opacity:0.3;}.kadence-column29155_b58db3-ad{position:relative;}@media all and (max-width: 1024px){.kadence-column29155_b58db3-ad > .kt-inside-inner-col{flex-direction:column;justify-content:center;}}@media all and (max-width: 767px){.kadence-column29155_b58db3-ad > .kt-inside-inner-col{flex-direction:column;justify-content:center;}}<\/style>\n<div class=\"wp-block-kadence-column kadence-column29155_b58db3-ad\"><div class=\"kt-inside-inner-col\"><style>.kb-image29155_9f600e-6f .kb-image-has-overlay:after{opacity:0.3;}<\/style>\n<figure class=\"wp-block-kadence-image kb-image29155_9f600e-6f size-medium_large kb-image-is-ratio-size\"><div class=\"kb-is-ratio-image kb-image-ratio-land43\"><img loading=\"lazy\" decoding=\"async\" width=\"768\" height=\"576\" src=\"https:\/\/www.geoparcorigens.cat\/wp-content\/uploads\/campusarqueo1-768x576.jpg\" alt=\"\" class=\"kb-img wp-image-25390\" srcset=\"https:\/\/www.geoparcorigens.cat\/wp-content\/uploads\/campusarqueo1-768x576.jpg 768w, https:\/\/www.geoparcorigens.cat\/wp-content\/uploads\/campusarqueo1-300x225.jpg 300w, https:\/\/www.geoparcorigens.cat\/wp-content\/uploads\/campusarqueo1-1024x768.jpg 1024w, https:\/\/www.geoparcorigens.cat\/wp-content\/uploads\/campusarqueo1-1536x1152.jpg 1536w, https:\/\/www.geoparcorigens.cat\/wp-content\/uploads\/campusarqueo1.jpg 1980w\" sizes=\"auto, (max-width: 768px) 100vw, 768px\" \/><\/div><\/figure>\n<\/div><\/div>\n\n\n<style>.kadence-column29155_82ff40-0c > .kt-inside-inner-col,.kadence-column29155_82ff40-0c > .kt-inside-inner-col:before{border-top-left-radius:0px;border-top-right-radius:0px;border-bottom-right-radius:0px;border-bottom-left-radius:0px;}.kadence-column29155_82ff40-0c > .kt-inside-inner-col{column-gap:var(--global-kb-gap-sm, 1rem);}.kadence-column29155_82ff40-0c > .kt-inside-inner-col{flex-direction:column;}.kadence-column29155_82ff40-0c > .kt-inside-inner-col > .aligncenter{width:100%;}.kadence-column29155_82ff40-0c > .kt-inside-inner-col:before{opacity:0.3;}.kadence-column29155_82ff40-0c{position:relative;}@media all and (max-width: 1024px){.kadence-column29155_82ff40-0c > .kt-inside-inner-col{flex-direction:column;justify-content:center;}}@media all and (max-width: 767px){.kadence-column29155_82ff40-0c > .kt-inside-inner-col{flex-direction:column;justify-content:center;}}<\/style>\n<div class=\"wp-block-kadence-column kadence-column29155_82ff40-0c\"><div class=\"kt-inside-inner-col\"><style>.kb-image29155_4c648c-f9 .kb-image-has-overlay:after{opacity:0.3;}<\/style>\n<figure class=\"wp-block-kadence-image kb-image29155_4c648c-f9 size-medium_large kb-image-is-ratio-size\"><div class=\"kb-is-ratio-image kb-image-ratio-land43\"><img loading=\"lazy\" decoding=\"async\" width=\"768\" height=\"543\" src=\"https:\/\/www.geoparcorigens.cat\/wp-content\/uploads\/Camp-Treball-2016_2-01-768x543.jpg\" alt=\"Camp de Treball 2016 Geoparc Or\u00edgens\" class=\"kb-img wp-image-25391\" srcset=\"https:\/\/www.geoparcorigens.cat\/wp-content\/uploads\/Camp-Treball-2016_2-01-768x543.jpg 768w, https:\/\/www.geoparcorigens.cat\/wp-content\/uploads\/Camp-Treball-2016_2-01-300x212.jpg 300w, https:\/\/www.geoparcorigens.cat\/wp-content\/uploads\/Camp-Treball-2016_2-01-1024x724.jpg 1024w, https:\/\/www.geoparcorigens.cat\/wp-content\/uploads\/Camp-Treball-2016_2-01-1536x1086.jpg 1536w, https:\/\/www.geoparcorigens.cat\/wp-content\/uploads\/Camp-Treball-2016_2-01.jpg 1980w\" sizes=\"auto, (max-width: 768px) 100vw, 768px\" \/><\/div><\/figure>\n<\/div><\/div>\n\n<\/div><\/div>\n\n<style>.wp-block-kadence-advancedheading.kt-adv-heading29155_77c647-08, .wp-block-kadence-advancedheading.kt-adv-heading29155_77c647-08[data-kb-block=\"kb-adv-heading29155_77c647-08\"]{font-style:normal;}.wp-block-kadence-advancedheading.kt-adv-heading29155_77c647-08 mark.kt-highlight, .wp-block-kadence-advancedheading.kt-adv-heading29155_77c647-08[data-kb-block=\"kb-adv-heading29155_77c647-08\"] mark.kt-highlight{font-style:normal;color:#f76a0c;-webkit-box-decoration-break:clone;box-decoration-break:clone;padding-top:0px;padding-right:0px;padding-bottom:0px;padding-left:0px;}.wp-block-kadence-advancedheading.kt-adv-heading29155_77c647-08 img.kb-inline-image, .wp-block-kadence-advancedheading.kt-adv-heading29155_77c647-08[data-kb-block=\"kb-adv-heading29155_77c647-08\"] img.kb-inline-image{width:150px;vertical-align:baseline;}<\/style>\n<h2 class=\"kt-adv-heading29155_77c647-08 wp-block-kadence-advancedheading\" data-kb-block=\"kb-adv-heading29155_77c647-08\"><strong>Spanish legislation<\/strong><\/h2>\n\n\n\n<p>At a&nbsp;<strong>national level, Spanish legislation<\/strong>&nbsp;is among the most advanced in Europe in terms of geological conservation:<\/p>\n\n\n\n<ul class=\"wp-block-list\">\n<li>The country has been a pioneer in the protection of natural spaces and has 15 UNESCO Global Geoparks and 47 Biosphere Reserves.<\/li>\n\n\n\n<li><a href=\"https:\/\/www.boe.es\/buscar\/pdf\/2007\/BOE-A-2007-21490-consolidado.pdf\" target=\"_blank\" rel=\"noreferrer noopener\"><strong>Law 42\/2007 of Natural Heritage and Biodiversity<\/strong><\/a>\u00a0is currently one of the most important laws that directly regulate the management of geological heritage at the state level. Explicitly includes the protection of geological heritage and geodiversity. In short, it is compulsory to study geodiversity in cases established by law and advances in cataloguing and conservation of geological heritage and geodiversity. Is currently developing the National Strategic Plan for Natural Heritage and the Biodiversity, which includes an assessment of geodiversity.<\/li>\n<\/ul>\n\n\n<style>.wp-block-kadence-advancedheading.kt-adv-heading29155_a56a38-fe, .wp-block-kadence-advancedheading.kt-adv-heading29155_a56a38-fe[data-kb-block=\"kb-adv-heading29155_a56a38-fe\"]{font-style:normal;}.wp-block-kadence-advancedheading.kt-adv-heading29155_a56a38-fe mark.kt-highlight, .wp-block-kadence-advancedheading.kt-adv-heading29155_a56a38-fe[data-kb-block=\"kb-adv-heading29155_a56a38-fe\"] mark.kt-highlight{font-style:normal;color:#f76a0c;-webkit-box-decoration-break:clone;box-decoration-break:clone;padding-top:0px;padding-right:0px;padding-bottom:0px;padding-left:0px;}.wp-block-kadence-advancedheading.kt-adv-heading29155_a56a38-fe img.kb-inline-image, .wp-block-kadence-advancedheading.kt-adv-heading29155_a56a38-fe[data-kb-block=\"kb-adv-heading29155_a56a38-fe\"] img.kb-inline-image{width:150px;vertical-align:baseline;}<\/style>\n<h2 class=\"kt-adv-heading29155_a56a38-fe wp-block-kadence-advancedheading\" data-kb-block=\"kb-adv-heading29155_a56a38-fe\"><strong>Other laws<\/strong><\/h2>\n\n\n\n<p>Other laws that directly affect the preservation of the geological environment (geoconservation) are:<\/p>\n\n\n\n<ul class=\"wp-block-list\">\n<li><a href=\"https:\/\/www.boe.es\/boe_catalan\/dias\/2007\/12\/26\/pdfs\/A05317-05327.pdf\" target=\"_blank\" rel=\"noreferrer noopener\"><strong>Law 45\/2007 for the Sustainable Rural Development:<\/strong><\/a>\n<ul class=\"wp-block-list\">\n<li>Proposes that the geological resources of rural areas can be used for sustainable development, provided that they give priority to the conservation of the environment, the landscape and the natural and cultural heritage.<\/li>\n\n\n\n<li>He states that the tasks of planning necessary to develop initiatives for knowledge, heritage protection and sustainable management of biological, geological and mining resources as scientific, cultural and tourist.<\/li>\n<\/ul>\n<\/li>\n\n\n\n<li><a href=\"https:\/\/www.miteco.gob.es\/es\/red-parques-nacionales\/la-red\/ley-5-2007_tcm30-66668.pdf\" target=\"_blank\" rel=\"noreferrer noopener\"><strong>Law 5\/2007 of the Network of National Parks:<\/strong><\/a>\n<ul class=\"wp-block-list\">\n<li>Specify the characteristics of the Network of National Parks, as well as the powers of the Ministry of Environment.<\/li>\n\n\n\n<li>National Parks are defined as \u201cnatural areas of high ecological and cultural, little changed by human activity or operation for reasons of the beauty of its landscapes, the representativeness of their ecosystems or the uniqueness of its flora, fauna, geology or its geomorphological formations, have ecological values, aesthetic, cultural, educational and scientific highlights, their preservation deserves particular attention and is declared in the general interest of the State. \u201c<\/li>\n\n\n\n<li>They define some units representing geodiversity Spanish, as well as a set of natural systems represent the Spanish Red. Some of these are taken into account in geology.<\/li>\n<\/ul>\n<\/li>\n\n\n\n<li><a href=\"https:\/\/www.boe.es\/buscar\/act.php?id=BOE-A-1985-12534\" target=\"_blank\" rel=\"noreferrer noopener\"><strong>Law 15\/1985 on Spanish Historical Heritage<\/strong><\/a>. At the state level, the protection of paleontological heritage has been made mainly in the framework of the law of historical and only exceptionally in the natural environment.<\/li>\n<\/ul>\n\n\n\n<p>Management of Protected Natural Areas is transferred to the regions, so that each has different set of protection, which must be consistent with state law. In order to implement this law, Catalonia has a&nbsp;<a href=\"http:\/\/mediambient.gencat.cat\/web\/.content\/mn_medi_natural\/mn15_espais_naturals_protegits\/documents\/pla-gestio_2015-2020\/fitxers_binaris\/Memoria-Pla-de-gestio-dels-espais-5-17.02.15.pdf\" target=\"_blank\" rel=\"noreferrer noopener\">Management Plan for Natural Protected Areas (2015-2020)<\/a>.<\/p>\n\n\n\n<p class=\"has--font-size\"><strong>In Catalonia there are common rules of archaeological and paleontological Catalan:<\/strong><\/p>\n\n\n\n<ul class=\"wp-block-list\">\n<li><a href=\"http:\/\/www20.gencat.cat\/docs\/CulturaDepartament\/Cultura\/Documents\/Arxiu\/normativa_index.htm%20-%20LLEI_9_1993.doc\" target=\"_blank\" rel=\"noreferrer noopener\">Llei 9\/1993, de 30 de setembre, del Patrimoni Cultural Catal\u00e0 (DOGC\u00a0n\u00fam. 1807 publicat el 11\/10\/1993). Correcci\u00f3 d\u2019errades en el DOGC n\u00fam. 1825, p\u00e0g. 7761, de 24.11.1993.<\/a><\/li>\n\n\n\n<li><a href=\"https:\/\/portaljuridic.gencat.cat\/ca\/pjur_ocults\/pjur_resultats_fitxa\/?action=fitxa&amp;documentId=276664&amp;language=ca_ES&amp;textWords=Decret%252078%2F2002&amp;mode=single\" target=\"_blank\" rel=\"noreferrer noopener\">Decret 78\/2002, de 5 de mar\u00e7, del Reglament de protecci\u00f3 del patrimoni arqueol\u00f2gic i paleontol\u00f2gic (DOGC\u00a0n\u00fam. 3915 publicat el 01\/07\/2003). Correcci\u00f3 d\u2019errades en el DOGC n\u00fam. 3594, p\u00e0g. 4608, de 13.3.2002.<\/a><\/li>\n<\/ul>\n\n\n\n<p>\u201cItems related to fossil humans or their origin or background, as well as its geological setting, which are located or come from the soil, subsoil or inland waters of the territory of Catalonia or the territorial sea or continental shelf corresponding to their coastline, or are part of museum collections or collections of Catalonia\u201d are part of the Catalan paleontological heritage.<\/p>\n\n\n\n<p><strong>It is noteworthy that all deposits are listed paleontological declared Bienes de Inter\u00e9s Cultural Nacional (higher protection device legal in Catalonia).<\/strong><\/p>\n\n\n\n<p><strong>More than 40% of Or\u00edgens Geopark project is protected by various legal devices<\/strong>&nbsp;in accordance with Catalan, Spanish and European legislation: Starlight Reserve and Tourist Destination, Espacios de Inter\u00e9s Natural \u2013 Areas of Natural Interest (<strong>PEIN<\/strong>),&nbsp;<strong>National Reserve<\/strong>,&nbsp;<strong>Lugar de inter\u00e9s Cultural Nacional<\/strong>, Zona de Especial Conservaci\u00f3n (<strong>ZEC<\/strong>) y europea&nbsp;<strong>Red Natura 2000<\/strong>, etc. This means that many areas of interest are now under the protection of these devices.<\/p>\n\n\n\n<p>In addition, most of the elements of the geological heritage of the Geopark included in the official inventory of&nbsp;<strong>Espacios de Inter\u00e9s Geol\u00f3gico de Catalu\u00f1a (EIG),<\/strong>&nbsp;<strong>Lugares de Inter\u00e9s Geol\u00f3gico (LIG) y Lugares de inter\u00e9s patrimonio Minero (LIPM)<\/strong>.<\/p>\n<\/div><\/div>\n\n<\/div><\/div>","protected":false},"excerpt":{"rendered":"<p>A Geopark is not a figure of legal protection, but must ensure the implementation of laws that guarantee the conservation of its natural values. Spanish legislation At a&nbsp;national level, Spanish legislation&nbsp;is among the most advanced in Europe in terms of geological conservation: Other laws Other laws that directly affect the preservation of the geological environment&#8230;<\/p>\n","protected":false},"author":1,"featured_media":0,"parent":0,"menu_order":0,"comment_status":"closed","ping_status":"closed","template":"","meta":{"_acf_changed":false,"_kad_blocks_custom_css":"","_kad_blocks_head_custom_js":"","_kad_blocks_body_custom_js":"","_kad_blocks_footer_custom_js":"","_kad_post_transparent":"","_kad_post_title":"show","_kad_post_layout":"","_kad_post_sidebar_id":"","_kad_post_content_style":"","_kad_post_vertical_padding":"","_kad_post_feature":"","_kad_post_feature_position":"","_kad_post_header":false,"_kad_post_footer":false,"_kad_post_classname":"","footnotes":""},"class_list":["post-29155","page","type-page","status-publish","hentry"],"acf":[],"taxonomy_info":[],"featured_image_src_large":false,"author_info":{"display_name":"09254GP","author_link":"https:\/\/www.geoparcorigens.cat\/en\/author\/administrador\/"},"comment_info":0,"_links":{"self":[{"href":"https:\/\/www.geoparcorigens.cat\/en\/wp-json\/wp\/v2\/pages\/29155","targetHints":{"allow":["GET"]}}],"collection":[{"href":"https:\/\/www.geoparcorigens.cat\/en\/wp-json\/wp\/v2\/pages"}],"about":[{"href":"https:\/\/www.geoparcorigens.cat\/en\/wp-json\/wp\/v2\/types\/page"}],"author":[{"embeddable":true,"href":"https:\/\/www.geoparcorigens.cat\/en\/wp-json\/wp\/v2\/users\/1"}],"replies":[{"embeddable":true,"href":"https:\/\/www.geoparcorigens.cat\/en\/wp-json\/wp\/v2\/comments?post=29155"}],"version-history":[{"count":0,"href":"https:\/\/www.geoparcorigens.cat\/en\/wp-json\/wp\/v2\/pages\/29155\/revisions"}],"wp:attachment":[{"href":"https:\/\/www.geoparcorigens.cat\/en\/wp-json\/wp\/v2\/media?parent=29155"}],"curies":[{"name":"wp","href":"https:\/\/api.w.org\/{rel}","templated":true}]}}