{"id":29165,"date":"2024-12-09T17:47:03","date_gmt":"2024-12-09T16:47:03","guid":{"rendered":"https:\/\/www.geoparcorigens.cat\/associacio-geoparc-origens\/"},"modified":"2025-01-31T16:43:54","modified_gmt":"2025-01-31T15:43:54","slug":"associacio-geoparc-origens","status":"publish","type":"page","link":"https:\/\/www.geoparcorigens.cat\/en\/associacio-geoparc-origens\/","title":{"rendered":"Geopark Or\u00edgens Association"},"content":{"rendered":"<style>.kb-row-layout-id29165_f0ea4e-84 > .kt-row-column-wrap{align-content:start;}:where(.kb-row-layout-id29165_f0ea4e-84 > .kt-row-column-wrap) > .wp-block-kadence-column{justify-content:start;}.kb-row-layout-id29165_f0ea4e-84 > .kt-row-column-wrap{column-gap:var(--global-kb-gap-lg, 4rem);row-gap:var(--global-kb-gap-sm, 1rem);max-width:var( --global-content-width, 1290px );padding-left:var(--global-content-edge-padding);padding-right:var(--global-content-edge-padding);padding-top:var(--global-kb-spacing-xxl, 5rem);padding-bottom:var(--global-kb-spacing-xxl, 5rem);grid-template-columns:repeat(2, minmax(0, 1fr));}.kb-row-layout-id29165_f0ea4e-84 > .kt-row-layout-overlay{opacity:0.30;}@media all and (max-width: 1024px){.kb-row-layout-id29165_f0ea4e-84 > .kt-row-column-wrap{padding-top:var(--global-kb-spacing-lg, 3rem);grid-template-columns:repeat(2, minmax(0, 1fr));}}@media all and (max-width: 767px){.kb-row-layout-id29165_f0ea4e-84 > .kt-row-column-wrap{column-gap:var(--global-kb-gap-md, 2rem);row-gap:var(--global-kb-gap-md, 2rem);padding-top:var(--global-kb-spacing-md, 2rem);grid-template-columns:minmax(0, 1fr);}.kb-row-layout-id29165_f0ea4e-84 > .kt-row-column-wrap > .wp-block-kadence-column:nth-child(1 of *:not(style)){order:2;}.kb-row-layout-id29165_f0ea4e-84 > .kt-row-column-wrap > .wp-block-kadence-column:nth-child(2 of *:not(style)){order:1;}.kb-row-layout-id29165_f0ea4e-84 > .kt-row-column-wrap > .wp-block-kadence-column:nth-child(3 of *:not(style)){order:12;}.kb-row-layout-id29165_f0ea4e-84 > .kt-row-column-wrap > .wp-block-kadence-column:nth-child(4 of *:not(style)){order:11;}.kb-row-layout-id29165_f0ea4e-84 > .kt-row-column-wrap > .wp-block-kadence-column:nth-child(5 of *:not(style)){order:22;}.kb-row-layout-id29165_f0ea4e-84 > .kt-row-column-wrap > .wp-block-kadence-column:nth-child(6 of *:not(style)){order:21;}.kb-row-layout-id29165_f0ea4e-84 > .kt-row-column-wrap > .wp-block-kadence-column:nth-child(7 of *:not(style)){order:32;}.kb-row-layout-id29165_f0ea4e-84 > .kt-row-column-wrap > .wp-block-kadence-column:nth-child(8 of *:not(style)){order:31;}}<\/style><div class=\"kb-row-layout-wrap kb-row-layout-id29165_f0ea4e-84 alignfull wp-block-kadence-rowlayout\"><div class=\"kt-row-column-wrap kt-has-2-columns kt-row-layout-equal kt-tab-layout-inherit kt-mobile-layout-row kt-row-valign-top kb-theme-content-width\">\n<style>.kadence-column29165_ba8183-68 > .kt-inside-inner-col,.kadence-column29165_ba8183-68 > .kt-inside-inner-col:before{border-top-left-radius:0px;border-top-right-radius:0px;border-bottom-right-radius:0px;border-bottom-left-radius:0px;}.kadence-column29165_ba8183-68 > .kt-inside-inner-col{column-gap:var(--global-kb-gap-sm, 1rem);}.kadence-column29165_ba8183-68 > .kt-inside-inner-col{flex-direction:column;}.kadence-column29165_ba8183-68 > .kt-inside-inner-col > .aligncenter{width:100%;}.kadence-column29165_ba8183-68 > .kt-inside-inner-col:before{opacity:0.3;}.kadence-column29165_ba8183-68{position:relative;}@media all and (max-width: 1024px){.kadence-column29165_ba8183-68 > .kt-inside-inner-col{flex-direction:column;justify-content:center;}}@media all and (max-width: 767px){.kadence-column29165_ba8183-68 > .kt-inside-inner-col{flex-direction:column;justify-content:center;}}<\/style>\n<div class=\"wp-block-kadence-column kadence-column29165_ba8183-68\"><div class=\"kt-inside-inner-col\"><style>.kb-image29165_65cad0-a5 .kb-image-has-overlay:after{opacity:0.3;}<\/style>\n<figure class=\"wp-block-kadence-image kb-image29165_65cad0-a5 size-full\"><img loading=\"lazy\" decoding=\"async\" width=\"724\" height=\"1024\" src=\"https:\/\/www.geoparcorigens.cat\/wp-content\/uploads\/Administrative_boundaries.jpeg\" alt=\"Associaci\u00f3 Geoparc Or\u00edgens\" class=\"kb-img wp-image-25367\" srcset=\"https:\/\/www.geoparcorigens.cat\/wp-content\/uploads\/Administrative_boundaries.jpeg 724w, https:\/\/www.geoparcorigens.cat\/wp-content\/uploads\/Administrative_boundaries-212x300.jpeg 212w\" sizes=\"auto, (max-width: 724px) 100vw, 724px\" \/><\/figure>\n<\/div><\/div>\n\n\n<style>.kadence-column29165_ac9b3a-46 > .kt-inside-inner-col,.kadence-column29165_ac9b3a-46 > .kt-inside-inner-col:before{border-top-left-radius:0px;border-top-right-radius:0px;border-bottom-right-radius:0px;border-bottom-left-radius:0px;}.kadence-column29165_ac9b3a-46 > .kt-inside-inner-col{column-gap:var(--global-kb-gap-sm, 1rem);}.kadence-column29165_ac9b3a-46 > .kt-inside-inner-col{flex-direction:column;}.kadence-column29165_ac9b3a-46 > .kt-inside-inner-col > .aligncenter{width:100%;}.kadence-column29165_ac9b3a-46 > .kt-inside-inner-col:before{opacity:0.3;}.kadence-column29165_ac9b3a-46{position:relative;}@media all and (max-width: 1024px){.kadence-column29165_ac9b3a-46 > .kt-inside-inner-col{flex-direction:column;justify-content:center;}}@media all and (max-width: 767px){.kadence-column29165_ac9b3a-46 > .kt-inside-inner-col{flex-direction:column;justify-content:center;}}<\/style>\n<div class=\"wp-block-kadence-column kadence-column29165_ac9b3a-46\"><div class=\"kt-inside-inner-col\">\n<p>The&nbsp;<strong>Geopark Association<\/strong>&nbsp;was established on 15<sup>th<\/sup>&nbsp;September&nbsp;<strong>2015<\/strong>&nbsp;for the management of the Or\u00edgens Geopark.<\/p>\n\n\n\n<p>In June&nbsp;<strong>2023<\/strong>&nbsp;the association took the name&nbsp;<strong>Geopark Or\u00edgens Association<\/strong>.<\/p>\n\n\n\n<p>The Geoparc Or\u00edgens Association is made up of a total of&nbsp;<strong>19 municipalities<\/strong>&nbsp;(detailed on the map) from four counties (Pallars Juss\u00e0, Noguera, Pallars Sobir\u00e0 and Alt Urgell) and&nbsp;<strong>2 county councils<\/strong>&nbsp;(Pallars Juss\u00e0 and Noguera). This Association guarantees the governance and development capacity of the territory.<\/p>\n\n\n<style>.wp-block-kadence-advancedbtn.kb-btns29165_075659-be{gap:var(--global-kb-gap-xs, 0.5rem );flex-direction:column;align-items:flex-start;justify-content:center;}.kt-btns29165_075659-be .kt-button{font-weight:normal;font-style:normal;}.kt-btns29165_075659-be .kt-btn-wrap-0{margin-right:5px;}.wp-block-kadence-advancedbtn.kt-btns29165_075659-be .kt-btn-wrap-0 .kt-button{color:#555555;border-color:#555555;}.wp-block-kadence-advancedbtn.kt-btns29165_075659-be .kt-btn-wrap-0 .kt-button:hover, .wp-block-kadence-advancedbtn.kt-btns29165_075659-be .kt-btn-wrap-0 .kt-button:focus{color:#ffffff;border-color:#444444;}.wp-block-kadence-advancedbtn.kt-btns29165_075659-be .kt-btn-wrap-0 .kt-button::before{display:none;}.wp-block-kadence-advancedbtn.kt-btns29165_075659-be .kt-btn-wrap-0 .kt-button:hover, .wp-block-kadence-advancedbtn.kt-btns29165_075659-be .kt-btn-wrap-0 .kt-button:focus{background:#444444;}<\/style>\n<div class=\"wp-block-kadence-advancedbtn kb-buttons-wrap kb-btns29165_075659-be\"><style>ul.menu .wp-block-kadence-advancedbtn .kb-btn29165_f9a817-76.kb-button{width:initial;}<\/style><a class=\"kb-button kt-button button kb-btn29165_f9a817-76 kt-btn-size-small kt-btn-width-type-auto kb-btn-global-fill  kt-btn-has-text-true kt-btn-has-svg-false  wp-block-kadence-singlebtn\" href=\"https:\/\/drive.google.com\/file\/d\/1o9E3OsPnZYuUfJVfjlNaw_zQDq6k_Acb\/view\" target=\"_blank\" rel=\"noreferrer noopener\"><span class=\"kt-btn-inner-text\">Geopark Or\u00edgens Association Statutes<\/span><\/a>\n\n<style>ul.menu .wp-block-kadence-advancedbtn .kb-btn29165_37c9ce-47.kb-button{width:initial;}<\/style><a class=\"kb-button kt-button button kb-btn29165_37c9ce-47 kt-btn-size-small kt-btn-width-type-auto kb-btn-global-fill  kt-btn-has-text-true kt-btn-has-svg-false  wp-block-kadence-singlebtn\" href=\"https:\/\/drive.google.com\/file\/d\/1bQREFym8uYtGQNh8CcNT5w6V2LDAHeL1\/view\" target=\"_blank\" rel=\"noreferrer noopener\"><span class=\"kt-btn-inner-text\">Geopark Master Plan (2021 &#8211; 2025)<\/span><\/a>\n\n<style>ul.menu .wp-block-kadence-advancedbtn .kb-btn29165_92f472-5d.kb-button{width:initial;}<\/style><a class=\"kb-button kt-button button kb-btn29165_92f472-5d kt-btn-size-small kt-btn-width-type-auto kb-btn-global-fill  kt-btn-has-text-true kt-btn-has-svg-false  wp-block-kadence-singlebtn\" href=\"https:\/\/drive.google.com\/file\/d\/1eXFeFeWAmVe0AmuzKxxF3BfdrnIeiDVQ\/view\" target=\"_blank\" rel=\"noreferrer noopener\"><span class=\"kt-btn-inner-text\">Geopark Master Plan (2015 &#8211; 2020)<\/span><\/a><\/div>\n<\/div><\/div>\n\n<\/div><\/div>","protected":false},"excerpt":{"rendered":"<p>The&nbsp;Geopark Association&nbsp;was established on 15th&nbsp;September&nbsp;2015&nbsp;for the management of the Or\u00edgens Geopark. In June&nbsp;2023&nbsp;the association took the name&nbsp;Geopark Or\u00edgens Association. The Geoparc Or\u00edgens Association is made up of a total of&nbsp;19 municipalities&nbsp;(detailed on the map) from four counties (Pallars Juss\u00e0, Noguera, Pallars Sobir\u00e0 and Alt Urgell) and&nbsp;2 county councils&nbsp;(Pallars Juss\u00e0 and Noguera). This Association guarantees the&#8230;<\/p>\n","protected":false},"author":1,"featured_media":0,"parent":0,"menu_order":0,"comment_status":"closed","ping_status":"closed","template":"","meta":{"_acf_changed":false,"_kad_blocks_custom_css":"","_kad_blocks_head_custom_js":"","_kad_blocks_body_custom_js":"","_kad_blocks_footer_custom_js":"","_kad_post_transparent":"","_kad_post_title":"show","_kad_post_layout":"","_kad_post_sidebar_id":"","_kad_post_content_style":"","_kad_post_vertical_padding":"","_kad_post_feature":"","_kad_post_feature_position":"","_kad_post_header":false,"_kad_post_footer":false,"_kad_post_classname":"","footnotes":""},"class_list":["post-29165","page","type-page","status-publish","hentry"],"acf":[],"taxonomy_info":[],"featured_image_src_large":false,"author_info":{"display_name":"09254GP","author_link":"https:\/\/www.geoparcorigens.cat\/en\/author\/administrador\/"},"comment_info":0,"_links":{"self":[{"href":"https:\/\/www.geoparcorigens.cat\/en\/wp-json\/wp\/v2\/pages\/29165","targetHints":{"allow":["GET"]}}],"collection":[{"href":"https:\/\/www.geoparcorigens.cat\/en\/wp-json\/wp\/v2\/pages"}],"about":[{"href":"https:\/\/www.geoparcorigens.cat\/en\/wp-json\/wp\/v2\/types\/page"}],"author":[{"embeddable":true,"href":"https:\/\/www.geoparcorigens.cat\/en\/wp-json\/wp\/v2\/users\/1"}],"replies":[{"embeddable":true,"href":"https:\/\/www.geoparcorigens.cat\/en\/wp-json\/wp\/v2\/comments?post=29165"}],"version-history":[{"count":0,"href":"https:\/\/www.geoparcorigens.cat\/en\/wp-json\/wp\/v2\/pages\/29165\/revisions"}],"wp:attachment":[{"href":"https:\/\/www.geoparcorigens.cat\/en\/wp-json\/wp\/v2\/media?parent=29165"}],"curies":[{"name":"wp","href":"https:\/\/api.w.org\/{rel}","templated":true}]}}