{"id":29152,"date":"2024-12-09T17:48:54","date_gmt":"2024-12-09T16:48:54","guid":{"rendered":"https:\/\/www.geoparcorigens.cat\/protocol-bones-practiques\/"},"modified":"2025-01-13T18:00:16","modified_gmt":"2025-01-13T17:00:16","slug":"protocol-bones-practiques","status":"publish","type":"page","link":"https:\/\/www.geoparcorigens.cat\/es\/protocol-bones-practiques\/","title":{"rendered":"Protocolo buenas pr\u00e1cticas"},"content":{"rendered":"<style>.kb-row-layout-id29152_3d26a7-e4 > .kt-row-column-wrap{align-content:start;}:where(.kb-row-layout-id29152_3d26a7-e4 > .kt-row-column-wrap) > .wp-block-kadence-column{justify-content:start;}.kb-row-layout-id29152_3d26a7-e4 > .kt-row-column-wrap{column-gap:var(--global-kb-gap-lg, 4rem);row-gap:var(--global-kb-gap-none, 0rem );max-width:900px;margin-left:auto;margin-right:auto;padding-top:var(--global-kb-spacing-xxl, 5rem);padding-bottom:var(--global-kb-spacing-xxl, 5rem);grid-template-columns:repeat(2, minmax(0, 1fr));}.kb-row-layout-id29152_3d26a7-e4 > .kt-row-layout-overlay{opacity:0.30;}@media all and (max-width: 1024px){.kb-row-layout-id29152_3d26a7-e4 > .kt-row-column-wrap{column-gap:var(--global-kb-gap-md, 2rem);row-gap:var(--global-kb-gap-md, 2rem);padding-top:var(--global-kb-spacing-lg, 3rem);padding-bottom:var(--global-kb-spacing-lg, 3rem);grid-template-columns:repeat(2, minmax(0, 1fr));}}@media all and (max-width: 767px){.kb-row-layout-id29152_3d26a7-e4 > .kt-row-column-wrap{column-gap:var(--global-kb-gap-md, 2rem);row-gap:var(--global-kb-gap-md, 2rem);padding-top:var(--global-kb-spacing-md, 2rem);padding-right:var(--global-kb-spacing-xs, 1rem);padding-left:var(--global-kb-spacing-xs, 1rem);grid-template-columns:minmax(0, 1fr);}}<\/style><div class=\"kb-row-layout-wrap kb-row-layout-id29152_3d26a7-e4 alignfull wp-block-kadence-rowlayout\"><div class=\"kt-row-column-wrap kt-has-2-columns kt-row-layout-equal kt-tab-layout-equal kt-mobile-layout-row kt-row-valign-top kt-inner-column-height-full\">\n<style>.kadence-column29152_cd78bc-da > .kt-inside-inner-col{border-top:1px solid var(--global-palette9, #ffffff);border-right:1px solid var(--global-palette9, #ffffff);border-bottom:1px solid var(--global-palette9, #ffffff);border-left:1px solid var(--global-palette9, #ffffff);}.kadence-column29152_cd78bc-da > .kt-inside-inner-col,.kadence-column29152_cd78bc-da > .kt-inside-inner-col:before{border-top-left-radius:10px;border-top-right-radius:10px;border-bottom-right-radius:10px;border-bottom-left-radius:10px;}.kadence-column29152_cd78bc-da > .kt-inside-inner-col{column-gap:var(--global-kb-gap-sm, 1rem);}.kadence-column29152_cd78bc-da > .kt-inside-inner-col{flex-direction:column;}.kadence-column29152_cd78bc-da > .kt-inside-inner-col > .aligncenter{width:100%;}.kadence-column29152_cd78bc-da > .kt-inside-inner-col{background-image:url('https:\/\/www.geoparcorigens.cat\/wp-content\/uploads\/Treball-de-camp.jpg');background-size:cover;background-position:center center;background-attachment:scroll;background-repeat:no-repeat;}.kadence-column29152_cd78bc-da > .kt-inside-inner-col:before{opacity:0.3;}.kadence-column29152_cd78bc-da{position:relative;}@media all and (max-width: 1024px){.kadence-column29152_cd78bc-da > .kt-inside-inner-col{border-top:1px solid var(--global-palette9, #ffffff);border-right:1px solid var(--global-palette9, #ffffff);border-bottom:1px solid var(--global-palette9, #ffffff);border-left:1px solid var(--global-palette9, #ffffff);flex-direction:column;justify-content:center;}}@media all and (max-width: 767px){.kadence-column29152_cd78bc-da > .kt-inside-inner-col{padding-top:var(--global-kb-spacing-4xl, 8rem);padding-right:var(--global-kb-spacing-xs, 1rem);padding-bottom:var(--global-kb-spacing-4xl, 8rem);padding-left:var(--global-kb-spacing-xxs, 0.5rem);border-top:1px solid var(--global-palette9, #ffffff);border-right:1px solid var(--global-palette9, #ffffff);border-bottom:1px solid var(--global-palette9, #ffffff);border-left:1px solid var(--global-palette9, #ffffff);flex-direction:column;justify-content:center;}}<\/style>\n<div class=\"wp-block-kadence-column kadence-column29152_cd78bc-da\"><div class=\"kt-inside-inner-col\"><\/div><\/div>\n\n\n<style>.kadence-column29152_814099-25 > .kt-inside-inner-col,.kadence-column29152_814099-25 > .kt-inside-inner-col:before{border-top-left-radius:0px;border-top-right-radius:0px;border-bottom-right-radius:0px;border-bottom-left-radius:0px;}.kadence-column29152_814099-25 > .kt-inside-inner-col{column-gap:var(--global-kb-gap-sm, 1rem);}.kadence-column29152_814099-25 > .kt-inside-inner-col{flex-direction:column;}.kadence-column29152_814099-25 > .kt-inside-inner-col > .aligncenter{width:100%;}.kadence-column29152_814099-25 > .kt-inside-inner-col:before{opacity:0.3;}.kadence-column29152_814099-25{position:relative;}@media all and (max-width: 1024px){.kadence-column29152_814099-25 > .kt-inside-inner-col{flex-direction:column;justify-content:center;}}@media all and (max-width: 767px){.kadence-column29152_814099-25 > .kt-inside-inner-col{flex-direction:column;justify-content:center;}}<\/style>\n<div class=\"wp-block-kadence-column kadence-column29152_814099-25\"><div class=\"kt-inside-inner-col\">\n<p>Geoparque Or\u00edgens presenta el&nbsp;<a href=\"https:\/\/drive.google.com\/file\/d\/1Zy72GKlCxbkADNOWZ7q8XO0fldo23KzV\/view\">Protocolo de Buenas Pr\u00e1cticas.<\/a><\/p>\n\n\n\n<p>El manual de buenas pr\u00e1cticas comprende dos objetivos principales:<\/p>\n\n\n\n<ol class=\"wp-block-list\">\n<li>La\u00a0protecci\u00f3n del patrimonio,\u00a0para que los afloramientos visitados por cient\u00edficos y estudiantes mantengan un estado \u00f3ptimo de conservaci\u00f3n y, por lo tanto, sigan despertando su inter\u00e9s cient\u00edfico y educativo<\/li>\n\n\n\n<li>Proporcionar la informaci\u00f3n necesaria para\u00a0mejorar la seguridad\u00a0de las personas durante sus actividades de trabajo de campo en los lugares de inter\u00e9s geol\u00f3gico del Geoparque. Por lo tanto, rogamos sigan las normas y recomendaciones presentadas en el Protocolo de Buenas Pr\u00e1cticas.<\/li>\n<\/ol>\n<\/div><\/div>\n\n<\/div><\/div>\n\n<style>.kb-row-layout-id29152_4c36eb-0b > .kt-row-column-wrap{align-content:center;}:where(.kb-row-layout-id29152_4c36eb-0b > .kt-row-column-wrap) > .wp-block-kadence-column{justify-content:center;}.kb-row-layout-id29152_4c36eb-0b > .kt-row-column-wrap{column-gap:var(--global-kb-gap-lg, 4rem);row-gap:var(--global-kb-gap-none, 0rem );max-width:900px;margin-left:auto;margin-right:auto;padding-bottom:var(--global-kb-spacing-xxl, 5rem);grid-template-columns:repeat(2, minmax(0, 1fr));}.kb-row-layout-id29152_4c36eb-0b > .kt-row-layout-overlay{opacity:0.30;}@media all and (max-width: 1024px){.kb-row-layout-id29152_4c36eb-0b > .kt-row-column-wrap{column-gap:var(--global-kb-gap-md, 2rem);row-gap:var(--global-kb-gap-md, 2rem);grid-template-columns:minmax(0, 1fr);}}@media all and (max-width: 767px){.kb-row-layout-id29152_4c36eb-0b > .kt-row-column-wrap{padding-right:var(--global-kb-spacing-xs, 1rem);padding-left:var(--global-kb-spacing-xs, 1rem);grid-template-columns:minmax(0, 1fr);}}<\/style><div class=\"kb-row-layout-wrap kb-row-layout-id29152_4c36eb-0b alignfull wp-block-kadence-rowlayout\"><div class=\"kt-row-column-wrap kt-has-2-columns kt-row-layout-equal kt-tab-layout-row kt-mobile-layout-row kt-row-valign-middle\">\n<style>.kadence-column29152_1efb45-2f > .kt-inside-inner-col,.kadence-column29152_1efb45-2f > .kt-inside-inner-col:before{border-top-left-radius:0px;border-top-right-radius:0px;border-bottom-right-radius:0px;border-bottom-left-radius:0px;}.kadence-column29152_1efb45-2f > .kt-inside-inner-col{column-gap:var(--global-kb-gap-sm, 1rem);}.kadence-column29152_1efb45-2f > .kt-inside-inner-col{flex-direction:column;}.kadence-column29152_1efb45-2f > .kt-inside-inner-col > .aligncenter{width:100%;}.kadence-column29152_1efb45-2f > .kt-inside-inner-col:before{opacity:0.3;}.kadence-column29152_1efb45-2f{position:relative;}@media all and (max-width: 1024px){.kadence-column29152_1efb45-2f > .kt-inside-inner-col{flex-direction:column;justify-content:center;}}@media all and (max-width: 767px){.kadence-column29152_1efb45-2f > .kt-inside-inner-col{flex-direction:column;justify-content:center;}}<\/style>\n<div class=\"wp-block-kadence-column kadence-column29152_1efb45-2f\"><div class=\"kt-inside-inner-col\">\n<p>Durante las salidas de campo le pedimos que cuide el patrimonio y tome las precauciones de seguridad necesarias. Con el fin de garantizar una v\u00eda la comunicaci\u00f3n directa con el Geoparque le invitamos a llenar el&nbsp;<a href=\"https:\/\/docs.google.com\/forms\/d\/1Bt5P8h0bilZBiCmFPm0n_1YYw4kZl2EhQ3AHB0mqYXE\/viewform?edit_requested=true\">formulario de visitas&nbsp;<\/a><\/p>\n\n\n\n<p>Considere la<a href=\"https:\/\/www.geoparcorigens.cat\/es\/proteccio-legal\/\">&nbsp;legislaci\u00f3n vigente&nbsp;<\/a>sobre la protecci\u00f3n del medio natural y recuerden que la ley 9\/93 del patrimonio cultural incluye la prohibici\u00f3n \u00ablegal\u00bb de tomar muestras paleontol\u00f3gicas.<\/p>\n\n\n\n<p>En caso de que por inter\u00e9s cient\u00edfico o did\u00e1ctico requiera recoger muestras de cualquier tipo, le pedimos que rellene el&nbsp;<a href=\"https:\/\/docs.google.com\/forms\/d\/1UuEHtVkn3SeRCAk3gIN7OJHsle0trSrmdUzVRJMpRKA\/viewform?edit_requested=true\">formulario de recogida de muestras&nbsp;<\/a> y trate de minimizar el impacto en los afloramientos.<\/p>\n<\/div><\/div>\n\n\n<style>.kadence-column29152_fd498b-be > .kt-inside-inner-col,.kadence-column29152_fd498b-be > .kt-inside-inner-col:before{border-top-left-radius:0px;border-top-right-radius:0px;border-bottom-right-radius:0px;border-bottom-left-radius:0px;}.kadence-column29152_fd498b-be > .kt-inside-inner-col{column-gap:var(--global-kb-gap-sm, 1rem);}.kadence-column29152_fd498b-be > .kt-inside-inner-col{flex-direction:column;}.kadence-column29152_fd498b-be > .kt-inside-inner-col > .aligncenter{width:100%;}.kadence-column29152_fd498b-be > .kt-inside-inner-col:before{opacity:0.3;}.kadence-column29152_fd498b-be{position:relative;}@media all and (max-width: 1024px){.kadence-column29152_fd498b-be > .kt-inside-inner-col{flex-direction:column;justify-content:center;}}@media all and (max-width: 767px){.kadence-column29152_fd498b-be > .kt-inside-inner-col{flex-direction:column;justify-content:center;}}<\/style>\n<div class=\"wp-block-kadence-column kadence-column29152_fd498b-be\"><div class=\"kt-inside-inner-col\"><style>.wp-block-kadence-advancedbtn.kb-btns29152_b42700-2b{padding-top:var(--global-kb-spacing-sm, 1.5rem);padding-bottom:var(--global-kb-spacing-sm, 1.5rem);gap:var(--global-kb-gap-xs, 0.5rem );justify-content:center;align-items:center;}.kt-btns29152_b42700-2b .kt-button{font-weight:normal;font-style:normal;}.kt-btns29152_b42700-2b .kt-btn-wrap-0{margin-right:5px;}.wp-block-kadence-advancedbtn.kt-btns29152_b42700-2b .kt-btn-wrap-0 .kt-button{color:#555555;border-color:#555555;}.wp-block-kadence-advancedbtn.kt-btns29152_b42700-2b .kt-btn-wrap-0 .kt-button:hover, .wp-block-kadence-advancedbtn.kt-btns29152_b42700-2b .kt-btn-wrap-0 .kt-button:focus{color:#ffffff;border-color:#444444;}.wp-block-kadence-advancedbtn.kt-btns29152_b42700-2b .kt-btn-wrap-0 .kt-button::before{display:none;}.wp-block-kadence-advancedbtn.kt-btns29152_b42700-2b .kt-btn-wrap-0 .kt-button:hover, .wp-block-kadence-advancedbtn.kt-btns29152_b42700-2b .kt-btn-wrap-0 .kt-button:focus{background:#444444;}@media all and (max-width: 1024px){.wp-block-kadence-advancedbtn.kb-btns29152_b42700-2b{padding-bottom:var(--global-kb-spacing-xs, 1rem);}}<\/style>\n<div class=\"wp-block-kadence-advancedbtn kb-buttons-wrap kb-btns29152_b42700-2b\"><style>ul.menu .wp-block-kadence-advancedbtn .kb-btn29152_77c318-7e.kb-button{width:initial;}.wp-block-kadence-advancedbtn .kb-btn29152_77c318-7e.kb-button{color:#ffffff;background:#4f1c23;border-top-left-radius:500px;border-top-right-radius:500px;border-bottom-right-radius:500px;border-bottom-left-radius:500px;}.wp-block-kadence-advancedbtn .kb-btn29152_77c318-7e.kb-button:hover, .wp-block-kadence-advancedbtn .kb-btn29152_77c318-7e.kb-button:focus{background:#4f1c23;border-top-color:#ffffff;border-top-style:solid;border-right-color:#ffffff;border-right-style:solid;border-bottom-color:#ffffff;border-bottom-style:solid;border-left-color:#ffffff;border-left-style:solid;}@media all and (max-width: 1024px){.wp-block-kadence-advancedbtn .kb-btn29152_77c318-7e.kb-button:hover, .wp-block-kadence-advancedbtn .kb-btn29152_77c318-7e.kb-button:focus{border-top-color:#ffffff;border-top-style:solid;border-right-color:#ffffff;border-right-style:solid;border-bottom-color:#ffffff;border-bottom-style:solid;border-left-color:#ffffff;border-left-style:solid;}}@media all and (max-width: 767px){.wp-block-kadence-advancedbtn .kb-btn29152_77c318-7e.kb-button:hover, .wp-block-kadence-advancedbtn .kb-btn29152_77c318-7e.kb-button:focus{border-top-color:#ffffff;border-top-style:solid;border-right-color:#ffffff;border-right-style:solid;border-bottom-color:#ffffff;border-bottom-style:solid;border-left-color:#ffffff;border-left-style:solid;}}<\/style><a class=\"kb-button kt-button button kb-btn29152_77c318-7e kt-btn-size-small kt-btn-width-type-auto kb-btn-global-fill  kt-btn-has-text-true kt-btn-has-svg-true  wp-block-kadence-singlebtn\" href=\"https:\/\/www.geoparcorigens.cat\/wp-content\/uploads\/124_Protocol-de-bones-practiques.pdf\" target=\"_blank\" rel=\"noreferrer noopener\"><span class=\"kb-svg-icon-wrap kb-svg-icon-fe_download kt-btn-icon-side-left\"><svg viewBox=\"0 0 24 24\"  fill=\"none\" stroke=\"currentColor\" stroke-width=\"2\" stroke-linecap=\"round\" stroke-linejoin=\"round\" xmlns=\"http:\/\/www.w3.org\/2000\/svg\"  aria-hidden=\"true\"><path d=\"M21 15v4a2 2 0 0 1-2 2H5a2 2 0 0 1-2-2v-4\"\/><polyline points=\"7 10 12 15 17 10\"\/><line x1=\"12\" y1=\"15\" x2=\"12\" y2=\"3\"\/><\/svg><\/span><span class=\"kt-btn-inner-text\">Descarga el protocol<\/span><\/a><\/div>\n\n\n\n<div class=\"wp-block-buttons is-horizontal is-content-justification-center is-layout-flex wp-container-core-buttons-is-layout-499968f5 wp-block-buttons-is-layout-flex\">\n<div class=\"wp-block-button\"><a class=\"wp-block-button__link has-white-color has-text-color has-background wp-element-button\" href=\"https:\/\/docs.google.com\/forms\/d\/1Bt5P8h0bilZBiCmFPm0n_1YYw4kZl2EhQ3AHB0mqYXE\/viewform?edit_requested=true\" style=\"background-color:#b2b019\" target=\"_blank\" rel=\"noreferrer noopener\">Formulario de visita<\/a><\/div>\n\n\n\n<div class=\"wp-block-button\"><a class=\"wp-block-button__link has-white-color has-text-color has-background wp-element-button\" href=\"https:\/\/docs.google.com\/forms\/d\/1UuEHtVkn3SeRCAk3gIN7OJHsle0trSrmdUzVRJMpRKA\/viewform?edit_requested=true\" style=\"background-color:#b2b019\" target=\"_blank\" rel=\"noreferrer noopener\">Formulario de muestras<\/a><\/div>\n<\/div>\n<\/div><\/div>\n\n<\/div><\/div>","protected":false},"excerpt":{"rendered":"<p>Geoparque Or\u00edgens presenta el&nbsp;Protocolo de Buenas Pr\u00e1cticas. El manual de buenas pr\u00e1cticas comprende dos objetivos principales: Durante las salidas de campo le pedimos que cuide el patrimonio y tome las precauciones de seguridad necesarias. Con el fin de garantizar una v\u00eda la comunicaci\u00f3n directa con el Geoparque le invitamos a llenar el&nbsp;formulario de visitas&nbsp; Considere&#8230;<\/p>\n","protected":false},"author":1,"featured_media":0,"parent":0,"menu_order":0,"comment_status":"closed","ping_status":"closed","template":"","meta":{"_acf_changed":false,"_kad_blocks_custom_css":"","_kad_blocks_head_custom_js":"","_kad_blocks_body_custom_js":"","_kad_blocks_footer_custom_js":"","_kad_post_transparent":"","_kad_post_title":"show","_kad_post_layout":"","_kad_post_sidebar_id":"","_kad_post_content_style":"","_kad_post_vertical_padding":"","_kad_post_feature":"","_kad_post_feature_position":"","_kad_post_header":false,"_kad_post_footer":false,"_kad_post_classname":"","footnotes":""},"class_list":["post-29152","page","type-page","status-publish","hentry"],"acf":[],"taxonomy_info":[],"featured_image_src_large":false,"author_info":{"display_name":"09254GP","author_link":"https:\/\/www.geoparcorigens.cat\/es\/author\/administrador\/"},"comment_info":0,"_links":{"self":[{"href":"https:\/\/www.geoparcorigens.cat\/es\/wp-json\/wp\/v2\/pages\/29152","targetHints":{"allow":["GET"]}}],"collection":[{"href":"https:\/\/www.geoparcorigens.cat\/es\/wp-json\/wp\/v2\/pages"}],"about":[{"href":"https:\/\/www.geoparcorigens.cat\/es\/wp-json\/wp\/v2\/types\/page"}],"author":[{"embeddable":true,"href":"https:\/\/www.geoparcorigens.cat\/es\/wp-json\/wp\/v2\/users\/1"}],"replies":[{"embeddable":true,"href":"https:\/\/www.geoparcorigens.cat\/es\/wp-json\/wp\/v2\/comments?post=29152"}],"version-history":[{"count":0,"href":"https:\/\/www.geoparcorigens.cat\/es\/wp-json\/wp\/v2\/pages\/29152\/revisions"}],"wp:attachment":[{"href":"https:\/\/www.geoparcorigens.cat\/es\/wp-json\/wp\/v2\/media?parent=29152"}],"curies":[{"name":"wp","href":"https:\/\/api.w.org\/{rel}","templated":true}]}}