{"id":29157,"date":"2024-12-09T17:48:15","date_gmt":"2024-12-09T16:48:15","guid":{"rendered":"https:\/\/www.geoparcorigens.cat\/proteccio-legal\/"},"modified":"2025-01-13T17:58:43","modified_gmt":"2025-01-13T16:58:43","slug":"proteccio-legal","status":"publish","type":"page","link":"https:\/\/www.geoparcorigens.cat\/es\/proteccio-legal\/","title":{"rendered":"Protecci\u00f3n legal"},"content":{"rendered":"<style>.kb-row-layout-id29157_560125-28 > .kt-row-column-wrap{align-content:start;}:where(.kb-row-layout-id29157_560125-28 > .kt-row-column-wrap) > .wp-block-kadence-column{justify-content:start;}.kb-row-layout-id29157_560125-28 > .kt-row-column-wrap{column-gap:var(--global-kb-gap-md, 2rem);row-gap:var(--global-kb-gap-none, 0rem );max-width:900px;margin-left:auto;margin-right:auto;padding-top:var(--global-kb-spacing-xxl, 5rem);padding-bottom:var(--global-kb-spacing-xxl, 5rem);grid-template-columns:minmax(0, 1fr);}.kb-row-layout-id29157_560125-28 > .kt-row-layout-overlay{opacity:0.30;}@media all and (max-width: 1024px){.kb-row-layout-id29157_560125-28 > .kt-row-column-wrap{padding-top:var(--global-kb-spacing-lg, 3rem);padding-right:var(--global-kb-spacing-xs, 1rem);padding-left:var(--global-kb-spacing-xs, 1rem);grid-template-columns:minmax(0, 1fr);}}@media all and (max-width: 767px){.kb-row-layout-id29157_560125-28 > .kt-row-column-wrap{grid-template-columns:minmax(0, 1fr);}}<\/style><div class=\"kb-row-layout-wrap kb-row-layout-id29157_560125-28 alignfull wp-block-kadence-rowlayout\"><div class=\"kt-row-column-wrap kt-has-1-columns kt-row-layout-equal kt-tab-layout-inherit kt-mobile-layout-row kt-row-valign-top\">\n<style>.kadence-column29157_e40f23-42 > .kt-inside-inner-col,.kadence-column29157_e40f23-42 > .kt-inside-inner-col:before{border-top-left-radius:0px;border-top-right-radius:0px;border-bottom-right-radius:0px;border-bottom-left-radius:0px;}.kadence-column29157_e40f23-42 > .kt-inside-inner-col{column-gap:var(--global-kb-gap-sm, 1rem);}.kadence-column29157_e40f23-42 > .kt-inside-inner-col{flex-direction:column;}.kadence-column29157_e40f23-42 > .kt-inside-inner-col > .aligncenter{width:100%;}.kadence-column29157_e40f23-42 > .kt-inside-inner-col:before{opacity:0.3;}.kadence-column29157_e40f23-42{position:relative;}@media all and (max-width: 1024px){.kadence-column29157_e40f23-42 > .kt-inside-inner-col{flex-direction:column;justify-content:center;}}@media all and (max-width: 767px){.kadence-column29157_e40f23-42 > .kt-inside-inner-col{flex-direction:column;justify-content:center;}}<\/style>\n<div class=\"wp-block-kadence-column kadence-column29157_e40f23-42\"><div class=\"kt-inside-inner-col\">\n<p>El Geoparque no es una figura de protecci\u00f3n legal, pero debe velar por la aplicaci\u00f3n de las leyes vigentes que garantizan la conservaci\u00f3n de sus valores naturales.<\/p>\n\n\n<style>.kb-row-layout-id29157_51c8e1-4e > .kt-row-column-wrap{align-content:start;}:where(.kb-row-layout-id29157_51c8e1-4e > .kt-row-column-wrap) > .wp-block-kadence-column{justify-content:start;}.kb-row-layout-id29157_51c8e1-4e > .kt-row-column-wrap{column-gap:var(--global-kb-gap-md, 2rem);row-gap:var(--global-kb-gap-none, 0rem );max-width:900px;margin-left:auto;margin-right:auto;grid-template-columns:repeat(2, minmax(0, 1fr));}.kb-row-layout-id29157_51c8e1-4e > .kt-row-layout-overlay{opacity:0.30;}@media all and (max-width: 1024px){.kb-row-layout-id29157_51c8e1-4e > .kt-row-column-wrap{grid-template-columns:repeat(2, minmax(0, 1fr));}}@media all and (max-width: 767px){.kb-row-layout-id29157_51c8e1-4e > .kt-row-column-wrap{grid-template-columns:minmax(0, 1fr);}}<\/style><div class=\"kb-row-layout-wrap kb-row-layout-id29157_51c8e1-4e alignfull wp-block-kadence-rowlayout\"><div class=\"kt-row-column-wrap kt-has-2-columns kt-row-layout-equal kt-tab-layout-inherit kt-mobile-layout-row kt-row-valign-top\">\n<style>.kadence-column29157_aaed9c-68 > .kt-inside-inner-col,.kadence-column29157_aaed9c-68 > .kt-inside-inner-col:before{border-top-left-radius:0px;border-top-right-radius:0px;border-bottom-right-radius:0px;border-bottom-left-radius:0px;}.kadence-column29157_aaed9c-68 > .kt-inside-inner-col{column-gap:var(--global-kb-gap-sm, 1rem);}.kadence-column29157_aaed9c-68 > .kt-inside-inner-col{flex-direction:column;}.kadence-column29157_aaed9c-68 > .kt-inside-inner-col > .aligncenter{width:100%;}.kadence-column29157_aaed9c-68 > .kt-inside-inner-col:before{opacity:0.3;}.kadence-column29157_aaed9c-68{position:relative;}@media all and (max-width: 1024px){.kadence-column29157_aaed9c-68 > .kt-inside-inner-col{flex-direction:column;justify-content:center;}}@media all and (max-width: 767px){.kadence-column29157_aaed9c-68 > .kt-inside-inner-col{flex-direction:column;justify-content:center;}}<\/style>\n<div class=\"wp-block-kadence-column kadence-column29157_aaed9c-68\"><div class=\"kt-inside-inner-col\"><style>.kb-image29157_ce5bcf-54 .kb-image-has-overlay:after{opacity:0.3;}<\/style>\n<figure class=\"wp-block-kadence-image kb-image29157_ce5bcf-54 size-medium_large kb-image-is-ratio-size\"><div class=\"kb-is-ratio-image kb-image-ratio-land43\"><img loading=\"lazy\" decoding=\"async\" width=\"768\" height=\"576\" src=\"https:\/\/www.geoparcorigens.cat\/wp-content\/uploads\/campusarqueo1-768x576.jpg\" alt=\"\" class=\"kb-img wp-image-25390\" srcset=\"https:\/\/www.geoparcorigens.cat\/wp-content\/uploads\/campusarqueo1-768x576.jpg 768w, https:\/\/www.geoparcorigens.cat\/wp-content\/uploads\/campusarqueo1-300x225.jpg 300w, https:\/\/www.geoparcorigens.cat\/wp-content\/uploads\/campusarqueo1-1024x768.jpg 1024w, https:\/\/www.geoparcorigens.cat\/wp-content\/uploads\/campusarqueo1-1536x1152.jpg 1536w, https:\/\/www.geoparcorigens.cat\/wp-content\/uploads\/campusarqueo1.jpg 1980w\" sizes=\"auto, (max-width: 768px) 100vw, 768px\" \/><\/div><\/figure>\n<\/div><\/div>\n\n\n<style>.kadence-column29157_22b233-a3 > .kt-inside-inner-col,.kadence-column29157_22b233-a3 > .kt-inside-inner-col:before{border-top-left-radius:0px;border-top-right-radius:0px;border-bottom-right-radius:0px;border-bottom-left-radius:0px;}.kadence-column29157_22b233-a3 > .kt-inside-inner-col{column-gap:var(--global-kb-gap-sm, 1rem);}.kadence-column29157_22b233-a3 > .kt-inside-inner-col{flex-direction:column;}.kadence-column29157_22b233-a3 > .kt-inside-inner-col > .aligncenter{width:100%;}.kadence-column29157_22b233-a3 > .kt-inside-inner-col:before{opacity:0.3;}.kadence-column29157_22b233-a3{position:relative;}@media all and (max-width: 1024px){.kadence-column29157_22b233-a3 > .kt-inside-inner-col{flex-direction:column;justify-content:center;}}@media all and (max-width: 767px){.kadence-column29157_22b233-a3 > .kt-inside-inner-col{flex-direction:column;justify-content:center;}}<\/style>\n<div class=\"wp-block-kadence-column kadence-column29157_22b233-a3\"><div class=\"kt-inside-inner-col\"><style>.kb-image29157_aa87a6-1d .kb-image-has-overlay:after{opacity:0.3;}<\/style>\n<figure class=\"wp-block-kadence-image kb-image29157_aa87a6-1d size-medium_large kb-image-is-ratio-size\"><div class=\"kb-is-ratio-image kb-image-ratio-land43\"><img loading=\"lazy\" decoding=\"async\" width=\"768\" height=\"543\" src=\"https:\/\/www.geoparcorigens.cat\/wp-content\/uploads\/Camp-Treball-2016_2-01-768x543.jpg\" alt=\"Camp de Treball 2016 Geoparc Or\u00edgens\" class=\"kb-img wp-image-25391\" srcset=\"https:\/\/www.geoparcorigens.cat\/wp-content\/uploads\/Camp-Treball-2016_2-01-768x543.jpg 768w, https:\/\/www.geoparcorigens.cat\/wp-content\/uploads\/Camp-Treball-2016_2-01-300x212.jpg 300w, https:\/\/www.geoparcorigens.cat\/wp-content\/uploads\/Camp-Treball-2016_2-01-1024x724.jpg 1024w, https:\/\/www.geoparcorigens.cat\/wp-content\/uploads\/Camp-Treball-2016_2-01-1536x1086.jpg 1536w, https:\/\/www.geoparcorigens.cat\/wp-content\/uploads\/Camp-Treball-2016_2-01.jpg 1980w\" sizes=\"auto, (max-width: 768px) 100vw, 768px\" \/><\/div><\/figure>\n<\/div><\/div>\n\n<\/div><\/div>\n\n\n<h2 class=\"wp-block-heading\"><strong>Legislaci\u00f3n espa\u00f1ola<\/strong><\/h2>\n\n\n\n<p>A&nbsp;<strong>nivel nacional<\/strong>, cabe destacar que la legislaci\u00f3n espa\u00f1ola se encuentra entre los m\u00e1s avanzados de Europa en t\u00e9rminos de conservaci\u00f3n geol\u00f3gica:<\/p>\n\n\n\n<ul class=\"wp-block-list\">\n<li>El pa\u00eds ha sido pionero en la protecci\u00f3n de los espacios naturales y tiene 15 Geoparques Mundiales de la UNESCO y 47 Reservas de la Biosfera.<\/li>\n\n\n\n<li>La\u00a0<a href=\"https:\/\/www.boe.es\/buscar\/pdf\/2007\/BOE-A-2007-21490-consolidado.pdf\" target=\"_blank\" rel=\"noreferrer noopener\"><u><strong>Ley 42\/2007 de Patrimonio Natural y la Biodiversidad<\/strong><\/u><\/a>es actualmente una de las leyes m\u00e1s importantes que regulan directamente la gesti\u00f3n del patrimonio geol\u00f3gico a nivel estatal. Incluye de manera expl\u00edcita la protecci\u00f3n del patrimonio geol\u00f3gico y la geodiversidad. En resumen, se hace obligatorio el estudio de la geodiversidad en los casos que establece la Ley y se avanza en la catalogaci\u00f3n y la conservaci\u00f3n del patrimonio geol\u00f3gico y la geodiversidad. Actualmente se est\u00e1 desarrollando el Plan Estrat\u00e9gico Estatal del Patrimonio Natural y de la Biodiversidad, que incluye un evaluaci\u00f3n de la geodiversidad.<\/li>\n<\/ul>\n\n\n\n<h2 class=\"wp-block-heading\"><strong>Otras leyes<\/strong><\/h2>\n\n\n\n<p>Otras leyes que afectan directamente a la conservaci\u00f3n del medio geol\u00f3gico (geoconservaci\u00f3n) son:<\/p>\n\n\n\n<ul class=\"wp-block-list\">\n<li><a href=\"https:\/\/www.boe.es\/boe_catalan\/dias\/2007\/12\/26\/pdfs\/A05317-05327.pdf\" target=\"_blank\" rel=\"noreferrer noopener\"><strong>Ley 45\/2007 para el Desarrollo Sostenible del Medio Rural:<\/strong><\/a>\n<ul class=\"wp-block-list\">\n<li>Propone que los recursos geol\u00f3gicos de un territorio rural puedan ser utilizados para un desarrollo sostenible, siempre que se d\u00e9 prioridad a la conservaci\u00f3n del medio ambiente, el paisaje y el patrimonio natural y cultural.<\/li>\n\n\n\n<li>Afirma que en las tareas de planificaci\u00f3n territorial a desarrollar iniciativas para el conocimiento, protecci\u00f3n y gesti\u00f3n sostenible del patrimonio biol\u00f3gico, geol\u00f3gico y minero como recursos cient\u00edficos, culturales y tur\u00edsticos.<\/li>\n<\/ul>\n<\/li>\n\n\n\n<li><a href=\"https:\/\/www.miteco.gob.es\/es\/red-parques-nacionales\/la-red\/ley-5-2007_tcm30-66668.pdf\" target=\"_blank\" rel=\"noreferrer noopener\"><strong>Ley 5\/2007 de la Red de Parques Nacionales:<\/strong><\/a>\n<ul class=\"wp-block-list\">\n<li>Se especifican las caracter\u00edsticas de la Red de Parques Nacionales, as\u00ed como las competencias del Ministerio de Medio Ambiente.<\/li>\n\n\n\n<li>Se definen los Parques Nacionales como \u00abespacios naturales de alto valor ecol\u00f3gico y cultural, poco transformados por la explotaci\u00f3n o actividad humana que, por motivos de la belleza de sus paisajes, la representatividad de sus ecosistemas o la singularidad de su flora, la fauna, la geolog\u00eda o de sus formaciones geomorfol\u00f3gicas, tienen unos valores ecol\u00f3gicos, est\u00e9ticos, culturales, educativos y cient\u00edficos destacados, su preservaci\u00f3n merece una atenci\u00f3n preferente y se declara de inter\u00e9s general del Estado\u00bb.<\/li>\n\n\n\n<li>Se definen unas unidades representativas de la geodiversidad espa\u00f1ola, as\u00ed como un conjunto de sistemas naturales espa\u00f1oles a representar en la Red. Algunos de estos tienen en cuenta a la geolog\u00eda.<\/li>\n<\/ul>\n<\/li>\n\n\n\n<li><a href=\"https:\/\/www.boe.es\/buscar\/act.php?id=BOE-A-1985-12534\" target=\"_blank\" rel=\"noreferrer noopener\">\u00a0<\/a><strong><a href=\"https:\/\/www.boe.es\/buscar\/act.php?id=BOE-A-1985-12534\" target=\"_blank\" rel=\"noreferrer noopener\">Ley 15\/1985 de Patrimonio Hist\u00f3rico Espa\u00f1ol<\/a><\/strong><strong>.<\/strong>\u00a0En el \u00e1mbito estatal, la protecci\u00f3n del patrimonio paleontol\u00f3gico se ha realizado principalmente en el marco de la legislaci\u00f3n del patrimonio hist\u00f3rico y s\u00f3lo excepcional, en el del medio natural.<\/li>\n<\/ul>\n\n\n\n<p>La gesti\u00f3n de los&nbsp;<strong>Espacios Naturales Protegidos<\/strong>&nbsp;est\u00e1 traspasada a las comunidades aut\u00f3nomas, de forma que cada una ha establecido diferentes figuras de protecci\u00f3n, que deben ser consecuentes con la legislaci\u00f3n estatal.&nbsp;Para aplicar esta legislaci\u00f3n, Catalu\u00f1a cuenta con un&nbsp;<a href=\"http:\/\/mediambient.gencat.cat\/web\/.content\/mn_medi_natural\/mn15_espais_naturals_protegits\/documents\/pla-gestio_2015-2020\/fitxers_binaris\/Memoria-Pla-de-gestio-dels-espais-5-17.02.15.pdf\" target=\"_blank\" rel=\"noreferrer noopener\"><strong>Plan de Manejo para \u00c1reas Especialmente Protegidas (2015-2020)<\/strong><\/a><strong>.<\/strong><\/p>\n\n\n\n<p>En&nbsp;<strong>Catalu\u00f1a<\/strong>&nbsp;hay una normativa com\u00fan del&nbsp;<strong>patrimonio arqueol\u00f3gico y paleontol\u00f3gico<\/strong>&nbsp;catal\u00e1n:<\/p>\n\n\n\n<ul class=\"wp-block-list\">\n<li><a href=\"http:\/\/www20.gencat.cat\/docs\/CulturaDepartament\/Cultura\/Documents\/Arxiu\/normativa_index.htm%20-%20LLEI_9_1993.doc\" target=\"_blank\" rel=\"noreferrer noopener\">Llei 9\/1993, de 30 de setembre, del Patrimoni Cultural Catal\u00e0 (DOGC\u00a0n\u00fam. 1807 publicat el \u00a011\/10\/1993). Correcci\u00f3 d\u2019errades en el DOGC n\u00fam. 1825, p\u00e0g. 7761, de 24.11.1993.<\/a><\/li>\n\n\n\n<li><a href=\"https:\/\/portaljuridic.gencat.cat\/ca\/pjur_ocults\/pjur_resultats_fitxa\/?action=fitxa&amp;documentId=276664&amp;language=ca_ES&amp;textWords=Decret%252078%2F2002&amp;mode=singlev\" target=\"_blank\" rel=\"noreferrer noopener\">Decret 78\/2002, de 5 de mar\u00e7, del Reglament de protecci\u00f3 del patrimoni arqueol\u00f2gic i paleontol\u00f2gic (DOGC\u00a0n\u00fam. 3915 publicat el \u00a001\/07\/2003). Correcci\u00f3 d\u2019errades en el DOGC n\u00fam. 3594, p\u00e0g. 4608, de 13.3.2002.<\/a><\/li>\n<\/ul>\n\n\n\n<p>Forman parte del patrimonio paleontol\u00f3gico catal\u00e1n \u00ablos elementos f\u00f3siles no relacionados con el ser humano ni con sus or\u00edgenes o antecedentes, as\u00ed como su contexto geol\u00f3gico, que est\u00e1n situados o proceden del suelo, del subsuelo o de aguas interiores del territorio de Catalu\u00f1a, o bien del mar territorial o de la plataforma continental correspondiente a su franja litoral, o que forman parte de los fondos de museos o de colecciones de Catalu\u00f1a \u00ab.<\/p>\n\n\n\n<p><strong>Cabe destacar que todos los dep\u00f3sitos paleontol\u00f3gicos enumerados son declarados Bienes de Inter\u00e9s Cultural Nacional (catalogaci\u00f3n de elevada protecci\u00f3n legal en Catalu\u00f1a).<\/strong><\/p>\n\n\n\n<p><strong>M\u00e1s del 40% del Geoparque Or\u00edgens est\u00e1 protegido por varios dispositivos legales<\/strong>&nbsp;de conformidad con la legislaci\u00f3n catalana, espa\u00f1ola y europea: Reserva y Destino de Turismo Starlight, Espacios de Inter\u00e9s Natural (PEIN), Reserva Nacional, Lugar de inter\u00e9s Cultural Nacional, Zona de Especial Conservaci\u00f3n (ZEC) y la&nbsp;Red Natura 2000, entre otros. Esto significa que muchas \u00e1reas de inter\u00e9s ya est\u00e1n bajo la protecci\u00f3n de estos dispositivos.<\/p>\n\n\n\n<p>Adem\u00e1s, la mayor parte de los elementos que componen el patrimonio geol\u00f3gico del Geoparque se incluyen en el inventario oficial de Espacios de Inter\u00e9s Geol\u00f3gico de Catalu\u00f1a (EIG), Lugares de Inter\u00e9s Geol\u00f3gico (LIG) y Lugares de inter\u00e9s patrimonio Minero (LIPM).<\/p>\n<\/div><\/div>\n\n<\/div><\/div>","protected":false},"excerpt":{"rendered":"<p>El Geoparque no es una figura de protecci\u00f3n legal, pero debe velar por la aplicaci\u00f3n de las leyes vigentes que garantizan la conservaci\u00f3n de sus valores naturales. Legislaci\u00f3n espa\u00f1ola A&nbsp;nivel nacional, cabe destacar que la legislaci\u00f3n espa\u00f1ola se encuentra entre los m\u00e1s avanzados de Europa en t\u00e9rminos de conservaci\u00f3n geol\u00f3gica: Otras leyes Otras leyes que&#8230;<\/p>\n","protected":false},"author":1,"featured_media":0,"parent":0,"menu_order":0,"comment_status":"closed","ping_status":"closed","template":"","meta":{"_acf_changed":false,"_kad_blocks_custom_css":"","_kad_blocks_head_custom_js":"","_kad_blocks_body_custom_js":"","_kad_blocks_footer_custom_js":"","_kad_post_transparent":"","_kad_post_title":"show","_kad_post_layout":"","_kad_post_sidebar_id":"","_kad_post_content_style":"","_kad_post_vertical_padding":"","_kad_post_feature":"","_kad_post_feature_position":"","_kad_post_header":false,"_kad_post_footer":false,"_kad_post_classname":"","footnotes":""},"class_list":["post-29157","page","type-page","status-publish","hentry"],"acf":[],"taxonomy_info":[],"featured_image_src_large":false,"author_info":{"display_name":"09254GP","author_link":"https:\/\/www.geoparcorigens.cat\/es\/author\/administrador\/"},"comment_info":0,"_links":{"self":[{"href":"https:\/\/www.geoparcorigens.cat\/es\/wp-json\/wp\/v2\/pages\/29157","targetHints":{"allow":["GET"]}}],"collection":[{"href":"https:\/\/www.geoparcorigens.cat\/es\/wp-json\/wp\/v2\/pages"}],"about":[{"href":"https:\/\/www.geoparcorigens.cat\/es\/wp-json\/wp\/v2\/types\/page"}],"author":[{"embeddable":true,"href":"https:\/\/www.geoparcorigens.cat\/es\/wp-json\/wp\/v2\/users\/1"}],"replies":[{"embeddable":true,"href":"https:\/\/www.geoparcorigens.cat\/es\/wp-json\/wp\/v2\/comments?post=29157"}],"version-history":[{"count":0,"href":"https:\/\/www.geoparcorigens.cat\/es\/wp-json\/wp\/v2\/pages\/29157\/revisions"}],"wp:attachment":[{"href":"https:\/\/www.geoparcorigens.cat\/es\/wp-json\/wp\/v2\/media?parent=29157"}],"curies":[{"name":"wp","href":"https:\/\/api.w.org\/{rel}","templated":true}]}}