{"id":29163,"date":"2024-12-09T17:47:21","date_gmt":"2024-12-09T16:47:21","guid":{"rendered":"https:\/\/www.geoparcorigens.cat\/estrategia-entitats-collaboradores\/"},"modified":"2025-01-13T17:53:11","modified_gmt":"2025-01-13T16:53:11","slug":"estrategia-entitats-collaboradores","status":"publish","type":"page","link":"https:\/\/www.geoparcorigens.cat\/es\/estrategia-entitats-collaboradores\/","title":{"rendered":"Estrategia entidades colaboradoras"},"content":{"rendered":"<style>.kb-row-layout-id29163_9f6fb6-a3 > .kt-row-column-wrap{align-content:start;}:where(.kb-row-layout-id29163_9f6fb6-a3 > .kt-row-column-wrap) > .wp-block-kadence-column{justify-content:start;}.kb-row-layout-id29163_9f6fb6-a3 > .kt-row-column-wrap{column-gap:var(--global-kb-gap-lg, 4rem);row-gap:var(--global-kb-gap-none, 0rem );max-width:900px;margin-left:auto;margin-right:auto;padding-top:var(--global-kb-spacing-xxl, 5rem);padding-bottom:var(--global-kb-spacing-xxl, 5rem);grid-template-columns:repeat(2, minmax(0, 1fr));}.kb-row-layout-id29163_9f6fb6-a3 > .kt-row-layout-overlay{opacity:0.30;}@media all and (max-width: 1024px){.kb-row-layout-id29163_9f6fb6-a3 > .kt-row-column-wrap{column-gap:var(--global-kb-gap-md, 2rem);row-gap:var(--global-kb-gap-md, 2rem);padding-top:var(--global-kb-spacing-lg, 3rem);padding-bottom:var(--global-kb-spacing-lg, 3rem);grid-template-columns:minmax(0, 1fr);}}@media all and (max-width: 767px){.kb-row-layout-id29163_9f6fb6-a3 > .kt-row-column-wrap{padding-top:var(--global-kb-spacing-md, 2rem);padding-right:var(--global-kb-spacing-xs, 1rem);padding-left:var(--global-kb-spacing-xs, 1rem);grid-template-columns:minmax(0, 1fr);}}<\/style><div class=\"kb-row-layout-wrap kb-row-layout-id29163_9f6fb6-a3 alignfull wp-block-kadence-rowlayout\"><div class=\"kt-row-column-wrap kt-has-2-columns kt-row-layout-equal kt-tab-layout-row kt-mobile-layout-row kt-row-valign-top\">\n<style>.kadence-column29163_929bb5-7c > .kt-inside-inner-col,.kadence-column29163_929bb5-7c > .kt-inside-inner-col:before{border-top-left-radius:0px;border-top-right-radius:0px;border-bottom-right-radius:0px;border-bottom-left-radius:0px;}.kadence-column29163_929bb5-7c > .kt-inside-inner-col{column-gap:var(--global-kb-gap-sm, 1rem);}.kadence-column29163_929bb5-7c > .kt-inside-inner-col{flex-direction:column;}.kadence-column29163_929bb5-7c > .kt-inside-inner-col > .aligncenter{width:100%;}.kadence-column29163_929bb5-7c > .kt-inside-inner-col:before{opacity:0.3;}.kadence-column29163_929bb5-7c{position:relative;}@media all and (max-width: 1024px){.kadence-column29163_929bb5-7c > .kt-inside-inner-col{flex-direction:column;justify-content:center;}}@media all and (max-width: 767px){.kadence-column29163_929bb5-7c > .kt-inside-inner-col{flex-direction:column;justify-content:center;}}<\/style>\n<div class=\"wp-block-kadence-column kadence-column29163_929bb5-7c\"><div class=\"kt-inside-inner-col\">\n<h2 class=\"wp-block-heading\">Proceso adhesi\u00f3n entidades colaboradoras<\/h2>\n\n\n\n<ol class=\"wp-block-list\">\n<li>Lee la convocatoria que incluye la estrategia de colaboraci\u00f3n con entidades privadas.<\/li>\n\n\n\n<li>Rellena el formulario de solicitud de adhesi\u00f3n y entrar\u00e1s en un proceso de selecci\u00f3n.<\/li>\n\n\n\n<li>Nos pondremos en contacto contigo para informarte sobre los resultados.<\/li>\n\n\n\n<li>Si eres seleccionada, continuaremos con el procedimiento que marca la estrategia de colaboraci\u00f3n con entidades privadas.<\/li>\n\n\n\n<li>Si no has sido seleccionada, podr\u00e1s presentarte en pr\u00f3ximas convocatorias y tambi\u00e9n participar en las formaciones y otras actividades que organice el Geoparque.<\/li>\n<\/ol>\n<\/div><\/div>\n\n\n<style>.kadence-column29163_d265a0-72 > .kt-inside-inner-col,.kadence-column29163_d265a0-72 > .kt-inside-inner-col:before{border-top-left-radius:0px;border-top-right-radius:0px;border-bottom-right-radius:0px;border-bottom-left-radius:0px;}.kadence-column29163_d265a0-72 > .kt-inside-inner-col{column-gap:var(--global-kb-gap-sm, 1rem);}.kadence-column29163_d265a0-72 > .kt-inside-inner-col{flex-direction:column;}.kadence-column29163_d265a0-72 > .kt-inside-inner-col > .aligncenter{width:100%;}.kadence-column29163_d265a0-72 > .kt-inside-inner-col:before{opacity:0.3;}.kadence-column29163_d265a0-72{position:relative;}@media all and (max-width: 1024px){.kadence-column29163_d265a0-72 > .kt-inside-inner-col{flex-direction:column;justify-content:center;}}@media all and (max-width: 767px){.kadence-column29163_d265a0-72 > .kt-inside-inner-col{flex-direction:column;justify-content:center;}}<\/style>\n<div class=\"wp-block-kadence-column kadence-column29163_d265a0-72\"><div class=\"kt-inside-inner-col\"><style>.kb-image29163_fc058b-c7 .kb-image-has-overlay:after{opacity:0.3;}<\/style>\n<div class=\"wp-block-kadence-image kb-image29163_fc058b-c7\"><figure class=\"aligncenter size-full\"><a href=\"https:\/\/www.geoparcorigens.cat\/en\/document\/cataleg-dentitats-collaboradores\/\" class=\"kb-advanced-image-link\"><img loading=\"lazy\" decoding=\"async\" width=\"626\" height=\"448\" src=\"https:\/\/www.geoparcorigens.cat\/wp-content\/uploads\/portada-entitats-colaboradores.jpg\" alt=\"Entitats col\u00b7laboradores Geoparc Or\u00edgens\" class=\"kb-img wp-image-25380\" srcset=\"https:\/\/www.geoparcorigens.cat\/wp-content\/uploads\/portada-entitats-colaboradores.jpg 626w, https:\/\/www.geoparcorigens.cat\/wp-content\/uploads\/portada-entitats-colaboradores-300x215.jpg 300w\" sizes=\"auto, (max-width: 626px) 100vw, 626px\" \/><\/a><figcaption><a href=\"https:\/\/www.geoparcorigens.cat\/wp-content\/uploads\/5_Cataleg-entitats.pdf\" target=\"_blank\" rel=\"noreferrer noopener\">Clica para descargar el cat\u00e1logo (en catal\u00e1n)<\/a><\/figcaption><\/figure><\/div>\n\n\n<style>.wp-block-kadence-advancedbtn.kb-btns29163_cb0165-38{gap:var(--global-kb-gap-xs, 0.5rem );justify-content:flex-start;align-items:center;}.kt-btns29163_cb0165-38 .kt-button{font-weight:normal;font-style:normal;}.kt-btns29163_cb0165-38 .kt-btn-wrap-0{margin-right:5px;}.wp-block-kadence-advancedbtn.kt-btns29163_cb0165-38 .kt-btn-wrap-0 .kt-button{color:#555555;border-color:#555555;}.wp-block-kadence-advancedbtn.kt-btns29163_cb0165-38 .kt-btn-wrap-0 .kt-button:hover, .wp-block-kadence-advancedbtn.kt-btns29163_cb0165-38 .kt-btn-wrap-0 .kt-button:focus{color:#ffffff;border-color:#444444;}.wp-block-kadence-advancedbtn.kt-btns29163_cb0165-38 .kt-btn-wrap-0 .kt-button::before{display:none;}.wp-block-kadence-advancedbtn.kt-btns29163_cb0165-38 .kt-btn-wrap-0 .kt-button:hover, .wp-block-kadence-advancedbtn.kt-btns29163_cb0165-38 .kt-btn-wrap-0 .kt-button:focus{background:#444444;}@media all and (max-width: 1024px){.wp-block-kadence-advancedbtn.kb-btns29163_cb0165-38{justify-content:center;}}<\/style>\n<div class=\"wp-block-kadence-advancedbtn kb-buttons-wrap kb-btns29163_cb0165-38\"><style>ul.menu .wp-block-kadence-advancedbtn .kb-btn29163_5e741b-5d.kb-button{width:initial;}<\/style><a class=\"kb-button kt-button button kb-btn29163_5e741b-5d kt-btn-size-standard kt-btn-width-type-auto kb-btn-global-fill  kt-btn-has-text-true kt-btn-has-svg-false  wp-block-kadence-singlebtn\" href=\"https:\/\/www.geoparcorigens.cat\/wp-content\/uploads\/133_Estrategia-entitats-collaboradores.pdf\" target=\"_blank\" rel=\"noreferrer noopener\"><span class=\"kt-btn-inner-text\">Convocat\u00f3ria y estrategia (en catal\u00e1n)<\/span><\/a>\n\n<style>ul.menu .wp-block-kadence-advancedbtn .kb-btn29163_fa6a17-7d.kb-button{width:initial;}<\/style><a class=\"kb-button kt-button button kb-btn29163_fa6a17-7d kt-btn-size-standard kt-btn-width-type-auto kb-btn-global-fill  kt-btn-has-text-true kt-btn-has-svg-false  wp-block-kadence-singlebtn\" href=\"https:\/\/docs.google.com\/forms\/d\/1j6SbkN6jx2Uy2Gs-Preem-RF9oXB4e0WH_AJYBus9mQ\" target=\"_blank\" rel=\"noreferrer noopener\"><span class=\"kt-btn-inner-text\">Formulario de adhesi\u00f3n (en catal\u00e1n)<\/span><\/a><\/div>\n<\/div><\/div>\n\n<\/div><\/div>","protected":false},"excerpt":{"rendered":"<p>Proceso adhesi\u00f3n entidades colaboradoras<\/p>\n","protected":false},"author":1,"featured_media":0,"parent":0,"menu_order":0,"comment_status":"closed","ping_status":"closed","template":"","meta":{"_acf_changed":false,"_kad_blocks_custom_css":"","_kad_blocks_head_custom_js":"","_kad_blocks_body_custom_js":"","_kad_blocks_footer_custom_js":"","_kad_post_transparent":"","_kad_post_title":"show","_kad_post_layout":"","_kad_post_sidebar_id":"","_kad_post_content_style":"","_kad_post_vertical_padding":"","_kad_post_feature":"","_kad_post_feature_position":"","_kad_post_header":false,"_kad_post_footer":false,"_kad_post_classname":"","footnotes":""},"class_list":["post-29163","page","type-page","status-publish","hentry"],"acf":[],"taxonomy_info":[],"featured_image_src_large":false,"author_info":{"display_name":"09254GP","author_link":"https:\/\/www.geoparcorigens.cat\/es\/author\/administrador\/"},"comment_info":0,"_links":{"self":[{"href":"https:\/\/www.geoparcorigens.cat\/es\/wp-json\/wp\/v2\/pages\/29163","targetHints":{"allow":["GET"]}}],"collection":[{"href":"https:\/\/www.geoparcorigens.cat\/es\/wp-json\/wp\/v2\/pages"}],"about":[{"href":"https:\/\/www.geoparcorigens.cat\/es\/wp-json\/wp\/v2\/types\/page"}],"author":[{"embeddable":true,"href":"https:\/\/www.geoparcorigens.cat\/es\/wp-json\/wp\/v2\/users\/1"}],"replies":[{"embeddable":true,"href":"https:\/\/www.geoparcorigens.cat\/es\/wp-json\/wp\/v2\/comments?post=29163"}],"version-history":[{"count":0,"href":"https:\/\/www.geoparcorigens.cat\/es\/wp-json\/wp\/v2\/pages\/29163\/revisions"}],"wp:attachment":[{"href":"https:\/\/www.geoparcorigens.cat\/es\/wp-json\/wp\/v2\/media?parent=29163"}],"curies":[{"name":"wp","href":"https:\/\/api.w.org\/{rel}","templated":true}]}}