{"id":29167,"date":"2024-12-09T17:47:03","date_gmt":"2024-12-09T16:47:03","guid":{"rendered":"https:\/\/www.geoparcorigens.cat\/associacio-geoparc-origens\/"},"modified":"2025-02-18T12:48:01","modified_gmt":"2025-02-18T11:48:01","slug":"associacio-geoparc-origens","status":"publish","type":"page","link":"https:\/\/www.geoparcorigens.cat\/es\/associacio-geoparc-origens\/","title":{"rendered":"Asociaci\u00f3n Geoparque Or\u00edgens"},"content":{"rendered":"<style>.kb-row-layout-id29167_757078-2b > .kt-row-column-wrap{align-content:start;}:where(.kb-row-layout-id29167_757078-2b > .kt-row-column-wrap) > .wp-block-kadence-column{justify-content:start;}.kb-row-layout-id29167_757078-2b > .kt-row-column-wrap{column-gap:var(--global-kb-gap-lg, 4rem);row-gap:var(--global-kb-gap-sm, 1rem);max-width:var( --global-content-width, 1290px );padding-left:var(--global-content-edge-padding);padding-right:var(--global-content-edge-padding);padding-top:var(--global-kb-spacing-xxl, 5rem);padding-bottom:var(--global-kb-spacing-xxl, 5rem);grid-template-columns:repeat(2, minmax(0, 1fr));}.kb-row-layout-id29167_757078-2b > .kt-row-layout-overlay{opacity:0.30;}@media all and (max-width: 1024px){.kb-row-layout-id29167_757078-2b > .kt-row-column-wrap{padding-top:var(--global-kb-spacing-lg, 3rem);grid-template-columns:repeat(2, minmax(0, 1fr));}}@media all and (max-width: 767px){.kb-row-layout-id29167_757078-2b > .kt-row-column-wrap{column-gap:var(--global-kb-gap-md, 2rem);row-gap:var(--global-kb-gap-md, 2rem);padding-top:var(--global-kb-spacing-md, 2rem);grid-template-columns:minmax(0, 1fr);}.kb-row-layout-id29167_757078-2b > .kt-row-column-wrap > .wp-block-kadence-column:nth-child(1 of *:not(style)){order:2;}.kb-row-layout-id29167_757078-2b > .kt-row-column-wrap > .wp-block-kadence-column:nth-child(2 of *:not(style)){order:1;}.kb-row-layout-id29167_757078-2b > .kt-row-column-wrap > .wp-block-kadence-column:nth-child(3 of *:not(style)){order:12;}.kb-row-layout-id29167_757078-2b > .kt-row-column-wrap > .wp-block-kadence-column:nth-child(4 of *:not(style)){order:11;}.kb-row-layout-id29167_757078-2b > .kt-row-column-wrap > .wp-block-kadence-column:nth-child(5 of *:not(style)){order:22;}.kb-row-layout-id29167_757078-2b > .kt-row-column-wrap > .wp-block-kadence-column:nth-child(6 of *:not(style)){order:21;}.kb-row-layout-id29167_757078-2b > .kt-row-column-wrap > .wp-block-kadence-column:nth-child(7 of *:not(style)){order:32;}.kb-row-layout-id29167_757078-2b > .kt-row-column-wrap > .wp-block-kadence-column:nth-child(8 of *:not(style)){order:31;}}<\/style><div class=\"kb-row-layout-wrap kb-row-layout-id29167_757078-2b alignfull wp-block-kadence-rowlayout\"><div class=\"kt-row-column-wrap kt-has-2-columns kt-row-layout-equal kt-tab-layout-inherit kt-mobile-layout-row kt-row-valign-top kb-theme-content-width\">\n<style>.kadence-column29167_368727-bc > .kt-inside-inner-col,.kadence-column29167_368727-bc > .kt-inside-inner-col:before{border-top-left-radius:0px;border-top-right-radius:0px;border-bottom-right-radius:0px;border-bottom-left-radius:0px;}.kadence-column29167_368727-bc > .kt-inside-inner-col{column-gap:var(--global-kb-gap-sm, 1rem);}.kadence-column29167_368727-bc > .kt-inside-inner-col{flex-direction:column;}.kadence-column29167_368727-bc > .kt-inside-inner-col > .aligncenter{width:100%;}.kadence-column29167_368727-bc > .kt-inside-inner-col:before{opacity:0.3;}.kadence-column29167_368727-bc{position:relative;}@media all and (max-width: 1024px){.kadence-column29167_368727-bc > .kt-inside-inner-col{flex-direction:column;justify-content:center;}}@media all and (max-width: 767px){.kadence-column29167_368727-bc > .kt-inside-inner-col{flex-direction:column;justify-content:center;}}<\/style>\n<div class=\"wp-block-kadence-column kadence-column29167_368727-bc\"><div class=\"kt-inside-inner-col\"><style>.kb-image29167_003a08-28 .kb-image-has-overlay:after{opacity:0.3;}<\/style>\n<figure class=\"wp-block-kadence-image kb-image29167_003a08-28 size-full\"><img loading=\"lazy\" decoding=\"async\" width=\"724\" height=\"1024\" src=\"https:\/\/www.geoparcorigens.cat\/wp-content\/uploads\/Administrative_boundaries.jpeg\" alt=\"Associaci\u00f3 Geoparc Or\u00edgens\" class=\"kb-img wp-image-25367\" srcset=\"https:\/\/www.geoparcorigens.cat\/wp-content\/uploads\/Administrative_boundaries.jpeg 724w, https:\/\/www.geoparcorigens.cat\/wp-content\/uploads\/Administrative_boundaries-212x300.jpeg 212w\" sizes=\"auto, (max-width: 724px) 100vw, 724px\" \/><\/figure>\n<\/div><\/div>\n\n\n<style>.kadence-column29167_10d381-e9 > .kt-inside-inner-col,.kadence-column29167_10d381-e9 > .kt-inside-inner-col:before{border-top-left-radius:0px;border-top-right-radius:0px;border-bottom-right-radius:0px;border-bottom-left-radius:0px;}.kadence-column29167_10d381-e9 > .kt-inside-inner-col{column-gap:var(--global-kb-gap-sm, 1rem);}.kadence-column29167_10d381-e9 > .kt-inside-inner-col{flex-direction:column;}.kadence-column29167_10d381-e9 > .kt-inside-inner-col > .aligncenter{width:100%;}.kadence-column29167_10d381-e9 > .kt-inside-inner-col:before{opacity:0.3;}.kadence-column29167_10d381-e9{position:relative;}@media all and (max-width: 1024px){.kadence-column29167_10d381-e9 > .kt-inside-inner-col{flex-direction:column;justify-content:center;}}@media all and (max-width: 767px){.kadence-column29167_10d381-e9 > .kt-inside-inner-col{flex-direction:column;justify-content:center;}}<\/style>\n<div class=\"wp-block-kadence-column kadence-column29167_10d381-e9\"><div class=\"kt-inside-inner-col\">\n<p>Para la gesti\u00f3n del&nbsp;<strong>Geoparque Or\u00edgens<\/strong>&nbsp;se constituy\u00f3 la&nbsp;<strong>Asociaci\u00f3n Geoparc<\/strong>&nbsp;el 15 de septiembre en&nbsp;<strong>2015<\/strong>.<\/p>\n\n\n\n<p>En junio de&nbsp;<strong>2023<\/strong>&nbsp;la asociaci\u00f3n toma el nombre de&nbsp;<strong>Asociaci\u00f3n Geoparc Or\u00edgens<\/strong>.<\/p>\n\n\n\n<p>La Asociaci\u00f3n Geoparc Or\u00edgens est\u00e1 formada por un total de&nbsp;<strong>19 municipios<\/strong>&nbsp;(detallados en el mapa) de cuatro comarcas (Pallars Juss\u00e0, Noguera, Pallars Sobir\u00e0 y Alt Urgell) y&nbsp;<strong>2&nbsp;consejos comarcales<\/strong>&nbsp;(Pallars Juss\u00e0 y Noguera). Esta Asociaci\u00f3n garantiza la gobernanza y la capacidad de desarrollo del territorio.<\/p>\n\n\n<style>.wp-block-kadence-advancedbtn.kb-btns29167_aebe41-11{gap:var(--global-kb-gap-xs, 0.5rem );flex-direction:column;align-items:flex-start;justify-content:center;}.kt-btns29167_aebe41-11 .kt-button{font-weight:normal;font-style:normal;}.kt-btns29167_aebe41-11 .kt-btn-wrap-0{margin-right:5px;}.wp-block-kadence-advancedbtn.kt-btns29167_aebe41-11 .kt-btn-wrap-0 .kt-button{color:#555555;border-color:#555555;}.wp-block-kadence-advancedbtn.kt-btns29167_aebe41-11 .kt-btn-wrap-0 .kt-button:hover, .wp-block-kadence-advancedbtn.kt-btns29167_aebe41-11 .kt-btn-wrap-0 .kt-button:focus{color:#ffffff;border-color:#444444;}.wp-block-kadence-advancedbtn.kt-btns29167_aebe41-11 .kt-btn-wrap-0 .kt-button::before{display:none;}.wp-block-kadence-advancedbtn.kt-btns29167_aebe41-11 .kt-btn-wrap-0 .kt-button:hover, .wp-block-kadence-advancedbtn.kt-btns29167_aebe41-11 .kt-btn-wrap-0 .kt-button:focus{background:#444444;}<\/style>\n<div class=\"wp-block-kadence-advancedbtn kb-buttons-wrap kb-btns29167_aebe41-11\"><style>ul.menu .wp-block-kadence-advancedbtn .kb-btn29167_087e41-ac.kb-button{width:initial;}<\/style><a class=\"kb-button kt-button button kb-btn29167_087e41-ac kt-btn-size-small kt-btn-width-type-auto kb-btn-global-fill  kt-btn-has-text-true kt-btn-has-svg-false  wp-block-kadence-singlebtn\" href=\"https:\/\/drive.google.com\/file\/d\/1FOSeJpzqNcCoQKGKj3jatIEZfHotl429\/view\" target=\"_blank\" rel=\"noreferrer noopener\"><span class=\"kt-btn-inner-text\">Estatutos de la Associaci\u00f3n Geoparque Or\u00edgens<\/span><\/a>\n\n<style>ul.menu .wp-block-kadence-advancedbtn .kb-btn29167_db678f-fc.kb-button{width:initial;}<\/style><a class=\"kb-button kt-button button kb-btn29167_db678f-fc kt-btn-size-small kt-btn-width-type-auto kb-btn-global-fill  kt-btn-has-text-true kt-btn-has-svg-false  wp-block-kadence-singlebtn\" href=\"https:\/\/drive.google.com\/file\/d\/1bQREFym8uYtGQNh8CcNT5w6V2LDAHeL1\/view\" target=\"_blank\" rel=\"noreferrer noopener\"><span class=\"kt-btn-inner-text\">Pla director del Geoparque (2021 &#8211; 2025)<\/span><\/a>\n\n<style>ul.menu .wp-block-kadence-advancedbtn .kb-btn29167_2f577f-9e.kb-button{width:initial;}<\/style><a class=\"kb-button kt-button button kb-btn29167_2f577f-9e kt-btn-size-small kt-btn-width-type-auto kb-btn-global-fill  kt-btn-has-text-true kt-btn-has-svg-false  wp-block-kadence-singlebtn\" href=\"https:\/\/drive.google.com\/file\/d\/1eXFeFeWAmVe0AmuzKxxF3BfdrnIeiDVQ\/view\" target=\"_blank\" rel=\"noreferrer noopener\"><span class=\"kt-btn-inner-text\">Plan director del Geoparque (2015 &#8211; 2020)<\/span><\/a><\/div>\n<\/div><\/div>\n\n<\/div><\/div>","protected":false},"excerpt":{"rendered":"<p>Para la gesti\u00f3n del&nbsp;Geoparque Or\u00edgens&nbsp;se constituy\u00f3 la&nbsp;Asociaci\u00f3n Geoparc&nbsp;el 15 de septiembre en&nbsp;2015. En junio de&nbsp;2023&nbsp;la asociaci\u00f3n toma el nombre de&nbsp;Asociaci\u00f3n Geoparc Or\u00edgens. La Asociaci\u00f3n Geoparc Or\u00edgens est\u00e1 formada por un total de&nbsp;19 municipios&nbsp;(detallados en el mapa) de cuatro comarcas (Pallars Juss\u00e0, Noguera, Pallars Sobir\u00e0 y Alt Urgell) y&nbsp;2&nbsp;consejos comarcales&nbsp;(Pallars Juss\u00e0 y Noguera). Esta Asociaci\u00f3n garantiza&#8230;<\/p>\n","protected":false},"author":1,"featured_media":0,"parent":0,"menu_order":0,"comment_status":"closed","ping_status":"closed","template":"","meta":{"_acf_changed":false,"_kad_blocks_custom_css":"","_kad_blocks_head_custom_js":"","_kad_blocks_body_custom_js":"","_kad_blocks_footer_custom_js":"","_kad_post_transparent":"","_kad_post_title":"show","_kad_post_layout":"","_kad_post_sidebar_id":"","_kad_post_content_style":"","_kad_post_vertical_padding":"","_kad_post_feature":"","_kad_post_feature_position":"","_kad_post_header":false,"_kad_post_footer":false,"_kad_post_classname":"","footnotes":""},"class_list":["post-29167","page","type-page","status-publish","hentry"],"acf":[],"taxonomy_info":[],"featured_image_src_large":false,"author_info":{"display_name":"09254GP","author_link":"https:\/\/www.geoparcorigens.cat\/es\/author\/administrador\/"},"comment_info":0,"_links":{"self":[{"href":"https:\/\/www.geoparcorigens.cat\/es\/wp-json\/wp\/v2\/pages\/29167","targetHints":{"allow":["GET"]}}],"collection":[{"href":"https:\/\/www.geoparcorigens.cat\/es\/wp-json\/wp\/v2\/pages"}],"about":[{"href":"https:\/\/www.geoparcorigens.cat\/es\/wp-json\/wp\/v2\/types\/page"}],"author":[{"embeddable":true,"href":"https:\/\/www.geoparcorigens.cat\/es\/wp-json\/wp\/v2\/users\/1"}],"replies":[{"embeddable":true,"href":"https:\/\/www.geoparcorigens.cat\/es\/wp-json\/wp\/v2\/comments?post=29167"}],"version-history":[{"count":0,"href":"https:\/\/www.geoparcorigens.cat\/es\/wp-json\/wp\/v2\/pages\/29167\/revisions"}],"wp:attachment":[{"href":"https:\/\/www.geoparcorigens.cat\/es\/wp-json\/wp\/v2\/media?parent=29167"}],"curies":[{"name":"wp","href":"https:\/\/api.w.org\/{rel}","templated":true}]}}