{"id":29172,"date":"2024-12-09T14:34:47","date_gmt":"2024-12-09T13:34:47","guid":{"rendered":"https:\/\/www.geoparcorigens.cat\/cultura\/"},"modified":"2025-01-21T11:06:16","modified_gmt":"2025-01-21T10:06:16","slug":"cultura","status":"publish","type":"page","link":"https:\/\/www.geoparcorigens.cat\/es\/cultura\/","title":{"rendered":"Cultura"},"content":{"rendered":"<style>.kb-row-layout-id29172_103007-7c > .kt-row-column-wrap{align-content:start;}:where(.kb-row-layout-id29172_103007-7c > .kt-row-column-wrap) > .wp-block-kadence-column{justify-content:start;}.kb-row-layout-id29172_103007-7c > .kt-row-column-wrap{column-gap:var(--global-kb-gap-lg, 4rem);row-gap:var(--global-kb-gap-none, 0rem );max-width:var( --global-content-width, 1290px );padding-left:var(--global-content-edge-padding);padding-right:var(--global-content-edge-padding);padding-top:var(--global-kb-spacing-xxl, 5rem);padding-bottom:var(--global-kb-spacing-xxl, 5rem);grid-template-columns:repeat(2, minmax(0, 1fr));}.kb-row-layout-id29172_103007-7c > .kt-row-layout-overlay{opacity:0.30;}@media all and (max-width: 1024px){.kb-row-layout-id29172_103007-7c > .kt-row-column-wrap{padding-top:var(--global-kb-spacing-md, 2rem);padding-bottom:var(--global-kb-spacing-lg, 3rem);grid-template-columns:minmax(0, 1fr);}}@media all and (max-width: 767px){.kb-row-layout-id29172_103007-7c > .kt-row-column-wrap{padding-top:var(--global-kb-spacing-md, 2rem);grid-template-columns:minmax(0, 1fr);}}<\/style><div class=\"kb-row-layout-wrap kb-row-layout-id29172_103007-7c alignfull wp-block-kadence-rowlayout\"><div class=\"kt-row-column-wrap kt-has-2-columns kt-row-layout-equal kt-tab-layout-row kt-mobile-layout-row kt-row-valign-top kb-theme-content-width\">\n<style>.kadence-column29172_e87174-45 > .kt-inside-inner-col,.kadence-column29172_e87174-45 > .kt-inside-inner-col:before{border-top-left-radius:0px;border-top-right-radius:0px;border-bottom-right-radius:0px;border-bottom-left-radius:0px;}.kadence-column29172_e87174-45 > .kt-inside-inner-col{column-gap:var(--global-kb-gap-sm, 1rem);}.kadence-column29172_e87174-45 > .kt-inside-inner-col{flex-direction:column;}.kadence-column29172_e87174-45 > .kt-inside-inner-col > .aligncenter{width:100%;}.kadence-column29172_e87174-45 > .kt-inside-inner-col:before{opacity:0.3;}.kadence-column29172_e87174-45{position:relative;}@media all and (max-width: 1024px){.kadence-column29172_e87174-45 > .kt-inside-inner-col{flex-direction:column;justify-content:center;}}@media all and (max-width: 767px){.kadence-column29172_e87174-45 > .kt-inside-inner-col{flex-direction:column;justify-content:center;}}<\/style>\n<div class=\"wp-block-kadence-column kadence-column29172_e87174-45\"><div class=\"kt-inside-inner-col\"><style>.kb-table-of-content-nav.kb-table-of-content-id29172_37073c-5c .kb-table-of-content-wrap{margin-bottom:var(--global-kb-spacing-xl, 4rem);padding-top:var(--global-kb-spacing-sm, 1.5rem);padding-right:var(--global-kb-spacing-sm, 1.5rem);padding-bottom:var(--global-kb-spacing-lg, 3rem);padding-left:var(--global-kb-spacing-sm, 1.5rem);background-color:var(--global-palette1, #3182CE);border-top-left-radius:10px;border-top-right-radius:10px;border-bottom-right-radius:10px;border-bottom-left-radius:10px;}.kb-table-of-content-nav.kb-table-of-content-id29172_37073c-5c .kb-table-of-contents-title-wrap{padding-top:0px;padding-right:0px;padding-bottom:0px;padding-left:0px;}.kb-table-of-content-nav.kb-table-of-content-id29172_37073c-5c .kb-table-of-contents-title{font-weight:regular;font-style:normal;}.kb-table-of-content-nav.kb-table-of-content-id29172_37073c-5c .kb-table-of-content-wrap .kb-table-of-content-list{font-weight:regular;font-style:normal;margin-top:var(--global-kb-spacing-sm, 1.5rem);margin-right:0px;margin-bottom:0px;margin-left:0px;}.kb-table-of-content-nav.kb-table-of-content-id29172_37073c-5c .kb-toggle-icon-style-basiccircle .kb-table-of-contents-icon-trigger:after, .kb-table-of-content-nav.kb-table-of-content-id29172_37073c-5c .kb-toggle-icon-style-basiccircle .kb-table-of-contents-icon-trigger:before, .kb-table-of-content-nav.kb-table-of-content-id29172_37073c-5c .kb-toggle-icon-style-arrowcircle .kb-table-of-contents-icon-trigger:after, .kb-table-of-content-nav.kb-table-of-content-id29172_37073c-5c .kb-toggle-icon-style-arrowcircle .kb-table-of-contents-icon-trigger:before, .kb-table-of-content-nav.kb-table-of-content-id29172_37073c-5c .kb-toggle-icon-style-xclosecircle .kb-table-of-contents-icon-trigger:after, .kb-table-of-content-nav.kb-table-of-content-id29172_37073c-5c .kb-toggle-icon-style-xclosecircle .kb-table-of-contents-icon-trigger:before{background-color:var(--global-palette1, #3182CE);}<\/style>\n\n<style>.kb-row-layout-id29172_15ad75-f4 > .kt-row-column-wrap{align-content:start;}:where(.kb-row-layout-id29172_15ad75-f4 > .kt-row-column-wrap) > .wp-block-kadence-column{justify-content:start;}.kb-row-layout-id29172_15ad75-f4 > .kt-row-column-wrap{column-gap:var(--global-kb-gap-md, 2rem);row-gap:var(--global-kb-gap-md, 2rem);max-width:900px;margin-left:auto;margin-right:auto;padding-top:0px;padding-right:0px;padding-bottom:0px;padding-left:0px;grid-template-columns:minmax(0, 1fr);}.kb-row-layout-id29172_15ad75-f4 > .kt-row-layout-overlay{opacity:0.30;}@media all and (max-width: 1024px){.kb-row-layout-id29172_15ad75-f4 > .kt-row-column-wrap{grid-template-columns:minmax(0, 1fr);}}@media all and (max-width: 767px){.kb-row-layout-id29172_15ad75-f4 > .kt-row-column-wrap{grid-template-columns:minmax(0, 1fr);}}<\/style><div class=\"kb-row-layout-wrap kb-row-layout-id29172_15ad75-f4 alignnone wp-block-kadence-rowlayout\"><div class=\"kt-row-column-wrap kt-has-1-columns kt-row-layout-equal kt-tab-layout-inherit kt-mobile-layout-row kt-row-valign-top\">\n<style>.kadence-column29172_513360-f1 > .kt-inside-inner-col,.kadence-column29172_513360-f1 > .kt-inside-inner-col:before{border-top-left-radius:0px;border-top-right-radius:0px;border-bottom-right-radius:0px;border-bottom-left-radius:0px;}.kadence-column29172_513360-f1 > .kt-inside-inner-col{column-gap:var(--global-kb-gap-sm, 1rem);}.kadence-column29172_513360-f1 > .kt-inside-inner-col{flex-direction:column;}.kadence-column29172_513360-f1 > .kt-inside-inner-col > .aligncenter{width:100%;}.kadence-column29172_513360-f1 > .kt-inside-inner-col:before{opacity:0.3;}.kadence-column29172_513360-f1{position:relative;}@media all and (max-width: 1024px){.kadence-column29172_513360-f1 > .kt-inside-inner-col{flex-direction:column;justify-content:center;}}@media all and (max-width: 767px){.kadence-column29172_513360-f1 > .kt-inside-inner-col{flex-direction:column;justify-content:center;}}<\/style>\n<div class=\"wp-block-kadence-column kadence-column29172_513360-f1\"><div class=\"kt-inside-inner-col\"><\/div><\/div>\n\n\n<style>.kadence-column29172_9dfa15-c1 > .kt-inside-inner-col,.kadence-column29172_9dfa15-c1 > .kt-inside-inner-col:before{border-top-left-radius:0px;border-top-right-radius:0px;border-bottom-right-radius:0px;border-bottom-left-radius:0px;}.kadence-column29172_9dfa15-c1 > .kt-inside-inner-col{column-gap:var(--global-kb-gap-sm, 1rem);}.kadence-column29172_9dfa15-c1 > .kt-inside-inner-col{flex-direction:column;}.kadence-column29172_9dfa15-c1 > .kt-inside-inner-col > .aligncenter{width:100%;}.kadence-column29172_9dfa15-c1 > .kt-inside-inner-col:before{opacity:0.3;}.kadence-column29172_9dfa15-c1{position:relative;}@media all and (max-width: 1024px){.kadence-column29172_9dfa15-c1 > .kt-inside-inner-col{flex-direction:column;justify-content:center;}}@media all and (max-width: 767px){.kadence-column29172_9dfa15-c1 > .kt-inside-inner-col{flex-direction:column;justify-content:center;}}<\/style>\n<div class=\"wp-block-kadence-column kadence-column29172_9dfa15-c1\"><div class=\"kt-inside-inner-col\">\n<figure class=\"wp-block-image\"><img decoding=\"async\" src=\"https:\/\/www.geoparcorigens.cat\/wp-content\/uploads\/2020\/04\/restitucio_virtual_low.jpg\" alt=\"\" class=\"wp-image-8502\"\/><figcaption class=\"wp-element-caption\">Yacimentos prehist\u00f3ricos<\/figcaption><\/figure>\n<\/div><\/div>\n\n\n<style>.kadence-column29172_1384d9-60 > .kt-inside-inner-col,.kadence-column29172_1384d9-60 > .kt-inside-inner-col:before{border-top-left-radius:0px;border-top-right-radius:0px;border-bottom-right-radius:0px;border-bottom-left-radius:0px;}.kadence-column29172_1384d9-60 > .kt-inside-inner-col{column-gap:var(--global-kb-gap-sm, 1rem);}.kadence-column29172_1384d9-60 > .kt-inside-inner-col{flex-direction:column;}.kadence-column29172_1384d9-60 > .kt-inside-inner-col > .aligncenter{width:100%;}.kadence-column29172_1384d9-60 > .kt-inside-inner-col:before{opacity:0.3;}.kadence-column29172_1384d9-60{position:relative;}@media all and (max-width: 1024px){.kadence-column29172_1384d9-60 > .kt-inside-inner-col{flex-direction:column;justify-content:center;}}@media all and (max-width: 767px){.kadence-column29172_1384d9-60 > .kt-inside-inner-col{flex-direction:column;justify-content:center;}}<\/style>\n<div class=\"wp-block-kadence-column kadence-column29172_1384d9-60\"><div class=\"kt-inside-inner-col\"><\/div><\/div>\n\n<\/div><\/div><\/div><\/div>\n\n\n<style>.kadence-column29172_33261b-38 > .kt-inside-inner-col,.kadence-column29172_33261b-38 > .kt-inside-inner-col:before{border-top-left-radius:0px;border-top-right-radius:0px;border-bottom-right-radius:0px;border-bottom-left-radius:0px;}.kadence-column29172_33261b-38 > .kt-inside-inner-col{column-gap:var(--global-kb-gap-sm, 1rem);}.kadence-column29172_33261b-38 > .kt-inside-inner-col{flex-direction:column;}.kadence-column29172_33261b-38 > .kt-inside-inner-col > .aligncenter{width:100%;}.kadence-column29172_33261b-38 > .kt-inside-inner-col:before{opacity:0.3;}.kadence-column29172_33261b-38{position:relative;}@media all and (max-width: 1024px){.kadence-column29172_33261b-38 > .kt-inside-inner-col{flex-direction:column;justify-content:center;}}@media all and (max-width: 767px){.kadence-column29172_33261b-38 > .kt-inside-inner-col{flex-direction:column;justify-content:center;}}<\/style>\n<div class=\"wp-block-kadence-column kadence-column29172_33261b-38\"><div class=\"kt-inside-inner-col\">\n<p><br><br>A continuaci\u00f3n se presenta la diversidad del patrimonio cultural del Geoparque Or\u00edgens, tanto tangible como intangible.<\/p>\n\n\n\n<h2 class=\"wp-block-heading\">Patrimoni cultural tangible<\/h2>\n\n\n\n<h3 class=\"wp-block-heading\"><strong>Yacimientos&nbsp;prehist\u00f3ricos&nbsp;y conjuntos&nbsp;megal\u00edticos<\/strong><\/h3>\n\n\n\n<ul class=\"wp-block-list\">\n<li>Pinturas rupestres Patrimonio de la Humanidad:&nbsp;<a href=\"http:\/\/cultura.gencat.cat\/ca\/detall\/Articles\/Cova_del_Tabac_Camarasa_la_Noguera\" target=\"_blank\" rel=\"noreferrer noopener\">Pinturas rupestres de la&nbsp;Cova del Tabac<\/a>&nbsp;y&nbsp;<a href=\"http:\/\/cultura.gencat.cat\/ca\/detall\/Articles\/Balma_del_Panta_Camarasa_la_Noguera\" target=\"_blank\" rel=\"noreferrer noopener\">Pinturas rupestres de la Balma del Pant\u00e0<\/a>&nbsp;(Camarasa, La Noguera) y el&nbsp;<em>Home de Sant Gerv\u00e0s<\/em>&nbsp;en La Terreta (Pallars Juss\u00e0).<\/li>\n\n\n\n<li><a href=\"https:\/\/www.pallarsjussa.net\/ca\/patrimoni-cultural\/la-cova-de-les-llenes\" target=\"_blank\" rel=\"noreferrer noopener\">Cova de les Llenes<\/a>&nbsp;y Cova dels Tritons en el&nbsp;congost d\u2019Eriny\u00e0 (Conca de Dalt, Pallars Juss\u00e0): restos de vida de neandertales.<\/li>\n\n\n\n<li><a href=\"http:\/\/larocadelsbous.uab.cat\/es\" target=\"_blank\" rel=\"noreferrer noopener\">Yacimiento arqueol\u00f3gico de La Roca dels Bous<\/a>&nbsp;(Sant Lloren\u00e7 de Montgai, La Noguera): huellas&nbsp;de visitas de neandertales.<\/li>\n\n\n\n<li><a href=\"http:\/\/cepap.uab.cat\/es\/abricpizarro\" target=\"_blank\" rel=\"noreferrer noopener\">Yacimiento arqueol\u00f3gico de l\u2019Abric Pizarro<\/a>\u00a0a Vilamajor (\u00c0ger, La Noguera): abrigos y similares de habitaci\u00f3n sin estructuras con restos de ocupaciones neandertales.<\/li>\n\n\n\n<li>Cabana de Castellars d\u2019en Pey, Cabana de la Mosquera, Cabana de Perauba, Dolmen d\u2019Eslplanes y Dolmen de la Foleda (Pallars Sobir\u00e0)<\/li>\n\n\n\n<li>Casa Encantada, Dolmen de Rosell, Cabana de Moros, Megalito de Reguart (Pallars Juss\u00e0)<\/li>\n\n\n\n<li>Dolmen de Cogull\u00f3 (La Noguera)<\/li>\n<\/ul>\n\n\n\n<h3 class=\"wp-block-heading\"><br><strong>Restos romanos<\/strong><\/h3>\n\n\n\n<ul class=\"wp-block-list\">\n<li><a href=\"http:\/\/www.parc-cretaci.com\/\" target=\"_blank\" rel=\"noreferrer noopener\">Ciudad romana de Aeso<\/a>&nbsp;(Isona i Conca Dell\u00e0, Pallars Juss\u00e0)<\/li>\n<\/ul>\n\n\n\n<h3 class=\"wp-block-heading\">Arquitectura medieval<\/h3>\n\n\n\n<ul class=\"wp-block-list\">\n<li>BCIN&nbsp;<a href=\"https:\/\/pallarsjussa.net\/es\/patrimonio-cultural\/castillo-de-mur\" target=\"_blank\" rel=\"noreferrer noopener\">Conjunto Monumental del Castillo de Mur<\/a>: castillo de Mur y colegiata de Santa Maria de Mur (Castell de Mur, Pallars Juss\u00e0)<\/li>\n\n\n\n<li>BCIN&nbsp;<a href=\"https:\/\/www.pallarsjussa.net\/es\/patrimonio-cultural\/santa-maria-de-covet\" target=\"_blank\" rel=\"noreferrer noopener\">Iglesia de Santa Maria de Covet<\/a>&nbsp;y&nbsp;<a href=\"https:\/\/www.pallarsjussa.net\/es\/patrimonio-cultural\/castillo-de-llorda\" target=\"_blank\" rel=\"noreferrer noopener\">castillo de Llord\u00e0<\/a>&nbsp;(Isona i Conca Dell\u00e0, Pallars Juss\u00e0)<\/li>\n\n\n\n<li>BCIN&nbsp;<a href=\"https:\/\/www.ager.cat\/descobreix\/visites-a-la-col-legiata-i-al-casc-antic\" target=\"_blank\" rel=\"noreferrer noopener\">Conjunto Monumental de la Can\u00f3nica de Sant Pere<\/a>: recinto amurallado de la Villa de \u00c0ger, castillo y dependencias del monasterio canonical (\u00c0ger, La Noguera)<\/li>\n\n\n\n<li>BCIN&nbsp;<a href=\"https:\/\/baixpallars.ddl.net\/turisme\/monestir-de-santa-maria\" target=\"_blank\" rel=\"noreferrer noopener\">Monasterio de Santa Maria de Gerri<\/a>&nbsp;(Baix Pallars, Pallars Sobir\u00e0)<\/li>\n<\/ul>\n\n\n\n<h3 class=\"wp-block-heading\">Arquitectura&nbsp;modernista<\/h3>\n\n\n\n<ul class=\"wp-block-list\">\n<li><a href=\"https:\/\/www.lapobladesegur.cat\/es\/fer_visitar\/modernismo\/\" target=\"_blank\" rel=\"noreferrer noopener\">Conjunt Modernista Casa Mauri<\/a>&nbsp;(1903-1907): formado por el Mol\u00ed de l\u2019Oli, la Casa Mauri, actual sede&nbsp;del Ayuntamiento, y la antigua cochera, ahora&nbsp;Oficina de Turismo (La Pobla de Segur, Pallars Juss\u00e0).<\/li>\n<\/ul>\n\n\n\n<h3 class=\"wp-block-heading\">Patrimonio industrial<\/h3>\n\n\n\n<ul class=\"wp-block-list\">\n<li>Central hidroel\u00e9ctrica de Capdella, primera central hidroel\u00e9ctrica de Catalu\u00f1a, visitable a trav\u00e9s del&nbsp;<a href=\"https:\/\/museuhidroelectricdecapdella.cat\/es\/\" target=\"_blank\" rel=\"noreferrer noopener\">Museu Hidroel\u00e8ctric de Capdella<\/a>&nbsp;(Torre de Capdella, Pallars Juss\u00e0)<\/li>\n\n\n\n<li>Central hidroel\u00e9ctrica de Talarn, visitable a trav\u00e9s del&nbsp;<a href=\"https:\/\/www.tremp.cat\/index_web.php?idwc=czo5OiJsYWNlbnRyYWwiOw==\" target=\"_blank\" rel=\"noreferrer noopener\">Espai Patrimonial La Central<\/a>&nbsp;(Talarn, Pallars Juss\u00e0)<\/li>\n\n\n\n<li>Central hidroel\u00e9ctrica de Camarasa, visitable a trav\u00e9s del<a href=\"https:\/\/www.geoparcorigens.cat\/es\/actividad\/espai-origens\/\"> Espai Or\u00edgens<\/a> (Camarasa, La Noguera)<\/li>\n<\/ul>\n\n\n\n<h3 class=\"wp-block-heading\">Espacios de memoria<\/h3>\n\n\n\n<p>Legados de la Guerra Civil espa\u00f1ola, de los que destacan:<\/p>\n\n\n\n<ul class=\"wp-block-list\">\n<li>Espacios del frente del Segre \u2013&nbsp;<a href=\"http:\/\/www.espaisdememoria.udl.cat\/?q=node\/52\" target=\"_blank\" rel=\"noreferrer noopener\">El Merengue<\/a>&nbsp;en el Cap del Pont de Balaguer, visitas gestionadas por&nbsp;<a href=\"http:\/\/espaiorigens.es\/a-les-trinxeres-el-merengue-tauletes-digitals\/\" target=\"_blank\" rel=\"noreferrer noopener\">Espai Or\u00edgens<\/a>&nbsp;(Camarasa, La Noguera)<\/li>\n\n\n\n<li>El&nbsp;<a href=\"http:\/\/www.espaisdememoria.udl.cat\/?q=node\/643\" target=\"_blank\" rel=\"noreferrer noopener\">frente republicano de La Posa<\/a>&nbsp;(Isona i Conca Dell\u00e0, Pallars Juss\u00e0)<\/li>\n<\/ul>\n<\/div><\/div>\n\n<\/div><\/div>\n\n<style>.kb-row-layout-id29172_a38d21-d6 > .kt-row-column-wrap{align-content:start;}:where(.kb-row-layout-id29172_a38d21-d6 > .kt-row-column-wrap) > .wp-block-kadence-column{justify-content:start;}.kb-row-layout-id29172_a38d21-d6 > .kt-row-column-wrap{column-gap:var(--global-kb-gap-lg, 4rem);row-gap:var(--global-kb-gap-none, 0rem );max-width:var( --global-content-width, 1290px );padding-left:var(--global-content-edge-padding);padding-right:var(--global-content-edge-padding);padding-top:var(--global-kb-spacing-xxl, 5rem);padding-bottom:var(--global-kb-spacing-xxl, 5rem);grid-template-columns:repeat(2, minmax(0, 1fr));}.kb-row-layout-id29172_a38d21-d6 > .kt-row-layout-overlay{opacity:0.30;}@media all and (max-width: 1024px){.kb-row-layout-id29172_a38d21-d6 > .kt-row-column-wrap{column-gap:var(--global-kb-gap-md, 2rem);row-gap:var(--global-kb-gap-md, 2rem);padding-top:var(--global-kb-spacing-lg, 3rem);grid-template-columns:minmax(0, 1fr);}}@media all and (max-width: 767px){.kb-row-layout-id29172_a38d21-d6 > .kt-row-column-wrap{grid-template-columns:minmax(0, 1fr);}}<\/style><div class=\"kb-row-layout-wrap kb-row-layout-id29172_a38d21-d6 alignfull wp-block-kadence-rowlayout\"><div class=\"kt-row-column-wrap kt-has-2-columns kt-row-layout-equal kt-tab-layout-row kt-mobile-layout-row kt-row-valign-top kb-theme-content-width\">\n<style>.kadence-column29172_779621-eb > .kt-inside-inner-col,.kadence-column29172_779621-eb > .kt-inside-inner-col:before{border-top-left-radius:0px;border-top-right-radius:0px;border-bottom-right-radius:0px;border-bottom-left-radius:0px;}.kadence-column29172_779621-eb > .kt-inside-inner-col{column-gap:var(--global-kb-gap-sm, 1rem);}.kadence-column29172_779621-eb > .kt-inside-inner-col{flex-direction:column;}.kadence-column29172_779621-eb > .kt-inside-inner-col > .aligncenter{width:100%;}.kadence-column29172_779621-eb > .kt-inside-inner-col:before{opacity:0.3;}.kadence-column29172_779621-eb{position:relative;}@media all and (max-width: 1024px){.kadence-column29172_779621-eb > .kt-inside-inner-col{flex-direction:column;justify-content:center;}}@media all and (max-width: 767px){.kadence-column29172_779621-eb > .kt-inside-inner-col{flex-direction:column;justify-content:center;}}<\/style>\n<div class=\"wp-block-kadence-column kadence-column29172_779621-eb\"><div class=\"kt-inside-inner-col\">\n<figure class=\"wp-block-image\"><img decoding=\"async\" src=\"https:\/\/www.geoparcorigens.cat\/wp-content\/uploads\/2020\/04\/20131031-_MG_9194_LLibert-Cases-scaled.jpg\" alt=\"\" class=\"wp-image-8490\"\/><figcaption class=\"wp-element-caption\">Reserva Starlight<\/figcaption><\/figure>\n\n\n\n<figure class=\"wp-block-image\"><img decoding=\"async\" src=\"https:\/\/www.geoparcorigens.cat\/wp-content\/uploads\/2020\/04\/FOTO-08_geganta_real-vs-dibuix-01-scaled.jpg\" alt=\"\" class=\"wp-image-8530\"\/><figcaption class=\"wp-element-caption\">La geganta dormida<\/figcaption><\/figure>\n<\/div><\/div>\n\n\n<style>.kadence-column29172_d7f8e2-e0 > .kt-inside-inner-col,.kadence-column29172_d7f8e2-e0 > .kt-inside-inner-col:before{border-top-left-radius:0px;border-top-right-radius:0px;border-bottom-right-radius:0px;border-bottom-left-radius:0px;}.kadence-column29172_d7f8e2-e0 > .kt-inside-inner-col{column-gap:var(--global-kb-gap-sm, 1rem);}.kadence-column29172_d7f8e2-e0 > .kt-inside-inner-col{flex-direction:column;}.kadence-column29172_d7f8e2-e0 > .kt-inside-inner-col > .aligncenter{width:100%;}.kadence-column29172_d7f8e2-e0 > .kt-inside-inner-col:before{opacity:0.3;}.kadence-column29172_d7f8e2-e0{position:relative;}@media all and (max-width: 1024px){.kadence-column29172_d7f8e2-e0 > .kt-inside-inner-col{flex-direction:column;justify-content:center;}}@media all and (max-width: 767px){.kadence-column29172_d7f8e2-e0 > .kt-inside-inner-col{flex-direction:column;justify-content:center;}}<\/style>\n<div class=\"wp-block-kadence-column kadence-column29172_d7f8e2-e0\"><div class=\"kt-inside-inner-col\">\n<h2 class=\"wp-block-heading\">Patrimonio cultural intangible<\/h2>\n\n\n\n<h3 class=\"wp-block-heading\"><strong>Reserva Starlight y certificado de Destinaci\u00f3n Tur\u00edstica<\/strong><\/h3>\n\n\n\n<ul class=\"wp-block-list\">\n<li>El a\u00f1o 2013 la sierra del Montsec y sus alrededores, una \u00e1rea de 24 municipios, algunos de los cuales dentro del Geoparque, fueron certificados como Destinaci\u00f3n Tur\u00edstica, a la vez que a 11 municipios les era otorgada la ins\u00edgnia de Reserva Starlight, la m\u00e1xima designaci\u00f3n de calidad para el&nbsp;<a href=\"https:\/\/www.parcastronomic.cat\/un-cel-starlight?lang=es\" target=\"_blank\" rel=\"noreferrer noopener\">cielo oscuro.<\/a><\/li>\n\n\n\n<li>El Parque Nacional d\u2019Aig\u00fcestortes i Estany de Sant Maurici recibi\u00f3 la&nbsp;<a href=\"https:\/\/parcsnaturals.gencat.cat\/es\/xarxa-de-parcs\/aiguestortes\/coneix-la-nostra-feina\/instruments-de-planificacio\/reserva-i-destinacio-turistica-starlight\/index.html\" target=\"_blank\" rel=\"noreferrer noopener\">certificaci\u00f3n<\/a>&nbsp;el a\u00f1o 2018.<\/li>\n<\/ul>\n\n\n\n<p>Esta certificaci\u00f3n est\u00e1 gestionada por la Fundaci\u00f3n Starlight siguiendo los acuerdos de la Iniciativa Starlight y la Declaraci\u00f3n de La Palma (2007). Por un lado, la iniciativa cuenta con el apoyo de la UNESCO, Organizaci\u00f3n Mundial del Turismo y la Uni\u00f3n Astron\u00f3mica Internacional, entre otras muchas. Por otra parte, en la Declaraci\u00f3n de la Palma el cielo nocturno est\u00e1 definido como un patrimonio cultural, cient\u00edfico e hist\u00f3rico, y se reconoce que la observaci\u00f3n del cielo sea una pieza clave para nuestro conocimiento. La Declaraci\u00f3n promueve la educaci\u00f3n basada en estas ideas y el turismo sostenible como herramienta para comunicar la preservaci\u00f3n del cielo nocturno.<\/p>\n\n\n\n<h3 class=\"wp-block-heading\">Fallas del Pirineu<\/h3>\n\n\n\n<p>Las&nbsp;<strong>fallas del Pirineo<\/strong>&nbsp;son&nbsp;<a href=\"https:\/\/ich.unesco.org\/es\/RL\/fiestas-del-fuego-del-solsticio-de-verano-en-los-pirineos-01073?RL=01073\" target=\"_blank\" rel=\"noreferrer noopener\">Patrimonio Inmaterial de la Humanidad<\/a>&nbsp;desde 2015. Las Fiestas del Fuego del Solsticio de verano de los Pirineos re\u00fanen 63 celebraciones, entre ellas las fallas de La Pobla de Segur, localidad del Geoparque Or\u00edgens.<\/p>\n\n\n\n<h3 class=\"wp-block-heading\">Fiesta dels Raiers<\/h3>\n\n\n\n<p>La&nbsp;<strong>fiesta dels Raiers<\/strong>, que preserva la memoria de un oficio hist\u00f3rico, tambi\u00e9n fue declarada&nbsp;<a href=\"https:\/\/ich.unesco.org\/es\/RL\/la-maderada-01866?RL=01866\" target=\"_blank\" rel=\"noreferrer noopener\">Patrimonio Inmaterial de la Humanidad<\/a>&nbsp;en el a\u00f1o 2022. D\u00e9cadas atr\u00e1s, la madera que se extra\u00eda de los bosques se transportaba por los r\u00edos del Pirineo hasta las grandes ciudades mediante balsas. Actualmente se conmemora este antiguo oficio en las localidades del Geoparque del Pont de Claverol (Pallars Juss\u00e0) y de&nbsp;Coll de Narg\u00f3 (Alt Urgell).<\/p>\n\n\n\n<h3 class=\"wp-block-heading\"><strong>Mitos y leyendas<\/strong> relacionados con el patrimonio geol\u00f2gic<\/h3>\n\n\n\n<ul class=\"wp-block-list\">\n<li>Estacador del Diable (Congost d\u2019Eriny\u00e0, Pallars Juss\u00e0)<\/li>\n\n\n\n<li>Cova de la Serpent (Congost de Collegats, Pallars Juss\u00e0)<\/li>\n\n\n\n<li>Estanyobert (Cadolla, Pallars Juss\u00e0)<\/li>\n\n\n\n<li>Estany de Montcort\u00e8s (Pallars Sobir\u00e0)<\/li>\n\n\n\n<li>Cova d\u2019Esplugues (Conques, Pallars Juss\u00e0)<\/li>\n\n\n\n<li>Roca del Quart\u00e0 (La Pobleta de Bellve\u00ed, Pallars Juss\u00e0)<\/li>\n\n\n\n<li>Cova de Janes (Mont-ros, Pallars Juss\u00e0)<\/li>\n\n\n\n<li>Les Carantes (Biscarri, Pallars Juss\u00e0)<\/li>\n\n\n\n<li>La Geganta Adormida (Congost de Collegats, Baix Pallars)<\/li>\n\n\n\n<li>L\u2019Argenteria (Congost de Collegats, Baix Pallars)<\/li>\n\n\n\n<li>Barranc de l\u2019infern (Congost de Collegats, Pallars Juss\u00e0)<\/li>\n\n\n\n<li>Monestir de Sant Pere de les Maleses (Congost de Collegats, Pallars Juss\u00e0)<\/li>\n\n\n\n<li>Els Minairons (Congost de Collegats, Pallars Juss\u00e0)<\/li>\n\n\n\n<li>Ermita de les Esplugues i Sant Roc (Estany gran de Basturs, Pallars Juss\u00e0)<\/li>\n<\/ul>\n<\/div><\/div>\n\n<\/div><\/div>","protected":false},"excerpt":{"rendered":"<p>A continuaci\u00f3n se presenta la diversidad del patrimonio cultural del Geoparque Or\u00edgens, tanto tangible como intangible. Patrimoni cultural tangible Yacimientos&nbsp;prehist\u00f3ricos&nbsp;y conjuntos&nbsp;megal\u00edticos Restos romanos Arquitectura medieval Arquitectura&nbsp;modernista Patrimonio industrial Espacios de memoria Legados de la Guerra Civil espa\u00f1ola, de los que destacan: Patrimonio cultural intangible Reserva Starlight y certificado de Destinaci\u00f3n Tur\u00edstica Esta certificaci\u00f3n est\u00e1 gestionada&#8230;<\/p>\n","protected":false},"author":1,"featured_media":0,"parent":0,"menu_order":0,"comment_status":"closed","ping_status":"closed","template":"","meta":{"_acf_changed":false,"_kad_blocks_custom_css":"","_kad_blocks_head_custom_js":"","_kad_blocks_body_custom_js":"","_kad_blocks_footer_custom_js":"","_kad_post_transparent":"","_kad_post_title":"show","_kad_post_layout":"","_kad_post_sidebar_id":"","_kad_post_content_style":"","_kad_post_vertical_padding":"","_kad_post_feature":"","_kad_post_feature_position":"","_kad_post_header":false,"_kad_post_footer":false,"_kad_post_classname":"","footnotes":""},"class_list":["post-29172","page","type-page","status-publish","hentry"],"acf":[],"taxonomy_info":[],"featured_image_src_large":false,"author_info":{"display_name":"09254GP","author_link":"https:\/\/www.geoparcorigens.cat\/es\/author\/administrador\/"},"comment_info":0,"_links":{"self":[{"href":"https:\/\/www.geoparcorigens.cat\/es\/wp-json\/wp\/v2\/pages\/29172","targetHints":{"allow":["GET"]}}],"collection":[{"href":"https:\/\/www.geoparcorigens.cat\/es\/wp-json\/wp\/v2\/pages"}],"about":[{"href":"https:\/\/www.geoparcorigens.cat\/es\/wp-json\/wp\/v2\/types\/page"}],"author":[{"embeddable":true,"href":"https:\/\/www.geoparcorigens.cat\/es\/wp-json\/wp\/v2\/users\/1"}],"replies":[{"embeddable":true,"href":"https:\/\/www.geoparcorigens.cat\/es\/wp-json\/wp\/v2\/comments?post=29172"}],"version-history":[{"count":0,"href":"https:\/\/www.geoparcorigens.cat\/es\/wp-json\/wp\/v2\/pages\/29172\/revisions"}],"wp:attachment":[{"href":"https:\/\/www.geoparcorigens.cat\/es\/wp-json\/wp\/v2\/media?parent=29172"}],"curies":[{"name":"wp","href":"https:\/\/api.w.org\/{rel}","templated":true}]}}