{"id":29176,"date":"2024-12-09T14:34:21","date_gmt":"2024-12-09T13:34:21","guid":{"rendered":"https:\/\/www.geoparcorigens.cat\/coves-i-carst\/"},"modified":"2025-01-13T17:37:37","modified_gmt":"2025-01-13T16:37:37","slug":"coves-i-carst","status":"publish","type":"page","link":"https:\/\/www.geoparcorigens.cat\/es\/coves-i-carst\/","title":{"rendered":"Cavidades y karst"},"content":{"rendered":"<style>.kb-row-layout-id29176_1db02e-0c > .kt-row-column-wrap{align-content:start;}:where(.kb-row-layout-id29176_1db02e-0c > .kt-row-column-wrap) > .wp-block-kadence-column{justify-content:start;}.kb-row-layout-id29176_1db02e-0c > .kt-row-column-wrap{column-gap:var(--global-kb-gap-lg, 4rem);row-gap:var(--global-kb-gap-none, 0rem );max-width:var( --global-content-width, 1290px );padding-left:var(--global-content-edge-padding);padding-right:var(--global-content-edge-padding);padding-top:var(--global-kb-spacing-xxl, 5rem);padding-bottom:var(--global-kb-spacing-xxl, 5rem);grid-template-columns:minmax(0, 1fr) minmax(0, 2fr);}.kb-row-layout-id29176_1db02e-0c > .kt-row-layout-overlay{opacity:0.30;}@media all and (max-width: 1024px){.kb-row-layout-id29176_1db02e-0c > .kt-row-column-wrap{column-gap:var(--global-kb-gap-md, 2rem);row-gap:var(--global-kb-gap-md, 2rem);padding-top:var(--global-kb-spacing-md, 2rem);padding-bottom:var(--global-kb-spacing-lg, 3rem);grid-template-columns:minmax(0, 1fr);}}@media all and (max-width: 767px){.kb-row-layout-id29176_1db02e-0c > .kt-row-column-wrap{padding-top:var(--global-kb-spacing-xs, 1rem);grid-template-columns:minmax(0, 1fr);}}<\/style><div class=\"kb-row-layout-wrap kb-row-layout-id29176_1db02e-0c alignfull wp-block-kadence-rowlayout\"><div class=\"kt-row-column-wrap kt-has-2-columns kt-row-layout-right-golden kt-tab-layout-row kt-mobile-layout-row kt-row-valign-top kb-theme-content-width\">\n<style>.kadence-column29176_075d0a-ec > .kt-inside-inner-col{padding-top:0px;}.kadence-column29176_075d0a-ec > .kt-inside-inner-col,.kadence-column29176_075d0a-ec > .kt-inside-inner-col:before{border-top-left-radius:0px;border-top-right-radius:0px;border-bottom-right-radius:0px;border-bottom-left-radius:0px;}.kadence-column29176_075d0a-ec > .kt-inside-inner-col{column-gap:var(--global-kb-gap-sm, 1rem);}.kadence-column29176_075d0a-ec > .kt-inside-inner-col{flex-direction:column;}.kadence-column29176_075d0a-ec > .kt-inside-inner-col > .aligncenter{width:100%;}.kadence-column29176_075d0a-ec > .kt-inside-inner-col:before{opacity:0.3;}.kadence-column29176_075d0a-ec{position:relative;}.kadence-column29176_075d0a-ec, .kt-inside-inner-col > .kadence-column29176_075d0a-ec:not(.specificity){margin-top:0px;}@media all and (max-width: 1024px){.kadence-column29176_075d0a-ec > .kt-inside-inner-col{flex-direction:column;justify-content:center;}}@media all and (max-width: 767px){.kadence-column29176_075d0a-ec > .kt-inside-inner-col{padding-top:var(--global-kb-spacing-xs, 1rem);flex-direction:column;justify-content:center;}}<\/style>\n<div class=\"wp-block-kadence-column kadence-column29176_075d0a-ec\"><div class=\"kt-inside-inner-col\"><style>.kb-table-of-content-nav.kb-table-of-content-id29176_5f0ca9-14 .kb-table-of-content-wrap{margin-top:0px;padding-top:var(--global-kb-spacing-xxs, 0.5rem);padding-right:var(--global-kb-spacing-sm, 1.5rem);padding-bottom:var(--global-kb-spacing-sm, 1.5rem);padding-left:var(--global-kb-spacing-sm, 1.5rem);background-color:var(--global-palette1, #3182CE);border-top-left-radius:10px;border-top-right-radius:10px;border-bottom-right-radius:10px;border-bottom-left-radius:10px;}.kb-table-of-content-nav.kb-table-of-content-id29176_5f0ca9-14 .kb-table-of-contents-title-wrap{padding-top:0px;padding-right:0px;padding-bottom:0px;padding-left:0px;}.kb-table-of-content-nav.kb-table-of-content-id29176_5f0ca9-14 .kb-table-of-contents-title{font-weight:regular;font-style:normal;}.kb-table-of-content-nav.kb-table-of-content-id29176_5f0ca9-14 .kb-table-of-content-wrap .kb-table-of-content-list{font-weight:regular;font-style:normal;margin-top:var(--global-kb-spacing-sm, 1.5rem);margin-right:0px;margin-bottom:0px;margin-left:0px;}.kb-table-of-content-nav.kb-table-of-content-id29176_5f0ca9-14 .kb-toggle-icon-style-basiccircle .kb-table-of-contents-icon-trigger:after, .kb-table-of-content-nav.kb-table-of-content-id29176_5f0ca9-14 .kb-toggle-icon-style-basiccircle .kb-table-of-contents-icon-trigger:before, .kb-table-of-content-nav.kb-table-of-content-id29176_5f0ca9-14 .kb-toggle-icon-style-arrowcircle .kb-table-of-contents-icon-trigger:after, .kb-table-of-content-nav.kb-table-of-content-id29176_5f0ca9-14 .kb-toggle-icon-style-arrowcircle .kb-table-of-contents-icon-trigger:before, .kb-table-of-content-nav.kb-table-of-content-id29176_5f0ca9-14 .kb-toggle-icon-style-xclosecircle .kb-table-of-contents-icon-trigger:after, .kb-table-of-content-nav.kb-table-of-content-id29176_5f0ca9-14 .kb-toggle-icon-style-xclosecircle .kb-table-of-contents-icon-trigger:before{background-color:var(--global-palette1, #3182CE);}<\/style><\/div><\/div>\n\n\n<style>.kadence-column29176_7b68e7-93 > .kt-inside-inner-col,.kadence-column29176_7b68e7-93 > .kt-inside-inner-col:before{border-top-left-radius:0px;border-top-right-radius:0px;border-bottom-right-radius:0px;border-bottom-left-radius:0px;}.kadence-column29176_7b68e7-93 > .kt-inside-inner-col{column-gap:var(--global-kb-gap-sm, 1rem);}.kadence-column29176_7b68e7-93 > .kt-inside-inner-col{flex-direction:column;}.kadence-column29176_7b68e7-93 > .kt-inside-inner-col > .aligncenter{width:100%;}.kadence-column29176_7b68e7-93 > .kt-inside-inner-col:before{opacity:0.3;}.kadence-column29176_7b68e7-93{position:relative;}@media all and (max-width: 1024px){.kadence-column29176_7b68e7-93 > .kt-inside-inner-col{flex-direction:column;justify-content:center;}}@media all and (max-width: 767px){.kadence-column29176_7b68e7-93 > .kt-inside-inner-col{flex-direction:column;justify-content:center;}}<\/style>\n<div class=\"wp-block-kadence-column kadence-column29176_7b68e7-93\"><div class=\"kt-inside-inner-col\">\n<p>n motivo del A\u00f1o Internacional de Cavidades y Karst que tiene lugar durante el a\u00f1o 2021 y 2022, se han editado dos mapas interactivos sobre esta tem\u00e1tica.<\/p>\n\n\n\n<p>Estos mapas son publicados en el marco de la V Semana de los Geoparques Europeos \u00abCuevas y Karst\u00bb.<\/p>\n\n\n\n<p>Los mapas han sido creados a trav\u00e9s de la plataforma Instamaps del ICGC.<\/p>\n\n\n<style>.kb-image29176_0d7574-b8:not(.kb-image-is-ratio-size) .kb-img, .kb-image29176_0d7574-b8.kb-image-is-ratio-size{padding-right:var(--global-kb-spacing-xs, 1rem);padding-left:var(--global-kb-spacing-xs, 1rem);}.kb-image29176_0d7574-b8 .kb-image-has-overlay:after{opacity:0.3;}<\/style>\n<figure class=\"wp-block-kadence-image kb-image29176_0d7574-b8\"><img decoding=\"async\" src=\"https:\/\/www.geoparcorigens.cat\/wp-content\/uploads\/2021\/04\/logo-iyck-uis.jpg\" alt=\"\" class=\"kb-img wp-image-12767\"\/><\/figure>\n<\/div><\/div>\n\n<\/div><\/div>\n\n<style>.kb-row-layout-id29176_e78da8-df > .kt-row-column-wrap{align-content:start;}:where(.kb-row-layout-id29176_e78da8-df > .kt-row-column-wrap) > .wp-block-kadence-column{justify-content:start;}.kb-row-layout-id29176_e78da8-df > .kt-row-column-wrap{column-gap:var(--global-kb-gap-lg, 4rem);row-gap:var(--global-kb-gap-none, 0rem );max-width:var( --global-content-width, 1290px );padding-left:var(--global-content-edge-padding);padding-right:var(--global-content-edge-padding);padding-top:var(--global-kb-spacing-xxl, 5rem);padding-bottom:var(--global-kb-spacing-xxl, 5rem);grid-template-columns:repeat(2, minmax(0, 1fr));}.kb-row-layout-id29176_e78da8-df > .kt-row-layout-overlay{opacity:0.30;}@media all and (max-width: 1024px){.kb-row-layout-id29176_e78da8-df > .kt-row-column-wrap{column-gap:var(--global-kb-gap-md, 2rem);row-gap:var(--global-kb-gap-md, 2rem);padding-top:var(--global-kb-spacing-lg, 3rem);padding-bottom:var(--global-kb-spacing-lg, 3rem);grid-template-columns:repeat(2, minmax(0, 1fr));}}@media all and (max-width: 767px){.kb-row-layout-id29176_e78da8-df > .kt-row-column-wrap{column-gap:var(--global-kb-gap-md, 2rem);row-gap:var(--global-kb-gap-md, 2rem);padding-top:var(--global-kb-spacing-lg, 3rem);grid-template-columns:minmax(0, 1fr);}.kb-row-layout-id29176_e78da8-df > .kt-row-column-wrap > .wp-block-kadence-column:nth-child(1 of *:not(style)){order:2;}.kb-row-layout-id29176_e78da8-df > .kt-row-column-wrap > .wp-block-kadence-column:nth-child(2 of *:not(style)){order:1;}.kb-row-layout-id29176_e78da8-df > .kt-row-column-wrap > .wp-block-kadence-column:nth-child(3 of *:not(style)){order:12;}.kb-row-layout-id29176_e78da8-df > .kt-row-column-wrap > .wp-block-kadence-column:nth-child(4 of *:not(style)){order:11;}.kb-row-layout-id29176_e78da8-df > .kt-row-column-wrap > .wp-block-kadence-column:nth-child(5 of *:not(style)){order:22;}.kb-row-layout-id29176_e78da8-df > .kt-row-column-wrap > .wp-block-kadence-column:nth-child(6 of *:not(style)){order:21;}.kb-row-layout-id29176_e78da8-df > .kt-row-column-wrap > .wp-block-kadence-column:nth-child(7 of *:not(style)){order:32;}.kb-row-layout-id29176_e78da8-df > .kt-row-column-wrap > .wp-block-kadence-column:nth-child(8 of *:not(style)){order:31;}}<\/style><div class=\"kb-row-layout-wrap kb-row-layout-id29176_e78da8-df alignfull wp-block-kadence-rowlayout\"><div class=\"kt-row-column-wrap kt-has-2-columns kt-row-layout-equal kt-tab-layout-inherit kt-mobile-layout-row kt-row-valign-top kb-theme-content-width\">\n<style>.kadence-column29176_e870c4-cb > .kt-inside-inner-col,.kadence-column29176_e870c4-cb > .kt-inside-inner-col:before{border-top-left-radius:0px;border-top-right-radius:0px;border-bottom-right-radius:0px;border-bottom-left-radius:0px;}.kadence-column29176_e870c4-cb > .kt-inside-inner-col{column-gap:var(--global-kb-gap-sm, 1rem);}.kadence-column29176_e870c4-cb > .kt-inside-inner-col{flex-direction:column;}.kadence-column29176_e870c4-cb > .kt-inside-inner-col > .aligncenter{width:100%;}.kadence-column29176_e870c4-cb > .kt-inside-inner-col:before{opacity:0.3;}.kadence-column29176_e870c4-cb{position:relative;}@media all and (max-width: 1024px){.kadence-column29176_e870c4-cb > .kt-inside-inner-col{flex-direction:column;justify-content:center;}}@media all and (max-width: 767px){.kadence-column29176_e870c4-cb > .kt-inside-inner-col{flex-direction:column;justify-content:center;}}<\/style>\n<div class=\"wp-block-kadence-column kadence-column29176_e870c4-cb\"><div class=\"kt-inside-inner-col\">\n<div style=\"height: 75vh; width: 100%; margin: auto;\"><iframe loading=\"lazy\" width=\"100%\" height=\"100%\" frameborder=\"0\" scrolling=\"no\" marginheight=\"0\" marginwidth=\"0\" src=\"https:\/\/www.instamaps.cat\/visor.html?businessid=826132a755d47ec8e42e8e52b660bc4c&amp;3D=false&amp;embed=1\"><\/iframe><\/div>\n\n\n\n<div style=\"height:40px\" aria-hidden=\"true\" class=\"wp-block-spacer\"><\/div>\n\n\n\n<p class=\"has-small-font-size\">Al seleccionar un punto, en la barra lateral derecha, aparece la informaci\u00f3n asociada a cada imagen. Al clicar sobre la imagen en miniatura \u00e9sta se abre y se visualiza en pantalla completa.<\/p>\n\n\n\n<p class=\"has-small-font-size\">En el lateral izquierdo se puede cambiar el mapa de fondo. Tambi\u00e9n se puede desplazar o hacer m\u00e1s o menos zoom con el rat\u00f3n.<\/p>\n<\/div><\/div>\n\n\n<style>.kadence-column29176_c6201c-7f > .kt-inside-inner-col,.kadence-column29176_c6201c-7f > .kt-inside-inner-col:before{border-top-left-radius:0px;border-top-right-radius:0px;border-bottom-right-radius:0px;border-bottom-left-radius:0px;}.kadence-column29176_c6201c-7f > .kt-inside-inner-col{column-gap:var(--global-kb-gap-sm, 1rem);}.kadence-column29176_c6201c-7f > .kt-inside-inner-col{flex-direction:column;}.kadence-column29176_c6201c-7f > .kt-inside-inner-col > .aligncenter{width:100%;}.kadence-column29176_c6201c-7f > .kt-inside-inner-col:before{opacity:0.3;}.kadence-column29176_c6201c-7f{position:relative;}@media all and (max-width: 1024px){.kadence-column29176_c6201c-7f > .kt-inside-inner-col{flex-direction:column;justify-content:center;}}@media all and (max-width: 767px){.kadence-column29176_c6201c-7f > .kt-inside-inner-col{flex-direction:column;justify-content:center;}}<\/style>\n<div class=\"wp-block-kadence-column kadence-column29176_c6201c-7f\"><div class=\"kt-inside-inner-col\">\n<h2 class=\"wp-block-heading\"><strong>El Geoparque Or\u00edgens bajo tierra<\/strong><\/h2>\n\n\n\n<p>El Geoparque mundial de la UNESCO Or\u00edgenes junto con la Societat d\u2019Amics de la Muntanya y la Federaci\u00f3n Catalana de Espeleolog\u00eda presentan una exposici\u00f3n de fotograf\u00edas que ilustran la riqueza de este patrimonio subterr\u00e1neo dentro del \u00e1mbito del Geoparque.<\/p>\n\n\n\n<p>En el Geoparque existen muchos ejemplos de formaciones k\u00e1rsticas producto de la disoluci\u00f3n de rocas calc\u00e1reas o con alto contenido de carbonato c\u00e1lcico, y la precipitaci\u00f3n de este compuesto.<\/p>\n\n\n\n<p>Se encuentran barrancos, desfiladeros o fuentes que forman, por ejemplo, cascadas y domos de toba calc\u00e1rea como los que se pueden observar en Rivert o en los Estanys de Basturs. Pero quiz\u00e1s la formaci\u00f3n m\u00e1s conocida son las cuevas, y en el Geoparque encontramos muchas y muy diversas.<\/p>\n\n\n\n<p>Estas formaciones atraen desde hace muchos a\u00f1os a escaladores y espele\u00f3logos de todo el mundo que realizan sus actividades, que forman parte de los propios valores del Geoparque, donde el patrimonio geol\u00f3gico se utiliza como motor de desarrollo local sostenible.<\/p>\n\n\n\n<p>Este valioso patrimonio es insustituible y preservarlo es responsabilidad de todos.<\/p>\n\n\n\n<p>La informaci\u00f3n del mapa ha sido facilitada por la SAM.<\/p>\n\n\n<style>.kb-row-layout-id29176_800359-7d > .kt-row-column-wrap{align-content:center;}:where(.kb-row-layout-id29176_800359-7d > .kt-row-column-wrap) > .wp-block-kadence-column{justify-content:center;}.kb-row-layout-id29176_800359-7d > .kt-row-column-wrap{column-gap:var(--global-kb-gap-md, 2rem);row-gap:var(--global-kb-gap-none, 0rem );padding-top:0px;padding-right:var(--global-kb-spacing-xs, 1rem);padding-bottom:0px;padding-left:var(--global-kb-spacing-xs, 1rem);grid-template-columns:repeat(2, minmax(0, 1fr));}.kb-row-layout-id29176_800359-7d > .kt-row-layout-overlay{opacity:0.30;}@media all and (max-width: 1024px){.kb-row-layout-id29176_800359-7d > .kt-row-column-wrap{grid-template-columns:repeat(2, minmax(0, 1fr));}}@media all and (max-width: 767px){.kb-row-layout-id29176_800359-7d > .kt-row-column-wrap{grid-template-columns:minmax(0, 1fr);}}<\/style><div class=\"kb-row-layout-wrap kb-row-layout-id29176_800359-7d alignnone wp-block-kadence-rowlayout\"><div class=\"kt-row-column-wrap kt-has-2-columns kt-row-layout-equal kt-tab-layout-inherit kt-mobile-layout-row kt-row-valign-middle\">\n<style>.kadence-column29176_282408-dd > .kt-inside-inner-col,.kadence-column29176_282408-dd > .kt-inside-inner-col:before{border-top-left-radius:0px;border-top-right-radius:0px;border-bottom-right-radius:0px;border-bottom-left-radius:0px;}.kadence-column29176_282408-dd > .kt-inside-inner-col{column-gap:var(--global-kb-gap-sm, 1rem);}.kadence-column29176_282408-dd > .kt-inside-inner-col{flex-direction:column;}.kadence-column29176_282408-dd > .kt-inside-inner-col > .aligncenter{width:100%;}.kadence-column29176_282408-dd > .kt-inside-inner-col:before{opacity:0.3;}.kadence-column29176_282408-dd{position:relative;}@media all and (max-width: 1024px){.kadence-column29176_282408-dd > .kt-inside-inner-col{flex-direction:column;justify-content:center;}}@media all and (max-width: 767px){.kadence-column29176_282408-dd > .kt-inside-inner-col{flex-direction:column;justify-content:center;}}<\/style>\n<div class=\"wp-block-kadence-column kadence-column29176_282408-dd\"><div class=\"kt-inside-inner-col\">\n<figure class=\"wp-block-image\"><a href=\"https:\/\/www.tremp.cat\/index_web.php?idwc=czozOiJzYW0iOw==\" target=\"_blank\" rel=\"noreferrer noopener\"><img decoding=\"async\" src=\"https:\/\/www.geoparcorigens.cat\/wp-content\/uploads\/2021\/05\/SAM_logo_blanc-1024x1021.jpg\" alt=\"\" class=\"wp-image-12858\"\/><\/a><\/figure>\n<\/div><\/div>\n\n\n<style>.kadence-column29176_b012d9-8a > .kt-inside-inner-col,.kadence-column29176_b012d9-8a > .kt-inside-inner-col:before{border-top-left-radius:0px;border-top-right-radius:0px;border-bottom-right-radius:0px;border-bottom-left-radius:0px;}.kadence-column29176_b012d9-8a > .kt-inside-inner-col{column-gap:var(--global-kb-gap-sm, 1rem);}.kadence-column29176_b012d9-8a > .kt-inside-inner-col{flex-direction:column;}.kadence-column29176_b012d9-8a > .kt-inside-inner-col > .aligncenter{width:100%;}.kadence-column29176_b012d9-8a > .kt-inside-inner-col:before{opacity:0.3;}.kadence-column29176_b012d9-8a{position:relative;}@media all and (max-width: 1024px){.kadence-column29176_b012d9-8a > .kt-inside-inner-col{flex-direction:column;justify-content:center;}}@media all and (max-width: 767px){.kadence-column29176_b012d9-8a > .kt-inside-inner-col{flex-direction:column;justify-content:center;}}<\/style>\n<div class=\"wp-block-kadence-column kadence-column29176_b012d9-8a\"><div class=\"kt-inside-inner-col\">\n<figure class=\"wp-block-image\"><a href=\"https:\/\/www.espeleologia.cat\/\" target=\"_blank\" rel=\"noreferrer noopener\"><img decoding=\"async\" src=\"https:\/\/www.geoparcorigens.cat\/wp-content\/uploads\/2021\/05\/02_fce-1024x454.jpg\" alt=\"\" class=\"wp-image-12862\"\/><\/a><\/figure>\n<\/div><\/div>\n\n<\/div><\/div><\/div><\/div>\n\n<\/div><\/div>\n\n<style>.kb-row-layout-id29176_a027f8-aa > .kt-row-column-wrap{align-content:start;}:where(.kb-row-layout-id29176_a027f8-aa > .kt-row-column-wrap) > .wp-block-kadence-column{justify-content:start;}.kb-row-layout-id29176_a027f8-aa > .kt-row-column-wrap{column-gap:var(--global-kb-gap-lg, 4rem);row-gap:var(--global-kb-gap-none, 0rem );max-width:var( --global-content-width, 1290px );padding-left:var(--global-content-edge-padding);padding-right:var(--global-content-edge-padding);padding-top:var(--global-kb-spacing-xxl, 5rem);padding-bottom:var(--global-kb-spacing-xxl, 5rem);grid-template-columns:repeat(2, minmax(0, 1fr));}.kb-row-layout-id29176_a027f8-aa > .kt-row-layout-overlay{opacity:0.30;}@media all and (max-width: 1024px){.kb-row-layout-id29176_a027f8-aa > .kt-row-column-wrap{padding-top:var(--global-kb-spacing-lg, 3rem);padding-bottom:var(--global-kb-spacing-lg, 3rem);grid-template-columns:repeat(2, minmax(0, 1fr));}}@media all and (max-width: 767px){.kb-row-layout-id29176_a027f8-aa > .kt-row-column-wrap{column-gap:var(--global-kb-gap-md, 2rem);row-gap:var(--global-kb-gap-md, 2rem);grid-template-columns:minmax(0, 1fr);}.kb-row-layout-id29176_a027f8-aa > .kt-row-column-wrap > .wp-block-kadence-column:nth-child(1 of *:not(style)){order:2;}.kb-row-layout-id29176_a027f8-aa > .kt-row-column-wrap > .wp-block-kadence-column:nth-child(2 of *:not(style)){order:1;}.kb-row-layout-id29176_a027f8-aa > .kt-row-column-wrap > .wp-block-kadence-column:nth-child(3 of *:not(style)){order:12;}.kb-row-layout-id29176_a027f8-aa > .kt-row-column-wrap > .wp-block-kadence-column:nth-child(4 of *:not(style)){order:11;}.kb-row-layout-id29176_a027f8-aa > .kt-row-column-wrap > .wp-block-kadence-column:nth-child(5 of *:not(style)){order:22;}.kb-row-layout-id29176_a027f8-aa > .kt-row-column-wrap > .wp-block-kadence-column:nth-child(6 of *:not(style)){order:21;}.kb-row-layout-id29176_a027f8-aa > .kt-row-column-wrap > .wp-block-kadence-column:nth-child(7 of *:not(style)){order:32;}.kb-row-layout-id29176_a027f8-aa > .kt-row-column-wrap > .wp-block-kadence-column:nth-child(8 of *:not(style)){order:31;}}<\/style><div class=\"kb-row-layout-wrap kb-row-layout-id29176_a027f8-aa alignfull wp-block-kadence-rowlayout\"><div class=\"kt-row-column-wrap kt-has-2-columns kt-row-layout-equal kt-tab-layout-inherit kt-mobile-layout-row kt-row-valign-top kb-theme-content-width\">\n<style>.kadence-column29176_891eaa-0e > .kt-inside-inner-col,.kadence-column29176_891eaa-0e > .kt-inside-inner-col:before{border-top-left-radius:0px;border-top-right-radius:0px;border-bottom-right-radius:0px;border-bottom-left-radius:0px;}.kadence-column29176_891eaa-0e > .kt-inside-inner-col{column-gap:var(--global-kb-gap-sm, 1rem);}.kadence-column29176_891eaa-0e > .kt-inside-inner-col{flex-direction:column;}.kadence-column29176_891eaa-0e > .kt-inside-inner-col > .aligncenter{width:100%;}.kadence-column29176_891eaa-0e > .kt-inside-inner-col:before{opacity:0.3;}.kadence-column29176_891eaa-0e{position:relative;}@media all and (max-width: 1024px){.kadence-column29176_891eaa-0e > .kt-inside-inner-col{flex-direction:column;justify-content:center;}}@media all and (max-width: 767px){.kadence-column29176_891eaa-0e > .kt-inside-inner-col{flex-direction:column;justify-content:center;}}<\/style>\n<div class=\"wp-block-kadence-column kadence-column29176_891eaa-0e\"><div class=\"kt-inside-inner-col\">\n<strong><div style=\"height: 75vh; width: 100%; margin: auto;\"><iframe loading=\"lazy\" width=\"100%\" height=\"100%\" frameborder=\"0\" scrolling=\"no\" marginheight=\"0\" marginwidth=\"0\" src=\"https:\/\/www.instamaps.cat\/geocatweb\/visor.html?businessid=fa11c154a7237361b0a5ac89a310fb0f&amp;embed=1\"><\/iframe><\/div><\/strong>\n\n\n\n<div style=\"height:40px\" aria-hidden=\"true\" class=\"wp-block-spacer\"><\/div>\n\n\n\n<p class=\"has-small-font-size\">Al seleccionar un punto, en la barra lateral derecha, aparece la informaci\u00f3n asociada a cada imagen. Al clicar sobre la imagen en miniatura \u00e9sta se abre y se visualiza en pantalla completa.<\/p>\n\n\n\n<p class=\"has-small-font-size\">En el lateral izquierdo se puede cambiar el mapa de fondo. Tambi\u00e9n se puede desplazar o hacer m\u00e1s o menos zoom con el rat\u00f3n.<\/p>\n<\/div><\/div>\n\n\n<style>.kadence-column29176_fbaa43-77 > .kt-inside-inner-col{padding-right:var(--global-kb-spacing-xs, 1rem);padding-left:0px;}.kadence-column29176_fbaa43-77 > .kt-inside-inner-col,.kadence-column29176_fbaa43-77 > .kt-inside-inner-col:before{border-top-left-radius:0px;border-top-right-radius:0px;border-bottom-right-radius:0px;border-bottom-left-radius:0px;}.kadence-column29176_fbaa43-77 > .kt-inside-inner-col{column-gap:var(--global-kb-gap-sm, 1rem);}.kadence-column29176_fbaa43-77 > .kt-inside-inner-col{flex-direction:column;}.kadence-column29176_fbaa43-77 > .kt-inside-inner-col > .aligncenter{width:100%;}.kadence-column29176_fbaa43-77 > .kt-inside-inner-col:before{opacity:0.3;}.kadence-column29176_fbaa43-77{position:relative;}@media all and (max-width: 1024px){.kadence-column29176_fbaa43-77 > .kt-inside-inner-col{flex-direction:column;justify-content:center;}}@media all and (max-width: 767px){.kadence-column29176_fbaa43-77 > .kt-inside-inner-col{flex-direction:column;justify-content:center;}}<\/style>\n<div class=\"wp-block-kadence-column kadence-column29176_fbaa43-77\"><div class=\"kt-inside-inner-col\">\n<h2 class=\"wp-block-heading\"><strong>Cavidades y Karst en los Geoparques espa\u00f1oles de la UNESCO<\/strong><\/h2>\n\n\n\n<p>Espa\u00f1a es el segundo pa\u00eds del mundo con mayor nombre de Geoparques. Actualmente existen 15 territorios declarados por la UNESCO por su extraordinario patrimonio geol\u00f3gico y cultural.<\/p>\n\n\n\n<p>El visualizador interactivo de&nbsp;<strong>Cavidades y Karst en los Geoparques Espa\u00f1oles de la UNESCO<\/strong>&nbsp;recoge 41 fotograf\u00edas de los 15 Geoparques que forman parte del Foro de Geoparques de Espa\u00f1a.<\/p>\n\n\n\n<p>La informaci\u00f3n del mapa ha sido facilitada por el Foro de Geoparques espa\u00f1ol.<\/p>\n\n\n<style>.kb-image29176_2e6844-ff:not(.kb-image-is-ratio-size) .kb-img, .kb-image29176_2e6844-ff.kb-image-is-ratio-size{padding-right:var(--global-kb-spacing-xs, 1rem);padding-left:var(--global-kb-spacing-xs, 1rem);}.kb-image29176_2e6844-ff .kb-image-has-overlay:after{opacity:0.3;}<\/style>\n<figure class=\"wp-block-kadence-image kb-image29176_2e6844-ff\"><img decoding=\"async\" src=\"https:\/\/www.geoparcorigens.cat\/wp-content\/uploads\/2021\/05\/Geoparques_ESP-1024x211.png\" alt=\"\" class=\"kb-img wp-image-12872\"\/><\/figure>\n<\/div><\/div>\n\n<\/div><\/div>","protected":false},"excerpt":{"rendered":"<p>n motivo del A\u00f1o Internacional de Cavidades y Karst que tiene lugar durante el a\u00f1o 2021 y 2022, se han editado dos mapas interactivos sobre esta tem\u00e1tica. Estos mapas son publicados en el marco de la V Semana de los Geoparques Europeos \u00abCuevas y Karst\u00bb. Los mapas han sido creados a trav\u00e9s de la plataforma&#8230;<\/p>\n","protected":false},"author":1,"featured_media":0,"parent":0,"menu_order":0,"comment_status":"closed","ping_status":"closed","template":"","meta":{"_acf_changed":false,"_kad_blocks_custom_css":"","_kad_blocks_head_custom_js":"","_kad_blocks_body_custom_js":"","_kad_blocks_footer_custom_js":"","_kad_post_transparent":"","_kad_post_title":"show","_kad_post_layout":"","_kad_post_sidebar_id":"","_kad_post_content_style":"","_kad_post_vertical_padding":"","_kad_post_feature":"","_kad_post_feature_position":"","_kad_post_header":false,"_kad_post_footer":false,"_kad_post_classname":"","footnotes":""},"class_list":["post-29176","page","type-page","status-publish","hentry"],"acf":[],"taxonomy_info":[],"featured_image_src_large":false,"author_info":{"display_name":"09254GP","author_link":"https:\/\/www.geoparcorigens.cat\/es\/author\/administrador\/"},"comment_info":0,"_links":{"self":[{"href":"https:\/\/www.geoparcorigens.cat\/es\/wp-json\/wp\/v2\/pages\/29176","targetHints":{"allow":["GET"]}}],"collection":[{"href":"https:\/\/www.geoparcorigens.cat\/es\/wp-json\/wp\/v2\/pages"}],"about":[{"href":"https:\/\/www.geoparcorigens.cat\/es\/wp-json\/wp\/v2\/types\/page"}],"author":[{"embeddable":true,"href":"https:\/\/www.geoparcorigens.cat\/es\/wp-json\/wp\/v2\/users\/1"}],"replies":[{"embeddable":true,"href":"https:\/\/www.geoparcorigens.cat\/es\/wp-json\/wp\/v2\/comments?post=29176"}],"version-history":[{"count":0,"href":"https:\/\/www.geoparcorigens.cat\/es\/wp-json\/wp\/v2\/pages\/29176\/revisions"}],"wp:attachment":[{"href":"https:\/\/www.geoparcorigens.cat\/es\/wp-json\/wp\/v2\/media?parent=29176"}],"curies":[{"name":"wp","href":"https:\/\/api.w.org\/{rel}","templated":true}]}}