{"id":29178,"date":"2024-12-09T14:34:04","date_gmt":"2024-12-09T13:34:04","guid":{"rendered":"https:\/\/www.geoparcorigens.cat\/mineria\/"},"modified":"2025-01-13T17:35:35","modified_gmt":"2025-01-13T16:35:35","slug":"mineria","status":"publish","type":"page","link":"https:\/\/www.geoparcorigens.cat\/es\/mineria\/","title":{"rendered":"Miner\u00eda"},"content":{"rendered":"<style>.kb-row-layout-id29178_f0ac2a-5a > .kt-row-column-wrap{align-content:start;}:where(.kb-row-layout-id29178_f0ac2a-5a > .kt-row-column-wrap) > .wp-block-kadence-column{justify-content:start;}.kb-row-layout-id29178_f0ac2a-5a > .kt-row-column-wrap{column-gap:var(--global-kb-gap-md, 2rem);row-gap:var(--global-kb-gap-none, 0rem );max-width:var( --global-content-width, 1290px );padding-left:var(--global-content-edge-padding);padding-right:var(--global-content-edge-padding);padding-top:var(--global-kb-spacing-xxl, 5rem);padding-bottom:var(--global-kb-spacing-xxl, 5rem);grid-template-columns:minmax(0, 1fr) minmax(0, 2fr);}.kb-row-layout-id29178_f0ac2a-5a > .kt-row-layout-overlay{opacity:0.30;}@media all and (max-width: 1024px){.kb-row-layout-id29178_f0ac2a-5a > .kt-row-column-wrap{column-gap:var(--global-kb-gap-md, 2rem);row-gap:var(--global-kb-gap-md, 2rem);padding-top:var(--global-kb-spacing-md, 2rem);padding-bottom:var(--global-kb-spacing-lg, 3rem);grid-template-columns:minmax(0, 1fr);}}@media all and (max-width: 767px){.kb-row-layout-id29178_f0ac2a-5a > .kt-row-column-wrap{column-gap:var(--global-kb-gap-sm, 1rem);row-gap:var(--global-kb-gap-sm, 1rem);grid-template-columns:minmax(0, 1fr);}}<\/style><div class=\"kb-row-layout-wrap kb-row-layout-id29178_f0ac2a-5a alignfull wp-block-kadence-rowlayout\"><div class=\"kt-row-column-wrap kt-has-2-columns kt-row-layout-right-golden kt-tab-layout-row kt-mobile-layout-row kt-row-valign-top kb-theme-content-width\">\n<style>.kadence-column29178_e96339-b8 > .kt-inside-inner-col,.kadence-column29178_e96339-b8 > .kt-inside-inner-col:before{border-top-left-radius:0px;border-top-right-radius:0px;border-bottom-right-radius:0px;border-bottom-left-radius:0px;}.kadence-column29178_e96339-b8 > .kt-inside-inner-col{column-gap:var(--global-kb-gap-sm, 1rem);}.kadence-column29178_e96339-b8 > .kt-inside-inner-col{flex-direction:column;}.kadence-column29178_e96339-b8 > .kt-inside-inner-col > .aligncenter{width:100%;}.kadence-column29178_e96339-b8 > .kt-inside-inner-col:before{opacity:0.3;}.kadence-column29178_e96339-b8{position:relative;}@media all and (max-width: 1024px){.kadence-column29178_e96339-b8 > .kt-inside-inner-col{flex-direction:column;justify-content:center;}}@media all and (max-width: 767px){.kadence-column29178_e96339-b8 > .kt-inside-inner-col{flex-direction:column;justify-content:center;}}<\/style>\n<div class=\"wp-block-kadence-column kadence-column29178_e96339-b8\"><div class=\"kt-inside-inner-col\"><style>.kb-image29178_e60544-3d .kb-image-has-overlay:after{opacity:0.3;}<\/style>\n<figure class=\"wp-block-kadence-image kb-image29178_e60544-3d\"><img decoding=\"async\" src=\"https:\/\/www.geoparcorigens.cat\/wp-content\/uploads\/2018\/04\/IMG_20180219_095641.jpg\" alt=\"\" class=\"kb-img wp-image-4330\"\/><\/figure>\n<\/div><\/div>\n\n\n<style>.kadence-column29178_2ee4e6-a9 > .kt-inside-inner-col,.kadence-column29178_2ee4e6-a9 > .kt-inside-inner-col:before{border-top-left-radius:0px;border-top-right-radius:0px;border-bottom-right-radius:0px;border-bottom-left-radius:0px;}.kadence-column29178_2ee4e6-a9 > .kt-inside-inner-col{column-gap:var(--global-kb-gap-sm, 1rem);}.kadence-column29178_2ee4e6-a9 > .kt-inside-inner-col{flex-direction:column;}.kadence-column29178_2ee4e6-a9 > .kt-inside-inner-col > .aligncenter{width:100%;}.kadence-column29178_2ee4e6-a9 > .kt-inside-inner-col:before{opacity:0.3;}.kadence-column29178_2ee4e6-a9{position:relative;}@media all and (max-width: 1024px){.kadence-column29178_2ee4e6-a9 > .kt-inside-inner-col{flex-direction:column;justify-content:center;}}@media all and (max-width: 767px){.kadence-column29178_2ee4e6-a9 > .kt-inside-inner-col{flex-direction:column;justify-content:center;}}<\/style>\n<div class=\"wp-block-kadence-column kadence-column29178_2ee4e6-a9\"><div class=\"kt-inside-inner-col\">\n<p>Aunque en la actualidad la miner\u00eda en el Geoparque Or\u00edgens est\u00e1 inactiva, a lo largo la historia se han extra\u00eddo, en esta zona, minerales muy diversos. La miner\u00eda ha tenido un impacto socioecon\u00f3mico a nivel local importante a trav\u00e9s de:<\/p>\n\n\n\n<ul class=\"wp-block-list\">\n<li>La\u00a0<strong>obtenci\u00f3n de cal y cemento<\/strong>\u00a0de las rocas carbonatadas (cementeras de la Pobla de Segur y Xerallo) y la miner\u00eda del carb\u00f3n (Soss\u00eds, Isona y Coll de Narg\u00f3).<\/li>\n\n\n\n<li>La miner\u00eda de\u00a0<strong>metales<\/strong>\u00a0como el hierro, cobre, plomo y zinc.<\/li>\n\n\n\n<li>La miner\u00eda del\u00a0<strong>Uranio<\/strong>\u00a0que se explot\u00f3 en las Minas de Castell durante la d\u00e9cada de los 60s del siglo pasado.<\/li>\n\n\n\n<li>Las numerosas explotaciones de recursos h\u00eddricos para el\u00a0<strong>aprovechamiento hidroel\u00e9ctrico<\/strong>, como por ejemplo el Lugar de Inter\u00e9s de Patrimonio Minero (LIPM) de la Vall Fosca o las centrales hidroel\u00e9ctricas de Talarn y Camarasa y sus embalses asociados.<\/li>\n<\/ul>\n\n\n\n<p>Cabe destacar que, el miner\u00f3logo y gem\u00f3logo Joan Abella i Creus descubri\u00f3 en este territorio la&nbsp;<strong>Abellaita, la primera nueva especie mineral descubierta y descrita en Catalu\u00f1a<\/strong>.<\/p>\n<\/div><\/div>\n\n<\/div><\/div>\n\n<style>.kb-row-layout-id29178_4f38d6-ee > .kt-row-column-wrap{align-content:center;}:where(.kb-row-layout-id29178_4f38d6-ee > .kt-row-column-wrap) > .wp-block-kadence-column{justify-content:center;}.kb-row-layout-id29178_4f38d6-ee > .kt-row-column-wrap{column-gap:var(--global-kb-gap-md, 2rem);row-gap:var(--global-kb-gap-none, 0rem );max-width:var( --global-content-width, 1290px );padding-left:var(--global-content-edge-padding);padding-right:var(--global-content-edge-padding);padding-top:var(--global-kb-spacing-xxl, 5rem);padding-bottom:var(--global-kb-spacing-xxl, 5rem);grid-template-columns:repeat(2, minmax(0, 1fr));}.kb-row-layout-id29178_4f38d6-ee > .kt-row-layout-overlay{opacity:0.30;}@media all and (max-width: 1024px){.kb-row-layout-id29178_4f38d6-ee > .kt-row-column-wrap{column-gap:var(--global-kb-gap-md, 2rem);row-gap:var(--global-kb-gap-md, 2rem);padding-top:var(--global-kb-spacing-lg, 3rem);padding-bottom:var(--global-kb-spacing-lg, 3rem);grid-template-columns:repeat(2, minmax(0, 1fr));}}@media all and (max-width: 767px){.kb-row-layout-id29178_4f38d6-ee > .kt-row-column-wrap{padding-bottom:var(--global-kb-spacing-sm, 1.5rem);grid-template-columns:minmax(0, 1fr);}}<\/style><div class=\"kb-row-layout-wrap kb-row-layout-id29178_4f38d6-ee alignfull wp-block-kadence-rowlayout\"><div class=\"kt-row-column-wrap kt-has-2-columns kt-row-layout-equal kt-tab-layout-inherit kt-mobile-layout-row kt-row-valign-middle kb-theme-content-width\">\n<style>.kadence-column29178_c045ab-8f > .kt-inside-inner-col,.kadence-column29178_c045ab-8f > .kt-inside-inner-col:before{border-top-left-radius:0px;border-top-right-radius:0px;border-bottom-right-radius:0px;border-bottom-left-radius:0px;}.kadence-column29178_c045ab-8f > .kt-inside-inner-col{column-gap:var(--global-kb-gap-sm, 1rem);}.kadence-column29178_c045ab-8f > .kt-inside-inner-col{flex-direction:column;}.kadence-column29178_c045ab-8f > .kt-inside-inner-col > .aligncenter{width:100%;}.kadence-column29178_c045ab-8f > .kt-inside-inner-col:before{opacity:0.3;}.kadence-column29178_c045ab-8f{position:relative;}@media all and (max-width: 1024px){.kadence-column29178_c045ab-8f > .kt-inside-inner-col{flex-direction:column;justify-content:center;}}@media all and (max-width: 767px){.kadence-column29178_c045ab-8f > .kt-inside-inner-col{flex-direction:column;justify-content:center;}}<\/style>\n<div class=\"wp-block-kadence-column kadence-column29178_c045ab-8f\"><div class=\"kt-inside-inner-col\">\n<figure class=\"wp-block-image\"><a href=\"https:\/\/www.geoparcorigens.cat\/wp-content\/uploads\/2015\/04\/mapa_paleo_geo_ore_heritage.jpg\" target=\"_blank\" rel=\"noreferrer noopener\"><img decoding=\"async\" src=\"https:\/\/www.geoparcorigens.cat\/wp-content\/uploads\/2015\/04\/mapa_paleo_geo_ore_heritage.jpg\" alt=\"mapa_paleo_geo_ore_heritage\" class=\"wp-image-2556\"\/><\/a><\/figure>\n<\/div><\/div>\n\n\n<style>.kadence-column29178_7f1101-4d > .kt-inside-inner-col,.kadence-column29178_7f1101-4d > .kt-inside-inner-col:before{border-top-left-radius:0px;border-top-right-radius:0px;border-bottom-right-radius:0px;border-bottom-left-radius:0px;}.kadence-column29178_7f1101-4d > .kt-inside-inner-col{column-gap:var(--global-kb-gap-sm, 1rem);}.kadence-column29178_7f1101-4d > .kt-inside-inner-col{flex-direction:column;}.kadence-column29178_7f1101-4d > .kt-inside-inner-col > .aligncenter{width:100%;}.kadence-column29178_7f1101-4d > .kt-inside-inner-col:before{opacity:0.3;}.kadence-column29178_7f1101-4d{position:relative;}@media all and (max-width: 1024px){.kadence-column29178_7f1101-4d > .kt-inside-inner-col{flex-direction:column;justify-content:center;}}@media all and (max-width: 767px){.kadence-column29178_7f1101-4d > .kt-inside-inner-col{flex-direction:column;justify-content:center;}}<\/style>\n<div class=\"wp-block-kadence-column kadence-column29178_7f1101-4d\"><div class=\"kt-inside-inner-col\">\n<p>A nivel de zonas de inter\u00e9s minero encontramos:<\/p>\n\n\n\n<ol class=\"wp-block-list\">\n<li>Miner\u00eda del hierro en el Valle de Manyanet<\/li>\n\n\n\n<li>Miner\u00eda del hierro en Sant Esteve de la Sarga<\/li>\n\n\n\n<li>Miner\u00eda del manganeso y la sal com\u00fan en Gerri de la Sal<\/li>\n\n\n\n<li>Miner\u00eda del cobre en la Torre de Capdella<\/li>\n\n\n\n<li>Miner\u00eda del plomo y el zinc en Mont-Ros y Pobell\u00e0<\/li>\n\n\n\n<li>Miner\u00eda de uranio en Castell-Esta\u00f3<\/li>\n\n\n\n<li>Miner\u00eda de carb\u00f3n en Isona<\/li>\n\n\n\n<li>Miner\u00eda de los materiales yesos en Tendrui<\/li>\n\n\n\n<li>Miner\u00eda de les rocas carbonatadas, los tornos de cal y cementeras en Xerallo<\/li>\n\n\n\n<li>Miner\u00eda de les rocas carbonatadas, los tornos de cal y cementeras en la Pobla de Segur<\/li>\n\n\n\n<li>Miner\u00eda de les rocas arcillosas en Palau de Noguera<\/li>\n<\/ol>\n<\/div><\/div>\n\n<\/div><\/div>","protected":false},"excerpt":{"rendered":"<p>Aunque en la actualidad la miner\u00eda en el Geoparque Or\u00edgens est\u00e1 inactiva, a lo largo la historia se han extra\u00eddo, en esta zona, minerales muy diversos. La miner\u00eda ha tenido un impacto socioecon\u00f3mico a nivel local importante a trav\u00e9s de: Cabe destacar que, el miner\u00f3logo y gem\u00f3logo Joan Abella i Creus descubri\u00f3 en este territorio&#8230;<\/p>\n","protected":false},"author":1,"featured_media":0,"parent":0,"menu_order":0,"comment_status":"closed","ping_status":"closed","template":"","meta":{"_acf_changed":false,"_kad_blocks_custom_css":"","_kad_blocks_head_custom_js":"","_kad_blocks_body_custom_js":"","_kad_blocks_footer_custom_js":"","_kad_post_transparent":"","_kad_post_title":"show","_kad_post_layout":"","_kad_post_sidebar_id":"","_kad_post_content_style":"","_kad_post_vertical_padding":"","_kad_post_feature":"","_kad_post_feature_position":"","_kad_post_header":false,"_kad_post_footer":false,"_kad_post_classname":"","footnotes":""},"class_list":["post-29178","page","type-page","status-publish","hentry"],"acf":[],"taxonomy_info":[],"featured_image_src_large":false,"author_info":{"display_name":"09254GP","author_link":"https:\/\/www.geoparcorigens.cat\/es\/author\/administrador\/"},"comment_info":0,"_links":{"self":[{"href":"https:\/\/www.geoparcorigens.cat\/es\/wp-json\/wp\/v2\/pages\/29178","targetHints":{"allow":["GET"]}}],"collection":[{"href":"https:\/\/www.geoparcorigens.cat\/es\/wp-json\/wp\/v2\/pages"}],"about":[{"href":"https:\/\/www.geoparcorigens.cat\/es\/wp-json\/wp\/v2\/types\/page"}],"author":[{"embeddable":true,"href":"https:\/\/www.geoparcorigens.cat\/es\/wp-json\/wp\/v2\/users\/1"}],"replies":[{"embeddable":true,"href":"https:\/\/www.geoparcorigens.cat\/es\/wp-json\/wp\/v2\/comments?post=29178"}],"version-history":[{"count":0,"href":"https:\/\/www.geoparcorigens.cat\/es\/wp-json\/wp\/v2\/pages\/29178\/revisions"}],"wp:attachment":[{"href":"https:\/\/www.geoparcorigens.cat\/es\/wp-json\/wp\/v2\/media?parent=29178"}],"curies":[{"name":"wp","href":"https:\/\/api.w.org\/{rel}","templated":true}]}}