{"id":29181,"date":"2024-12-09T14:33:13","date_gmt":"2024-12-09T13:33:13","guid":{"rendered":"https:\/\/www.geoparcorigens.cat\/paleontologia\/"},"modified":"2025-01-13T17:34:41","modified_gmt":"2025-01-13T16:34:41","slug":"paleontologia","status":"publish","type":"page","link":"https:\/\/www.geoparcorigens.cat\/es\/paleontologia\/","title":{"rendered":"Paleontolog\u00eda"},"content":{"rendered":"<style>.kb-row-layout-id29181_4facd4-fb > .kt-row-column-wrap{align-content:start;}:where(.kb-row-layout-id29181_4facd4-fb > .kt-row-column-wrap) > .wp-block-kadence-column{justify-content:start;}.kb-row-layout-id29181_4facd4-fb > .kt-row-column-wrap{column-gap:var(--global-kb-gap-md, 2rem);row-gap:var(--global-kb-gap-none, 0rem );max-width:var( --global-content-width, 1290px );padding-left:var(--global-content-edge-padding);padding-right:var(--global-content-edge-padding);padding-top:var(--global-kb-spacing-xxl, 5rem);padding-bottom:var(--global-kb-spacing-xxl, 5rem);grid-template-columns:minmax(0, 1fr) minmax(0, 2fr);}.kb-row-layout-id29181_4facd4-fb > .kt-row-layout-overlay{opacity:0.30;}@media all and (max-width: 1024px){.kb-row-layout-id29181_4facd4-fb > .kt-row-column-wrap{column-gap:var(--global-kb-gap-md, 2rem);row-gap:var(--global-kb-gap-md, 2rem);padding-top:var(--global-kb-spacing-lg, 3rem);grid-template-columns:minmax(0, 1fr);}}@media all and (max-width: 767px){.kb-row-layout-id29181_4facd4-fb > .kt-row-column-wrap{padding-top:var(--global-kb-spacing-md, 2rem);grid-template-columns:minmax(0, 1fr);}}<\/style><div class=\"kb-row-layout-wrap kb-row-layout-id29181_4facd4-fb alignfull wp-block-kadence-rowlayout\"><div class=\"kt-row-column-wrap kt-has-2-columns kt-row-layout-right-golden kt-tab-layout-row kt-mobile-layout-row kt-row-valign-top kb-theme-content-width\">\n<style>.kadence-column29181_2e9874-cc > .kt-inside-inner-col,.kadence-column29181_2e9874-cc > .kt-inside-inner-col:before{border-top-left-radius:0px;border-top-right-radius:0px;border-bottom-right-radius:0px;border-bottom-left-radius:0px;}.kadence-column29181_2e9874-cc > .kt-inside-inner-col{column-gap:var(--global-kb-gap-sm, 1rem);}.kadence-column29181_2e9874-cc > .kt-inside-inner-col{flex-direction:column;}.kadence-column29181_2e9874-cc > .kt-inside-inner-col > .aligncenter{width:100%;}.kadence-column29181_2e9874-cc > .kt-inside-inner-col:before{opacity:0.3;}.kadence-column29181_2e9874-cc{position:relative;}@media all and (max-width: 1024px){.kadence-column29181_2e9874-cc > .kt-inside-inner-col{flex-direction:column;justify-content:center;}}@media all and (max-width: 767px){.kadence-column29181_2e9874-cc > .kt-inside-inner-col{flex-direction:column;justify-content:center;}}<\/style>\n<div class=\"wp-block-kadence-column kadence-column29181_2e9874-cc\"><div class=\"kt-inside-inner-col\"><style>.kb-image29181_e4e4c6-b4 .kb-image-has-overlay:after{opacity:0.3;}<\/style>\n<figure class=\"wp-block-kadence-image kb-image29181_e4e4c6-b4 size-full\"><img loading=\"lazy\" decoding=\"async\" width=\"980\" height=\"718\" src=\"https:\/\/www.geoparcorigens.cat\/wp-content\/uploads\/florpirineu.jpg\" alt=\"Montsechia vidalii\" class=\"kb-img wp-image-25034\" srcset=\"https:\/\/www.geoparcorigens.cat\/wp-content\/uploads\/florpirineu.jpg 980w, https:\/\/www.geoparcorigens.cat\/wp-content\/uploads\/florpirineu-300x220.jpg 300w, https:\/\/www.geoparcorigens.cat\/wp-content\/uploads\/florpirineu-768x563.jpg 768w\" sizes=\"auto, (max-width: 980px) 100vw, 980px\" \/><\/figure>\n<\/div><\/div>\n\n\n<style>.kadence-column29181_8741fc-04 > .kt-inside-inner-col,.kadence-column29181_8741fc-04 > .kt-inside-inner-col:before{border-top-left-radius:0px;border-top-right-radius:0px;border-bottom-right-radius:0px;border-bottom-left-radius:0px;}.kadence-column29181_8741fc-04 > .kt-inside-inner-col{column-gap:var(--global-kb-gap-sm, 1rem);}.kadence-column29181_8741fc-04 > .kt-inside-inner-col{flex-direction:column;}.kadence-column29181_8741fc-04 > .kt-inside-inner-col > .aligncenter{width:100%;}.kadence-column29181_8741fc-04 > .kt-inside-inner-col:before{opacity:0.3;}.kadence-column29181_8741fc-04{position:relative;}@media all and (max-width: 1024px){.kadence-column29181_8741fc-04 > .kt-inside-inner-col{flex-direction:column;justify-content:center;}}@media all and (max-width: 767px){.kadence-column29181_8741fc-04 > .kt-inside-inner-col{flex-direction:column;justify-content:center;}}<\/style>\n<div class=\"wp-block-kadence-column kadence-column29181_8741fc-04\"><div class=\"kt-inside-inner-col\">\n<p>El \u00e1rea del territorio del Geoparque incluye una representaci\u00f3n muy amplia de la evoluci\u00f3n de la vida en la Tierra, que comprende yacimientos desde el Sil\u00farico hasta el Pale\u00f3geno, unos 400 millones de a\u00f1os representados por&nbsp;f\u00f3siles de vertebrados, invertebrados y plantas.<\/p>\n\n\n\n<p>Encontramos restos f\u00f3siles de graptolitos en pizarras del&nbsp;<strong>SIL\u00daRICO<\/strong>. Del mismo modo, las calc\u00e1reas del&nbsp;<strong>DEV\u00d3NICO<\/strong>&nbsp;contienen f\u00f3siles marinos que registran la extinci\u00f3n de organismos como los trilobites.<\/p>\n\n\n\n<p>El&nbsp;<strong>P\u00c9RMICO y TRI\u00c1SICO<\/strong>&nbsp;se encuentran representados en el l\u00edmite norte, donde afloran los sedimentos rojizos que han proporcionado una gran riqueza en icnitas (huellas y rastros), principalmente de reptiles y anfibios, las cuales indican la presencia de una gran diversidad de vertebrados en esta zona. A nivel de restos vegetales, nuevos yacimientos estudiados recientemente nos remiten a la enorme exuberancia y variedad de los ecosistemas del P\u00e9rmico.<\/p>\n\n\n\n<p>El siguiente periodo con amplia representaci\u00f3n corresponde al&nbsp;<strong>CRET\u00c1CICO INFERIOR<\/strong>, con los afloramientos de la Sierra del Montsec, entre los que destacan las canteras de la Pedrera de Mei\u00e0 y la Cabroa, yacimientos de caliza litogr\u00e1fica que han proporcionado unos restos f\u00f3siles magn\u00edficos de insectos, invertebrados marinos, plantas, vertebrados como anfibios, peque\u00f1os reptiles e, incluso, aves con plumas. A menudo se conservan las partes blandas del cuerpo y en algunos casos patrones de coloraci\u00f3n. Cabe destacar&nbsp;los restos de las primeras plantas con flores&nbsp;(<em>Montsechia vidalii<\/em>), que aparecieron en el planeta hace unos 130 millones de a\u00f1os y que fueron descritas en la Sierra del Montsec en 1902 por Charles Ren\u00e9 Zeiller.<\/p>\n\n\n\n<p>Los f\u00f3siles que conforman este rico patrimonio paleontol\u00f3gico se encuentran actualmente distribuidos por museos de toda Europa. A fin de concentrar las diferentes colecciones en un solo sitio, se ha creado la&nbsp;<strong>p\u00e1gina web de la Pedrera de Mei\u00e0<\/strong>. La cual presenta la historia del yacimiento, descripciones e im\u00e1genes de las muestras descubiertas en este espacio \u00fanico en Catalu\u00f1a, adem\u00e1s de otras curiosidades.<\/p>\n\n\n<style>.wp-block-kadence-advancedbtn.kb-btns29181_d0eda3-2b{gap:var(--global-kb-gap-xs, 0.5rem );justify-content:center;align-items:center;}.kt-btns29181_d0eda3-2b .kt-button{font-weight:normal;font-style:normal;}.kt-btns29181_d0eda3-2b .kt-btn-wrap-0{margin-right:5px;}.wp-block-kadence-advancedbtn.kt-btns29181_d0eda3-2b .kt-btn-wrap-0 .kt-button{color:#555555;border-color:#555555;}.wp-block-kadence-advancedbtn.kt-btns29181_d0eda3-2b .kt-btn-wrap-0 .kt-button:hover, .wp-block-kadence-advancedbtn.kt-btns29181_d0eda3-2b .kt-btn-wrap-0 .kt-button:focus{color:#ffffff;border-color:#444444;}.wp-block-kadence-advancedbtn.kt-btns29181_d0eda3-2b .kt-btn-wrap-0 .kt-button::before{display:none;}.wp-block-kadence-advancedbtn.kt-btns29181_d0eda3-2b .kt-btn-wrap-0 .kt-button:hover, .wp-block-kadence-advancedbtn.kt-btns29181_d0eda3-2b .kt-btn-wrap-0 .kt-button:focus{background:#444444;}<\/style>\n<div class=\"wp-block-kadence-advancedbtn kb-buttons-wrap kb-btns29181_d0eda3-2b\"><style>ul.menu .wp-block-kadence-advancedbtn .kb-btn29181_8b3c27-3d.kb-button{width:initial;}<\/style><a class=\"kb-button kt-button button kb-btn29181_8b3c27-3d kt-btn-size-standard kt-btn-width-type-auto kb-btn-global-inherit  kt-btn-has-text-true kt-btn-has-svg-false  wp-block-button__link wp-block-kadence-singlebtn\" href=\"https:\/\/pedrerademeia.geoparcorigens.cat\/ca\/\" target=\"_blank\" rel=\"noreferrer noopener\"><span class=\"kt-btn-inner-text\">Visita la web de La Pedrera de Mei\u00e0<\/span><\/a><\/div>\n\n\n\n<p>Posiblemente el mayor activo paleontol\u00f3gico proviene de los sedimentos transicionales del&nbsp;<strong>CRET\u00c1CICO&nbsp;SUPERIOR<\/strong>&nbsp;gracias a los abundantes restos de dinosaurios. Este periodo ha proporcionado un excelente registro tanto de los ambientes costeros (acumulaciones de rudistas de la Collada de Basturs), como de los ambientes de transici\u00f3n (yacimiento de marcas de alimentaci\u00f3n de rayas de la Posa) y, especialmente de los ambientes continentales (Conca de Tremp, y Valle del R\u00edo Sallent en Coll de Narg\u00f3) donde se han descubierto abundantes restos de dinosaurios.<\/p>\n\n\n\n<p>La existencia de restos de dinosaurios en la Conca de Tremp fue notificada por primera vez en 1916, durante las obras de construcci\u00f3n del pantano de Sant Antoni. Los primeros restos de dinosaurios en esta zona se dieron a conocer en 1954 por el paleont\u00f3logo alem\u00e1n Walter K\u00fchne, que excav\u00f3 el Barranco de Orcau (yacimiento actualmente conocido como Orcau-1) junto al paleont\u00f3logo espa\u00f1ol Emiliano Aguirre. Pocos a\u00f1os despu\u00e9s, el franc\u00e9s Albert-F\u00e9lix de Lapparent descubri\u00f3 los primeros huevos de dinosaurios en el Barranco de Basturs.<\/p>\n\n\n\n<p>Desde los a\u00f1os 80 del siglo pasado, investigadores del&nbsp;<a href=\"https:\/\/www.icp.cat\/\" target=\"_blank\" rel=\"noreferrer noopener\"><strong>Instituto Catal\u00e1n de Paleontolog\u00eda Miquel Cusafont<\/strong><\/a>(ICP) y del&nbsp;<a href=\"http:\/\/www.parc-cretaci.com\/\" target=\"_blank\" rel=\"noreferrer noopener\"><u><strong>Museo de la Conca<\/strong><\/u><u><strong>Dell\u00e0<\/strong><\/u><\/a>&nbsp;excavan sistem\u00e1ticamente en la zona, y colaboran con otros territorios afines, como por ejemplo el&nbsp;<strong>Geoparque de Hateg<\/strong>&nbsp;en Rumania.<\/p>\n\n\n\n<p>Durante este per\u00edodo se han descubierto nuevos yacimientos y miles de restos f\u00f3siles que han permitido conocer mejor el final de la Era de los Dinosaurios en Europa.<\/p>\n\n\n\n<p>La franja sedimentaria que registra los ambientes del Maastrichtiense presenta una gran cantidad y calidad de huesos, huevos y huellas de los \u00faltimos dinosaurios que habitaron Europa en los millones de a\u00f1os previos a la extinci\u00f3n que tuvo lugar en el&nbsp;<strong>l\u00edmite Cret\u00e1cico \/ Pale\u00f3geno<\/strong>. Cabe destacar la presencia de diversos tipos de&nbsp;dinosaurios saur\u00f3podos, hadrosaurios, ter\u00f3podos u ornit\u00f3podos, adem\u00e1s de la presencia de restos de cocodrilos, tortugas o pterosaurios, entre otros vertebrados. La riqueza de restos de huevos, tanto en la Conca de Tremp como en&nbsp;Coll de Narg\u00f3, sit\u00faa esta zona como el&nbsp;principal yacimiento europeo de huevos de dinosaurio y uno de los m\u00e1s importantes del mundo. Decenas de art\u00edculos cient\u00edficos publicados en revistas especializadas apoyan la importancia de los hallazgos, que se encuentran depositados para su conservaci\u00f3n y estudio en el&nbsp;<a href=\"http:\/\/www.parc-cretaci.com\/\" target=\"_blank\" rel=\"noreferrer noopener\"><strong>Museo de la Conca Dell\u00e0&nbsp;<\/strong><\/a>ubicado en Isona y en su sat\u00e9lite museogr\u00e1fico, el centro de divulgaci\u00f3n&nbsp;<a href=\"http:\/\/dinosfera.com\/\" target=\"_blank\" rel=\"noreferrer noopener\"><u><strong>Dinosfera<\/strong><\/u><\/a>en Coll de Narg\u00f3.<\/p>\n\n\n\n<p>El registro sedimentario con restos f\u00f3siles se completa con el siguiente per\u00edodo geol\u00f3gico, el&nbsp;<strong>PALE\u00d3GENO<\/strong>. En ambas vertientes del Montsec se encuentran espectaculares concentraciones de fauna invertebrada. Por ejemplo, en las geozonas de la R\u00e8gola (\u00c0ger) o en el estratotipo del Ilerdiense al oeste de Tremp. Por otra parte, las primeras formas mamiferianas, entre las que destacan los primeros primates europeos, se han encontrado en los yacimientos eocenos de \u00c0ger y de la Pobla de Segur.<\/p>\n\n\n\n<p><strong>Recuerde que la Llei 9\/93 de Patrimoni Cultural incluye la prohibici\u00f3n de toma de muestras paleontol\u00f3gicas.<\/strong><\/p>\n<\/div><\/div>\n\n<\/div><\/div>","protected":false},"excerpt":{"rendered":"<p>El \u00e1rea del territorio del Geoparque incluye una representaci\u00f3n muy amplia de la evoluci\u00f3n de la vida en la Tierra, que comprende yacimientos desde el Sil\u00farico hasta el Pale\u00f3geno, unos 400 millones de a\u00f1os representados por&nbsp;f\u00f3siles de vertebrados, invertebrados y plantas. Encontramos restos f\u00f3siles de graptolitos en pizarras del&nbsp;SIL\u00daRICO. Del mismo modo, las calc\u00e1reas del&nbsp;DEV\u00d3NICO&nbsp;contienen&#8230;<\/p>\n","protected":false},"author":1,"featured_media":0,"parent":0,"menu_order":0,"comment_status":"closed","ping_status":"closed","template":"","meta":{"_acf_changed":false,"_kad_blocks_custom_css":"","_kad_blocks_head_custom_js":"","_kad_blocks_body_custom_js":"","_kad_blocks_footer_custom_js":"","_kad_post_transparent":"","_kad_post_title":"show","_kad_post_layout":"","_kad_post_sidebar_id":"","_kad_post_content_style":"","_kad_post_vertical_padding":"","_kad_post_feature":"","_kad_post_feature_position":"","_kad_post_header":false,"_kad_post_footer":false,"_kad_post_classname":"","footnotes":""},"class_list":["post-29181","page","type-page","status-publish","hentry"],"acf":[],"taxonomy_info":[],"featured_image_src_large":false,"author_info":{"display_name":"09254GP","author_link":"https:\/\/www.geoparcorigens.cat\/es\/author\/administrador\/"},"comment_info":0,"_links":{"self":[{"href":"https:\/\/www.geoparcorigens.cat\/es\/wp-json\/wp\/v2\/pages\/29181","targetHints":{"allow":["GET"]}}],"collection":[{"href":"https:\/\/www.geoparcorigens.cat\/es\/wp-json\/wp\/v2\/pages"}],"about":[{"href":"https:\/\/www.geoparcorigens.cat\/es\/wp-json\/wp\/v2\/types\/page"}],"author":[{"embeddable":true,"href":"https:\/\/www.geoparcorigens.cat\/es\/wp-json\/wp\/v2\/users\/1"}],"replies":[{"embeddable":true,"href":"https:\/\/www.geoparcorigens.cat\/es\/wp-json\/wp\/v2\/comments?post=29181"}],"version-history":[{"count":0,"href":"https:\/\/www.geoparcorigens.cat\/es\/wp-json\/wp\/v2\/pages\/29181\/revisions"}],"wp:attachment":[{"href":"https:\/\/www.geoparcorigens.cat\/es\/wp-json\/wp\/v2\/media?parent=29181"}],"curies":[{"name":"wp","href":"https:\/\/api.w.org\/{rel}","templated":true}]}}