{"id":38583,"date":"2024-12-09T14:59:09","date_gmt":"2024-12-09T13:59:09","guid":{"rendered":"https:\/\/www.geoparcorigens.cat\/aviso-legal\/"},"modified":"2025-02-13T13:04:55","modified_gmt":"2025-02-13T12:04:55","slug":"aviso-legal","status":"publish","type":"page","link":"https:\/\/www.geoparcorigens.cat\/es\/aviso-legal\/","title":{"rendered":"Aviso legal"},"content":{"rendered":"<style>.kb-row-layout-id25008_681e7a-30 > .kt-row-column-wrap{align-content:start;}:where(.kb-row-layout-id25008_681e7a-30 > .kt-row-column-wrap) > .wp-block-kadence-column{justify-content:start;}.kb-row-layout-id25008_681e7a-30 > .kt-row-column-wrap{column-gap:var(--global-kb-gap-md, 2rem);row-gap:var(--global-kb-gap-none, 0rem );max-width:900px;margin-left:auto;margin-right:auto;padding-top:var(--global-kb-spacing-xxl, 5rem);padding-bottom:var(--global-kb-spacing-xxl, 5rem);grid-template-columns:minmax(0, 1fr);}.kb-row-layout-id25008_681e7a-30 > .kt-row-layout-overlay{opacity:0.30;}@media all and (max-width: 1024px){.kb-row-layout-id25008_681e7a-30 > .kt-row-column-wrap{grid-template-columns:minmax(0, 1fr);}}@media all and (max-width: 767px){.kb-row-layout-id25008_681e7a-30 > .kt-row-column-wrap{grid-template-columns:minmax(0, 1fr);}}<\/style><div class=\"kb-row-layout-wrap kb-row-layout-id25008_681e7a-30 alignfull wp-block-kadence-rowlayout\"><div class=\"kt-row-column-wrap kt-has-1-columns kt-row-layout-equal kt-tab-layout-inherit kt-mobile-layout-row kt-row-valign-top\">\n<style>.kadence-column25008_ee3b3a-7c > .kt-inside-inner-col,.kadence-column25008_ee3b3a-7c > .kt-inside-inner-col:before{border-top-left-radius:0px;border-top-right-radius:0px;border-bottom-right-radius:0px;border-bottom-left-radius:0px;}.kadence-column25008_ee3b3a-7c > .kt-inside-inner-col{column-gap:var(--global-kb-gap-sm, 1rem);}.kadence-column25008_ee3b3a-7c > .kt-inside-inner-col{flex-direction:column;}.kadence-column25008_ee3b3a-7c > .kt-inside-inner-col > .aligncenter{width:100%;}.kadence-column25008_ee3b3a-7c > .kt-inside-inner-col:before{opacity:0.3;}.kadence-column25008_ee3b3a-7c{position:relative;}@media all and (max-width: 1024px){.kadence-column25008_ee3b3a-7c > .kt-inside-inner-col{flex-direction:column;justify-content:center;}}@media all and (max-width: 767px){.kadence-column25008_ee3b3a-7c > .kt-inside-inner-col{flex-direction:column;justify-content:center;}}<\/style>\n<div class=\"wp-block-kadence-column kadence-column25008_ee3b3a-7c\"><div class=\"kt-inside-inner-col\">\n<p>Esta p\u00e1gina web ha sido creada por la Asociaci\u00f3n Geoparc Or\u00edgens, con car\u00e1cter informativo. El hecho de acceder a esta p\u00e1gina implica el conocimiento y aceptaci\u00f3n de los siguientes t\u00e9rminos y condiciones:<\/p>\n\n\n\n<h2 class=\"wp-block-heading\">1. Titularidad de la p\u00e1gina web<\/h2>\n\n\n\n<p>El nombre del dominio www.geoparcorigens.cat, est\u00e1 registrado a favor de Asociaci\u00f3n Geoparc Or\u00edgens, con CIF G25807181 y domicilio social en C. Soldevila, 3, bajos, 25620 Tremp (Lleida).<\/p>\n\n\n\n<h2 class=\"wp-block-heading\">2. Propiedad intelectual de la web<\/h2>\n\n\n\n<p>Todos los derechos de propiedad intelectual del contenido de esta p\u00e1gina web y su dise\u00f1o gr\u00e1fico son propiedad exclusiva de la Asociaci\u00f3n Geoparc Or\u00edgens, salvo aquellos contenidos en los que se especifique otra autor\u00eda; correspondi\u00e9ndonos el ejercicio exclusivo de los derechos de explotaci\u00f3n de estos, y compartidos en los casos que se especifique.&#13;\n&#13;\nPor tanto, queda prohibida su reproducci\u00f3n, distribuci\u00f3n, comunicaci\u00f3n p\u00fablica y transformaci\u00f3n, total o parcial, sin la autorizaci\u00f3n expresa de la Asociaci\u00f3n Geoparc Or\u00edgens. Asimismo, todos los nombres comerciales, marcas o signos distintivos de cualquier tipo contenidos en esta p\u00e1gina web est\u00e1n protegidos por ley.<\/p>\n\n\n\n<h2 class=\"wp-block-heading\">3. Contenido de la web y enlaces<\/h2>\n\n\n\n<p>El usuario accede voluntariamente a esta p\u00e1gina web. El acceso y navegaci\u00f3n en esta p\u00e1gina implica aceptar y conocer las advertencias legales, condiciones y t\u00e9rminos de uso contenidos en ella. El mero acceso no implica el establecimiento de ning\u00fan tipo de relaci\u00f3n comercial entre la Asociaci\u00f3n Geoparc Or\u00edgens y el usuario.&#13;\n&#13;\nLa Asociaci\u00f3n Geoparc Or\u00edgens no se responsabiliza del mal uso que se realice de los contenidos de esta p\u00e1gina web, siendo exclusiva responsabilidad de la persona que accede a ellos o los utiliza. Tampoco asume responsabilidad alguna por la informaci\u00f3n contenida en las p\u00e1ginas web de terceros a las que se pueda acceder mediante enlaces desde la p\u00e1gina www.geoparcorigens.cat. Estos v\u00ednculos tienen una finalidad informativa. En caso de que la Asociaci\u00f3n Geoparc Or\u00edgens tenga conocimiento efectivo de que la actividad o la informaci\u00f3n a la que se remite desde estos enlaces es il\u00edcita, constitutiva de delito o puede lesionar bienes o derechos de terceros susceptibles de indemnizaci\u00f3n, actuar\u00e1 con la diligencia necesaria para suprimir o inutilizar el enlace correspondiente lo antes posible.<\/p>\n\n\n\n<h2 class=\"wp-block-heading\"> 4. Intercambio o difusi\u00f3n de informaci\u00f3n<\/h2>\n\n\n\n<p>La Asociaci\u00f3n Geoparc Or\u00edgens declina toda responsabilidad que se derive del intercambio de informaci\u00f3n entre usuarios a trav\u00e9s de su p\u00e1gina web. Especialmente, no se hace responsable del uso que los menores puedan hacer de ella en caso de que los contenidos a los que se pueda acceder puedan herir su sensibilidad.<\/p>\n\n\n\n<h2 class=\"wp-block-heading\">5. Actualizaci\u00f3n y modificaci\u00f3n de la p\u00e1gina web<\/h2>\n\n\n\n<p>La Asociaci\u00f3n Geoparc Or\u00edgens se reserva el derecho de actualizar, modificar o eliminar la informaci\u00f3n contenida en su p\u00e1gina web, y su configuraci\u00f3n o presentaci\u00f3n, en cualquier momento, sin previo aviso y sin asumir ninguna responsabilidad por ello.<\/p>\n\n\n\n<h2 class=\"wp-block-heading\">6. Indicaciones sobre aspectos t\u00e9cnicos<\/h2>\n\n\n\n<p>La Asociaci\u00f3n Geoparc Or\u00edgens no asume ninguna responsabilidad que pueda derivarse de problemas t\u00e9cnicos o errores en los equipos inform\u00e1ticos, no imputables a nuestra entidad, que se produzcan durante la conexi\u00f3n a la red de Internet, o que puedan ser causados por terceras personas mediante intromisiones ileg\u00edtimas fuera de nuestro control.&#13;\n&#13;\nLa Asociaci\u00f3n Geoparc Or\u00edgens no garantiza la ausencia de virus y de otros elementos que puedan causar da\u00f1os en los sistemas inform\u00e1ticos, en los documentos electr\u00f3nicos o en los ficheros de usuario de esta p\u00e1gina web o de p\u00e1ginas web de terceros, y, por tanto, no se responsabiliza de los perjuicios que se puedan producir por estas causas.&#13;\n&#13;\nTambi\u00e9n queda exonerada de toda responsabilidad frente a posibles da\u00f1os o perjuicios que pueda sufrir el usuario como consecuencia de errores, defectos u omisiones en la informaci\u00f3n facilitada cuando proceda de terceras fuentes.<\/p>\n\n\n\n<h2 class=\"wp-block-heading\">7. Tratamiento de datos del usuario<\/h2>\n\n\n\n<p>Sin perjuicio de lo previsto en lo indicado en cada uno de los formularios de la p\u00e1gina web, cuando el usuario facilite sus datos de car\u00e1cter personal est\u00e1 autorizando expresamente a la Asociaci\u00f3n Geoparc Or\u00edgens al tratamiento de sus Datos Personales para las finalidades indicadas en los mismos formularios.&#13;\n&#13;\nEl tratamiento de los datos se hace \u00fanica y exclusivamente para los servicios solicitados y las competencias de la Asociaci\u00f3n Geoparc Or\u00edgens, de acuerdo con la normativa vigente en materia de protecci\u00f3n de datos y sociedad de la informaci\u00f3n. El uso de sus datos personales tendr\u00e1 car\u00e1cter confidencial.&#13;\n&#13;\nPuede consultarse el detalle del tratamiento de datos que se realiza en nuestra pol\u00edtica de privacidad.<\/p>\n\n\n\n<h2 class=\"wp-block-heading\">8. Cookies<\/h2>\n\n\n\n<p>Se advierte que esta p\u00e1gina puede utilizar galletas inform\u00e1ticas (cookies), que son peque\u00f1os archivos de datos que se generan en el ordenador del usuario y que permiten recordar el idioma y el portal elegidos, as\u00ed como otras caracter\u00edsticas o preferencias de navegaci\u00f3n del usuario. Estas cookies no son invasivas, ni nocivas, ni recogen datos de car\u00e1cter personal, ya que su \u00fanica funci\u00f3n es personalizar la navegaci\u00f3n en la forma expresada anteriormente y realizar an\u00e1lisis del uso de la web para estad\u00edstica y mejora del servicio. El usuario tiene la opci\u00f3n de impedir la generaci\u00f3n de cookies mediante la selecci\u00f3n de la correspondiente opci\u00f3n en su programa de navegaci\u00f3n.<\/p>\n\n\n\n<h2 class=\"wp-block-heading\">9. Legislaci\u00f3n y jurisdicci\u00f3n aplicable<\/h2>\n\n\n\n<p>A todos los efectos, las relaciones con nuestros clientes que se deriven de la prestaci\u00f3n de los servicios contenidos en esta p\u00e1gina web est\u00e1n sometidas a la legislaci\u00f3n y jurisdicci\u00f3n espa\u00f1ola.&#13;\n&#13;\nLos usuarios de nuestra p\u00e1gina web son conscientes de todo lo expuesto y lo aceptan voluntariamente.<\/p>\n<\/div><\/div>\n\n<\/div><\/div>","protected":false},"excerpt":{"rendered":"<p>Esta p\u00e1gina web ha sido creada por la Asociaci\u00f3n Geoparc Or\u00edgens, con car\u00e1cter informativo. El hecho de acceder a esta p\u00e1gina implica el conocimiento y aceptaci\u00f3n de los siguientes t\u00e9rminos y condiciones: 1. Titularidad de la p\u00e1gina web El nombre del dominio www.geoparcorigens.cat, est\u00e1 registrado a favor de Asociaci\u00f3n Geoparc Or\u00edgens, con CIF G25807181 y&#8230;<\/p>\n","protected":false},"author":1,"featured_media":0,"parent":0,"menu_order":0,"comment_status":"closed","ping_status":"closed","template":"","meta":{"_acf_changed":false,"_kad_blocks_custom_css":"","_kad_blocks_head_custom_js":"","_kad_blocks_body_custom_js":"","_kad_blocks_footer_custom_js":"","_kad_post_transparent":"","_kad_post_title":"","_kad_post_layout":"","_kad_post_sidebar_id":"","_kad_post_content_style":"","_kad_post_vertical_padding":"","_kad_post_feature":"","_kad_post_feature_position":"","_kad_post_header":false,"_kad_post_footer":false,"_kad_post_classname":"","footnotes":""},"class_list":["post-38583","page","type-page","status-publish","hentry"],"acf":[],"taxonomy_info":[],"featured_image_src_large":false,"author_info":{"display_name":"09254GP","author_link":"https:\/\/www.geoparcorigens.cat\/es\/author\/administrador\/"},"comment_info":0,"_links":{"self":[{"href":"https:\/\/www.geoparcorigens.cat\/es\/wp-json\/wp\/v2\/pages\/38583","targetHints":{"allow":["GET"]}}],"collection":[{"href":"https:\/\/www.geoparcorigens.cat\/es\/wp-json\/wp\/v2\/pages"}],"about":[{"href":"https:\/\/www.geoparcorigens.cat\/es\/wp-json\/wp\/v2\/types\/page"}],"author":[{"embeddable":true,"href":"https:\/\/www.geoparcorigens.cat\/es\/wp-json\/wp\/v2\/users\/1"}],"replies":[{"embeddable":true,"href":"https:\/\/www.geoparcorigens.cat\/es\/wp-json\/wp\/v2\/comments?post=38583"}],"version-history":[{"count":0,"href":"https:\/\/www.geoparcorigens.cat\/es\/wp-json\/wp\/v2\/pages\/38583\/revisions"}],"wp:attachment":[{"href":"https:\/\/www.geoparcorigens.cat\/es\/wp-json\/wp\/v2\/media?parent=38583"}],"curies":[{"name":"wp","href":"https:\/\/api.w.org\/{rel}","templated":true}]}}