{"id":38589,"date":"2024-12-09T14:59:25","date_gmt":"2024-12-09T13:59:25","guid":{"rendered":"https:\/\/www.geoparcorigens.cat\/politica-de-cookies-2\/"},"modified":"2025-02-13T13:26:46","modified_gmt":"2025-02-13T12:26:46","slug":"politica-de-cookies-2","status":"publish","type":"page","link":"https:\/\/www.geoparcorigens.cat\/es\/politica-de-cookies-2\/","title":{"rendered":"Pol\u00edtica de cookies"},"content":{"rendered":"<style>.kb-row-layout-id25011_c14f78-c1 > .kt-row-column-wrap{align-content:start;}:where(.kb-row-layout-id25011_c14f78-c1 > .kt-row-column-wrap) > .wp-block-kadence-column{justify-content:start;}.kb-row-layout-id25011_c14f78-c1 > .kt-row-column-wrap{column-gap:var(--global-kb-gap-md, 2rem);row-gap:var(--global-kb-gap-none, 0rem );max-width:var( --global-content-width, 1290px );padding-left:var(--global-content-edge-padding);padding-right:var(--global-content-edge-padding);padding-top:var(--global-kb-spacing-xxl, 5rem);padding-bottom:var(--global-kb-spacing-xxl, 5rem);grid-template-columns:minmax(0, 1fr);}.kb-row-layout-id25011_c14f78-c1 > .kt-row-layout-overlay{opacity:0.30;}@media all and (max-width: 1024px){.kb-row-layout-id25011_c14f78-c1 > .kt-row-column-wrap{grid-template-columns:minmax(0, 1fr);}}@media all and (max-width: 767px){.kb-row-layout-id25011_c14f78-c1 > .kt-row-column-wrap{grid-template-columns:minmax(0, 1fr);}}<\/style><div class=\"kb-row-layout-wrap kb-row-layout-id25011_c14f78-c1 alignfull wp-block-kadence-rowlayout\"><div class=\"kt-row-column-wrap kt-has-1-columns kt-row-layout-equal kt-tab-layout-inherit kt-mobile-layout-row kt-row-valign-top kb-theme-content-width\">\n<style>.kadence-column25011_51bfa6-fe > .kt-inside-inner-col,.kadence-column25011_51bfa6-fe > .kt-inside-inner-col:before{border-top-left-radius:0px;border-top-right-radius:0px;border-bottom-right-radius:0px;border-bottom-left-radius:0px;}.kadence-column25011_51bfa6-fe > .kt-inside-inner-col{column-gap:var(--global-kb-gap-sm, 1rem);}.kadence-column25011_51bfa6-fe > .kt-inside-inner-col{flex-direction:column;}.kadence-column25011_51bfa6-fe > .kt-inside-inner-col > .aligncenter{width:100%;}.kadence-column25011_51bfa6-fe > .kt-inside-inner-col:before{opacity:0.3;}.kadence-column25011_51bfa6-fe{position:relative;}@media all and (max-width: 1024px){.kadence-column25011_51bfa6-fe > .kt-inside-inner-col{flex-direction:column;justify-content:center;}}@media all and (max-width: 767px){.kadence-column25011_51bfa6-fe > .kt-inside-inner-col{flex-direction:column;justify-content:center;}}<\/style>\n<div class=\"wp-block-kadence-column kadence-column25011_51bfa6-fe\"><div class=\"kt-inside-inner-col\">\n<p>Este sitio web utiliza cookies. Las cookies son peque\u00f1os archivos de texto en los que los navegadores almacenan informaci\u00f3n durante las visitas a las p\u00e1ginas web. En las cookies, se pueden recoger datos como la direcci\u00f3n IP, la direcci\u00f3n que se est\u00e1 visitando, el sistema operativo, el idioma de navegaci\u00f3n, adem\u00e1s de otra informaci\u00f3n. Esta informaci\u00f3n no est\u00e1 asociada a ninguna persona en concreto, sino que es \u00fanicamente informaci\u00f3n estad\u00edstica para analizar la visibilidad de los diversos contenidos del sitio web.<\/p>\n\n\n\n<p>A continuaci\u00f3n, les proporcionamos informaci\u00f3n sobre qu\u00e9 cookies utiliza este sitio web, as\u00ed como sobre c\u00f3mo controlar la gesti\u00f3n de cookies y c\u00f3mo eliminarlas por completo.<\/p>\n\n\n\n<p><strong>Cookies que utiliza este sitio web:<\/strong><\/p>\n\n\n\n<p>Este sitio web utiliza una cookie de an\u00e1lisis, la de Google Analytics. Google Analytics es un servicio gratuito ofrecido por Google Inc. que recopila informaci\u00f3n sobre qu\u00e9 p\u00e1ginas del sitio web han sido visitadas, en qu\u00e9 momento, con qu\u00e9 navegador, etc. Posteriormente, esta informaci\u00f3n se env\u00eda a los servidores de Google Inc. en los Estados Unidos.<\/p>\n\n\n\n<p>La identificaci\u00f3n de qui\u00e9n utiliza las cookies, el tipo de cookies utilizadas y otros detalles se indica a continuaci\u00f3n:<\/p>\n\n\n\n<figure class=\"wp-block-table\"><table class=\"has-fixed-layout\"><tbody><tr><th>Finalidad<\/th><th>Nombre de la Cookie<\/th><th>Propiedad<\/th><th>Descripci\u00f3n<\/th><th>Tiempo de Conservaci\u00f3n<\/th><th>Requiere Consentimiento<\/th><th>M\u00e1s Informaci\u00f3n<\/th><\/tr><tr><td>Anal\u00edtica<\/td><td>_ga<\/td><td>Terceros<\/td><td>Utilizada por Google Analytics para distinguir entre usuarios.<\/td><td>2 a\u00f1os<\/td><td>No<\/td><td><a href=\"https:\/\/policies.google.com\/technologies\/cookies\">M\u00e1s informaci\u00f3n<\/a><\/td><\/tr><tr><td>Anal\u00edtica<\/td><td>_gid<\/td><td>Terceros<\/td><td>Utilizada por Google Analytics para distinguir entre usuarios.<\/td><td>24 horas<\/td><td>No<\/td><td><a href=\"https:\/\/policies.google.com\/technologies\/cookies\">M\u00e1s informaci\u00f3n<\/a><\/td><\/tr><tr><td>Anal\u00edtica<\/td><td>_gat<\/td><td>Terceros<\/td><td>Utilizada por Google Analytics para limitar la tasa de solicitudes.<\/td><td>1 minuto<\/td><td>No<\/td><td><a href=\"https:\/\/policies.google.com\/technologies\/cookies\">M\u00e1s informaci\u00f3n<\/a><\/td><\/tr><tr><td>Necesaria<\/td><td>wordpress_test_cookie<\/td><td>Propia<\/td><td>Utilizada por WordPress para verificar si el navegador tiene habilitadas las cookies.<\/td><td>Sessi\u00f3n<\/td><td>No<\/td><td><a href=\"https:\/\/wordpress.org\/support\/article\/cookies\/\">M\u00e1s informaci\u00f3n<\/a><\/td><\/tr><tr><td>Necesaria<\/td><td>wp-settings-[UID]<\/td><td>Propia<\/td><td>Utilizada por WordPress para personalizar la interfaz de administraci\u00f3n.<\/td><td>1 a\u00f1o<\/td><td>No<\/td><td><a href=\"https:\/\/wordpress.org\/support\/article\/cookies\/\">M\u00e1s informaci\u00f3n<\/a><\/td><\/tr><tr><td>Necesaria<\/td><td>wp-settings-time-[UID]<\/td><td>Propia<\/td><td>Utilizada por WordPress para personalizar la interfaz de administraci\u00f3n.<\/td><td>1 a\u00f1o<\/td><td>No<\/td><td><a href=\"https:\/\/wordpress.org\/support\/article\/cookies\/\">M\u00e1s informaci\u00f3n<\/a><\/td><\/tr><tr><td>Necesaria<\/td><td>_icl_current_language<\/td><td>Propia<\/td><td>Utilizada por WPML para recordar el idioma seleccionado.<\/td><td>1 d\u00eda<\/td><td>No<\/td><td><a href=\"https:\/\/wpml.org\/documentation\/support\/\">M\u00e1s informaci\u00f3n<\/a><\/td><\/tr><tr><td>Necesaria<\/td><td>cookie_notice_accepted<\/td><td>Propia<\/td><td>Utilizada por el plugin del banner de cookies para recordar que el usuario ha aceptado las cookies.<\/td><td>1 a\u00f1o<\/td><td>No<\/td><td><a href=\"https:\/\/www.example.com\/cookie-policy\">M\u00e1s informaci\u00f3n<\/a><\/td><\/tr><\/tbody><\/table><\/figure>\n\n\n\n<p><\/p>\n\n\n\n<p><strong>\u00bfC\u00f3mo se pueden administrar las cookies en el navegador?<\/strong><\/p>\n\n\n\n<p>El usuario puede gestionar las cookies instaladas en su equipo a trav\u00e9s de la configuraci\u00f3n de las opciones del navegador. A continuaci\u00f3n, se muestran las instrucciones para cambiar la configuraci\u00f3n de las cookies en los navegadores m\u00e1s comunes en su versi\u00f3n para PC. Si utilizas otros navegadores o plataformas, por favor consulta la documentaci\u00f3n espec\u00edfica proporcionada por la empresa desarrolladora del navegador. La informaci\u00f3n mostrada aqu\u00ed sobre la configuraci\u00f3n corresponde a las versiones existentes en el momento de la elaboraci\u00f3n de este documento. Es posible que las instrucciones var\u00eden en versiones futuras de los navegadores. En ese caso, por favor consulta la secci\u00f3n de soporte correspondiente de la empresa desarrolladora.<\/p>\n\n\n\n<ul class=\"wp-block-list\">\n<li><p data-start=\"0\" data-end=\"87\"><strong>Para ajustar los permisos relacionados con las cookies en el navegador Google Chrome:<\/strong><\/p>&#13;\n&#13;\n<ul>&#13;\n \t<li data-start=\"88\" data-end=\"149\">Haz clic en el men\u00fa ubicado en la barra de herramientas.<\/li>&#13;\n \t<li data-start=\"150\" data-end=\"182\">Selecciona \u00abConfiguraci\u00f3n\u00bb.<\/li>&#13;\n \t<li data-start=\"183\" data-end=\"229\">Haz clic en \u00abMostrar opciones avanzadas\u00bb.<\/li>&#13;\n \t<li data-start=\"230\" data-end=\"313\">En la secci\u00f3n \u00abPrivacidad\u00bb, haz clic en el bot\u00f3n \u00abConfiguraci\u00f3n de contenido\u00bb.<\/li>&#13;\n \t<li data-start=\"314\" data-end=\"374\">En la secci\u00f3n \u00abCookies\u00bb podr\u00e1s configurar las opciones.<\/li>&#13;\n \t<li data-start=\"376\" data-end=\"412\">M\u00e1s informaci\u00f3n sobre <a href=\"https:\/\/support.google.com\/chrome\/answer\/95647?hl=ca\" target=\"_blank\" rel=\"noopener\">Google Chrome.<\/a><\/li>&#13;\n<\/ul><\/li>\n\n\n\n<li><p data-start=\"0\" data-end=\"89\"><strong>Para ajustar los permisos relacionados con las cookies en el navegador Mozilla Firefox:<\/strong><\/p>&#13;\n&#13;\n<ul data-start=\"90\" data-end=\"374\">&#13;\n \t<li data-start=\"90\" data-end=\"177\">En la parte superior de la ventana de Firefox, haz clic en el men\u00fa \u00abHerramientas\u00bb.<\/li>&#13;\n \t<li data-start=\"178\" data-end=\"205\">Selecciona \u00abOpciones\u00bb.<\/li>&#13;\n \t<li data-start=\"206\" data-end=\"244\">Selecciona el panel \u00abPrivacidad\u00bb.<\/li>&#13;\n \t<li data-start=\"245\" data-end=\"374\">En la opci\u00f3n \u00abFirefox\u00bb, podr\u00e1s elegir \u00abUsar una configuraci\u00f3n personalizada para el historial\u00bb para configurar las opciones.<\/li>&#13;\n \t<li data-start=\"245\" data-end=\"374\">M\u00e1s informaci\u00f3n sobre <a href=\"https:\/\/support.mozilla.org\/ca\/kb\/enhanced-tracking-protection-firefox-desktop?redirectslug=enable-and-disable-cookies-website-preferences&amp;redirectlocale=en-US\" target=\"_blank\" rel=\"noopener\">Mozilla Firefox.<\/a><\/li>&#13;\n<\/ul><\/li>\n\n\n\n<li><p data-start=\"0\" data-end=\"91\"><strong>Para ajustar los permisos relacionados con las cookies en el navegador Internet Explorer:<\/strong><\/p>&#13;\n&#13;\n<ul data-start=\"92\" data-end=\"308\">&#13;\n \t<li data-start=\"92\" data-end=\"189\">En la parte superior de la ventana de Internet Explorer, haz clic en el men\u00fa \u00abHerramientas\u00bb.<\/li>&#13;\n \t<li data-start=\"190\" data-end=\"308\">Ve a la pesta\u00f1a \u00abSeguridad\u00bb y utiliza la opci\u00f3n \u00abEliminar el historial de exploraci\u00f3n\u00bb para eliminar las cookies.<\/li>&#13;\n \t<li data-start=\"190\" data-end=\"308\">M\u00e1s informaci\u00f3n sobre <a href=\"https:\/\/support.microsoft.com\/es-es\/windows\/administrar-cookies-en-microsoft-edge-ver-permitir-bloquear-eliminar-y-usar-168dab11-0753-043d-7c16-ede5947fc64d\" target=\"_blank\" rel=\"noopener\">Internet Explorer.<\/a><\/li>&#13;\n<\/ul><\/li>\n<\/ul>\n<\/div><\/div>\n\n<\/div><\/div>","protected":false},"excerpt":{"rendered":"<p>Este sitio web utiliza cookies. Las cookies son peque\u00f1os archivos de texto en los que los navegadores almacenan informaci\u00f3n durante las visitas a las p\u00e1ginas web. En las cookies, se pueden recoger datos como la direcci\u00f3n IP, la direcci\u00f3n que se est\u00e1 visitando, el sistema operativo, el idioma de navegaci\u00f3n, adem\u00e1s de otra informaci\u00f3n. Esta&#8230;<\/p>\n","protected":false},"author":1,"featured_media":0,"parent":0,"menu_order":0,"comment_status":"closed","ping_status":"closed","template":"","meta":{"_acf_changed":false,"_kad_blocks_custom_css":"","_kad_blocks_head_custom_js":"","_kad_blocks_body_custom_js":"","_kad_blocks_footer_custom_js":"","_kad_post_transparent":"","_kad_post_title":"","_kad_post_layout":"","_kad_post_sidebar_id":"","_kad_post_content_style":"","_kad_post_vertical_padding":"","_kad_post_feature":"","_kad_post_feature_position":"","_kad_post_header":false,"_kad_post_footer":false,"_kad_post_classname":"","footnotes":""},"class_list":["post-38589","page","type-page","status-publish","hentry"],"acf":[],"taxonomy_info":[],"featured_image_src_large":false,"author_info":{"display_name":"09254GP","author_link":"https:\/\/www.geoparcorigens.cat\/es\/author\/administrador\/"},"comment_info":0,"_links":{"self":[{"href":"https:\/\/www.geoparcorigens.cat\/es\/wp-json\/wp\/v2\/pages\/38589","targetHints":{"allow":["GET"]}}],"collection":[{"href":"https:\/\/www.geoparcorigens.cat\/es\/wp-json\/wp\/v2\/pages"}],"about":[{"href":"https:\/\/www.geoparcorigens.cat\/es\/wp-json\/wp\/v2\/types\/page"}],"author":[{"embeddable":true,"href":"https:\/\/www.geoparcorigens.cat\/es\/wp-json\/wp\/v2\/users\/1"}],"replies":[{"embeddable":true,"href":"https:\/\/www.geoparcorigens.cat\/es\/wp-json\/wp\/v2\/comments?post=38589"}],"version-history":[{"count":0,"href":"https:\/\/www.geoparcorigens.cat\/es\/wp-json\/wp\/v2\/pages\/38589\/revisions"}],"wp:attachment":[{"href":"https:\/\/www.geoparcorigens.cat\/es\/wp-json\/wp\/v2\/media?parent=38589"}],"curies":[{"name":"wp","href":"https:\/\/api.w.org\/{rel}","templated":true}]}}