{"id":33472,"date":"2024-12-09T17:48:54","date_gmt":"2024-12-09T16:48:54","guid":{"rendered":"https:\/\/www.geoparcorigens.cat\/protocol-bones-practiques\/"},"modified":"2025-02-07T16:14:12","modified_gmt":"2025-02-07T15:14:12","slug":"protocol-bones-practiques","status":"publish","type":"page","link":"https:\/\/www.geoparcorigens.cat\/fr\/protocol-bones-practiques\/","title":{"rendered":"Protocole bones pratiques"},"content":{"rendered":"<style>.kb-row-layout-id33472_5f3e8f-e2 > .kt-row-column-wrap{align-content:start;}:where(.kb-row-layout-id33472_5f3e8f-e2 > .kt-row-column-wrap) > .wp-block-kadence-column{justify-content:start;}.kb-row-layout-id33472_5f3e8f-e2 > .kt-row-column-wrap{column-gap:var(--global-kb-gap-lg, 4rem);row-gap:var(--global-kb-gap-none, 0rem );max-width:900px;margin-left:auto;margin-right:auto;padding-top:var(--global-kb-spacing-xxl, 5rem);padding-bottom:var(--global-kb-spacing-xxl, 5rem);grid-template-columns:repeat(2, minmax(0, 1fr));}.kb-row-layout-id33472_5f3e8f-e2 > .kt-row-layout-overlay{opacity:0.30;}@media all and (max-width: 1024px){.kb-row-layout-id33472_5f3e8f-e2 > .kt-row-column-wrap{column-gap:var(--global-kb-gap-md, 2rem);row-gap:var(--global-kb-gap-md, 2rem);padding-top:var(--global-kb-spacing-lg, 3rem);padding-bottom:var(--global-kb-spacing-lg, 3rem);grid-template-columns:repeat(2, minmax(0, 1fr));}}@media all and (max-width: 767px){.kb-row-layout-id33472_5f3e8f-e2 > .kt-row-column-wrap{column-gap:var(--global-kb-gap-md, 2rem);row-gap:var(--global-kb-gap-md, 2rem);padding-top:var(--global-kb-spacing-md, 2rem);padding-right:var(--global-kb-spacing-xs, 1rem);padding-left:var(--global-kb-spacing-xs, 1rem);grid-template-columns:minmax(0, 1fr);}}<\/style><div class=\"kb-row-layout-wrap kb-row-layout-id33472_5f3e8f-e2 alignfull wp-block-kadence-rowlayout\"><div class=\"kt-row-column-wrap kt-has-2-columns kt-row-layout-equal kt-tab-layout-equal kt-mobile-layout-row kt-row-valign-top kt-inner-column-height-full\">\n<style>.kadence-column33472_1e9f6e-ce > .kt-inside-inner-col{border-top:1px solid var(--global-palette9, #ffffff);border-right:1px solid var(--global-palette9, #ffffff);border-bottom:1px solid var(--global-palette9, #ffffff);border-left:1px solid var(--global-palette9, #ffffff);}.kadence-column33472_1e9f6e-ce > .kt-inside-inner-col,.kadence-column33472_1e9f6e-ce > .kt-inside-inner-col:before{border-top-left-radius:10px;border-top-right-radius:10px;border-bottom-right-radius:10px;border-bottom-left-radius:10px;}.kadence-column33472_1e9f6e-ce > .kt-inside-inner-col{column-gap:var(--global-kb-gap-sm, 1rem);}.kadence-column33472_1e9f6e-ce > .kt-inside-inner-col{flex-direction:column;}.kadence-column33472_1e9f6e-ce > .kt-inside-inner-col > .aligncenter{width:100%;}.kadence-column33472_1e9f6e-ce > .kt-inside-inner-col{background-image:url('https:\/\/www.geoparcorigens.cat\/wp-content\/uploads\/Treball-de-camp.jpg');background-size:cover;background-position:center center;background-attachment:scroll;background-repeat:no-repeat;}.kadence-column33472_1e9f6e-ce > .kt-inside-inner-col:before{opacity:0.3;}.kadence-column33472_1e9f6e-ce{position:relative;}@media all and (max-width: 1024px){.kadence-column33472_1e9f6e-ce > .kt-inside-inner-col{border-top:1px solid var(--global-palette9, #ffffff);border-right:1px solid var(--global-palette9, #ffffff);border-bottom:1px solid var(--global-palette9, #ffffff);border-left:1px solid var(--global-palette9, #ffffff);flex-direction:column;justify-content:center;}}@media all and (max-width: 767px){.kadence-column33472_1e9f6e-ce > .kt-inside-inner-col{padding-top:var(--global-kb-spacing-4xl, 8rem);padding-right:var(--global-kb-spacing-xs, 1rem);padding-bottom:var(--global-kb-spacing-4xl, 8rem);padding-left:var(--global-kb-spacing-xxs, 0.5rem);border-top:1px solid var(--global-palette9, #ffffff);border-right:1px solid var(--global-palette9, #ffffff);border-bottom:1px solid var(--global-palette9, #ffffff);border-left:1px solid var(--global-palette9, #ffffff);flex-direction:column;justify-content:center;}}<\/style>\n<div class=\"wp-block-kadence-column kadence-column33472_1e9f6e-ce\"><div class=\"kt-inside-inner-col\"><\/div><\/div>\n\n\n<style>.kadence-column33472_8d25ea-cb > .kt-inside-inner-col,.kadence-column33472_8d25ea-cb > .kt-inside-inner-col:before{border-top-left-radius:0px;border-top-right-radius:0px;border-bottom-right-radius:0px;border-bottom-left-radius:0px;}.kadence-column33472_8d25ea-cb > .kt-inside-inner-col{column-gap:var(--global-kb-gap-sm, 1rem);}.kadence-column33472_8d25ea-cb > .kt-inside-inner-col{flex-direction:column;}.kadence-column33472_8d25ea-cb > .kt-inside-inner-col > .aligncenter{width:100%;}.kadence-column33472_8d25ea-cb > .kt-inside-inner-col:before{opacity:0.3;}.kadence-column33472_8d25ea-cb{position:relative;}@media all and (max-width: 1024px){.kadence-column33472_8d25ea-cb > .kt-inside-inner-col{flex-direction:column;justify-content:center;}}@media all and (max-width: 767px){.kadence-column33472_8d25ea-cb > .kt-inside-inner-col{flex-direction:column;justify-content:center;}}<\/style>\n<div class=\"wp-block-kadence-column kadence-column33472_8d25ea-cb\"><div class=\"kt-inside-inner-col\">\n<p>En vue d\u2019am\u00e9liorer la conservation et la protection du patrimoine et de la g\u00e9odiversit\u00e9, le G\u00e9oparc Or\u00edgens pr\u00e9sente son&nbsp;<a href=\"https:\/\/drive.google.com\/file\/d\/18SjGN6kwE5VMkWOB1S4j2vtgtvyMYTZm\/view\"><u><strong>Protocole de Bonnes Pratiques<\/strong><\/u><u>.<\/u><\/a>(en anglais)<\/p>\n\n\n\n<p>Ce manuel de bonnes pratiques a deux objectifs de base:<\/p>\n\n\n\n<ol class=\"wp-block-list\">\n<li>La\u00a0<strong>protection du patrimoine<\/strong>, afin que les affleurements fr\u00e9quent\u00e9s par les scientifiques et les \u00e9tudiants maintiennent un \u00e9tat de conservation optimal et continuent de susciter leur int\u00e9r\u00eat scientifique et \u00e9ducatif.<\/li>\n\n\n\n<li>Fournir les informations n\u00e9cessaires afin de\u00a0<strong>renforcer la s\u00e9curit\u00e9<\/strong>\u00a0des personnes pendant leurs activit\u00e9s\u00a0professionnelles de terrain sur les sites d\u2019int\u00e9r\u00eat g\u00e9ologique du G\u00e9oparc. Nous vous prions donc de respecter les normes et recommandations stipul\u00e9es au sein du Protocole de Bonnes Pratiques.<\/li>\n<\/ol>\n<\/div><\/div>\n\n<\/div><\/div>\n\n<style>.kb-row-layout-id33472_22cb5b-cd > .kt-row-column-wrap{align-content:center;}:where(.kb-row-layout-id33472_22cb5b-cd > .kt-row-column-wrap) > .wp-block-kadence-column{justify-content:center;}.kb-row-layout-id33472_22cb5b-cd > .kt-row-column-wrap{column-gap:var(--global-kb-gap-lg, 4rem);row-gap:var(--global-kb-gap-none, 0rem );max-width:900px;margin-left:auto;margin-right:auto;padding-bottom:var(--global-kb-spacing-xxl, 5rem);grid-template-columns:repeat(2, minmax(0, 1fr));}.kb-row-layout-id33472_22cb5b-cd > .kt-row-layout-overlay{opacity:0.30;}@media all and (max-width: 1024px){.kb-row-layout-id33472_22cb5b-cd > .kt-row-column-wrap{column-gap:var(--global-kb-gap-md, 2rem);row-gap:var(--global-kb-gap-md, 2rem);grid-template-columns:minmax(0, 1fr);}}@media all and (max-width: 767px){.kb-row-layout-id33472_22cb5b-cd > .kt-row-column-wrap{padding-right:var(--global-kb-spacing-xs, 1rem);padding-left:var(--global-kb-spacing-xs, 1rem);grid-template-columns:minmax(0, 1fr);}}<\/style><div class=\"kb-row-layout-wrap kb-row-layout-id33472_22cb5b-cd alignfull wp-block-kadence-rowlayout\"><div class=\"kt-row-column-wrap kt-has-2-columns kt-row-layout-equal kt-tab-layout-row kt-mobile-layout-row kt-row-valign-middle\">\n<style>.kadence-column33472_7a55af-93 > .kt-inside-inner-col,.kadence-column33472_7a55af-93 > .kt-inside-inner-col:before{border-top-left-radius:0px;border-top-right-radius:0px;border-bottom-right-radius:0px;border-bottom-left-radius:0px;}.kadence-column33472_7a55af-93 > .kt-inside-inner-col{column-gap:var(--global-kb-gap-sm, 1rem);}.kadence-column33472_7a55af-93 > .kt-inside-inner-col{flex-direction:column;}.kadence-column33472_7a55af-93 > .kt-inside-inner-col > .aligncenter{width:100%;}.kadence-column33472_7a55af-93 > .kt-inside-inner-col:before{opacity:0.3;}.kadence-column33472_7a55af-93{position:relative;}@media all and (max-width: 1024px){.kadence-column33472_7a55af-93 > .kt-inside-inner-col{flex-direction:column;justify-content:center;}}@media all and (max-width: 767px){.kadence-column33472_7a55af-93 > .kt-inside-inner-col{flex-direction:column;justify-content:center;}}<\/style>\n<div class=\"wp-block-kadence-column kadence-column33472_7a55af-93\"><div class=\"kt-inside-inner-col\">\n<p>Lors des d\u00e9placements sur le terrain, nous vous prions de respecter le patrimoine et de prendre les mesures de pr\u00e9caution n\u00e9cessaires. Afin de garantir une communication directe avec le G\u00e9oparc, nous vous invitons \u00e0 remplir notre&nbsp;<a href=\"https:\/\/docs.google.com\/forms\/d\/1Bt5P8h0bilZBiCmFPm0n_1YYw4kZl2EhQ3AHB0mqYXE\/viewform?edit_requested=true\">fiche de visite.<\/a><\/p>\n\n\n\n<p>Respectez la&nbsp;l\u00e9gislation en vigueur(enlla\u00e7 a la p\u00e0gina \u00ab&nbsp;protection l\u00e9gale&nbsp;\u00bb)&nbsp;en mati\u00e8re de protection du milieu naturel et rappelez-vous que la Loi 9\/93 relative au Patrimoine culturel comprend l\u2019interdiction \u00ab&nbsp;l\u00e9gale&nbsp;\u00bb d\u2019effectuer des pr\u00e9l\u00e8vements pal\u00e9ontologiques.<\/p>\n\n\n\n<p>Si, \u00e0 des fins scientifiques ou didactiques, il s\u2019av\u00e9rait n\u00e9cessaire de pr\u00e9lever des \u00e9chantillons, quels qu\u2019ils soient, nous vous prions de remplir notre&nbsp;<a href=\"https:\/\/docs.google.com\/forms\/d\/1UuEHtVkn3SeRCAk3gIN7OJHsle0trSrmdUzVRJMpRKA\/viewform?edit_requested=true\">fiche de pr\u00e9l\u00e8vement d\u2019\u00e9chantillons&nbsp;<\/a>et de veiller \u00e0 minimiser l\u2019impact sur les affleurements.<\/p>\n<\/div><\/div>\n\n\n<style>.kadence-column33472_2c6cbf-b3 > .kt-inside-inner-col,.kadence-column33472_2c6cbf-b3 > .kt-inside-inner-col:before{border-top-left-radius:0px;border-top-right-radius:0px;border-bottom-right-radius:0px;border-bottom-left-radius:0px;}.kadence-column33472_2c6cbf-b3 > .kt-inside-inner-col{column-gap:var(--global-kb-gap-sm, 1rem);}.kadence-column33472_2c6cbf-b3 > .kt-inside-inner-col{flex-direction:column;}.kadence-column33472_2c6cbf-b3 > .kt-inside-inner-col > .aligncenter{width:100%;}.kadence-column33472_2c6cbf-b3 > .kt-inside-inner-col:before{opacity:0.3;}.kadence-column33472_2c6cbf-b3{position:relative;}@media all and (max-width: 1024px){.kadence-column33472_2c6cbf-b3 > .kt-inside-inner-col{flex-direction:column;justify-content:center;}}@media all and (max-width: 767px){.kadence-column33472_2c6cbf-b3 > .kt-inside-inner-col{flex-direction:column;justify-content:center;}}<\/style>\n<div class=\"wp-block-kadence-column kadence-column33472_2c6cbf-b3\"><div class=\"kt-inside-inner-col\"><style>.wp-block-kadence-advancedbtn.kb-btns33472_561537-93{padding-top:var(--global-kb-spacing-sm, 1.5rem);padding-bottom:var(--global-kb-spacing-sm, 1.5rem);gap:var(--global-kb-gap-xs, 0.5rem );justify-content:center;align-items:center;}.kt-btns33472_561537-93 .kt-button{font-weight:normal;font-style:normal;}.kt-btns33472_561537-93 .kt-btn-wrap-0{margin-right:5px;}.wp-block-kadence-advancedbtn.kt-btns33472_561537-93 .kt-btn-wrap-0 .kt-button{color:#555555;border-color:#555555;}.wp-block-kadence-advancedbtn.kt-btns33472_561537-93 .kt-btn-wrap-0 .kt-button:hover, .wp-block-kadence-advancedbtn.kt-btns33472_561537-93 .kt-btn-wrap-0 .kt-button:focus{color:#ffffff;border-color:#444444;}.wp-block-kadence-advancedbtn.kt-btns33472_561537-93 .kt-btn-wrap-0 .kt-button::before{display:none;}.wp-block-kadence-advancedbtn.kt-btns33472_561537-93 .kt-btn-wrap-0 .kt-button:hover, .wp-block-kadence-advancedbtn.kt-btns33472_561537-93 .kt-btn-wrap-0 .kt-button:focus{background:#444444;}@media all and (max-width: 1024px){.wp-block-kadence-advancedbtn.kb-btns33472_561537-93{padding-bottom:var(--global-kb-spacing-xs, 1rem);}}<\/style>\n<div class=\"wp-block-kadence-advancedbtn kb-buttons-wrap kb-btns33472_561537-93\"><style>ul.menu .wp-block-kadence-advancedbtn .kb-btn33472_a8eee3-4d.kb-button{width:initial;}.wp-block-kadence-advancedbtn .kb-btn33472_a8eee3-4d.kb-button{color:#ffffff;background:#4f1c23;border-top-left-radius:500px;border-top-right-radius:500px;border-bottom-right-radius:500px;border-bottom-left-radius:500px;}.wp-block-kadence-advancedbtn .kb-btn33472_a8eee3-4d.kb-button:hover, .wp-block-kadence-advancedbtn .kb-btn33472_a8eee3-4d.kb-button:focus{background:#4f1c23;border-top-color:#ffffff;border-top-style:solid;border-right-color:#ffffff;border-right-style:solid;border-bottom-color:#ffffff;border-bottom-style:solid;border-left-color:#ffffff;border-left-style:solid;}@media all and (max-width: 1024px){.wp-block-kadence-advancedbtn .kb-btn33472_a8eee3-4d.kb-button:hover, .wp-block-kadence-advancedbtn .kb-btn33472_a8eee3-4d.kb-button:focus{border-top-color:#ffffff;border-top-style:solid;border-right-color:#ffffff;border-right-style:solid;border-bottom-color:#ffffff;border-bottom-style:solid;border-left-color:#ffffff;border-left-style:solid;}}@media all and (max-width: 767px){.wp-block-kadence-advancedbtn .kb-btn33472_a8eee3-4d.kb-button:hover, .wp-block-kadence-advancedbtn .kb-btn33472_a8eee3-4d.kb-button:focus{border-top-color:#ffffff;border-top-style:solid;border-right-color:#ffffff;border-right-style:solid;border-bottom-color:#ffffff;border-bottom-style:solid;border-left-color:#ffffff;border-left-style:solid;}}<\/style><a class=\"kb-button kt-button button kb-btn33472_a8eee3-4d kt-btn-size-small kt-btn-width-type-auto kb-btn-global-fill  kt-btn-has-text-true kt-btn-has-svg-true  wp-block-kadence-singlebtn\" href=\"https:\/\/www.geoparcorigens.cat\/wp-content\/uploads\/124_Protocol-de-bones-practiques.pdf\" target=\"_blank\" rel=\"noreferrer noopener\"><span class=\"kb-svg-icon-wrap kb-svg-icon-fe_download kt-btn-icon-side-left\"><svg viewBox=\"0 0 24 24\"  fill=\"none\" stroke=\"currentColor\" stroke-width=\"2\" stroke-linecap=\"round\" stroke-linejoin=\"round\" xmlns=\"http:\/\/www.w3.org\/2000\/svg\"  aria-hidden=\"true\"><path d=\"M21 15v4a2 2 0 0 1-2 2H5a2 2 0 0 1-2-2v-4\"\/><polyline points=\"7 10 12 15 17 10\"\/><line x1=\"12\" y1=\"15\" x2=\"12\" y2=\"3\"\/><\/svg><\/span><span class=\"kt-btn-inner-text\">Descarrega el protocol<\/span><\/a><\/div>\n\n\n\n<div class=\"wp-block-buttons is-horizontal is-content-justification-center is-layout-flex wp-container-core-buttons-is-layout-499968f5 wp-block-buttons-is-layout-flex\">\n<div class=\"wp-block-button\"><a class=\"wp-block-button__link has-white-color has-text-color has-background wp-element-button\" href=\"https:\/\/docs.google.com\/forms\/d\/1Bt5P8h0bilZBiCmFPm0n_1YYw4kZl2EhQ3AHB0mqYXE\/viewform?edit_requested=true\" style=\"background-color:#b2b019\" target=\"_blank\" rel=\"noreferrer noopener\">Formulari de visita<\/a><\/div>\n\n\n\n<div class=\"wp-block-button\"><a class=\"wp-block-button__link has-white-color has-text-color has-background wp-element-button\" href=\"https:\/\/docs.google.com\/forms\/d\/1UuEHtVkn3SeRCAk3gIN7OJHsle0trSrmdUzVRJMpRKA\/viewform?edit_requested=true\" style=\"background-color:#b2b019\" target=\"_blank\" rel=\"noreferrer noopener\">Formulari de mostres<\/a><\/div>\n<\/div>\n<\/div><\/div>\n\n<\/div><\/div>","protected":false},"excerpt":{"rendered":"<p>En vue d\u2019am\u00e9liorer la conservation et la protection du patrimoine et de la g\u00e9odiversit\u00e9, le G\u00e9oparc Or\u00edgens pr\u00e9sente son&nbsp;Protocole de Bonnes Pratiques.(en anglais) Ce manuel de bonnes pratiques a deux objectifs de base: Lors des d\u00e9placements sur le terrain, nous vous prions de respecter le patrimoine et de prendre les mesures de pr\u00e9caution n\u00e9cessaires. Afin&#8230;<\/p>\n","protected":false},"author":1,"featured_media":0,"parent":0,"menu_order":0,"comment_status":"closed","ping_status":"closed","template":"","meta":{"_acf_changed":false,"_kad_blocks_custom_css":"","_kad_blocks_head_custom_js":"","_kad_blocks_body_custom_js":"","_kad_blocks_footer_custom_js":"","_kad_post_transparent":"","_kad_post_title":"show","_kad_post_layout":"","_kad_post_sidebar_id":"","_kad_post_content_style":"","_kad_post_vertical_padding":"","_kad_post_feature":"","_kad_post_feature_position":"","_kad_post_header":false,"_kad_post_footer":false,"_kad_post_classname":"","footnotes":""},"class_list":["post-33472","page","type-page","status-publish","hentry"],"acf":[],"taxonomy_info":[],"featured_image_src_large":false,"author_info":{"display_name":"09254GP","author_link":"https:\/\/www.geoparcorigens.cat\/fr\/author\/administrador\/"},"comment_info":0,"_links":{"self":[{"href":"https:\/\/www.geoparcorigens.cat\/fr\/wp-json\/wp\/v2\/pages\/33472","targetHints":{"allow":["GET"]}}],"collection":[{"href":"https:\/\/www.geoparcorigens.cat\/fr\/wp-json\/wp\/v2\/pages"}],"about":[{"href":"https:\/\/www.geoparcorigens.cat\/fr\/wp-json\/wp\/v2\/types\/page"}],"author":[{"embeddable":true,"href":"https:\/\/www.geoparcorigens.cat\/fr\/wp-json\/wp\/v2\/users\/1"}],"replies":[{"embeddable":true,"href":"https:\/\/www.geoparcorigens.cat\/fr\/wp-json\/wp\/v2\/comments?post=33472"}],"version-history":[{"count":0,"href":"https:\/\/www.geoparcorigens.cat\/fr\/wp-json\/wp\/v2\/pages\/33472\/revisions"}],"wp:attachment":[{"href":"https:\/\/www.geoparcorigens.cat\/fr\/wp-json\/wp\/v2\/media?parent=33472"}],"curies":[{"name":"wp","href":"https:\/\/api.w.org\/{rel}","templated":true}]}}