{"id":33474,"date":"2024-12-09T17:48:15","date_gmt":"2024-12-09T16:48:15","guid":{"rendered":"https:\/\/www.geoparcorigens.cat\/proteccio-legal\/"},"modified":"2025-02-07T16:26:02","modified_gmt":"2025-02-07T15:26:02","slug":"proteccio-legal","status":"publish","type":"page","link":"https:\/\/www.geoparcorigens.cat\/fr\/proteccio-legal\/","title":{"rendered":"Protection l\u00e9gale"},"content":{"rendered":"<style>.kb-row-layout-id33474_f884ae-6b > .kt-row-column-wrap{align-content:start;}:where(.kb-row-layout-id33474_f884ae-6b > .kt-row-column-wrap) > .wp-block-kadence-column{justify-content:start;}.kb-row-layout-id33474_f884ae-6b > .kt-row-column-wrap{column-gap:var(--global-kb-gap-md, 2rem);row-gap:var(--global-kb-gap-none, 0rem );max-width:900px;margin-left:auto;margin-right:auto;padding-top:var(--global-kb-spacing-xxl, 5rem);padding-bottom:var(--global-kb-spacing-xxl, 5rem);grid-template-columns:minmax(0, 1fr);}.kb-row-layout-id33474_f884ae-6b > .kt-row-layout-overlay{opacity:0.30;}@media all and (max-width: 1024px){.kb-row-layout-id33474_f884ae-6b > .kt-row-column-wrap{padding-top:var(--global-kb-spacing-lg, 3rem);padding-right:var(--global-kb-spacing-xs, 1rem);padding-left:var(--global-kb-spacing-xs, 1rem);grid-template-columns:minmax(0, 1fr);}}@media all and (max-width: 767px){.kb-row-layout-id33474_f884ae-6b > .kt-row-column-wrap{grid-template-columns:minmax(0, 1fr);}}<\/style><div class=\"kb-row-layout-wrap kb-row-layout-id33474_f884ae-6b alignfull wp-block-kadence-rowlayout\"><div class=\"kt-row-column-wrap kt-has-1-columns kt-row-layout-equal kt-tab-layout-inherit kt-mobile-layout-row kt-row-valign-top\">\n<style>.kadence-column33474_76e18c-24 > .kt-inside-inner-col,.kadence-column33474_76e18c-24 > .kt-inside-inner-col:before{border-top-left-radius:0px;border-top-right-radius:0px;border-bottom-right-radius:0px;border-bottom-left-radius:0px;}.kadence-column33474_76e18c-24 > .kt-inside-inner-col{column-gap:var(--global-kb-gap-sm, 1rem);}.kadence-column33474_76e18c-24 > .kt-inside-inner-col{flex-direction:column;}.kadence-column33474_76e18c-24 > .kt-inside-inner-col > .aligncenter{width:100%;}.kadence-column33474_76e18c-24 > .kt-inside-inner-col:before{opacity:0.3;}.kadence-column33474_76e18c-24{position:relative;}@media all and (max-width: 1024px){.kadence-column33474_76e18c-24 > .kt-inside-inner-col{flex-direction:column;justify-content:center;}}@media all and (max-width: 767px){.kadence-column33474_76e18c-24 > .kt-inside-inner-col{flex-direction:column;justify-content:center;}}<\/style>\n<div class=\"wp-block-kadence-column kadence-column33474_76e18c-24\"><div class=\"kt-inside-inner-col\">\n<p>Bien que le G\u00e9oparc ne constitue pas une forme de protection l\u00e9gale, il doit veiller \u00e0 l\u2019application de la l\u00e9gislation en vigueur qui garantit la conservation de ses valeurs naturelles.<\/p>\n\n\n<style>.kb-row-layout-id33474_a5cc26-ca > .kt-row-column-wrap{align-content:start;}:where(.kb-row-layout-id33474_a5cc26-ca > .kt-row-column-wrap) > .wp-block-kadence-column{justify-content:start;}.kb-row-layout-id33474_a5cc26-ca > .kt-row-column-wrap{column-gap:var(--global-kb-gap-md, 2rem);row-gap:var(--global-kb-gap-none, 0rem );max-width:900px;margin-left:auto;margin-right:auto;grid-template-columns:repeat(2, minmax(0, 1fr));}.kb-row-layout-id33474_a5cc26-ca > .kt-row-layout-overlay{opacity:0.30;}@media all and (max-width: 1024px){.kb-row-layout-id33474_a5cc26-ca > .kt-row-column-wrap{grid-template-columns:repeat(2, minmax(0, 1fr));}}@media all and (max-width: 767px){.kb-row-layout-id33474_a5cc26-ca > .kt-row-column-wrap{grid-template-columns:minmax(0, 1fr);}}<\/style><div class=\"kb-row-layout-wrap kb-row-layout-id33474_a5cc26-ca alignfull wp-block-kadence-rowlayout\"><div class=\"kt-row-column-wrap kt-has-2-columns kt-row-layout-equal kt-tab-layout-inherit kt-mobile-layout-row kt-row-valign-top\">\n<style>.kadence-column33474_8d19a8-8a > .kt-inside-inner-col,.kadence-column33474_8d19a8-8a > .kt-inside-inner-col:before{border-top-left-radius:0px;border-top-right-radius:0px;border-bottom-right-radius:0px;border-bottom-left-radius:0px;}.kadence-column33474_8d19a8-8a > .kt-inside-inner-col{column-gap:var(--global-kb-gap-sm, 1rem);}.kadence-column33474_8d19a8-8a > .kt-inside-inner-col{flex-direction:column;}.kadence-column33474_8d19a8-8a > .kt-inside-inner-col > .aligncenter{width:100%;}.kadence-column33474_8d19a8-8a > .kt-inside-inner-col:before{opacity:0.3;}.kadence-column33474_8d19a8-8a{position:relative;}@media all and (max-width: 1024px){.kadence-column33474_8d19a8-8a > .kt-inside-inner-col{flex-direction:column;justify-content:center;}}@media all and (max-width: 767px){.kadence-column33474_8d19a8-8a > .kt-inside-inner-col{flex-direction:column;justify-content:center;}}<\/style>\n<div class=\"wp-block-kadence-column kadence-column33474_8d19a8-8a\"><div class=\"kt-inside-inner-col\"><style>.kb-image33474_a24d83-bc .kb-image-has-overlay:after{opacity:0.3;}<\/style>\n<figure class=\"wp-block-kadence-image kb-image33474_a24d83-bc size-medium_large kb-image-is-ratio-size\"><div class=\"kb-is-ratio-image kb-image-ratio-land43\"><img loading=\"lazy\" decoding=\"async\" width=\"768\" height=\"576\" src=\"https:\/\/www.geoparcorigens.cat\/wp-content\/uploads\/campusarqueo1-768x576.jpg\" alt=\"\" class=\"kb-img wp-image-25390\" srcset=\"https:\/\/www.geoparcorigens.cat\/wp-content\/uploads\/campusarqueo1-768x576.jpg 768w, https:\/\/www.geoparcorigens.cat\/wp-content\/uploads\/campusarqueo1-300x225.jpg 300w, https:\/\/www.geoparcorigens.cat\/wp-content\/uploads\/campusarqueo1-1024x768.jpg 1024w, https:\/\/www.geoparcorigens.cat\/wp-content\/uploads\/campusarqueo1-1536x1152.jpg 1536w, https:\/\/www.geoparcorigens.cat\/wp-content\/uploads\/campusarqueo1.jpg 1980w\" sizes=\"auto, (max-width: 768px) 100vw, 768px\" \/><\/div><\/figure>\n<\/div><\/div>\n\n\n<style>.kadence-column33474_40fb7a-85 > .kt-inside-inner-col,.kadence-column33474_40fb7a-85 > .kt-inside-inner-col:before{border-top-left-radius:0px;border-top-right-radius:0px;border-bottom-right-radius:0px;border-bottom-left-radius:0px;}.kadence-column33474_40fb7a-85 > .kt-inside-inner-col{column-gap:var(--global-kb-gap-sm, 1rem);}.kadence-column33474_40fb7a-85 > .kt-inside-inner-col{flex-direction:column;}.kadence-column33474_40fb7a-85 > .kt-inside-inner-col > .aligncenter{width:100%;}.kadence-column33474_40fb7a-85 > .kt-inside-inner-col:before{opacity:0.3;}.kadence-column33474_40fb7a-85{position:relative;}@media all and (max-width: 1024px){.kadence-column33474_40fb7a-85 > .kt-inside-inner-col{flex-direction:column;justify-content:center;}}@media all and (max-width: 767px){.kadence-column33474_40fb7a-85 > .kt-inside-inner-col{flex-direction:column;justify-content:center;}}<\/style>\n<div class=\"wp-block-kadence-column kadence-column33474_40fb7a-85\"><div class=\"kt-inside-inner-col\"><style>.kb-image33474_bfe438-07 .kb-image-has-overlay:after{opacity:0.3;}<\/style>\n<figure class=\"wp-block-kadence-image kb-image33474_bfe438-07 size-medium_large kb-image-is-ratio-size\"><div class=\"kb-is-ratio-image kb-image-ratio-land43\"><img loading=\"lazy\" decoding=\"async\" width=\"768\" height=\"543\" src=\"https:\/\/www.geoparcorigens.cat\/wp-content\/uploads\/Camp-Treball-2016_2-01-768x543.jpg\" alt=\"Camp de Treball 2016 Geoparc Or\u00edgens\" class=\"kb-img wp-image-25391\" srcset=\"https:\/\/www.geoparcorigens.cat\/wp-content\/uploads\/Camp-Treball-2016_2-01-768x543.jpg 768w, https:\/\/www.geoparcorigens.cat\/wp-content\/uploads\/Camp-Treball-2016_2-01-300x212.jpg 300w, https:\/\/www.geoparcorigens.cat\/wp-content\/uploads\/Camp-Treball-2016_2-01-1024x724.jpg 1024w, https:\/\/www.geoparcorigens.cat\/wp-content\/uploads\/Camp-Treball-2016_2-01-1536x1086.jpg 1536w, https:\/\/www.geoparcorigens.cat\/wp-content\/uploads\/Camp-Treball-2016_2-01.jpg 1980w\" sizes=\"auto, (max-width: 768px) 100vw, 768px\" \/><\/div><\/figure>\n<\/div><\/div>\n\n<\/div><\/div>\n\n\n<h2 class=\"wp-block-heading\">Legislation espagnole<\/h2>\n\n\n\n<p>\u00c0\u00a0<strong>l\u2019\u00e9chelle nationale<\/strong>, force est de mentionner que la l\u00e9gislation espagnole figure parmi les plus avanc\u00e9es d\u2019Europe en mati\u00e8re de conservation g\u00e9ologique:<\/p>\n\n\n\n<ul class=\"wp-block-list\">\n<li>L\u2019Espagne, pionni\u00e8re dans le domaine de la protection des espaces naturels, h\u00e9berge 15 G\u00e9oparcs mondiaux de l\u2019UNESCO ainsi que 47 R\u00e9serves de la Biosph\u00e8re.<\/li>\n\n\n\n<li><a href=\"https:\/\/www.boe.es\/buscar\/pdf\/2007\/BOE-A-2007-21490-consolidado.pdf\" target=\"_blank\" rel=\"noreferrer noopener\"><u><strong>Llei 42\/2007 de\u00a0<\/strong><\/u><u><em><strong>Patrimonio Natural y la Biodiversidad<\/strong><\/em><\/u><\/a><\/li>\n<\/ul>\n\n\n\n<h2 class=\"wp-block-heading\">Autres lois<\/h2>\n\n\n\n<p>Parmi les autres lois directement li\u00e9es \u00e0 la\u00a0<strong>conservation du milieu g\u00e9ologique<\/strong>\u00a0(g\u00e9oconservation) figurent :<\/p>\n\n\n\n<ul class=\"wp-block-list\">\n<li><u><a rel=\"noopener noreferrer\" href=\"https:\/\/www.boe.es\/boe_catalan\/dias\/2007\/12\/26\/pdfs\/A05317-05327.pdf\" target=\"_blank\">Llei 45\/2007 per al Desenvolupament Sostenible del Medi Rural<\/a><\/u><\/li>\n\n\n\n<li><u><a rel=\"noopener noreferrer\" href=\"https:\/\/www.miteco.gob.es\/es\/red-parques-nacionales\/la-red\/ley-5-2007_tcm30-66668.pdf\" target=\"_blank\">Llei 5\/2007 de la Red de Parques Nacionales<\/a><\/u><\/li>\n\n\n\n<li><a rel=\"noopener noreferrer\" href=\"https:\/\/www.boe.es\/buscar\/act.php?id=BOE-A-1985-12534\" target=\"_blank\"><u>Llei 15\/1985 <em>de Patrimonio Hist\u00f3rico Espa\u00f1ol<\/em><\/u><\/a><\/li>\n<\/ul>\n\n\n\n<div style=\"height:20px\" aria-hidden=\"true\" class=\"wp-block-spacer\"><\/div>\n\n\n\n<p>La gestion des\u00a0<strong>Espaces naturels prot\u00e9g\u00e9s<\/strong>\u00a0est transf\u00e9r\u00e9e aux communaut\u00e9s autonomes, dont les formes de protection doivent \u00eatre conformes \u00e0 la l\u00e9gislation nationale. Pour appliquer ladite l\u00e9gislation, la Catalogne dispose d\u2019un\u00a0<a href=\"http:\/\/mediambient.gencat.cat\/web\/.content\/mn_medi_natural\/mn15_espais_naturals_protegits\/documents\/pla-gestio_2015-2020\/fitxers_binaris\/Memoria-Pla-de-gestio-dels-espais-5-17.02.15.pdf\" target=\"_blank\" rel=\"noreferrer noopener\"><strong>Plan de\u00a0gestion des Espaces naturels de protection sp\u00e9ciale (2015-2020)<\/strong><\/a><\/p>\n\n\n\n<p>En\u00a0<strong>Catalogne,<\/strong>\u00a0il existe une r\u00e9glementation commune relative au\u00a0<strong>patrimoine arch\u00e9ologique et pal\u00e9ontologique catalan\u00a0<\/strong>:<\/p>\n\n\n\n<ul class=\"wp-block-list\">\n<li><a href=\"http:\/\/www20.gencat.cat\/docs\/CulturaDepartament\/Cultura\/Documents\/Arxiu\/normativa_index.htm%20-%20LLEI_9_1993.doc\" target=\"_blank\" rel=\"noopener noreferrer\">Llei 9\/1993, de 30 de setembre, del Patrimoni Cultural Catal\u00e0 (DOGC n\u00fam. 1807 publicat el &nbsp;11\/10\/1993). Correcci\u00f3 d&rsquo;errades en el DOGC n\u00fam. 1825, p\u00e0g. 7761, de 24.11.1993.<\/a><\/li>\n\n\n\n<li><a href=\"https:\/\/portaljuridic.gencat.cat\/ca\/pjur_ocults\/pjur_resultats_fitxa\/?action=fitxa&amp;documentId=276664&amp;language=ca_ES&amp;textWords=Decret%252078%2F2002&amp;mode=single\" target=\"_blank\" rel=\"noopener noreferrer\">Decret 78\/2002, de 5 de mar\u00e7, del Reglament de protecci\u00f3 del patrimoni arqueol\u00f2gic i paleontol\u00f2gic (DOGC&nbsp;n\u00fam. 3915 publicat el &nbsp;01\/07\/2003). Correcci\u00f3 d\u2019errades en el DOGC n\u00fam. 3594, p\u00e0g. 4608, de 13.3.2002.<\/a><\/li>\n<\/ul>\n\n\n\n<p>Le patrimoine pal\u00e9ontologique catalan comprend \u00ab&nbsp;les \u00e9l\u00e9ments fossiles non li\u00e9s \u00e0 l\u2019\u00eatre humain ni \u00e0 ses origines ou ant\u00e9c\u00e9dents ainsi que leur contexte g\u00e9ologique qui sont situ\u00e9s ou proviennent du sol, du sous-sol et des eaux int\u00e9rieures du territoire de la Catalogne, de la mer territoriale et de la plateforme continentale qui correspond \u00e0 sa zone littorale, ou qui font partie des fonds de mus\u00e9es ou de collections de Catalogne&nbsp;\u00bb.<\/p>\n\n\n\n<p><strong>Tous les d\u00e9p\u00f4ts pal\u00e9ontologiques sont class\u00e9s Biens d\u2019int\u00e9r\u00eat culturel national (label de haute protection l\u00e9gale, en Espagne).<\/strong><\/p>\n\n\n\n<p><strong>Plus de 40% du G\u00e9oparc Or\u00edgens sont prot\u00e9g\u00e9s par divers m\u00e9canismes l\u00e9gaux\u00a0<\/strong>conform\u00e9ment \u00e0 la l\u00e9gislation catalane, espagnole et europ\u00e9enne\u00a0: R\u00e9serve et Destination touristique Starlight,\u00a0Espaces d\u2019Int\u00e9r\u00eat Naturel (PEIN), R\u00e9serve nationale, Site d\u2019int\u00e9r\u00eat culturel national, Zone de conservation sp\u00e9ciale (ZEC) er R\u00e9seau Nature 2000, entre autres. Cela signifie que de nombreuses zones d\u2019int\u00e9r\u00eats jouissent d\u00e9j\u00e0 de la protection de ces m\u00e9canismes.<\/p>\n\n\n\n<p>Par ailleurs, la plupart des \u00e9l\u00e9ments qui composent le patrimoine g\u00e9ologique du G\u00e9oparc font partie de l\u2019inventaire officiel des Sites d\u2019int\u00e9r\u00eat g\u00e9ologique de Catalogne (EIG), des Sites d\u2019Int\u00e9r\u00eat G\u00e9ologique (SIG) et des Sites d\u2019Int\u00e9r\u00eat du Patrimoine Minier (SIPM).<\/p>\n<\/div><\/div>\n\n<\/div><\/div>","protected":false},"excerpt":{"rendered":"<p>Bien que le G\u00e9oparc ne constitue pas une forme de protection l\u00e9gale, il doit veiller \u00e0 l\u2019application de la l\u00e9gislation en vigueur qui garantit la conservation de ses valeurs naturelles. Legislation espagnole \u00c0\u00a0l\u2019\u00e9chelle nationale, force est de mentionner que la l\u00e9gislation espagnole figure parmi les plus avanc\u00e9es d\u2019Europe en mati\u00e8re de conservation g\u00e9ologique: Autres lois&#8230;<\/p>\n","protected":false},"author":1,"featured_media":0,"parent":0,"menu_order":0,"comment_status":"closed","ping_status":"closed","template":"","meta":{"_acf_changed":false,"_kad_blocks_custom_css":"","_kad_blocks_head_custom_js":"","_kad_blocks_body_custom_js":"","_kad_blocks_footer_custom_js":"","_kad_post_transparent":"","_kad_post_title":"show","_kad_post_layout":"","_kad_post_sidebar_id":"","_kad_post_content_style":"","_kad_post_vertical_padding":"","_kad_post_feature":"","_kad_post_feature_position":"","_kad_post_header":false,"_kad_post_footer":false,"_kad_post_classname":"","footnotes":""},"class_list":["post-33474","page","type-page","status-publish","hentry"],"acf":[],"taxonomy_info":[],"featured_image_src_large":false,"author_info":{"display_name":"09254GP","author_link":"https:\/\/www.geoparcorigens.cat\/fr\/author\/administrador\/"},"comment_info":0,"_links":{"self":[{"href":"https:\/\/www.geoparcorigens.cat\/fr\/wp-json\/wp\/v2\/pages\/33474","targetHints":{"allow":["GET"]}}],"collection":[{"href":"https:\/\/www.geoparcorigens.cat\/fr\/wp-json\/wp\/v2\/pages"}],"about":[{"href":"https:\/\/www.geoparcorigens.cat\/fr\/wp-json\/wp\/v2\/types\/page"}],"author":[{"embeddable":true,"href":"https:\/\/www.geoparcorigens.cat\/fr\/wp-json\/wp\/v2\/users\/1"}],"replies":[{"embeddable":true,"href":"https:\/\/www.geoparcorigens.cat\/fr\/wp-json\/wp\/v2\/comments?post=33474"}],"version-history":[{"count":0,"href":"https:\/\/www.geoparcorigens.cat\/fr\/wp-json\/wp\/v2\/pages\/33474\/revisions"}],"wp:attachment":[{"href":"https:\/\/www.geoparcorigens.cat\/fr\/wp-json\/wp\/v2\/media?parent=33474"}],"curies":[{"name":"wp","href":"https:\/\/api.w.org\/{rel}","templated":true}]}}