{"id":33477,"date":"2024-12-09T17:47:21","date_gmt":"2024-12-09T16:47:21","guid":{"rendered":"https:\/\/www.geoparcorigens.cat\/estrategia-entitats-collaboradores\/"},"modified":"2025-02-07T16:21:29","modified_gmt":"2025-02-07T15:21:29","slug":"estrategia-entitats-collaboradores","status":"publish","type":"page","link":"https:\/\/www.geoparcorigens.cat\/fr\/estrategia-entitats-collaboradores\/","title":{"rendered":"Estrat\u00e9gie entit\u00e9s collaboratrices"},"content":{"rendered":"<style>.kb-row-layout-id33477_25039b-57 > .kt-row-column-wrap{align-content:start;}:where(.kb-row-layout-id33477_25039b-57 > .kt-row-column-wrap) > .wp-block-kadence-column{justify-content:start;}.kb-row-layout-id33477_25039b-57 > .kt-row-column-wrap{column-gap:var(--global-kb-gap-lg, 4rem);row-gap:var(--global-kb-gap-none, 0rem );max-width:900px;margin-left:auto;margin-right:auto;padding-top:var(--global-kb-spacing-xxl, 5rem);padding-bottom:var(--global-kb-spacing-xxl, 5rem);grid-template-columns:repeat(2, minmax(0, 1fr));}.kb-row-layout-id33477_25039b-57 > .kt-row-layout-overlay{opacity:0.30;}@media all and (max-width: 1024px){.kb-row-layout-id33477_25039b-57 > .kt-row-column-wrap{column-gap:var(--global-kb-gap-md, 2rem);row-gap:var(--global-kb-gap-md, 2rem);padding-top:var(--global-kb-spacing-lg, 3rem);padding-bottom:var(--global-kb-spacing-lg, 3rem);grid-template-columns:minmax(0, 1fr);}}@media all and (max-width: 767px){.kb-row-layout-id33477_25039b-57 > .kt-row-column-wrap{padding-top:var(--global-kb-spacing-md, 2rem);padding-right:var(--global-kb-spacing-xs, 1rem);padding-left:var(--global-kb-spacing-xs, 1rem);grid-template-columns:minmax(0, 1fr);}}<\/style><div class=\"kb-row-layout-wrap kb-row-layout-id33477_25039b-57 alignfull wp-block-kadence-rowlayout\"><div class=\"kt-row-column-wrap kt-has-2-columns kt-row-layout-equal kt-tab-layout-row kt-mobile-layout-row kt-row-valign-top\">\n<style>.kadence-column33477_d58883-a1 > .kt-inside-inner-col,.kadence-column33477_d58883-a1 > .kt-inside-inner-col:before{border-top-left-radius:0px;border-top-right-radius:0px;border-bottom-right-radius:0px;border-bottom-left-radius:0px;}.kadence-column33477_d58883-a1 > .kt-inside-inner-col{column-gap:var(--global-kb-gap-sm, 1rem);}.kadence-column33477_d58883-a1 > .kt-inside-inner-col{flex-direction:column;}.kadence-column33477_d58883-a1 > .kt-inside-inner-col > .aligncenter{width:100%;}.kadence-column33477_d58883-a1 > .kt-inside-inner-col:before{opacity:0.3;}.kadence-column33477_d58883-a1{position:relative;}@media all and (max-width: 1024px){.kadence-column33477_d58883-a1 > .kt-inside-inner-col{flex-direction:column;justify-content:center;}}@media all and (max-width: 767px){.kadence-column33477_d58883-a1 > .kt-inside-inner-col{flex-direction:column;justify-content:center;}}<\/style>\n<div class=\"wp-block-kadence-column kadence-column33477_d58883-a1\"><div class=\"kt-inside-inner-col\">\n<h2 class=\"wp-block-heading\"><strong>Processus d&rsquo;adh\u00e9sion des entit\u00e9s collaboratrices<\/strong><\/h2>\n\n\n\n<ol class=\"wp-block-list\">\n<li>Lisez l&rsquo;appel \u00e0 candidatures qui inclut la strat\u00e9gie de collaboration avec les entit\u00e9s priv\u00e9es.<\/li>\n\n\n\n<li>Remplissez le formulaire de demande d&rsquo;adh\u00e9sion et vous participerez \u00e0 un processus de s\u00e9lection.<\/li>\n\n\n\n<li>Nous vous contacterons pour vous informer des r\u00e9sultats.<\/li>\n\n\n\n<li>Si vous \u00eates s\u00e9lectionn\u00e9e, nous poursuivrons avec la proc\u00e9dure d\u00e9finie par la strat\u00e9gie de collaboration avec les entit\u00e9s priv\u00e9es.<\/li>\n\n\n\n<li>Si vous n&rsquo;\u00eates pas s\u00e9lectionn\u00e9e, vous pourrez vous pr\u00e9senter lors de futurs appels \u00e0 candidatures et participer \u00e9galement aux formations et autres activit\u00e9s organis\u00e9es par le G\u00e9oparc.<\/li>\n<\/ol>\n<\/div><\/div>\n\n\n<style>.kadence-column33477_0bea3c-ed > .kt-inside-inner-col,.kadence-column33477_0bea3c-ed > .kt-inside-inner-col:before{border-top-left-radius:0px;border-top-right-radius:0px;border-bottom-right-radius:0px;border-bottom-left-radius:0px;}.kadence-column33477_0bea3c-ed > .kt-inside-inner-col{column-gap:var(--global-kb-gap-sm, 1rem);}.kadence-column33477_0bea3c-ed > .kt-inside-inner-col{flex-direction:column;}.kadence-column33477_0bea3c-ed > .kt-inside-inner-col > .aligncenter{width:100%;}.kadence-column33477_0bea3c-ed > .kt-inside-inner-col:before{opacity:0.3;}.kadence-column33477_0bea3c-ed{position:relative;}@media all and (max-width: 1024px){.kadence-column33477_0bea3c-ed > .kt-inside-inner-col{flex-direction:column;justify-content:center;}}@media all and (max-width: 767px){.kadence-column33477_0bea3c-ed > .kt-inside-inner-col{flex-direction:column;justify-content:center;}}<\/style>\n<div class=\"wp-block-kadence-column kadence-column33477_0bea3c-ed\"><div class=\"kt-inside-inner-col\"><style>.kb-image33477_b932e1-ea .kb-image-has-overlay:after{opacity:0.3;}<\/style>\n<div class=\"wp-block-kadence-image kb-image33477_b932e1-ea\"><figure class=\"aligncenter size-full\"><a href=\"https:\/\/www.geoparcorigens.cat\/document\/cataleg-dentitats-collaboradores\/\" class=\"kb-advanced-image-link\"><img loading=\"lazy\" decoding=\"async\" width=\"626\" height=\"448\" src=\"https:\/\/www.geoparcorigens.cat\/wp-content\/uploads\/portada-entitats-colaboradores.jpg\" alt=\"Entitats col\u00b7laboradores Geoparc Or\u00edgens\" class=\"kb-img wp-image-25380\" srcset=\"https:\/\/www.geoparcorigens.cat\/wp-content\/uploads\/portada-entitats-colaboradores.jpg 626w, https:\/\/www.geoparcorigens.cat\/wp-content\/uploads\/portada-entitats-colaboradores-300x215.jpg 300w\" sizes=\"auto, (max-width: 626px) 100vw, 626px\" \/><\/a><figcaption><a href=\"https:\/\/www.geoparcorigens.cat\/wp-content\/uploads\/5_Cataleg-entitats.pdf\" target=\"_blank\" rel=\"noreferrer noopener\">Cliquez pour t\u00e9l\u00e9charger le catalogue<\/a><\/figcaption><\/figure><\/div>\n\n\n<style>.wp-block-kadence-advancedbtn.kb-btns33477_003e48-3a{gap:var(--global-kb-gap-xs, 0.5rem );justify-content:flex-start;align-items:center;}.kt-btns33477_003e48-3a .kt-button{font-weight:normal;font-style:normal;}.kt-btns33477_003e48-3a .kt-btn-wrap-0{margin-right:5px;}.wp-block-kadence-advancedbtn.kt-btns33477_003e48-3a .kt-btn-wrap-0 .kt-button{color:#555555;border-color:#555555;}.wp-block-kadence-advancedbtn.kt-btns33477_003e48-3a .kt-btn-wrap-0 .kt-button:hover, .wp-block-kadence-advancedbtn.kt-btns33477_003e48-3a .kt-btn-wrap-0 .kt-button:focus{color:#ffffff;border-color:#444444;}.wp-block-kadence-advancedbtn.kt-btns33477_003e48-3a .kt-btn-wrap-0 .kt-button::before{display:none;}.wp-block-kadence-advancedbtn.kt-btns33477_003e48-3a .kt-btn-wrap-0 .kt-button:hover, .wp-block-kadence-advancedbtn.kt-btns33477_003e48-3a .kt-btn-wrap-0 .kt-button:focus{background:#444444;}@media all and (max-width: 1024px){.wp-block-kadence-advancedbtn.kb-btns33477_003e48-3a{justify-content:center;}}<\/style>\n<div class=\"wp-block-kadence-advancedbtn kb-buttons-wrap kb-btns33477_003e48-3a\"><style>ul.menu .wp-block-kadence-advancedbtn .kb-btn33477_92a094-06.kb-button{width:initial;}<\/style><a class=\"kb-button kt-button button kb-btn33477_92a094-06 kt-btn-size-standard kt-btn-width-type-auto kb-btn-global-fill  kt-btn-has-text-true kt-btn-has-svg-false  wp-block-kadence-singlebtn\" href=\"https:\/\/www.geoparcorigens.cat\/wp-content\/uploads\/133_Estrategia-entitats-collaboradores.pdf\" target=\"_blank\" rel=\"noreferrer noopener\"><span class=\"kt-btn-inner-text\">Appel \u00e0 candidatures et strat\u00e9gie<\/span><\/a>\n\n<style>ul.menu .wp-block-kadence-advancedbtn .kb-btn33477_be960c-89.kb-button{width:initial;}<\/style><a class=\"kb-button kt-button button kb-btn33477_be960c-89 kt-btn-size-standard kt-btn-width-type-auto kb-btn-global-fill  kt-btn-has-text-true kt-btn-has-svg-false  wp-block-kadence-singlebtn\" href=\"https:\/\/docs.google.com\/forms\/d\/1j6SbkN6jx2Uy2Gs-Preem-RF9oXB4e0WH_AJYBus9mQ\" target=\"_blank\" rel=\"noreferrer noopener\"><span class=\"kt-btn-inner-text\">Formulaire d&rsquo;adhesion<\/span><\/a><\/div>\n<\/div><\/div>\n\n<\/div><\/div>","protected":false},"excerpt":{"rendered":"<p>Processus d&rsquo;adh\u00e9sion des entit\u00e9s collaboratrices<\/p>\n","protected":false},"author":1,"featured_media":0,"parent":0,"menu_order":0,"comment_status":"closed","ping_status":"closed","template":"","meta":{"_acf_changed":false,"_kad_blocks_custom_css":"","_kad_blocks_head_custom_js":"","_kad_blocks_body_custom_js":"","_kad_blocks_footer_custom_js":"","_kad_post_transparent":"","_kad_post_title":"show","_kad_post_layout":"","_kad_post_sidebar_id":"","_kad_post_content_style":"","_kad_post_vertical_padding":"","_kad_post_feature":"","_kad_post_feature_position":"","_kad_post_header":false,"_kad_post_footer":false,"_kad_post_classname":"","footnotes":""},"class_list":["post-33477","page","type-page","status-publish","hentry"],"acf":[],"taxonomy_info":[],"featured_image_src_large":false,"author_info":{"display_name":"09254GP","author_link":"https:\/\/www.geoparcorigens.cat\/fr\/author\/administrador\/"},"comment_info":0,"_links":{"self":[{"href":"https:\/\/www.geoparcorigens.cat\/fr\/wp-json\/wp\/v2\/pages\/33477","targetHints":{"allow":["GET"]}}],"collection":[{"href":"https:\/\/www.geoparcorigens.cat\/fr\/wp-json\/wp\/v2\/pages"}],"about":[{"href":"https:\/\/www.geoparcorigens.cat\/fr\/wp-json\/wp\/v2\/types\/page"}],"author":[{"embeddable":true,"href":"https:\/\/www.geoparcorigens.cat\/fr\/wp-json\/wp\/v2\/users\/1"}],"replies":[{"embeddable":true,"href":"https:\/\/www.geoparcorigens.cat\/fr\/wp-json\/wp\/v2\/comments?post=33477"}],"version-history":[{"count":0,"href":"https:\/\/www.geoparcorigens.cat\/fr\/wp-json\/wp\/v2\/pages\/33477\/revisions"}],"wp:attachment":[{"href":"https:\/\/www.geoparcorigens.cat\/fr\/wp-json\/wp\/v2\/media?parent=33477"}],"curies":[{"name":"wp","href":"https:\/\/api.w.org\/{rel}","templated":true}]}}