{"id":33479,"date":"2024-12-09T17:47:03","date_gmt":"2024-12-09T16:47:03","guid":{"rendered":"https:\/\/www.geoparcorigens.cat\/associacio-geoparc-origens\/"},"modified":"2025-02-18T13:54:43","modified_gmt":"2025-02-18T12:54:43","slug":"associacio-geoparc-origens","status":"publish","type":"page","link":"https:\/\/www.geoparcorigens.cat\/fr\/associacio-geoparc-origens\/","title":{"rendered":"Association G\u00e9oparc Or\u00edgens"},"content":{"rendered":"<style>.kb-row-layout-id33479_d99ac9-ee > .kt-row-column-wrap{align-content:start;}:where(.kb-row-layout-id33479_d99ac9-ee > .kt-row-column-wrap) > .wp-block-kadence-column{justify-content:start;}.kb-row-layout-id33479_d99ac9-ee > .kt-row-column-wrap{column-gap:var(--global-kb-gap-lg, 4rem);row-gap:var(--global-kb-gap-sm, 1rem);max-width:var( --global-content-width, 1290px );padding-left:var(--global-content-edge-padding);padding-right:var(--global-content-edge-padding);padding-top:var(--global-kb-spacing-xxl, 5rem);padding-bottom:var(--global-kb-spacing-xxl, 5rem);grid-template-columns:repeat(2, minmax(0, 1fr));}.kb-row-layout-id33479_d99ac9-ee > .kt-row-layout-overlay{opacity:0.30;}@media all and (max-width: 1024px){.kb-row-layout-id33479_d99ac9-ee > .kt-row-column-wrap{padding-top:var(--global-kb-spacing-lg, 3rem);grid-template-columns:repeat(2, minmax(0, 1fr));}}@media all and (max-width: 767px){.kb-row-layout-id33479_d99ac9-ee > .kt-row-column-wrap{column-gap:var(--global-kb-gap-md, 2rem);row-gap:var(--global-kb-gap-md, 2rem);padding-top:var(--global-kb-spacing-md, 2rem);grid-template-columns:minmax(0, 1fr);}.kb-row-layout-id33479_d99ac9-ee > .kt-row-column-wrap > .wp-block-kadence-column:nth-child(1 of *:not(style)){order:2;}.kb-row-layout-id33479_d99ac9-ee > .kt-row-column-wrap > .wp-block-kadence-column:nth-child(2 of *:not(style)){order:1;}.kb-row-layout-id33479_d99ac9-ee > .kt-row-column-wrap > .wp-block-kadence-column:nth-child(3 of *:not(style)){order:12;}.kb-row-layout-id33479_d99ac9-ee > .kt-row-column-wrap > .wp-block-kadence-column:nth-child(4 of *:not(style)){order:11;}.kb-row-layout-id33479_d99ac9-ee > .kt-row-column-wrap > .wp-block-kadence-column:nth-child(5 of *:not(style)){order:22;}.kb-row-layout-id33479_d99ac9-ee > .kt-row-column-wrap > .wp-block-kadence-column:nth-child(6 of *:not(style)){order:21;}.kb-row-layout-id33479_d99ac9-ee > .kt-row-column-wrap > .wp-block-kadence-column:nth-child(7 of *:not(style)){order:32;}.kb-row-layout-id33479_d99ac9-ee > .kt-row-column-wrap > .wp-block-kadence-column:nth-child(8 of *:not(style)){order:31;}}<\/style><div class=\"kb-row-layout-wrap kb-row-layout-id33479_d99ac9-ee alignfull wp-block-kadence-rowlayout\"><div class=\"kt-row-column-wrap kt-has-2-columns kt-row-layout-equal kt-tab-layout-inherit kt-mobile-layout-row kt-row-valign-top kb-theme-content-width\">\n<style>.kadence-column33479_11d62c-10 > .kt-inside-inner-col,.kadence-column33479_11d62c-10 > .kt-inside-inner-col:before{border-top-left-radius:0px;border-top-right-radius:0px;border-bottom-right-radius:0px;border-bottom-left-radius:0px;}.kadence-column33479_11d62c-10 > .kt-inside-inner-col{column-gap:var(--global-kb-gap-sm, 1rem);}.kadence-column33479_11d62c-10 > .kt-inside-inner-col{flex-direction:column;}.kadence-column33479_11d62c-10 > .kt-inside-inner-col > .aligncenter{width:100%;}.kadence-column33479_11d62c-10 > .kt-inside-inner-col:before{opacity:0.3;}.kadence-column33479_11d62c-10{position:relative;}@media all and (max-width: 1024px){.kadence-column33479_11d62c-10 > .kt-inside-inner-col{flex-direction:column;justify-content:center;}}@media all and (max-width: 767px){.kadence-column33479_11d62c-10 > .kt-inside-inner-col{flex-direction:column;justify-content:center;}}<\/style>\n<div class=\"wp-block-kadence-column kadence-column33479_11d62c-10\"><div class=\"kt-inside-inner-col\"><style>.kb-image33479_e2863c-e7 .kb-image-has-overlay:after{opacity:0.3;}<\/style>\n<figure class=\"wp-block-kadence-image kb-image33479_e2863c-e7 size-full\"><img loading=\"lazy\" decoding=\"async\" width=\"724\" height=\"1024\" src=\"https:\/\/www.geoparcorigens.cat\/wp-content\/uploads\/Administrative_boundaries.jpeg\" alt=\"Associaci\u00f3 Geoparc Or\u00edgens\" class=\"kb-img wp-image-25367\" srcset=\"https:\/\/www.geoparcorigens.cat\/wp-content\/uploads\/Administrative_boundaries.jpeg 724w, https:\/\/www.geoparcorigens.cat\/wp-content\/uploads\/Administrative_boundaries-212x300.jpeg 212w\" sizes=\"auto, (max-width: 724px) 100vw, 724px\" \/><\/figure>\n<\/div><\/div>\n\n\n<style>.kadence-column33479_d146f8-b5 > .kt-inside-inner-col,.kadence-column33479_d146f8-b5 > .kt-inside-inner-col:before{border-top-left-radius:0px;border-top-right-radius:0px;border-bottom-right-radius:0px;border-bottom-left-radius:0px;}.kadence-column33479_d146f8-b5 > .kt-inside-inner-col{column-gap:var(--global-kb-gap-sm, 1rem);}.kadence-column33479_d146f8-b5 > .kt-inside-inner-col{flex-direction:column;}.kadence-column33479_d146f8-b5 > .kt-inside-inner-col > .aligncenter{width:100%;}.kadence-column33479_d146f8-b5 > .kt-inside-inner-col:before{opacity:0.3;}.kadence-column33479_d146f8-b5{position:relative;}@media all and (max-width: 1024px){.kadence-column33479_d146f8-b5 > .kt-inside-inner-col{flex-direction:column;justify-content:center;}}@media all and (max-width: 767px){.kadence-column33479_d146f8-b5 > .kt-inside-inner-col{flex-direction:column;justify-content:center;}}<\/style>\n<div class=\"wp-block-kadence-column kadence-column33479_d146f8-b5\"><div class=\"kt-inside-inner-col\">\n<p>Pour la gestion du G\u00e9oparc Or\u00edgens, l&rsquo;Association G\u00e9oparc a \u00e9t\u00e9 cr\u00e9\u00e9e le 15 septembre 2015.<\/p>\n\n\n\n<p>En juin 2023, l&rsquo;association prend le nom d&rsquo;Associaci\u00f3 Geoparc Or\u00edgens.<\/p>\n\n\n\n<p>L&rsquo;Association G\u00e9oparc d&rsquo;Or\u00edgens est compos\u00e9e d&rsquo;un total de 19 communes (d\u00e9taill\u00e9es sur la carte) de quatre d\u00e9partements (Pallars Juss\u00e0, Noguera, Pallars Sobir\u00e0 et Alt Urgell) et de 2 conseils d\u00e9partementaux (Pallars Juss\u00e0 et Noguera). Cette Association garantit la gouvernance et la capacit\u00e9 \u00e0 d\u00e9velopper le territoire.<\/p>\n\n\n<style>.wp-block-kadence-advancedbtn.kb-btns33479_82acdc-d3{gap:var(--global-kb-gap-xs, 0.5rem );flex-direction:column;align-items:flex-start;justify-content:center;}.kt-btns33479_82acdc-d3 .kt-button{font-weight:normal;font-style:normal;}.kt-btns33479_82acdc-d3 .kt-btn-wrap-0{margin-right:5px;}.wp-block-kadence-advancedbtn.kt-btns33479_82acdc-d3 .kt-btn-wrap-0 .kt-button{color:#555555;border-color:#555555;}.wp-block-kadence-advancedbtn.kt-btns33479_82acdc-d3 .kt-btn-wrap-0 .kt-button:hover, .wp-block-kadence-advancedbtn.kt-btns33479_82acdc-d3 .kt-btn-wrap-0 .kt-button:focus{color:#ffffff;border-color:#444444;}.wp-block-kadence-advancedbtn.kt-btns33479_82acdc-d3 .kt-btn-wrap-0 .kt-button::before{display:none;}.wp-block-kadence-advancedbtn.kt-btns33479_82acdc-d3 .kt-btn-wrap-0 .kt-button:hover, .wp-block-kadence-advancedbtn.kt-btns33479_82acdc-d3 .kt-btn-wrap-0 .kt-button:focus{background:#444444;}<\/style>\n<div class=\"wp-block-kadence-advancedbtn kb-buttons-wrap kb-btns33479_82acdc-d3\"><style>ul.menu .wp-block-kadence-advancedbtn .kb-btn33479_9c98d4-e7.kb-button{width:initial;}<\/style><a class=\"kb-button kt-button button kb-btn33479_9c98d4-e7 kt-btn-size-small kt-btn-width-type-auto kb-btn-global-fill  kt-btn-has-text-true kt-btn-has-svg-false  wp-block-kadence-singlebtn\" href=\"https:\/\/drive.google.com\/file\/d\/1o9E3OsPnZYuUfJVfjlNaw_zQDq6k_Acb\/view\" target=\"_blank\" rel=\"noreferrer noopener\"><span class=\"kt-btn-inner-text\">Statuts de l&rsquo;Association G\u00e9oparc Or\u00edgens (en catalan)<\/span><\/a>\n\n<style>ul.menu .wp-block-kadence-advancedbtn .kb-btn33479_202025-20.kb-button{width:initial;}<\/style><a class=\"kb-button kt-button button kb-btn33479_202025-20 kt-btn-size-small kt-btn-width-type-auto kb-btn-global-fill  kt-btn-has-text-true kt-btn-has-svg-false  wp-block-kadence-singlebtn\" href=\"https:\/\/drive.google.com\/file\/d\/1bQREFym8uYtGQNh8CcNT5w6V2LDAHeL1\/view\" target=\"_blank\" rel=\"noreferrer noopener\"><span class=\"kt-btn-inner-text\">Plan directeur du G\u00e9oparc (2021 &#8211; 2025) (en catalan)<\/span><\/a>\n\n<style>ul.menu .wp-block-kadence-advancedbtn .kb-btn33479_e167b5-02.kb-button{width:initial;}<\/style><a class=\"kb-button kt-button button kb-btn33479_e167b5-02 kt-btn-size-small kt-btn-width-type-auto kb-btn-global-fill  kt-btn-has-text-true kt-btn-has-svg-false  wp-block-kadence-singlebtn\" href=\"https:\/\/drive.google.com\/file\/d\/1eXFeFeWAmVe0AmuzKxxF3BfdrnIeiDVQ\/view\" target=\"_blank\" rel=\"noreferrer noopener\"><span class=\"kt-btn-inner-text\">Plan directeur du G\u00e9oparc (2015 &#8211; 2020) (en catalan)<\/span><\/a><\/div>\n<\/div><\/div>\n\n<\/div><\/div>","protected":false},"excerpt":{"rendered":"<p>Pour la gestion du G\u00e9oparc Or\u00edgens, l&rsquo;Association G\u00e9oparc a \u00e9t\u00e9 cr\u00e9\u00e9e le 15 septembre 2015. En juin 2023, l&rsquo;association prend le nom d&rsquo;Associaci\u00f3 Geoparc Or\u00edgens. L&rsquo;Association G\u00e9oparc d&rsquo;Or\u00edgens est compos\u00e9e d&rsquo;un total de 19 communes (d\u00e9taill\u00e9es sur la carte) de quatre d\u00e9partements (Pallars Juss\u00e0, Noguera, Pallars Sobir\u00e0 et Alt Urgell) et de 2 conseils d\u00e9partementaux&#8230;<\/p>\n","protected":false},"author":1,"featured_media":0,"parent":0,"menu_order":0,"comment_status":"closed","ping_status":"closed","template":"","meta":{"_acf_changed":false,"_kad_blocks_custom_css":"","_kad_blocks_head_custom_js":"","_kad_blocks_body_custom_js":"","_kad_blocks_footer_custom_js":"","_kad_post_transparent":"","_kad_post_title":"show","_kad_post_layout":"","_kad_post_sidebar_id":"","_kad_post_content_style":"","_kad_post_vertical_padding":"","_kad_post_feature":"","_kad_post_feature_position":"","_kad_post_header":false,"_kad_post_footer":false,"_kad_post_classname":"","footnotes":""},"class_list":["post-33479","page","type-page","status-publish","hentry"],"acf":[],"taxonomy_info":[],"featured_image_src_large":false,"author_info":{"display_name":"09254GP","author_link":"https:\/\/www.geoparcorigens.cat\/fr\/author\/administrador\/"},"comment_info":0,"_links":{"self":[{"href":"https:\/\/www.geoparcorigens.cat\/fr\/wp-json\/wp\/v2\/pages\/33479","targetHints":{"allow":["GET"]}}],"collection":[{"href":"https:\/\/www.geoparcorigens.cat\/fr\/wp-json\/wp\/v2\/pages"}],"about":[{"href":"https:\/\/www.geoparcorigens.cat\/fr\/wp-json\/wp\/v2\/types\/page"}],"author":[{"embeddable":true,"href":"https:\/\/www.geoparcorigens.cat\/fr\/wp-json\/wp\/v2\/users\/1"}],"replies":[{"embeddable":true,"href":"https:\/\/www.geoparcorigens.cat\/fr\/wp-json\/wp\/v2\/comments?post=33479"}],"version-history":[{"count":0,"href":"https:\/\/www.geoparcorigens.cat\/fr\/wp-json\/wp\/v2\/pages\/33479\/revisions"}],"wp:attachment":[{"href":"https:\/\/www.geoparcorigens.cat\/fr\/wp-json\/wp\/v2\/media?parent=33479"}],"curies":[{"name":"wp","href":"https:\/\/api.w.org\/{rel}","templated":true}]}}