{"id":33482,"date":"2024-12-09T14:59:25","date_gmt":"2024-12-09T13:59:25","guid":{"rendered":"https:\/\/www.geoparcorigens.cat\/politica-de-cookies\/"},"modified":"2025-02-13T14:01:59","modified_gmt":"2025-02-13T13:01:59","slug":"politica-de-cookies","status":"publish","type":"page","link":"https:\/\/www.geoparcorigens.cat\/fr\/politica-de-cookies\/","title":{"rendered":"Politique de cookies"},"content":{"rendered":"<style>.kb-row-layout-id33482_7a6494-8f > .kt-row-column-wrap{align-content:start;}:where(.kb-row-layout-id33482_7a6494-8f > .kt-row-column-wrap) > .wp-block-kadence-column{justify-content:start;}.kb-row-layout-id33482_7a6494-8f > .kt-row-column-wrap{column-gap:var(--global-kb-gap-md, 2rem);row-gap:var(--global-kb-gap-none, 0rem );max-width:var( --global-content-width, 1290px );padding-left:var(--global-content-edge-padding);padding-right:var(--global-content-edge-padding);padding-top:var(--global-kb-spacing-xxl, 5rem);padding-bottom:var(--global-kb-spacing-xxl, 5rem);grid-template-columns:minmax(0, 1fr);}.kb-row-layout-id33482_7a6494-8f > .kt-row-layout-overlay{opacity:0.30;}@media all and (max-width: 1024px){.kb-row-layout-id33482_7a6494-8f > .kt-row-column-wrap{grid-template-columns:minmax(0, 1fr);}}@media all and (max-width: 767px){.kb-row-layout-id33482_7a6494-8f > .kt-row-column-wrap{grid-template-columns:minmax(0, 1fr);}}<\/style><div class=\"kb-row-layout-wrap kb-row-layout-id33482_7a6494-8f alignfull wp-block-kadence-rowlayout\"><div class=\"kt-row-column-wrap kt-has-1-columns kt-row-layout-equal kt-tab-layout-inherit kt-mobile-layout-row kt-row-valign-top kb-theme-content-width\">\n<style>.kadence-column33482_132ce2-33 > .kt-inside-inner-col,.kadence-column33482_132ce2-33 > .kt-inside-inner-col:before{border-top-left-radius:0px;border-top-right-radius:0px;border-bottom-right-radius:0px;border-bottom-left-radius:0px;}.kadence-column33482_132ce2-33 > .kt-inside-inner-col{column-gap:var(--global-kb-gap-sm, 1rem);}.kadence-column33482_132ce2-33 > .kt-inside-inner-col{flex-direction:column;}.kadence-column33482_132ce2-33 > .kt-inside-inner-col > .aligncenter{width:100%;}.kadence-column33482_132ce2-33 > .kt-inside-inner-col:before{opacity:0.3;}.kadence-column33482_132ce2-33{position:relative;}@media all and (max-width: 1024px){.kadence-column33482_132ce2-33 > .kt-inside-inner-col{flex-direction:column;justify-content:center;}}@media all and (max-width: 767px){.kadence-column33482_132ce2-33 > .kt-inside-inner-col{flex-direction:column;justify-content:center;}}<\/style>\n<div class=\"wp-block-kadence-column kadence-column33482_132ce2-33\"><div class=\"kt-inside-inner-col\">\n<p>Ce site web utilise des cookies. Les cookies sont de petits fichiers texte dans lesquels les navigateurs stockent des informations lors des visites sur les pages web. Les cookies peuvent collecter des donn\u00e9es telles que l&rsquo;adresse IP, l&rsquo;adresse web visit\u00e9e, le syst\u00e8me d&rsquo;exploitation, la langue de navigation, ainsi que d&rsquo;autres informations. Ces informations ne sont pas associ\u00e9es \u00e0 une personne sp\u00e9cifique, elles sont uniquement des donn\u00e9es statistiques pour analyser la visibilit\u00e9 des diff\u00e9rents contenus du site web.<\/p>\n\n\n\n<p>Nous vous fournissons ci-dessous des informations sur les cookies utilis\u00e9s par ce site web, ainsi que sur la mani\u00e8re de g\u00e9rer les cookies et de les supprimer compl\u00e8tement.<\/p>\n\n\n\n<p><strong>Cookies utilis\u00e9es par ce site web :<\/strong><\/p>\n\n\n\n<p>Ce site web utilise un cookie d&rsquo;analyse, celui de Google Analytics. Google Analytics est un service gratuit fourni par Google Inc. qui collecte des informations sur les pages consult\u00e9es sur le site web, \u00e0 quel moment, avec quel navigateur, etc. Ces informations sont ensuite envoy\u00e9es aux serveurs de Google Inc. aux \u00c9tats-Unis.<\/p>\n\n\n\n<p>L&rsquo;identification de l&rsquo;utilisateur des cookies, le type de cookies utilis\u00e9es et d&rsquo;autres d\u00e9tails sont indiqu\u00e9s ci-dessous :<\/p>\n\n\n\n<figure class=\"wp-block-table\"><table class=\"has-fixed-layout\"><tbody><tr><th>Finalit\u00e9<\/th><th>Nom du Cookie<\/th><th>Propri\u00e9t\u00e9<\/th><th>Description<\/th><th>Dur\u00e9e de conservation<\/th><th>Requiert consentement<\/th><th>Plus d&rsquo;informations<\/th><\/tr><tr><td>Analytique<\/td><td>_ga<\/td><td>Tiers<\/td><td>Utilis\u00e9e par Google Analytics pour distinguer les utilisateurs.<\/td><td>2 ans<\/td><td>No<\/td><td><a href=\"https:\/\/policies.google.com\/technologies\/cookies\">Plus d&rsquo;informations<\/a><\/td><\/tr><tr><td>Analytique<\/td><td>_gid<\/td><td>Tiers<\/td><td>Utilis\u00e9e par Google Analytics pour distinguer les utilisateurs.<\/td><td>24 hours<\/td><td>No<\/td><td><a href=\"https:\/\/policies.google.com\/technologies\/cookies\">Plus d&rsquo;informations<\/a><\/td><\/tr><tr><td>Analytique<\/td><td>_gat<\/td><td>Tiers<\/td><td>Utilis\u00e9e par Google Analytics pour limiter le taux de requ\u00eates.<\/td><td>1 minute<\/td><td>No<\/td><td><a href=\"https:\/\/policies.google.com\/technologies\/cookies\">Plus d&rsquo;informations<\/a><\/td><\/tr><tr><td>N\u00e9cessaire<\/td><td>wordpress_test_cookie<\/td><td>Propre<\/td><td>Utilis\u00e9e par WordPress pour v\u00e9rifier si le navigateur a des cookies activ\u00e9s.<\/td><td>Session<\/td><td>No<\/td><td><a href=\"https:\/\/wordpress.org\/support\/article\/cookies\/\">Plus d&rsquo;informations<\/a><\/td><\/tr><tr><td>N\u00e9cessaire<\/td><td>wp-settings-[UID]<\/td><td>Propre<\/td><td>Utilis\u00e9e par WordPress pour personnaliser l&rsquo;interface d&rsquo;administration.<\/td><td>1 an<\/td><td>No<\/td><td><a href=\"https:\/\/wordpress.org\/support\/article\/cookies\/\">Plus d&rsquo;informations<\/a><\/td><\/tr><tr><td>N\u00e9cessaire<\/td><td>wp-settings-time-[UID]<\/td><td>Propre<\/td><td>Utilis\u00e9e par WordPress pour personnaliser l&rsquo;interface d&rsquo;administration.<\/td><td>1 an<\/td><td>No<\/td><td><a href=\"https:\/\/wordpress.org\/support\/article\/cookies\/\">Plus d&rsquo;informations<\/a><\/td><\/tr><tr><td>N\u00e9cessaire<\/td><td>_icl_current_language<\/td><td>Propre<\/td><td>Utilis\u00e9e par WPML pour m\u00e9moriser la langue s\u00e9lectionn\u00e9e.<\/td><td>1 jour<\/td><td>No<\/td><td><a href=\"https:\/\/wpml.org\/documentation\/support\/\">Plus d&rsquo;informations<\/a><\/td><\/tr><tr><td>N\u00e9cessaire<\/td><td>cookie_notice_accepted<\/td><td>Propre<\/td><td>Utilis\u00e9e par le plugin de la banni\u00e8re de cookies pour se souvenir que l&rsquo;utilisateur a accept\u00e9 les cookies.<\/td><td>1 an<\/td><td>No<\/td><td><a href=\"https:\/\/www.example.com\/cookie-policy\">Plus d&rsquo;informations<\/a><\/td><\/tr><\/tbody><\/table><\/figure>\n\n\n\n<p><\/p>\n\n\n\n<p><strong>Comment g\u00e9rer les cookies dans votre navigateur ?<\/strong><\/p>\n\n\n\n<p>L&rsquo;utilisateur peut g\u00e9rer les cookies install\u00e9s sur son appareil en modifiant les options de configuration de son navigateur. Voici comment vous pouvez ajuster les param\u00e8tres des cookies dans les navigateurs les plus populaires pour leur version PC. Si vous utilisez d&rsquo;autres navigateurs ou plateformes, veuillez consulter la documentation sp\u00e9cifique fournie par l&rsquo;entreprise d\u00e9veloppant le navigateur. Les informations affich\u00e9es ici concernent les versions existantes au moment de la r\u00e9daction de cette documentation. Il est possible que les instructions diff\u00e8rent dans les versions futures des navigateurs. Dans ce cas, veuillez consulter la section de support correspondante de l&rsquo;entreprise d\u00e9veloppant le navigateur.<\/p>\n\n\n\n<ul class=\"wp-block-list\">\n<li><strong>Pour ajuster les autorisations li\u00e9es aux cookies dans le navigateur Google Chrome :<\/strong>\n<ul class=\"wp-block-list\">\n<li>Cliquez sur le menu situ\u00e9 dans la barre d&rsquo;outils.<\/li>\n\n\n\n<li>S\u00e9lectionnez \u00ab\u00a0Param\u00e8tres\u00a0\u00bb.<\/li>\n\n\n\n<li>Cliquez sur \u00ab\u00a0Afficher les options avanc\u00e9es\u00a0\u00bb.<\/li>\n\n\n\n<li>Dans la section \u00ab\u00a0Confidentialit\u00e9\u00a0\u00bb, cliquez sur le bouton \u00ab\u00a0Param\u00e8tres du contenu\u00a0\u00bb.<\/li>\n\n\n\n<li>Dans la section \u00ab\u00a0Cookies\u00a0\u00bb, vous pouvez configurer les options.<\/li>\n\n\n\n<li>Plus d&rsquo;informations sur <a href=\"https:\/\/support.google.com\/chrome\/answer\/95647?hl=ca\" target=\"_blank\" rel=\"noreferrer noopener\">Google Chrome.<\/a><\/li>\n<\/ul>\n<\/li>\n\n\n\n<li><strong>Pour ajuster les autorisations li\u00e9es aux cookies dans le navigateur Mozilla Firefox :<\/strong>\n<ul class=\"wp-block-list\">\n<li>Cliquez sur le menu en haut de la fen\u00eatre de Firefox.<\/li>\n\n\n\n<li>S\u00e9lectionnez \u00ab\u00a0Options\u00a0\u00bb.<\/li>\n\n\n\n<li>S\u00e9lectionnez l&rsquo;onglet \u00ab\u00a0Vie priv\u00e9e\u00a0\u00bb.<\/li>\n\n\n\n<li>Dans l&rsquo;option \u00ab\u00a0Firefox\u00a0\u00bb, vous pouvez choisir \u00ab\u00a0Utiliser une configuration personnalis\u00e9e pour l&rsquo;historique\u00a0\u00bb afin de configurer les options des cookies.<\/li>\n\n\n\n<li>Plus d&rsquo;informations sur <a href=\"https:\/\/support.mozilla.org\/ca\/kb\/enhanced-tracking-protection-firefox-desktop?redirectslug=enable-and-disable-cookies-website-preferences&amp;redirectlocale=en-US\" target=\"_blank\" rel=\"noreferrer noopener\">Mozilla Firefox.<\/a><\/li>\n<\/ul>\n<\/li>\n\n\n\n<li><strong>Pour ajuster les autorisations relatives aux cookies dans le navigateur Internet Explorer :<\/strong>\n<ul class=\"wp-block-list\">\n<li>En haut de la fen\u00eatre d&rsquo;Internet Explorer, cliquez sur le menu <strong>Outils<\/strong>.<\/li>\n\n\n\n<li>Allez dans l&rsquo;onglet S\u00e9curit\u00e9 et utilisez l&rsquo;option Supprimer l&rsquo;historique de navigation pour supprimer les cookies.<\/li>\n\n\n\n<li>Plus d&rsquo;informations sur <a href=\"https:\/\/support.microsoft.com\/es-es\/windows\/administrar-cookies-en-microsoft-edge-ver-permitir-bloquear-eliminar-y-usar-168dab11-0753-043d-7c16-ede5947fc64d\" target=\"_blank\" rel=\"noreferrer noopener\">Internet Explorer.<\/a><\/li>\n<\/ul>\n<\/li>\n<\/ul>\n<\/div><\/div>\n\n<\/div><\/div>","protected":false},"excerpt":{"rendered":"<p>Ce site web utilise des cookies. Les cookies sont de petits fichiers texte dans lesquels les navigateurs stockent des informations lors des visites sur les pages web. Les cookies peuvent collecter des donn\u00e9es telles que l&rsquo;adresse IP, l&rsquo;adresse web visit\u00e9e, le syst\u00e8me d&rsquo;exploitation, la langue de navigation, ainsi que d&rsquo;autres informations. Ces informations ne sont&#8230;<\/p>\n","protected":false},"author":1,"featured_media":0,"parent":0,"menu_order":0,"comment_status":"closed","ping_status":"closed","template":"","meta":{"_acf_changed":false,"_kad_blocks_custom_css":"","_kad_blocks_head_custom_js":"","_kad_blocks_body_custom_js":"","_kad_blocks_footer_custom_js":"","_kad_post_transparent":"","_kad_post_title":"show","_kad_post_layout":"","_kad_post_sidebar_id":"","_kad_post_content_style":"","_kad_post_vertical_padding":"","_kad_post_feature":"","_kad_post_feature_position":"","_kad_post_header":false,"_kad_post_footer":false,"_kad_post_classname":"","footnotes":""},"class_list":["post-33482","page","type-page","status-publish","hentry"],"acf":[],"taxonomy_info":[],"featured_image_src_large":false,"author_info":{"display_name":"09254GP","author_link":"https:\/\/www.geoparcorigens.cat\/fr\/author\/administrador\/"},"comment_info":0,"_links":{"self":[{"href":"https:\/\/www.geoparcorigens.cat\/fr\/wp-json\/wp\/v2\/pages\/33482","targetHints":{"allow":["GET"]}}],"collection":[{"href":"https:\/\/www.geoparcorigens.cat\/fr\/wp-json\/wp\/v2\/pages"}],"about":[{"href":"https:\/\/www.geoparcorigens.cat\/fr\/wp-json\/wp\/v2\/types\/page"}],"author":[{"embeddable":true,"href":"https:\/\/www.geoparcorigens.cat\/fr\/wp-json\/wp\/v2\/users\/1"}],"replies":[{"embeddable":true,"href":"https:\/\/www.geoparcorigens.cat\/fr\/wp-json\/wp\/v2\/comments?post=33482"}],"version-history":[{"count":0,"href":"https:\/\/www.geoparcorigens.cat\/fr\/wp-json\/wp\/v2\/pages\/33482\/revisions"}],"wp:attachment":[{"href":"https:\/\/www.geoparcorigens.cat\/fr\/wp-json\/wp\/v2\/media?parent=33482"}],"curies":[{"name":"wp","href":"https:\/\/api.w.org\/{rel}","templated":true}]}}