{"id":33483,"date":"2024-12-09T14:59:09","date_gmt":"2024-12-09T13:59:09","guid":{"rendered":"https:\/\/www.geoparcorigens.cat\/avis-legal\/"},"modified":"2025-02-13T10:16:37","modified_gmt":"2025-02-13T09:16:37","slug":"avis-legal","status":"publish","type":"page","link":"https:\/\/www.geoparcorigens.cat\/fr\/avis-legal\/","title":{"rendered":"Mentions l\u00e9gales"},"content":{"rendered":"<style>.kb-row-layout-id33483_218fe7-1a > .kt-row-column-wrap{align-content:start;}:where(.kb-row-layout-id33483_218fe7-1a > .kt-row-column-wrap) > .wp-block-kadence-column{justify-content:start;}.kb-row-layout-id33483_218fe7-1a > .kt-row-column-wrap{column-gap:var(--global-kb-gap-md, 2rem);row-gap:var(--global-kb-gap-none, 0rem );max-width:900px;margin-left:auto;margin-right:auto;padding-top:var(--global-kb-spacing-xxl, 5rem);padding-bottom:var(--global-kb-spacing-xxl, 5rem);grid-template-columns:minmax(0, 1fr);}.kb-row-layout-id33483_218fe7-1a > .kt-row-layout-overlay{opacity:0.30;}@media all and (max-width: 1024px){.kb-row-layout-id33483_218fe7-1a > .kt-row-column-wrap{grid-template-columns:minmax(0, 1fr);}}@media all and (max-width: 767px){.kb-row-layout-id33483_218fe7-1a > .kt-row-column-wrap{grid-template-columns:minmax(0, 1fr);}}<\/style><div class=\"kb-row-layout-wrap kb-row-layout-id33483_218fe7-1a alignfull wp-block-kadence-rowlayout\"><div class=\"kt-row-column-wrap kt-has-1-columns kt-row-layout-equal kt-tab-layout-inherit kt-mobile-layout-row kt-row-valign-top\">\n<style>.kadence-column33483_683476-3c > .kt-inside-inner-col,.kadence-column33483_683476-3c > .kt-inside-inner-col:before{border-top-left-radius:0px;border-top-right-radius:0px;border-bottom-right-radius:0px;border-bottom-left-radius:0px;}.kadence-column33483_683476-3c > .kt-inside-inner-col{column-gap:var(--global-kb-gap-sm, 1rem);}.kadence-column33483_683476-3c > .kt-inside-inner-col{flex-direction:column;}.kadence-column33483_683476-3c > .kt-inside-inner-col > .aligncenter{width:100%;}.kadence-column33483_683476-3c > .kt-inside-inner-col:before{opacity:0.3;}.kadence-column33483_683476-3c{position:relative;}@media all and (max-width: 1024px){.kadence-column33483_683476-3c > .kt-inside-inner-col{flex-direction:column;justify-content:center;}}@media all and (max-width: 767px){.kadence-column33483_683476-3c > .kt-inside-inner-col{flex-direction:column;justify-content:center;}}<\/style>\n<div class=\"wp-block-kadence-column kadence-column33483_683476-3c\"><div class=\"kt-inside-inner-col\">\n<p>Cette page Web a \u00e9t\u00e9 cr\u00e9\u00e9e par l&rsquo;Association Geoparc Or\u00edgens, \u00e0 titre informatif. L\u2019acc\u00e8s \u00e0 cette page implique la connaissance et l\u2019acceptation des termes et conditions suivants.<\/p>\n\n\n\n<p>La langue originale de la politique de confidentialit\u00e9 est le catalan. En cas de divergence entre la version originale et la traduction, la version originale pr\u00e9vaudra.&nbsp;<\/p>\n\n\n\n<h2 class=\"wp-block-heading\">1. <strong>Propri\u00e9t\u00e9 du site web<\/strong><\/h2>\n\n\n\n<p>Le domaine <a href=\"https:\/\/www.geoparcorigens.cat\">www.geoparcorigens.cat<\/a> est enregistr\u00e9 au nom de l\u2019Associaci\u00f3 Geoparc Or\u00edgens, avec num\u00e9ro TVA G25807181 et si\u00e8ge sociale au C. Soldevila, 3, baixos, 25620 Tremp (Lleida).<\/p>\n\n\n\n<h2 class=\"wp-block-heading\">2. <strong>Propri\u00e9t\u00e9 intellectuelle de la page web<\/strong><\/h2>\n\n\n\n<p>L&rsquo;utilisateur acc\u00e8de volontairement \u00e0 ce site web. L&rsquo;acc\u00e8s et la navigation sur cette page impliquent l&rsquo;acceptation et la connaissance de ses mentions l\u00e9gales, des conditions et des conditions d&rsquo;utilisation. Le fait d&rsquo;acc\u00e9der n&rsquo;implique l\u2019existence d&rsquo;aucun type de relation commerciale entre l\u2019Associaci\u00f3 Geoparc Or\u00edgens et l&rsquo;utilisateur.<\/p>\n\n\n\n<p>L\u2019Associaci\u00f3 Geoparc Or\u00edgens n&rsquo;est pas responsable de l&rsquo;utilisation abusive du contenu de cette page web, \u00e9tant la seule responsabilit\u00e9 de la personne qui y acc\u00e8de ou l&rsquo;utilise. L\u2019Associaci\u00f3 Geoparc Or\u00edgens n&rsquo;assume aucune responsabilit\u00e9 non plus pour les informations contenues dans les pages web de tiers accessibles via des liens depuis la page www.geoparcorigens.cat. Ces liens sont fournis \u00e0 titre informatif. Dans le cas o\u00f9 L\u2019Associaci\u00f3 Geoparc Or\u00edgens prend connaissance que l&rsquo;activit\u00e9 ou l&rsquo;information contenue dans les pages accessibles \u00e0 partir de ces liens est ill\u00e9gale, constitue un d\u00e9lit ou peut nuire \u00e0 la propri\u00e9t\u00e9 ou aux droits de tiers susceptibles d&rsquo;\u00eatre indemnis\u00e9s, elle agira avec la diligence n\u00e9cessaire pour supprimer ou d\u00e9sactiver le lien correspondant dans les plus brefs d\u00e9lais.<\/p>\n\n\n\n<h2 class=\"wp-block-heading\">3. <strong>Contenu de la page web et liens<\/strong><\/h2>\n\n\n\n<p>L&rsquo;utilisateur acc\u00e8de volontairement \u00e0 ce site web. L&rsquo;acc\u00e8s et la navigation sur cette page impliquent l&rsquo;acceptation et la connaissance de ses mentions l\u00e9gales, des conditions et des conditions d&rsquo;utilisation. Le fait d&rsquo;acc\u00e9der n&rsquo;implique l\u2019existence d&rsquo;aucun type de relation commerciale entre l\u2019Associaci\u00f3 Geoparc Or\u00edgens et l&rsquo;utilisateur.<\/p>\n\n\n\n<p>L\u2019Associaci\u00f3 Geoparc Or\u00edgens n&rsquo;est pas responsable de l&rsquo;utilisation abusive du contenu de cette page web, \u00e9tant la seule responsabilit\u00e9 de la personne qui y acc\u00e8de ou l&rsquo;utilise. L\u2019Associaci\u00f3 Geoparc Or\u00edgens n&rsquo;assume aucune responsabilit\u00e9 non plus pour les informations contenues dans les pages web de tiers accessibles via des liens depuis la page www.geoparcorigens.cat. Ces liens sont fournis \u00e0 titre informatif. Dans le cas o\u00f9 L\u2019Associaci\u00f3 Geoparc Or\u00edgens prend connaissance que l&rsquo;activit\u00e9 ou l&rsquo;information contenue dans les pages accessibles \u00e0 partir de ces liens est ill\u00e9gale, constitue un d\u00e9lit ou peut nuire \u00e0 la propri\u00e9t\u00e9 ou aux droits de tiers susceptibles d&rsquo;\u00eatre indemnis\u00e9s, elle agira avec la diligence n\u00e9cessaire pour supprimer ou d\u00e9sactiver le lien correspondant dans les plus brefs d\u00e9lais.<\/p>\n\n\n\n<h2 class=\"wp-block-heading\">4. <strong>\u00c9change<\/strong> <strong>ou diffusion d\u2019informations<\/strong><\/h2>\n\n\n\n<p>L\u2019Associaci\u00f3 Geoparc Or\u00edgens d\u00e9cline toute responsabilit\u00e9 d\u00e9riv\u00e9e de l&rsquo;\u00e9change d&rsquo;informations entre les utilisateurs via sa page web. En particulier, l\u2019Associaci\u00f3 ne se fait pas responsable de l\u2019utilisation que pourraient en faire les mineurs dans le cas o\u00f9 les contenus accessibles pourraient heurter leur sensibilit\u00e9.<\/p>\n\n\n\n<h2 class=\"wp-block-heading\">5. <strong>Mise \u00e0 jour et modification de la page web<\/strong><\/h2>\n\n\n\n<p>L\u2019Associaci\u00f3 Geoparc Or\u00edgens se r\u00e9serve le droit de mettre \u00e0 jour, modifier ou \u00e9liminer les informations contenues dans la page web et sa configuration ou pr\u00e9sentation \u00e0 tout moment, sans avis pr\u00e9alable et sans assumer aucune responsabilit\u00e9 de ce fait.<\/p>\n\n\n\n<h2 class=\"wp-block-heading\">6. <strong><strong>Indications sur les aspects techniques<\/strong><\/strong><\/h2>\n\n\n\n<p>L\u2019Associaci\u00f3 Geoparc Or\u00edgens n&rsquo;assume aucune responsabilit\u00e9 qui pourrait d\u00e9couler de probl\u00e8mes techniques ou d&rsquo;erreurs dans l&rsquo;\u00e9quipement informatique, non imputables \u00e0 notre association, qui se produiraient lors de la connexion au r\u00e9seau internet, ou qui pourraient \u00eatre caus\u00e9es par des tiers \u00e0 travers des intrusions ill\u00e9gitimes au-del\u00e0 notre contr\u00f4le.<\/p>\n\n\n\n<p>L\u2019Associaci\u00f3 Geoparc Or\u00edgens ne garantit pas l&rsquo;absence de virus et autres \u00e9l\u00e9ments susceptibles de causer des dommages aux syst\u00e8mes informatiques, aux documents \u00e9lectroniques ou aux fichiers des utilisateurs pr\u00e9sents sur ce site web ou sur des sites web des tiers et, par cons\u00e9quent, n&rsquo;est pas responsable des dommages qui pourraient survenir en raison \u00e0 ces causes.<\/p>\n\n\n\n<p>L\u2019Associaci\u00f3 Geoparc Or\u00edgens est \u00e9galement exon\u00e9r\u00e9 de toute responsabilit\u00e9 pour les \u00e9ventuels dommages ou pertes que l&rsquo;utilisateur pourrait subir \u00e0 la suite d&rsquo;erreurs, de d\u00e9fauts ou d&rsquo;omissions dans les informations fournies lorsqu&rsquo;elles proviennent de sources tierces.<\/p>\n\n\n\n<h2 class=\"wp-block-heading\">7. <strong>Traitement de donn\u00e9es de l\u2019utilisateur<\/strong><\/h2>\n\n\n\n<p>Sans pr\u00e9judice de ce qui est indiqu\u00e9 dans chacun des formulaires de la page web, lorsque l&rsquo;utilisateur fournit ses donn\u00e9es personnelles, il autorise express\u00e9ment \u00e0 l\u2019Associaci\u00f3 Geoparc Or\u00edgens de traiter ses donn\u00e9es personnelles aux fins indiqu\u00e9es dans les m\u00eames formulaires.<\/p>\n\n\n\n<p>Les donn\u00e9es sont trait\u00e9es uniquement et exclusivement pour les services demand\u00e9s et les comp\u00e9tences de l\u2019Associaci\u00f3 Geoparc Or\u00edgens, conform\u00e9ment \u00e0 la r\u00e9glementation en vigueur sur la protection des donn\u00e9es et la soci\u00e9t\u00e9 de l&rsquo;information. L&rsquo;utilisation des donn\u00e9es personnelles sera confidentielle.<\/p>\n\n\n\n<p>Pour plus de d\u00e9tails sur le traitement de donn\u00e9es effectu\u00e9, veuillez consulter notre politique de confidentialit\u00e9.<\/p>\n\n\n\n<h2 class=\"wp-block-heading\">8. Cookies<\/h2>\n\n\n\n<p>Ce site web peut utiliser des cookies, qui sont des petits fichiers contenant des donn\u00e9es qui se g\u00e9n\u00e8rent sur l\u2019ordinateur de l\u2019utilisateur et qui permettent d\u2019enregistrer la langue et le portail s\u00e9lectionn\u00e9s, ainsi que d\u2019autres caract\u00e9ristiques ou pr\u00e9f\u00e9rences de navigation de l\u2019utilisateur. Ces cookies ne sont ni invasifs ni nuisibles, et ne collectent pas de donn\u00e9es personnelles. Leur unique fonction est de personnaliser la navigation de la mani\u00e8re d\u00e9crite ci-dessus et d\u2019analyser l\u2019utilisation de la page web \u00e0 des fins de statistiques et d\u2019am\u00e9lioration du service. L\u2019utilisateur peut emp\u00eacher la g\u00e9n\u00e9ration des cookies en s\u00e9lectionnant l\u2019option correspondante dans son navigateur internet.<\/p>\n\n\n\n<h2 class=\"wp-block-heading\">9. <strong>L\u00e9gislation et juridiction applicables<\/strong><\/h2>\n\n\n\n<p>En g\u00e9n\u00e9ral, les relations avec nos clients qui d\u00e9coulent de la fourniture des services contenus dans cette page web sont soumises \u00e0 la l\u00e9gislation et \u00e0 la juridiction espagnole.<\/p>\n\n\n\n<p>Les utilisateurs de notre site web sont conscients de tout ce qui est expos\u00e9 et l&rsquo;acceptent volontairement.<\/p>\n<\/div><\/div>\n\n<\/div><\/div>","protected":false},"excerpt":{"rendered":"<p>Cette page Web a \u00e9t\u00e9 cr\u00e9\u00e9e par l&rsquo;Association Geoparc Or\u00edgens, \u00e0 titre informatif. L\u2019acc\u00e8s \u00e0 cette page implique la connaissance et l\u2019acceptation des termes et conditions suivants. La langue originale de la politique de confidentialit\u00e9 est le catalan. En cas de divergence entre la version originale et la traduction, la version originale pr\u00e9vaudra.&nbsp; 1. Propri\u00e9t\u00e9&#8230;<\/p>\n","protected":false},"author":1,"featured_media":0,"parent":0,"menu_order":0,"comment_status":"closed","ping_status":"closed","template":"","meta":{"_acf_changed":false,"_kad_blocks_custom_css":"","_kad_blocks_head_custom_js":"","_kad_blocks_body_custom_js":"","_kad_blocks_footer_custom_js":"","_kad_post_transparent":"","_kad_post_title":"","_kad_post_layout":"","_kad_post_sidebar_id":"","_kad_post_content_style":"","_kad_post_vertical_padding":"","_kad_post_feature":"","_kad_post_feature_position":"","_kad_post_header":false,"_kad_post_footer":false,"_kad_post_classname":"","footnotes":""},"class_list":["post-33483","page","type-page","status-publish","hentry"],"acf":[],"taxonomy_info":[],"featured_image_src_large":false,"author_info":{"display_name":"09254GP","author_link":"https:\/\/www.geoparcorigens.cat\/fr\/author\/administrador\/"},"comment_info":0,"_links":{"self":[{"href":"https:\/\/www.geoparcorigens.cat\/fr\/wp-json\/wp\/v2\/pages\/33483","targetHints":{"allow":["GET"]}}],"collection":[{"href":"https:\/\/www.geoparcorigens.cat\/fr\/wp-json\/wp\/v2\/pages"}],"about":[{"href":"https:\/\/www.geoparcorigens.cat\/fr\/wp-json\/wp\/v2\/types\/page"}],"author":[{"embeddable":true,"href":"https:\/\/www.geoparcorigens.cat\/fr\/wp-json\/wp\/v2\/users\/1"}],"replies":[{"embeddable":true,"href":"https:\/\/www.geoparcorigens.cat\/fr\/wp-json\/wp\/v2\/comments?post=33483"}],"version-history":[{"count":0,"href":"https:\/\/www.geoparcorigens.cat\/fr\/wp-json\/wp\/v2\/pages\/33483\/revisions"}],"wp:attachment":[{"href":"https:\/\/www.geoparcorigens.cat\/fr\/wp-json\/wp\/v2\/media?parent=33483"}],"curies":[{"name":"wp","href":"https:\/\/api.w.org\/{rel}","templated":true}]}}