{"id":33485,"date":"2024-12-09T14:34:47","date_gmt":"2024-12-09T13:34:47","guid":{"rendered":"https:\/\/www.geoparcorigens.cat\/cultura\/"},"modified":"2025-02-07T15:55:17","modified_gmt":"2025-02-07T14:55:17","slug":"cultura","status":"publish","type":"page","link":"https:\/\/www.geoparcorigens.cat\/fr\/cultura\/","title":{"rendered":"Culture"},"content":{"rendered":"<style>.kb-row-layout-id33485_c0ab9c-9e > .kt-row-column-wrap{align-content:start;}:where(.kb-row-layout-id33485_c0ab9c-9e > .kt-row-column-wrap) > .wp-block-kadence-column{justify-content:start;}.kb-row-layout-id33485_c0ab9c-9e > .kt-row-column-wrap{column-gap:var(--global-kb-gap-lg, 4rem);row-gap:var(--global-kb-gap-none, 0rem );max-width:var( --global-content-width, 1290px );padding-left:var(--global-content-edge-padding);padding-right:var(--global-content-edge-padding);padding-top:var(--global-kb-spacing-xxl, 5rem);padding-bottom:var(--global-kb-spacing-xxl, 5rem);grid-template-columns:repeat(2, minmax(0, 1fr));}.kb-row-layout-id33485_c0ab9c-9e > .kt-row-layout-overlay{opacity:0.30;}@media all and (max-width: 1024px){.kb-row-layout-id33485_c0ab9c-9e > .kt-row-column-wrap{padding-top:var(--global-kb-spacing-md, 2rem);padding-bottom:var(--global-kb-spacing-lg, 3rem);grid-template-columns:minmax(0, 1fr);}}@media all and (max-width: 767px){.kb-row-layout-id33485_c0ab9c-9e > .kt-row-column-wrap{padding-top:var(--global-kb-spacing-md, 2rem);grid-template-columns:minmax(0, 1fr);}}<\/style><div class=\"kb-row-layout-wrap kb-row-layout-id33485_c0ab9c-9e alignfull wp-block-kadence-rowlayout\"><div class=\"kt-row-column-wrap kt-has-2-columns kt-row-layout-equal kt-tab-layout-row kt-mobile-layout-row kt-row-valign-top kb-theme-content-width\">\n<style>.kadence-column33485_fbbc1a-69 > .kt-inside-inner-col,.kadence-column33485_fbbc1a-69 > .kt-inside-inner-col:before{border-top-left-radius:0px;border-top-right-radius:0px;border-bottom-right-radius:0px;border-bottom-left-radius:0px;}.kadence-column33485_fbbc1a-69 > .kt-inside-inner-col{column-gap:var(--global-kb-gap-sm, 1rem);}.kadence-column33485_fbbc1a-69 > .kt-inside-inner-col{flex-direction:column;}.kadence-column33485_fbbc1a-69 > .kt-inside-inner-col > .aligncenter{width:100%;}.kadence-column33485_fbbc1a-69 > .kt-inside-inner-col:before{opacity:0.3;}.kadence-column33485_fbbc1a-69{position:relative;}@media all and (max-width: 1024px){.kadence-column33485_fbbc1a-69 > .kt-inside-inner-col{flex-direction:column;justify-content:center;}}@media all and (max-width: 767px){.kadence-column33485_fbbc1a-69 > .kt-inside-inner-col{flex-direction:column;justify-content:center;}}<\/style>\n<div class=\"wp-block-kadence-column kadence-column33485_fbbc1a-69\"><div class=\"kt-inside-inner-col\"><style>.kb-table-of-content-nav.kb-table-of-content-id33485_abae9c-af .kb-table-of-content-wrap{margin-bottom:var(--global-kb-spacing-xl, 4rem);padding-top:var(--global-kb-spacing-sm, 1.5rem);padding-right:var(--global-kb-spacing-sm, 1.5rem);padding-bottom:var(--global-kb-spacing-lg, 3rem);padding-left:var(--global-kb-spacing-sm, 1.5rem);background-color:var(--global-palette1, #3182CE);border-top-left-radius:10px;border-top-right-radius:10px;border-bottom-right-radius:10px;border-bottom-left-radius:10px;}.kb-table-of-content-nav.kb-table-of-content-id33485_abae9c-af .kb-table-of-contents-title-wrap{padding-top:0px;padding-right:0px;padding-bottom:0px;padding-left:0px;}.kb-table-of-content-nav.kb-table-of-content-id33485_abae9c-af .kb-table-of-contents-title{font-weight:regular;font-style:normal;}.kb-table-of-content-nav.kb-table-of-content-id33485_abae9c-af .kb-table-of-content-wrap .kb-table-of-content-list{font-weight:regular;font-style:normal;margin-top:var(--global-kb-spacing-sm, 1.5rem);margin-right:0px;margin-bottom:0px;margin-left:0px;}.kb-table-of-content-nav.kb-table-of-content-id33485_abae9c-af .kb-toggle-icon-style-basiccircle .kb-table-of-contents-icon-trigger:after, .kb-table-of-content-nav.kb-table-of-content-id33485_abae9c-af .kb-toggle-icon-style-basiccircle .kb-table-of-contents-icon-trigger:before, .kb-table-of-content-nav.kb-table-of-content-id33485_abae9c-af .kb-toggle-icon-style-arrowcircle .kb-table-of-contents-icon-trigger:after, .kb-table-of-content-nav.kb-table-of-content-id33485_abae9c-af .kb-toggle-icon-style-arrowcircle .kb-table-of-contents-icon-trigger:before, .kb-table-of-content-nav.kb-table-of-content-id33485_abae9c-af .kb-toggle-icon-style-xclosecircle .kb-table-of-contents-icon-trigger:after, .kb-table-of-content-nav.kb-table-of-content-id33485_abae9c-af .kb-toggle-icon-style-xclosecircle .kb-table-of-contents-icon-trigger:before{background-color:var(--global-palette1, #3182CE);}<\/style>\n\n<style>.kb-row-layout-id33485_b20e2a-11 > .kt-row-column-wrap{align-content:start;}:where(.kb-row-layout-id33485_b20e2a-11 > .kt-row-column-wrap) > .wp-block-kadence-column{justify-content:start;}.kb-row-layout-id33485_b20e2a-11 > .kt-row-column-wrap{column-gap:var(--global-kb-gap-md, 2rem);row-gap:var(--global-kb-gap-md, 2rem);max-width:900px;margin-left:auto;margin-right:auto;padding-top:0px;padding-right:0px;padding-bottom:0px;padding-left:0px;grid-template-columns:minmax(0, 1fr);}.kb-row-layout-id33485_b20e2a-11 > .kt-row-layout-overlay{opacity:0.30;}@media all and (max-width: 1024px){.kb-row-layout-id33485_b20e2a-11 > .kt-row-column-wrap{grid-template-columns:minmax(0, 1fr);}}@media all and (max-width: 767px){.kb-row-layout-id33485_b20e2a-11 > .kt-row-column-wrap{grid-template-columns:minmax(0, 1fr);}}<\/style><div class=\"kb-row-layout-wrap kb-row-layout-id33485_b20e2a-11 alignnone wp-block-kadence-rowlayout\"><div class=\"kt-row-column-wrap kt-has-1-columns kt-row-layout-equal kt-tab-layout-inherit kt-mobile-layout-row kt-row-valign-top\">\n<style>.kadence-column33485_3cecc1-c4 > .kt-inside-inner-col,.kadence-column33485_3cecc1-c4 > .kt-inside-inner-col:before{border-top-left-radius:0px;border-top-right-radius:0px;border-bottom-right-radius:0px;border-bottom-left-radius:0px;}.kadence-column33485_3cecc1-c4 > .kt-inside-inner-col{column-gap:var(--global-kb-gap-sm, 1rem);}.kadence-column33485_3cecc1-c4 > .kt-inside-inner-col{flex-direction:column;}.kadence-column33485_3cecc1-c4 > .kt-inside-inner-col > .aligncenter{width:100%;}.kadence-column33485_3cecc1-c4 > .kt-inside-inner-col:before{opacity:0.3;}.kadence-column33485_3cecc1-c4{position:relative;}@media all and (max-width: 1024px){.kadence-column33485_3cecc1-c4 > .kt-inside-inner-col{flex-direction:column;justify-content:center;}}@media all and (max-width: 767px){.kadence-column33485_3cecc1-c4 > .kt-inside-inner-col{flex-direction:column;justify-content:center;}}<\/style>\n<div class=\"wp-block-kadence-column kadence-column33485_3cecc1-c4\"><div class=\"kt-inside-inner-col\"><\/div><\/div>\n\n\n<style>.kadence-column33485_a8cc81-7a > .kt-inside-inner-col,.kadence-column33485_a8cc81-7a > .kt-inside-inner-col:before{border-top-left-radius:0px;border-top-right-radius:0px;border-bottom-right-radius:0px;border-bottom-left-radius:0px;}.kadence-column33485_a8cc81-7a > .kt-inside-inner-col{column-gap:var(--global-kb-gap-sm, 1rem);}.kadence-column33485_a8cc81-7a > .kt-inside-inner-col{flex-direction:column;}.kadence-column33485_a8cc81-7a > .kt-inside-inner-col > .aligncenter{width:100%;}.kadence-column33485_a8cc81-7a > .kt-inside-inner-col:before{opacity:0.3;}.kadence-column33485_a8cc81-7a{position:relative;}@media all and (max-width: 1024px){.kadence-column33485_a8cc81-7a > .kt-inside-inner-col{flex-direction:column;justify-content:center;}}@media all and (max-width: 767px){.kadence-column33485_a8cc81-7a > .kt-inside-inner-col{flex-direction:column;justify-content:center;}}<\/style>\n<div class=\"wp-block-kadence-column kadence-column33485_a8cc81-7a\"><div class=\"kt-inside-inner-col\">\n<figure class=\"wp-block-image\"><img decoding=\"async\" src=\"https:\/\/www.geoparcorigens.cat\/wp-content\/uploads\/2020\/04\/restitucio_virtual_low.jpg\" alt=\"\" class=\"wp-image-8502\"\/><figcaption class=\"wp-element-caption\">Jaciments prehist\u00f2rics<\/figcaption><\/figure>\n<\/div><\/div>\n\n\n<style>.kadence-column33485_5ec09b-5e > .kt-inside-inner-col,.kadence-column33485_5ec09b-5e > .kt-inside-inner-col:before{border-top-left-radius:0px;border-top-right-radius:0px;border-bottom-right-radius:0px;border-bottom-left-radius:0px;}.kadence-column33485_5ec09b-5e > .kt-inside-inner-col{column-gap:var(--global-kb-gap-sm, 1rem);}.kadence-column33485_5ec09b-5e > .kt-inside-inner-col{flex-direction:column;}.kadence-column33485_5ec09b-5e > .kt-inside-inner-col > .aligncenter{width:100%;}.kadence-column33485_5ec09b-5e > .kt-inside-inner-col:before{opacity:0.3;}.kadence-column33485_5ec09b-5e{position:relative;}@media all and (max-width: 1024px){.kadence-column33485_5ec09b-5e > .kt-inside-inner-col{flex-direction:column;justify-content:center;}}@media all and (max-width: 767px){.kadence-column33485_5ec09b-5e > .kt-inside-inner-col{flex-direction:column;justify-content:center;}}<\/style>\n<div class=\"wp-block-kadence-column kadence-column33485_5ec09b-5e\"><div class=\"kt-inside-inner-col\"><\/div><\/div>\n\n<\/div><\/div><\/div><\/div>\n\n\n<style>.kadence-column33485_fe58cf-c2 > .kt-inside-inner-col,.kadence-column33485_fe58cf-c2 > .kt-inside-inner-col:before{border-top-left-radius:0px;border-top-right-radius:0px;border-bottom-right-radius:0px;border-bottom-left-radius:0px;}.kadence-column33485_fe58cf-c2 > .kt-inside-inner-col{column-gap:var(--global-kb-gap-sm, 1rem);}.kadence-column33485_fe58cf-c2 > .kt-inside-inner-col{flex-direction:column;}.kadence-column33485_fe58cf-c2 > .kt-inside-inner-col > .aligncenter{width:100%;}.kadence-column33485_fe58cf-c2 > .kt-inside-inner-col:before{opacity:0.3;}.kadence-column33485_fe58cf-c2{position:relative;}@media all and (max-width: 1024px){.kadence-column33485_fe58cf-c2 > .kt-inside-inner-col{flex-direction:column;justify-content:center;}}@media all and (max-width: 767px){.kadence-column33485_fe58cf-c2 > .kt-inside-inner-col{flex-direction:column;justify-content:center;}}<\/style>\n<div class=\"wp-block-kadence-column kadence-column33485_fe58cf-c2\"><div class=\"kt-inside-inner-col\">\n<p>Le G\u00e9oparc Or\u00edgens est synonyme de diversit\u00e9, tant en termes de patrimoine culturel mat\u00e9riel qu\u2019immat\u00e9riel.<\/p>\n\n\n\n<h2 class=\"wp-block-heading\"><strong>Patrimoine culturel mat\u00e9riel<\/strong><\/h2>\n\n\n\n<h3 class=\"wp-block-heading\"><strong>Sites pr\u00e9historiques et complexes m\u00e9galithiques<\/strong><\/h3>\n\n\n\n<ul class=\"wp-block-list\">\n<li>Peintures rupestres Patrimoine Mondial:\u00a0<a href=\"http:\/\/cultura.gencat.cat\/ca\/detall\/Articles\/Cova_del_Tabac_Camarasa_la_Noguera\" target=\"_blank\" rel=\"noreferrer noopener\">Peintures rupestres de la Cova del Tabac<\/a>\u00a0et\u00a0<a href=\"http:\/\/cultura.gencat.cat\/ca\/detall\/Articles\/Balma_del_Panta_Camarasa_la_Noguera\" target=\"_blank\" rel=\"noreferrer noopener\">Peintures rupestres de la Balma del Pant\u00e0<\/a>\u00a0\u00a0(Camarasa, La Noguera) et l\u2019<em>Home de Sant Gervas<\/em>\u00a0\u00e0 La Terreta (Pallars Juss\u00e0)<\/li>\n\n\n\n<li><a href=\"https:\/\/www.pallarsjussa.net\/ca\/patrimoni-cultural\/la-cova-de-les-llenes\" target=\"_blank\" rel=\"noreferrer noopener\">Grotte de les Llenes<\/a>\u00a0et\u00a0Grotte des Tritons dans les gorges d\u2019Eriny\u00e0 (Conca de Dalt, Pallars Juss\u00e0): vestiges de la vie n\u00e9andertalienne.<\/li>\n\n\n\n<li><a href=\"http:\/\/larocadelsbous.uab.cat\/fr\" target=\"_blank\" rel=\"noreferrer noopener\">Site arch\u00e9ologique de La Roca dels Bous<\/a>\u00a0(Sant Lloren\u00e7 de Montgai, La Noguera): traces de visites de N\u00e9andertaliens.<\/li>\n\n\n\n<li><a href=\"http:\/\/cepap.uab.cat\/en\/prehistory_abricpizarro\" target=\"_blank\" rel=\"noreferrer noopener\">Site arch\u00e9ologique de l\u2019Abric Pizarro<\/a>\u00a0\u00e0 Vilamajor (\u00c0ger, La Noguera): abris eet pi\u00e8ces similaires sans structures.<\/li>\n\n\n\n<li>Dolmens: Cabana de Castellars d\u2019en Pey, Cabana de la Mosquera, Cabana de Perauba, Dolmen d\u2019Esplanes i Dolmen de la Foleda (Pallars Sobir\u00e0)<\/li>\n\n\n\n<li>Dolmens: Casa Encantada,\u00a0Dolmen de Rosell, Cabana de Moros, M\u00e9galithe de Reguart (Pallars Juss\u00e0)<\/li>\n\n\n\n<li>Dolmen de Cogull\u00f3 (La Noguera)<\/li>\n<\/ul>\n\n\n\n<h3 class=\"wp-block-heading\"><strong>Vestiges romains<\/strong><\/h3>\n\n\n\n<ul class=\"wp-block-list\">\n<li><a href=\"http:\/\/www.parc-cretaci.com\/\" target=\"_blank\" rel=\"noreferrer noopener\">Ville romaine d\u2019Aeso<\/a>\u00a0(Isona i Conca Dell\u00e0, Pallars Juss\u00e0)<\/li>\n<\/ul>\n\n\n\n<h3 class=\"wp-block-heading\"><strong>Architecture m\u00e9di\u00e9vale<\/strong><\/h3>\n\n\n\n<p>Se distinguent les Biens Culturels d\u2019Int\u00e9r\u00eat National (BCIN) suivants:<\/p>\n\n\n\n<ul class=\"wp-block-list\">\n<li>BCIN\u00a0<a href=\"https:\/\/pallarsjussa.net\/fr\/patrimoine-culturel\/chateau-de-mur\" target=\"_blank\" rel=\"noreferrer noopener\">Complexe monumental du Castell de Mur<\/a>: ch\u00e2teau de Mur et coll\u00e9giale de Santa Maria de Mur (Castell de Mur, Pallars Juss\u00e0)<\/li>\n\n\n\n<li>BCIN\u00a0<a href=\"https:\/\/www.pallarsjussa.net\/fr\/patrimoine-culturel\/santa-maria-de-covet\" target=\"_blank\" rel=\"noreferrer noopener\">\u00c9glise de Santa Maria de Covet<\/a>\u00a0et\u00a0<a href=\"https:\/\/www.pallarsjussa.net\/fr\/patrimoine-culturel\/chateau-de-llorda\" target=\"_blank\" rel=\"noreferrer noopener\">ch\u00e2teau de Llord\u00e0<\/a>\u00a0(Isona i\u00a0Conca Dell\u00e0, Pallars Juss\u00e0)<\/li>\n\n\n\n<li>BCIN\u00a0<a href=\"https:\/\/www.ager.cat\/descobreix\/visites-a-la-col-legiata-i-al-casc-antic\" target=\"_blank\" rel=\"noreferrer noopener\">Complexe monumental de la Can\u00f2nica de Sant Pere<\/a>: enceinte fortifi\u00e9e de la Ville d\u2019\u00c0ger, ch\u00e2teau et d\u00e9pendances du monast\u00e8re canonique (\u00c0ger, La Noguera)<\/li>\n\n\n\n<li>BCIN\u00a0<a href=\"https:\/\/baixpallars.ddl.net\/turisme\/monestir-de-santa-maria\" target=\"_blank\" rel=\"noreferrer noopener\">Monast\u00e8re de Santa Maria de Gerri<\/a>\u00a0(Baix Pallars, Pallars Sobir\u00e0)<\/li>\n<\/ul>\n\n\n\n<h3 class=\"wp-block-heading\"><strong>Architecture moderniste<\/strong><\/h3>\n\n\n\n<ul class=\"wp-block-list\">\n<li><a href=\"https:\/\/www.lapobladesegur.cat\/en\/fer_visitar\/modernism\/\" target=\"_blank\" rel=\"noreferrer noopener\">Ensemble moderniste Casa Mauri<\/a><br>\u00a0(1903-1907): form\u00e9 par le Mol\u00ed de l\u2019Oli, la Casa Mauri, si\u00e8ge actuel de la mairie, et l\u2019ancien garage, aujourd\u2019hui Office de Tourisme (La Pobla de Segur, Pallars Juss\u00e0)<\/li>\n<\/ul>\n\n\n\n<h3 class=\"wp-block-heading\"><strong>Patrimoine industriel<\/strong><\/h3>\n\n\n\n<ul class=\"wp-block-list\">\n<li>Centrale hydro\u00e9lectrique de Capdella, premi\u00e8re centrale hydro\u00e9lectrique de Catalogne, qui peut \u00eatre visit\u00e9e \u00e0 travers le\u00a0<a href=\"http:\/\/www.vallfosca.net\/ca\/coses-per-fer-i-veure\/museu-hidroelectric-de-capdella\/\" target=\"_blank\" rel=\"noreferrer noopener\">Museu Hidroel\u00e8ctric de Capdella<\/a>\u00a0(Torre de Capdella, Pallars Juss\u00e0)<\/li>\n\n\n\n<li>Centrale hydro\u00e9lectrique de Talarn, qui peut \u00eatre visit\u00e9e \u00e0 travers l\u2019<a href=\"https:\/\/www.tremp.cat\/index_web.php?idwc=czo5OiJsYWNlbnRyYWwiOw==\" target=\"_blank\" rel=\"noreferrer noopener\">Espai Patrimonial La Central<\/a>\u00a0(Talarn, Pallars Juss\u00e0)<\/li>\n\n\n\n<li>Centrale hydro\u00e9lectrique de Camarasa (Camarasa, La Noguera)<\/li>\n<\/ul>\n\n\n\n<h3 class=\"wp-block-heading\"><strong>Espaces de m\u00e9moire<\/strong><\/h3>\n\n\n\n<p>Legs de la Guerre Civile espagnole, dont se distinguent:<\/p>\n\n\n\n<ul class=\"wp-block-list\">\n<li>Espaces du front du Segre \u2013\u00a0<a href=\"http:\/\/www.espaisdememoria.udl.cat\/?q=node\/52\" target=\"_blank\" rel=\"noreferrer noopener\">El Merengue<\/a>\u00a0au Cap del Pont de Balaguer, visites g\u00e9r\u00e9es par\u00a0<a href=\"http:\/\/espaiorigens.es\/a-les-trinxeres-el-merengue-tauletes-digitals\/\" target=\"_blank\" rel=\"noreferrer noopener\">Espai Or\u00edgens<\/a>\u00a0(Camarasa, La Noguera)<\/li>\n\n\n\n<li>Le\u00a0<a href=\"http:\/\/www.espaisdememoria.udl.cat\/?q=node\/643\" target=\"_blank\" rel=\"noreferrer noopener\">front r\u00e9publicain de La Posa<\/a>\u00a0(Isona i Conca Dell\u00e0, Pallars Juss\u00e0)<\/li>\n<\/ul>\n<\/div><\/div>\n\n<\/div><\/div>\n\n<style>.kb-row-layout-id33485_8850a9-e0 > .kt-row-column-wrap{align-content:start;}:where(.kb-row-layout-id33485_8850a9-e0 > .kt-row-column-wrap) > .wp-block-kadence-column{justify-content:start;}.kb-row-layout-id33485_8850a9-e0 > .kt-row-column-wrap{column-gap:var(--global-kb-gap-lg, 4rem);row-gap:var(--global-kb-gap-none, 0rem );max-width:var( --global-content-width, 1290px );padding-left:var(--global-content-edge-padding);padding-right:var(--global-content-edge-padding);padding-top:var(--global-kb-spacing-xxl, 5rem);padding-bottom:var(--global-kb-spacing-xxl, 5rem);grid-template-columns:repeat(2, minmax(0, 1fr));}.kb-row-layout-id33485_8850a9-e0 > .kt-row-layout-overlay{opacity:0.30;}@media all and (max-width: 1024px){.kb-row-layout-id33485_8850a9-e0 > .kt-row-column-wrap{column-gap:var(--global-kb-gap-md, 2rem);row-gap:var(--global-kb-gap-md, 2rem);padding-top:var(--global-kb-spacing-lg, 3rem);grid-template-columns:minmax(0, 1fr);}}@media all and (max-width: 767px){.kb-row-layout-id33485_8850a9-e0 > .kt-row-column-wrap{grid-template-columns:minmax(0, 1fr);}}<\/style><div class=\"kb-row-layout-wrap kb-row-layout-id33485_8850a9-e0 alignfull wp-block-kadence-rowlayout\"><div class=\"kt-row-column-wrap kt-has-2-columns kt-row-layout-equal kt-tab-layout-row kt-mobile-layout-row kt-row-valign-top kb-theme-content-width\">\n<style>.kadence-column33485_bff18d-6b > .kt-inside-inner-col,.kadence-column33485_bff18d-6b > .kt-inside-inner-col:before{border-top-left-radius:0px;border-top-right-radius:0px;border-bottom-right-radius:0px;border-bottom-left-radius:0px;}.kadence-column33485_bff18d-6b > .kt-inside-inner-col{column-gap:var(--global-kb-gap-sm, 1rem);}.kadence-column33485_bff18d-6b > .kt-inside-inner-col{flex-direction:column;}.kadence-column33485_bff18d-6b > .kt-inside-inner-col > .aligncenter{width:100%;}.kadence-column33485_bff18d-6b > .kt-inside-inner-col:before{opacity:0.3;}.kadence-column33485_bff18d-6b{position:relative;}@media all and (max-width: 1024px){.kadence-column33485_bff18d-6b > .kt-inside-inner-col{flex-direction:column;justify-content:center;}}@media all and (max-width: 767px){.kadence-column33485_bff18d-6b > .kt-inside-inner-col{flex-direction:column;justify-content:center;}}<\/style>\n<div class=\"wp-block-kadence-column kadence-column33485_bff18d-6b\"><div class=\"kt-inside-inner-col\">\n<figure class=\"wp-block-image\"><img decoding=\"async\" src=\"https:\/\/www.geoparcorigens.cat\/wp-content\/uploads\/2020\/04\/20131031-_MG_9194_LLibert-Cases-scaled.jpg\" alt=\"\" class=\"wp-image-8490\"\/><figcaption class=\"wp-element-caption\">Reserva Starlight<\/figcaption><\/figure>\n\n\n\n<figure class=\"wp-block-image\"><img decoding=\"async\" src=\"https:\/\/www.geoparcorigens.cat\/wp-content\/uploads\/2020\/04\/FOTO-08_geganta_real-vs-dibuix-01-scaled.jpg\" alt=\"\" class=\"wp-image-8530\"\/><figcaption class=\"wp-element-caption\">La geganta adormida<\/figcaption><\/figure>\n<\/div><\/div>\n\n\n<style>.kadence-column33485_dede4f-67 > .kt-inside-inner-col,.kadence-column33485_dede4f-67 > .kt-inside-inner-col:before{border-top-left-radius:0px;border-top-right-radius:0px;border-bottom-right-radius:0px;border-bottom-left-radius:0px;}.kadence-column33485_dede4f-67 > .kt-inside-inner-col{column-gap:var(--global-kb-gap-sm, 1rem);}.kadence-column33485_dede4f-67 > .kt-inside-inner-col{flex-direction:column;}.kadence-column33485_dede4f-67 > .kt-inside-inner-col > .aligncenter{width:100%;}.kadence-column33485_dede4f-67 > .kt-inside-inner-col:before{opacity:0.3;}.kadence-column33485_dede4f-67{position:relative;}@media all and (max-width: 1024px){.kadence-column33485_dede4f-67 > .kt-inside-inner-col{flex-direction:column;justify-content:center;}}@media all and (max-width: 767px){.kadence-column33485_dede4f-67 > .kt-inside-inner-col{flex-direction:column;justify-content:center;}}<\/style>\n<div class=\"wp-block-kadence-column kadence-column33485_dede4f-67\"><div class=\"kt-inside-inner-col\">\n<h2 class=\"wp-block-heading\"><strong>Patrimoine culturel immat\u00e9riel<\/strong><\/h2>\n\n\n\n<h3 class=\"wp-block-heading\"><strong>R\u00e9servation Starlight et certificat de Destination Touristique<\/strong><\/h3>\n\n\n\n<ul class=\"wp-block-list\">\n<li>En 2013, la sierra du Montsec et ses environs, une zone de 24 municipalit\u00e9s, dont certaines font partie du G\u00e9oparc, a \u00e9t\u00e9 certifi\u00e9e comme Destination Touristique, en m\u00eame temps que 11 municipalit\u00e9s ont re\u00e7u le badge R\u00e9serve Starlight, la d\u00e9signation de la plus haute qualit\u00e9 pour les\u00a0<a href=\"https:\/\/www.parcastronomic.cat\/un-cel-starlight?lang=fr\" target=\"_blank\" rel=\"noreferrer noopener\">ciels sombres<\/a>.<\/li>\n\n\n\n<li>Le Parc National d\u2019Aig\u00fcestortes i Estany de Sant Maurici a re\u00e7u la\u00a0<a href=\"https:\/\/parcsnaturals.gencat.cat\/ca\/xarxa-de-parcs\/aiguestortes\/coneix-la-nostra-feina\/instruments-de-planificacio\/reserva-i-destinacio-turistica-starlight\/index.html\" target=\"_blank\" rel=\"noreferrer noopener\">certification<\/a>\u00a0en 2018.<\/li>\n<\/ul>\n\n\n\n<p>Cette certification est g\u00e9r\u00e9e par la Fondation Starlight suite aux accords de la Starlight Initiative et de la D\u00e9claration de La Palma (2007). D\u2019une part, l\u2019initiative b\u00e9n\u00e9ficie du soutien de l\u2019UNESCO, de l\u2019Organisation mondiale du tourisme et de l\u2019Union astronomique internationale, entre autres. D\u2019autre part, dans la D\u00e9claration de La Palma, le ciel nocturne est d\u00e9fini comme un patrimoine culturel, scientifique et historique, et il est reconnu que l\u2019observation du ciel est un \u00e9l\u00e9ment cl\u00e9 de notre connaissance. La D\u00e9claration promeut l\u2019\u00e9ducation bas\u00e9e sur ces id\u00e9es et le tourisme durable comme outil de communication sur la pr\u00e9servation du ciel nocturne.<\/p>\n\n\n\n<h3 class=\"wp-block-heading\">Falles del Pirineu<\/h3>\n\n\n\n<p>Les\u00a0<strong>torches des Pyr\u00e9n\u00e9es<\/strong>\u00a0sont\u00a0<a href=\"https:\/\/ich.unesco.org\/fr\/RL\/les-ftes-du-feu-du-solstice-d-t-dans-les-pyrnes-01073?RL=01073\" target=\"_blank\" rel=\"noreferrer noopener\">Patrimoine Immat\u00e9riel de l\u2019Humanit\u00e9<\/a><br>\u00a0depuis 2015. Les F\u00eates du Feu du Solstice d\u2019\u00c9t\u00e9 des Pyr\u00e9n\u00e9es rassemblent 63 c\u00e9l\u00e9brations, dont Les Falles de La Pobla de Segur, dans le G\u00e9oparc Or\u00edgens.<\/p>\n\n\n\n<h3 class=\"wp-block-heading\">Festa dels Raiers<\/h3>\n\n\n\n<p>La\u00a0<strong>f\u00eate des Raiers<\/strong>, qui conserve la m\u00e9moire d\u2019un m\u00e9tier historique, a \u00e9galement \u00e9t\u00e9 d\u00e9clar\u00e9e\u00a0<a href=\"https:\/\/ich.unesco.org\/fr\/RL\/le-radelage-01866?RL=01866\" target=\"_blank\" rel=\"noreferrer noopener\">Patrimoine Immat\u00e9riel de l\u2019Humanit\u00e9<\/a><br>\u00a0en 2022. Il y a des d\u00e9cennies, le bois extrait des for\u00eats \u00e9tait transport\u00e9 par les fleuves des Pyr\u00e9n\u00e9es vers les grandes villes par radeaux. Cet ancien commerce est actuellement comm\u00e9mor\u00e9 dans les communes du G\u00e9oparc de Pont de Claverol (Pallars Juss\u00e0) et Coll de Narg\u00f3 (Alt Urgell).<\/p>\n\n\n\n<h3 class=\"wp-block-heading\"><strong>Mythes et l\u00e9gendes li\u00e9s au patrimoine g\u00e9ologique<\/strong><\/h3>\n\n\n\n<ul class=\"wp-block-list\">\n<li>Estacador del Diable (Congost d\u2019Eriny\u00e0, Pallars Juss\u00e0)<\/li>\n\n\n\n<li>Cova del Serpent (Congost de Collegats, Pallars Juss\u00e0)<\/li>\n\n\n\n<li>Estanyobert (Cadolla, Pallars Juss\u00e0)<\/li>\n\n\n\n<li>Estany de Montcort\u00e8s (Pallars Sobir\u00e0)<\/li>\n\n\n\n<li>Cova d\u2019Esplugues (Conques, Pallars Juss\u00e0)<\/li>\n\n\n\n<li>Roca del Quart\u00e0 (La Pobleta de Bellve\u00ed, Pallars Juss\u00e0)<\/li>\n\n\n\n<li>Cova de Janes (Mont-ros, Pallars Juss\u00e0)<\/li>\n\n\n\n<li>Les Carantes (Biscarri, Pallars Juss\u00e0)<\/li>\n\n\n\n<li>La Geganta Adormida (Congost de Collegats, Baix Pallars)<\/li>\n\n\n\n<li>L\u2019Argenteria (Congost de Collegats, Baix Pallars)<\/li>\n\n\n\n<li>Barranc de l\u2019Infern (Congost de Collegats, Pallars Juss\u00e0)<\/li>\n\n\n\n<li>Monestir de Sant Pere de les Maleses (Congost de Collegats, Pallars Juss\u00e0)<\/li>\n\n\n\n<li>Els Minairons (Congost de Collegats, Pallars Juss\u00e0)<\/li>\n\n\n\n<li>Ermita de les Esplugues i Sant Roc (Estany gran de Basturs, Pallars Juss\u00e0)<\/li>\n<\/ul>\n<\/div><\/div>\n\n<\/div><\/div>","protected":false},"excerpt":{"rendered":"<p>Le G\u00e9oparc Or\u00edgens est synonyme de diversit\u00e9, tant en termes de patrimoine culturel mat\u00e9riel qu\u2019immat\u00e9riel. Patrimoine culturel mat\u00e9riel Sites pr\u00e9historiques et complexes m\u00e9galithiques Vestiges romains Architecture m\u00e9di\u00e9vale Se distinguent les Biens Culturels d\u2019Int\u00e9r\u00eat National (BCIN) suivants: Architecture moderniste Patrimoine industriel Espaces de m\u00e9moire Legs de la Guerre Civile espagnole, dont se distinguent: Patrimoine culturel immat\u00e9riel&#8230;<\/p>\n","protected":false},"author":1,"featured_media":0,"parent":0,"menu_order":0,"comment_status":"closed","ping_status":"closed","template":"","meta":{"_acf_changed":false,"_kad_blocks_custom_css":"","_kad_blocks_head_custom_js":"","_kad_blocks_body_custom_js":"","_kad_blocks_footer_custom_js":"","_kad_post_transparent":"","_kad_post_title":"show","_kad_post_layout":"","_kad_post_sidebar_id":"","_kad_post_content_style":"","_kad_post_vertical_padding":"","_kad_post_feature":"","_kad_post_feature_position":"","_kad_post_header":false,"_kad_post_footer":false,"_kad_post_classname":"","footnotes":""},"class_list":["post-33485","page","type-page","status-publish","hentry"],"acf":[],"taxonomy_info":[],"featured_image_src_large":false,"author_info":{"display_name":"09254GP","author_link":"https:\/\/www.geoparcorigens.cat\/fr\/author\/administrador\/"},"comment_info":0,"_links":{"self":[{"href":"https:\/\/www.geoparcorigens.cat\/fr\/wp-json\/wp\/v2\/pages\/33485","targetHints":{"allow":["GET"]}}],"collection":[{"href":"https:\/\/www.geoparcorigens.cat\/fr\/wp-json\/wp\/v2\/pages"}],"about":[{"href":"https:\/\/www.geoparcorigens.cat\/fr\/wp-json\/wp\/v2\/types\/page"}],"author":[{"embeddable":true,"href":"https:\/\/www.geoparcorigens.cat\/fr\/wp-json\/wp\/v2\/users\/1"}],"replies":[{"embeddable":true,"href":"https:\/\/www.geoparcorigens.cat\/fr\/wp-json\/wp\/v2\/comments?post=33485"}],"version-history":[{"count":0,"href":"https:\/\/www.geoparcorigens.cat\/fr\/wp-json\/wp\/v2\/pages\/33485\/revisions"}],"wp:attachment":[{"href":"https:\/\/www.geoparcorigens.cat\/fr\/wp-json\/wp\/v2\/media?parent=33485"}],"curies":[{"name":"wp","href":"https:\/\/api.w.org\/{rel}","templated":true}]}}