{"id":33487,"date":"2024-12-09T14:34:21","date_gmt":"2024-12-09T13:34:21","guid":{"rendered":"https:\/\/www.geoparcorigens.cat\/coves-i-carst\/"},"modified":"2025-02-07T15:47:00","modified_gmt":"2025-02-07T14:47:00","slug":"coves-i-carst","status":"publish","type":"page","link":"https:\/\/www.geoparcorigens.cat\/fr\/coves-i-carst\/","title":{"rendered":"Grottes et karst"},"content":{"rendered":"<style>.kb-row-layout-id33487_7b8cf6-a1 > .kt-row-column-wrap{align-content:start;}:where(.kb-row-layout-id33487_7b8cf6-a1 > .kt-row-column-wrap) > .wp-block-kadence-column{justify-content:start;}.kb-row-layout-id33487_7b8cf6-a1 > .kt-row-column-wrap{column-gap:var(--global-kb-gap-lg, 4rem);row-gap:var(--global-kb-gap-none, 0rem );max-width:var( --global-content-width, 1290px );padding-left:var(--global-content-edge-padding);padding-right:var(--global-content-edge-padding);padding-top:var(--global-kb-spacing-xxl, 5rem);padding-bottom:var(--global-kb-spacing-xxl, 5rem);grid-template-columns:minmax(0, 1fr) minmax(0, 2fr);}.kb-row-layout-id33487_7b8cf6-a1 > .kt-row-layout-overlay{opacity:0.30;}@media all and (max-width: 1024px){.kb-row-layout-id33487_7b8cf6-a1 > .kt-row-column-wrap{column-gap:var(--global-kb-gap-md, 2rem);row-gap:var(--global-kb-gap-md, 2rem);padding-top:var(--global-kb-spacing-md, 2rem);padding-bottom:var(--global-kb-spacing-lg, 3rem);grid-template-columns:minmax(0, 1fr);}}@media all and (max-width: 767px){.kb-row-layout-id33487_7b8cf6-a1 > .kt-row-column-wrap{padding-top:var(--global-kb-spacing-xs, 1rem);grid-template-columns:minmax(0, 1fr);}}<\/style><div class=\"kb-row-layout-wrap kb-row-layout-id33487_7b8cf6-a1 alignfull wp-block-kadence-rowlayout\"><div class=\"kt-row-column-wrap kt-has-2-columns kt-row-layout-right-golden kt-tab-layout-row kt-mobile-layout-row kt-row-valign-top kb-theme-content-width\">\n<style>.kadence-column33487_080be4-93 > .kt-inside-inner-col{padding-top:0px;}.kadence-column33487_080be4-93 > .kt-inside-inner-col,.kadence-column33487_080be4-93 > .kt-inside-inner-col:before{border-top-left-radius:0px;border-top-right-radius:0px;border-bottom-right-radius:0px;border-bottom-left-radius:0px;}.kadence-column33487_080be4-93 > .kt-inside-inner-col{column-gap:var(--global-kb-gap-sm, 1rem);}.kadence-column33487_080be4-93 > .kt-inside-inner-col{flex-direction:column;}.kadence-column33487_080be4-93 > .kt-inside-inner-col > .aligncenter{width:100%;}.kadence-column33487_080be4-93 > .kt-inside-inner-col:before{opacity:0.3;}.kadence-column33487_080be4-93{position:relative;}.kadence-column33487_080be4-93, .kt-inside-inner-col > .kadence-column33487_080be4-93:not(.specificity){margin-top:0px;}@media all and (max-width: 1024px){.kadence-column33487_080be4-93 > .kt-inside-inner-col{flex-direction:column;justify-content:center;}}@media all and (max-width: 767px){.kadence-column33487_080be4-93 > .kt-inside-inner-col{padding-top:var(--global-kb-spacing-xs, 1rem);flex-direction:column;justify-content:center;}}<\/style>\n<div class=\"wp-block-kadence-column kadence-column33487_080be4-93\"><div class=\"kt-inside-inner-col\"><style>.kb-table-of-content-nav.kb-table-of-content-id33487_597b56-15 .kb-table-of-content-wrap{margin-top:0px;padding-top:var(--global-kb-spacing-xxs, 0.5rem);padding-right:var(--global-kb-spacing-sm, 1.5rem);padding-bottom:var(--global-kb-spacing-sm, 1.5rem);padding-left:var(--global-kb-spacing-sm, 1.5rem);background-color:var(--global-palette1, #3182CE);border-top-left-radius:10px;border-top-right-radius:10px;border-bottom-right-radius:10px;border-bottom-left-radius:10px;}.kb-table-of-content-nav.kb-table-of-content-id33487_597b56-15 .kb-table-of-contents-title-wrap{padding-top:0px;padding-right:0px;padding-bottom:0px;padding-left:0px;}.kb-table-of-content-nav.kb-table-of-content-id33487_597b56-15 .kb-table-of-contents-title{font-weight:regular;font-style:normal;}.kb-table-of-content-nav.kb-table-of-content-id33487_597b56-15 .kb-table-of-content-wrap .kb-table-of-content-list{font-weight:regular;font-style:normal;margin-top:var(--global-kb-spacing-sm, 1.5rem);margin-right:0px;margin-bottom:0px;margin-left:0px;}.kb-table-of-content-nav.kb-table-of-content-id33487_597b56-15 .kb-toggle-icon-style-basiccircle .kb-table-of-contents-icon-trigger:after, .kb-table-of-content-nav.kb-table-of-content-id33487_597b56-15 .kb-toggle-icon-style-basiccircle .kb-table-of-contents-icon-trigger:before, .kb-table-of-content-nav.kb-table-of-content-id33487_597b56-15 .kb-toggle-icon-style-arrowcircle .kb-table-of-contents-icon-trigger:after, .kb-table-of-content-nav.kb-table-of-content-id33487_597b56-15 .kb-toggle-icon-style-arrowcircle .kb-table-of-contents-icon-trigger:before, .kb-table-of-content-nav.kb-table-of-content-id33487_597b56-15 .kb-toggle-icon-style-xclosecircle .kb-table-of-contents-icon-trigger:after, .kb-table-of-content-nav.kb-table-of-content-id33487_597b56-15 .kb-toggle-icon-style-xclosecircle .kb-table-of-contents-icon-trigger:before{background-color:var(--global-palette1, #3182CE);}<\/style><\/div><\/div>\n\n\n<style>.kadence-column33487_5984ff-48 > .kt-inside-inner-col,.kadence-column33487_5984ff-48 > .kt-inside-inner-col:before{border-top-left-radius:0px;border-top-right-radius:0px;border-bottom-right-radius:0px;border-bottom-left-radius:0px;}.kadence-column33487_5984ff-48 > .kt-inside-inner-col{column-gap:var(--global-kb-gap-sm, 1rem);}.kadence-column33487_5984ff-48 > .kt-inside-inner-col{flex-direction:column;}.kadence-column33487_5984ff-48 > .kt-inside-inner-col > .aligncenter{width:100%;}.kadence-column33487_5984ff-48 > .kt-inside-inner-col:before{opacity:0.3;}.kadence-column33487_5984ff-48{position:relative;}@media all and (max-width: 1024px){.kadence-column33487_5984ff-48 > .kt-inside-inner-col{flex-direction:column;justify-content:center;}}@media all and (max-width: 767px){.kadence-column33487_5984ff-48 > .kt-inside-inner-col{flex-direction:column;justify-content:center;}}<\/style>\n<div class=\"wp-block-kadence-column kadence-column33487_5984ff-48\"><div class=\"kt-inside-inner-col\">\n<p>A l\u2019occasion de l\u2019Ann\u00e9e internationale des Grottes et du Karst qui se d\u00e9roule durant l\u2019ann\u00e9e 2021 et 2022, deux cartes interactives sur ce sujet ont \u00e9t\u00e9 \u00e9dit\u00e9es.<\/p>\n\n\n\n<p>Ces cartes sont publi\u00e9es pendant la V Semaine des G\u00e9oparcs Europ\u00e9ens \u00ab&nbsp;Grottes et Karst&nbsp;\u00bb.<\/p>\n\n\n\n<p>Les cartes ont \u00e9t\u00e9 cr\u00e9\u00e9es via la plateforme Instamaps, de l\u2019ICGC.<\/p>\n\n\n<style>.kb-image33487_575949-f1:not(.kb-image-is-ratio-size) .kb-img, .kb-image33487_575949-f1.kb-image-is-ratio-size{padding-right:var(--global-kb-spacing-xs, 1rem);padding-left:var(--global-kb-spacing-xs, 1rem);}.kb-image33487_575949-f1 .kb-image-has-overlay:after{opacity:0.3;}<\/style>\n<figure class=\"wp-block-kadence-image kb-image33487_575949-f1\"><img decoding=\"async\" src=\"https:\/\/www.geoparcorigens.cat\/wp-content\/uploads\/2021\/04\/logo-iyck-uis.jpg\" alt=\"\" class=\"kb-img wp-image-12767\"\/><\/figure>\n<\/div><\/div>\n\n<\/div><\/div>\n\n<style>.kb-row-layout-id33487_7afc0f-84 > .kt-row-column-wrap{align-content:start;}:where(.kb-row-layout-id33487_7afc0f-84 > .kt-row-column-wrap) > .wp-block-kadence-column{justify-content:start;}.kb-row-layout-id33487_7afc0f-84 > .kt-row-column-wrap{column-gap:var(--global-kb-gap-lg, 4rem);row-gap:var(--global-kb-gap-none, 0rem );max-width:var( --global-content-width, 1290px );padding-left:var(--global-content-edge-padding);padding-right:var(--global-content-edge-padding);padding-top:var(--global-kb-spacing-xxl, 5rem);padding-bottom:var(--global-kb-spacing-xxl, 5rem);grid-template-columns:repeat(2, minmax(0, 1fr));}.kb-row-layout-id33487_7afc0f-84 > .kt-row-layout-overlay{opacity:0.30;}@media all and (max-width: 1024px){.kb-row-layout-id33487_7afc0f-84 > .kt-row-column-wrap{column-gap:var(--global-kb-gap-md, 2rem);row-gap:var(--global-kb-gap-md, 2rem);padding-top:var(--global-kb-spacing-lg, 3rem);padding-bottom:var(--global-kb-spacing-lg, 3rem);grid-template-columns:repeat(2, minmax(0, 1fr));}}@media all and (max-width: 767px){.kb-row-layout-id33487_7afc0f-84 > .kt-row-column-wrap{column-gap:var(--global-kb-gap-md, 2rem);row-gap:var(--global-kb-gap-md, 2rem);padding-top:var(--global-kb-spacing-lg, 3rem);grid-template-columns:minmax(0, 1fr);}.kb-row-layout-id33487_7afc0f-84 > .kt-row-column-wrap > .wp-block-kadence-column:nth-child(1 of *:not(style)){order:2;}.kb-row-layout-id33487_7afc0f-84 > .kt-row-column-wrap > .wp-block-kadence-column:nth-child(2 of *:not(style)){order:1;}.kb-row-layout-id33487_7afc0f-84 > .kt-row-column-wrap > .wp-block-kadence-column:nth-child(3 of *:not(style)){order:12;}.kb-row-layout-id33487_7afc0f-84 > .kt-row-column-wrap > .wp-block-kadence-column:nth-child(4 of *:not(style)){order:11;}.kb-row-layout-id33487_7afc0f-84 > .kt-row-column-wrap > .wp-block-kadence-column:nth-child(5 of *:not(style)){order:22;}.kb-row-layout-id33487_7afc0f-84 > .kt-row-column-wrap > .wp-block-kadence-column:nth-child(6 of *:not(style)){order:21;}.kb-row-layout-id33487_7afc0f-84 > .kt-row-column-wrap > .wp-block-kadence-column:nth-child(7 of *:not(style)){order:32;}.kb-row-layout-id33487_7afc0f-84 > .kt-row-column-wrap > .wp-block-kadence-column:nth-child(8 of *:not(style)){order:31;}}<\/style><div class=\"kb-row-layout-wrap kb-row-layout-id33487_7afc0f-84 alignfull wp-block-kadence-rowlayout\"><div class=\"kt-row-column-wrap kt-has-2-columns kt-row-layout-equal kt-tab-layout-inherit kt-mobile-layout-row kt-row-valign-top kb-theme-content-width\">\n<style>.kadence-column33487_210b67-8b > .kt-inside-inner-col,.kadence-column33487_210b67-8b > .kt-inside-inner-col:before{border-top-left-radius:0px;border-top-right-radius:0px;border-bottom-right-radius:0px;border-bottom-left-radius:0px;}.kadence-column33487_210b67-8b > .kt-inside-inner-col{column-gap:var(--global-kb-gap-sm, 1rem);}.kadence-column33487_210b67-8b > .kt-inside-inner-col{flex-direction:column;}.kadence-column33487_210b67-8b > .kt-inside-inner-col > .aligncenter{width:100%;}.kadence-column33487_210b67-8b > .kt-inside-inner-col:before{opacity:0.3;}.kadence-column33487_210b67-8b{position:relative;}@media all and (max-width: 1024px){.kadence-column33487_210b67-8b > .kt-inside-inner-col{flex-direction:column;justify-content:center;}}@media all and (max-width: 767px){.kadence-column33487_210b67-8b > .kt-inside-inner-col{flex-direction:column;justify-content:center;}}<\/style>\n<div class=\"wp-block-kadence-column kadence-column33487_210b67-8b\"><div class=\"kt-inside-inner-col\">\n<div style=\"height: 75vh; width: 100%; margin: auto;\"><iframe loading=\"lazy\" width=\"100%\" height=\"100%\" frameborder=\"0\" scrolling=\"no\" marginheight=\"0\" marginwidth=\"0\" src=\"https:\/\/www.instamaps.cat\/visor.html?businessid=826132a755d47ec8e42e8e52b660bc4c&amp;3D=false&amp;embed=1\"><\/iframe><\/div>\n\n\n\n<div style=\"height:40px\" aria-hidden=\"true\" class=\"wp-block-spacer\"><\/div>\n\n\n\n<p class=\"has-small-font-size\">Lors de la s\u00e9lection d\u2019un point, les informations associ\u00e9es \u00e0 chaque image apparaissent dans la barre lat\u00e9rale droite. En cliquant sur l\u2019image miniature, celle-ci s\u2019ouvre et s\u2019affiche en plein \u00e9cran.<\/p>\n\n\n\n<p class=\"has-small-font-size\">Sur le c\u00f4t\u00e9 gauche, vous pouvez modifier la carte d\u2019arri\u00e8re-plan. Vous pouvez \u00e9galement faire d\u00e9filer ou zoomer plus ou moins avec la souris.<\/p>\n<\/div><\/div>\n\n\n<style>.kadence-column33487_60fbb2-84 > .kt-inside-inner-col,.kadence-column33487_60fbb2-84 > .kt-inside-inner-col:before{border-top-left-radius:0px;border-top-right-radius:0px;border-bottom-right-radius:0px;border-bottom-left-radius:0px;}.kadence-column33487_60fbb2-84 > .kt-inside-inner-col{column-gap:var(--global-kb-gap-sm, 1rem);}.kadence-column33487_60fbb2-84 > .kt-inside-inner-col{flex-direction:column;}.kadence-column33487_60fbb2-84 > .kt-inside-inner-col > .aligncenter{width:100%;}.kadence-column33487_60fbb2-84 > .kt-inside-inner-col:before{opacity:0.3;}.kadence-column33487_60fbb2-84{position:relative;}@media all and (max-width: 1024px){.kadence-column33487_60fbb2-84 > .kt-inside-inner-col{flex-direction:column;justify-content:center;}}@media all and (max-width: 767px){.kadence-column33487_60fbb2-84 > .kt-inside-inner-col{flex-direction:column;justify-content:center;}}<\/style>\n<div class=\"wp-block-kadence-column kadence-column33487_60fbb2-84\"><div class=\"kt-inside-inner-col\">\n<h2 class=\"wp-block-heading\"><strong>Le G\u00e9oparc Or\u00edgens souterrain<\/strong><\/h2>\n\n\n\n<p>Le G\u00e9oparc mondial UNESCO Or\u00edgens, en collaboration avec la Societat d\u2019Amics de la Muntanya et la F\u00e9d\u00e9ration catalane de sp\u00e9l\u00e9ologie, pr\u00e9sente une exposition de photographies qui illustrent la richesse de ce patrimoine souterrain dans le G\u00e9oparc.<\/p>\n\n\n\n<p>Dans le G\u00e9oparc, il existe de nombreux exemples de formations karstiques r\u00e9sultant de la dissolution de roches calcaires ou \u00e0 forte teneur en carbonate de calcium et de la pr\u00e9cipitation de ce compos\u00e9.<\/p>\n\n\n\n<p>Il y a des ravins, des gorges ou des sources qui forment, par exemple, des cascades et des d\u00f4mes de tuf calcaire comme ceux que l\u2019on peut voir \u00e0 Rivert ou dans les Estanys de Basturs. Mais les formations les plus connues sont peut-\u00eatre les grottes, et dans le g\u00e9oparc, nous en trouvons de nombreuses et tr\u00e8s diverses.<\/p>\n\n\n\n<p>Ces formations attirent depuis de nombreuses ann\u00e9es des grimpeurs et des sp\u00e9l\u00e9ologues du monde entier qui exercent leurs activit\u00e9s, qui font partie des valeurs propres du G\u00e9oparc, o\u00f9 le patrimoine g\u00e9ologique est utilis\u00e9 comme moteur d\u2019un d\u00e9veloppement local durable.<\/p>\n\n\n\n<p>Ce pr\u00e9cieux patrimoine est irrempla\u00e7able et sa pr\u00e9servation rel\u00e8ve de la responsabilit\u00e9 de chacun.<\/p>\n\n\n\n<p>Les informations sur la carte ont \u00e9t\u00e9 fournies par la SAM.<\/p>\n\n\n<style>.kb-row-layout-id33487_f7f59a-42 > .kt-row-column-wrap{align-content:center;}:where(.kb-row-layout-id33487_f7f59a-42 > .kt-row-column-wrap) > .wp-block-kadence-column{justify-content:center;}.kb-row-layout-id33487_f7f59a-42 > .kt-row-column-wrap{column-gap:var(--global-kb-gap-md, 2rem);row-gap:var(--global-kb-gap-none, 0rem );padding-top:0px;padding-right:var(--global-kb-spacing-xs, 1rem);padding-bottom:0px;padding-left:var(--global-kb-spacing-xs, 1rem);grid-template-columns:repeat(2, minmax(0, 1fr));}.kb-row-layout-id33487_f7f59a-42 > .kt-row-layout-overlay{opacity:0.30;}@media all and (max-width: 1024px){.kb-row-layout-id33487_f7f59a-42 > .kt-row-column-wrap{grid-template-columns:repeat(2, minmax(0, 1fr));}}@media all and (max-width: 767px){.kb-row-layout-id33487_f7f59a-42 > .kt-row-column-wrap{grid-template-columns:minmax(0, 1fr);}}<\/style><div class=\"kb-row-layout-wrap kb-row-layout-id33487_f7f59a-42 alignnone wp-block-kadence-rowlayout\"><div class=\"kt-row-column-wrap kt-has-2-columns kt-row-layout-equal kt-tab-layout-inherit kt-mobile-layout-row kt-row-valign-middle\">\n<style>.kadence-column33487_f670d0-05 > .kt-inside-inner-col,.kadence-column33487_f670d0-05 > .kt-inside-inner-col:before{border-top-left-radius:0px;border-top-right-radius:0px;border-bottom-right-radius:0px;border-bottom-left-radius:0px;}.kadence-column33487_f670d0-05 > .kt-inside-inner-col{column-gap:var(--global-kb-gap-sm, 1rem);}.kadence-column33487_f670d0-05 > .kt-inside-inner-col{flex-direction:column;}.kadence-column33487_f670d0-05 > .kt-inside-inner-col > .aligncenter{width:100%;}.kadence-column33487_f670d0-05 > .kt-inside-inner-col:before{opacity:0.3;}.kadence-column33487_f670d0-05{position:relative;}@media all and (max-width: 1024px){.kadence-column33487_f670d0-05 > .kt-inside-inner-col{flex-direction:column;justify-content:center;}}@media all and (max-width: 767px){.kadence-column33487_f670d0-05 > .kt-inside-inner-col{flex-direction:column;justify-content:center;}}<\/style>\n<div class=\"wp-block-kadence-column kadence-column33487_f670d0-05\"><div class=\"kt-inside-inner-col\">\n<figure class=\"wp-block-image\"><a href=\"https:\/\/www.tremp.cat\/index_web.php?idwc=czozOiJzYW0iOw==\" target=\"_blank\" rel=\"noreferrer noopener\"><img decoding=\"async\" src=\"https:\/\/www.geoparcorigens.cat\/wp-content\/uploads\/2021\/05\/SAM_logo_blanc-1024x1021.jpg\" alt=\"\" class=\"wp-image-12858\"\/><\/a><\/figure>\n<\/div><\/div>\n\n\n<style>.kadence-column33487_2409a5-66 > .kt-inside-inner-col,.kadence-column33487_2409a5-66 > .kt-inside-inner-col:before{border-top-left-radius:0px;border-top-right-radius:0px;border-bottom-right-radius:0px;border-bottom-left-radius:0px;}.kadence-column33487_2409a5-66 > .kt-inside-inner-col{column-gap:var(--global-kb-gap-sm, 1rem);}.kadence-column33487_2409a5-66 > .kt-inside-inner-col{flex-direction:column;}.kadence-column33487_2409a5-66 > .kt-inside-inner-col > .aligncenter{width:100%;}.kadence-column33487_2409a5-66 > .kt-inside-inner-col:before{opacity:0.3;}.kadence-column33487_2409a5-66{position:relative;}@media all and (max-width: 1024px){.kadence-column33487_2409a5-66 > .kt-inside-inner-col{flex-direction:column;justify-content:center;}}@media all and (max-width: 767px){.kadence-column33487_2409a5-66 > .kt-inside-inner-col{flex-direction:column;justify-content:center;}}<\/style>\n<div class=\"wp-block-kadence-column kadence-column33487_2409a5-66\"><div class=\"kt-inside-inner-col\">\n<figure class=\"wp-block-image\"><a href=\"https:\/\/www.espeleologia.cat\/\" target=\"_blank\" rel=\"noreferrer noopener\"><img decoding=\"async\" src=\"https:\/\/www.geoparcorigens.cat\/wp-content\/uploads\/2021\/05\/02_fce-1024x454.jpg\" alt=\"\" class=\"wp-image-12862\"\/><\/a><\/figure>\n<\/div><\/div>\n\n<\/div><\/div><\/div><\/div>\n\n<\/div><\/div>\n\n<style>.kb-row-layout-id33487_5c5f63-58 > .kt-row-column-wrap{align-content:start;}:where(.kb-row-layout-id33487_5c5f63-58 > .kt-row-column-wrap) > .wp-block-kadence-column{justify-content:start;}.kb-row-layout-id33487_5c5f63-58 > .kt-row-column-wrap{column-gap:var(--global-kb-gap-lg, 4rem);row-gap:var(--global-kb-gap-none, 0rem );max-width:var( --global-content-width, 1290px );padding-left:var(--global-content-edge-padding);padding-right:var(--global-content-edge-padding);padding-top:var(--global-kb-spacing-xxl, 5rem);padding-bottom:var(--global-kb-spacing-xxl, 5rem);grid-template-columns:repeat(2, minmax(0, 1fr));}.kb-row-layout-id33487_5c5f63-58 > .kt-row-layout-overlay{opacity:0.30;}@media all and (max-width: 1024px){.kb-row-layout-id33487_5c5f63-58 > .kt-row-column-wrap{padding-top:var(--global-kb-spacing-lg, 3rem);padding-bottom:var(--global-kb-spacing-lg, 3rem);grid-template-columns:repeat(2, minmax(0, 1fr));}}@media all and (max-width: 767px){.kb-row-layout-id33487_5c5f63-58 > .kt-row-column-wrap{column-gap:var(--global-kb-gap-md, 2rem);row-gap:var(--global-kb-gap-md, 2rem);grid-template-columns:minmax(0, 1fr);}.kb-row-layout-id33487_5c5f63-58 > .kt-row-column-wrap > .wp-block-kadence-column:nth-child(1 of *:not(style)){order:2;}.kb-row-layout-id33487_5c5f63-58 > .kt-row-column-wrap > .wp-block-kadence-column:nth-child(2 of *:not(style)){order:1;}.kb-row-layout-id33487_5c5f63-58 > .kt-row-column-wrap > .wp-block-kadence-column:nth-child(3 of *:not(style)){order:12;}.kb-row-layout-id33487_5c5f63-58 > .kt-row-column-wrap > .wp-block-kadence-column:nth-child(4 of *:not(style)){order:11;}.kb-row-layout-id33487_5c5f63-58 > .kt-row-column-wrap > .wp-block-kadence-column:nth-child(5 of *:not(style)){order:22;}.kb-row-layout-id33487_5c5f63-58 > .kt-row-column-wrap > .wp-block-kadence-column:nth-child(6 of *:not(style)){order:21;}.kb-row-layout-id33487_5c5f63-58 > .kt-row-column-wrap > .wp-block-kadence-column:nth-child(7 of *:not(style)){order:32;}.kb-row-layout-id33487_5c5f63-58 > .kt-row-column-wrap > .wp-block-kadence-column:nth-child(8 of *:not(style)){order:31;}}<\/style><div class=\"kb-row-layout-wrap kb-row-layout-id33487_5c5f63-58 alignfull wp-block-kadence-rowlayout\"><div class=\"kt-row-column-wrap kt-has-2-columns kt-row-layout-equal kt-tab-layout-inherit kt-mobile-layout-row kt-row-valign-top kb-theme-content-width\">\n<style>.kadence-column33487_78aa90-53 > .kt-inside-inner-col,.kadence-column33487_78aa90-53 > .kt-inside-inner-col:before{border-top-left-radius:0px;border-top-right-radius:0px;border-bottom-right-radius:0px;border-bottom-left-radius:0px;}.kadence-column33487_78aa90-53 > .kt-inside-inner-col{column-gap:var(--global-kb-gap-sm, 1rem);}.kadence-column33487_78aa90-53 > .kt-inside-inner-col{flex-direction:column;}.kadence-column33487_78aa90-53 > .kt-inside-inner-col > .aligncenter{width:100%;}.kadence-column33487_78aa90-53 > .kt-inside-inner-col:before{opacity:0.3;}.kadence-column33487_78aa90-53{position:relative;}@media all and (max-width: 1024px){.kadence-column33487_78aa90-53 > .kt-inside-inner-col{flex-direction:column;justify-content:center;}}@media all and (max-width: 767px){.kadence-column33487_78aa90-53 > .kt-inside-inner-col{flex-direction:column;justify-content:center;}}<\/style>\n<div class=\"wp-block-kadence-column kadence-column33487_78aa90-53\"><div class=\"kt-inside-inner-col\">\n<strong><div style=\"height: 75vh; width: 100%; margin: auto;\"><iframe loading=\"lazy\" width=\"100%\" height=\"100%\" frameborder=\"0\" scrolling=\"no\" marginheight=\"0\" marginwidth=\"0\" src=\"https:\/\/www.instamaps.cat\/geocatweb\/visor.html?businessid=fa11c154a7237361b0a5ac89a310fb0f&amp;embed=1\"><\/iframe><\/div><\/strong>\n\n\n\n<div style=\"height:40px\" aria-hidden=\"true\" class=\"wp-block-spacer\"><\/div>\n\n\n\n<p class=\"has-small-font-size\">Lors de la s\u00e9lection d\u2019un point, les informations associ\u00e9es \u00e0 chaque image apparaissent dans la barre lat\u00e9rale droite. En cliquant sur l\u2019image miniature, celle-ci s\u2019ouvre et s\u2019affiche en plein \u00e9cran.<\/p>\n\n\n\n<p class=\"has-small-font-size\">Sur le c\u00f4t\u00e9 gauche, vous pouvez modifier la carte d\u2019arri\u00e8re-plan. Vous pouvez \u00e9galement faire d\u00e9filer ou zoomer plus ou moins avec la souris.<\/p>\n<\/div><\/div>\n\n\n<style>.kadence-column33487_15c69d-01 > .kt-inside-inner-col{padding-right:var(--global-kb-spacing-xs, 1rem);padding-left:0px;}.kadence-column33487_15c69d-01 > .kt-inside-inner-col,.kadence-column33487_15c69d-01 > .kt-inside-inner-col:before{border-top-left-radius:0px;border-top-right-radius:0px;border-bottom-right-radius:0px;border-bottom-left-radius:0px;}.kadence-column33487_15c69d-01 > .kt-inside-inner-col{column-gap:var(--global-kb-gap-sm, 1rem);}.kadence-column33487_15c69d-01 > .kt-inside-inner-col{flex-direction:column;}.kadence-column33487_15c69d-01 > .kt-inside-inner-col > .aligncenter{width:100%;}.kadence-column33487_15c69d-01 > .kt-inside-inner-col:before{opacity:0.3;}.kadence-column33487_15c69d-01{position:relative;}@media all and (max-width: 1024px){.kadence-column33487_15c69d-01 > .kt-inside-inner-col{flex-direction:column;justify-content:center;}}@media all and (max-width: 767px){.kadence-column33487_15c69d-01 > .kt-inside-inner-col{flex-direction:column;justify-content:center;}}<\/style>\n<div class=\"wp-block-kadence-column kadence-column33487_15c69d-01\"><div class=\"kt-inside-inner-col\">\n<h2 class=\"wp-block-heading\"><strong>Grottes et Karts dans les g\u00e9oparcs espangnols de l\u2019UNESCO<\/strong><\/h2>\n\n\n\n<p>Espagne est le deuxi\u00e8me pays au monde avec le plus grand nombre de g\u00e9oparcs. Actuellement, il y a 15 territoires d\u00e9clar\u00e9s par l\u2019UNESCO pour leur extraordinaire patrimoine g\u00e9ologique et culturel.<\/p>\n\n\n\n<p>La visionneuse interactive des<strong>\u00ab&nbsp;Grottes et Karst des G\u00e9oparcs espagnols de la UNESCO&nbsp;\u00bb<\/strong>&nbsp;rassemble 41 photographies des 15 g\u00e9oparcs qui font partie du Forum des g\u00e9oparcs d\u2019Espagne.<\/p>\n\n\n\n<p>Les informations sur la carte ont \u00e9t\u00e9 fournies par le Forum Espagnol des G\u00e9oparcs.<\/p>\n\n\n<style>.kb-image33487_1efcf3-d3:not(.kb-image-is-ratio-size) .kb-img, .kb-image33487_1efcf3-d3.kb-image-is-ratio-size{padding-right:var(--global-kb-spacing-xs, 1rem);padding-left:var(--global-kb-spacing-xs, 1rem);}.kb-image33487_1efcf3-d3 .kb-image-has-overlay:after{opacity:0.3;}<\/style>\n<figure class=\"wp-block-kadence-image kb-image33487_1efcf3-d3\"><img decoding=\"async\" src=\"https:\/\/www.geoparcorigens.cat\/wp-content\/uploads\/2021\/05\/Geoparques_ESP-1024x211.png\" alt=\"\" class=\"kb-img wp-image-12872\"\/><\/figure>\n<\/div><\/div>\n\n<\/div><\/div>","protected":false},"excerpt":{"rendered":"<p>A l\u2019occasion de l\u2019Ann\u00e9e internationale des Grottes et du Karst qui se d\u00e9roule durant l\u2019ann\u00e9e 2021 et 2022, deux cartes interactives sur ce sujet ont \u00e9t\u00e9 \u00e9dit\u00e9es. Ces cartes sont publi\u00e9es pendant la V Semaine des G\u00e9oparcs Europ\u00e9ens \u00ab&nbsp;Grottes et Karst&nbsp;\u00bb. Les cartes ont \u00e9t\u00e9 cr\u00e9\u00e9es via la plateforme Instamaps, de l\u2019ICGC. Lors de la&#8230;<\/p>\n","protected":false},"author":1,"featured_media":0,"parent":0,"menu_order":0,"comment_status":"closed","ping_status":"closed","template":"","meta":{"_acf_changed":false,"_kad_blocks_custom_css":"","_kad_blocks_head_custom_js":"","_kad_blocks_body_custom_js":"","_kad_blocks_footer_custom_js":"","_kad_post_transparent":"","_kad_post_title":"show","_kad_post_layout":"","_kad_post_sidebar_id":"","_kad_post_content_style":"","_kad_post_vertical_padding":"","_kad_post_feature":"","_kad_post_feature_position":"","_kad_post_header":false,"_kad_post_footer":false,"_kad_post_classname":"","footnotes":""},"class_list":["post-33487","page","type-page","status-publish","hentry"],"acf":[],"taxonomy_info":[],"featured_image_src_large":false,"author_info":{"display_name":"09254GP","author_link":"https:\/\/www.geoparcorigens.cat\/fr\/author\/administrador\/"},"comment_info":0,"_links":{"self":[{"href":"https:\/\/www.geoparcorigens.cat\/fr\/wp-json\/wp\/v2\/pages\/33487","targetHints":{"allow":["GET"]}}],"collection":[{"href":"https:\/\/www.geoparcorigens.cat\/fr\/wp-json\/wp\/v2\/pages"}],"about":[{"href":"https:\/\/www.geoparcorigens.cat\/fr\/wp-json\/wp\/v2\/types\/page"}],"author":[{"embeddable":true,"href":"https:\/\/www.geoparcorigens.cat\/fr\/wp-json\/wp\/v2\/users\/1"}],"replies":[{"embeddable":true,"href":"https:\/\/www.geoparcorigens.cat\/fr\/wp-json\/wp\/v2\/comments?post=33487"}],"version-history":[{"count":0,"href":"https:\/\/www.geoparcorigens.cat\/fr\/wp-json\/wp\/v2\/pages\/33487\/revisions"}],"wp:attachment":[{"href":"https:\/\/www.geoparcorigens.cat\/fr\/wp-json\/wp\/v2\/media?parent=33487"}],"curies":[{"name":"wp","href":"https:\/\/api.w.org\/{rel}","templated":true}]}}