{"id":33488,"date":"2024-12-09T14:34:04","date_gmt":"2024-12-09T13:34:04","guid":{"rendered":"https:\/\/www.geoparcorigens.cat\/mineria\/"},"modified":"2025-02-07T15:44:35","modified_gmt":"2025-02-07T14:44:35","slug":"mineria","status":"publish","type":"page","link":"https:\/\/www.geoparcorigens.cat\/fr\/mineria\/","title":{"rendered":"Industrie mini\u00e8re"},"content":{"rendered":"<style>.kb-row-layout-id33488_2d4ca7-92 > .kt-row-column-wrap{align-content:start;}:where(.kb-row-layout-id33488_2d4ca7-92 > .kt-row-column-wrap) > .wp-block-kadence-column{justify-content:start;}.kb-row-layout-id33488_2d4ca7-92 > .kt-row-column-wrap{column-gap:var(--global-kb-gap-md, 2rem);row-gap:var(--global-kb-gap-none, 0rem );max-width:var( --global-content-width, 1290px );padding-left:var(--global-content-edge-padding);padding-right:var(--global-content-edge-padding);padding-top:var(--global-kb-spacing-xxl, 5rem);padding-bottom:var(--global-kb-spacing-xxl, 5rem);grid-template-columns:minmax(0, 1fr) minmax(0, 2fr);}.kb-row-layout-id33488_2d4ca7-92 > .kt-row-layout-overlay{opacity:0.30;}@media all and (max-width: 1024px){.kb-row-layout-id33488_2d4ca7-92 > .kt-row-column-wrap{column-gap:var(--global-kb-gap-md, 2rem);row-gap:var(--global-kb-gap-md, 2rem);padding-top:var(--global-kb-spacing-md, 2rem);padding-bottom:var(--global-kb-spacing-lg, 3rem);grid-template-columns:minmax(0, 1fr);}}@media all and (max-width: 767px){.kb-row-layout-id33488_2d4ca7-92 > .kt-row-column-wrap{column-gap:var(--global-kb-gap-sm, 1rem);row-gap:var(--global-kb-gap-sm, 1rem);grid-template-columns:minmax(0, 1fr);}}<\/style><div class=\"kb-row-layout-wrap kb-row-layout-id33488_2d4ca7-92 alignfull wp-block-kadence-rowlayout\"><div class=\"kt-row-column-wrap kt-has-2-columns kt-row-layout-right-golden kt-tab-layout-row kt-mobile-layout-row kt-row-valign-top kb-theme-content-width\">\n<style>.kadence-column33488_1ef8b8-c0 > .kt-inside-inner-col,.kadence-column33488_1ef8b8-c0 > .kt-inside-inner-col:before{border-top-left-radius:0px;border-top-right-radius:0px;border-bottom-right-radius:0px;border-bottom-left-radius:0px;}.kadence-column33488_1ef8b8-c0 > .kt-inside-inner-col{column-gap:var(--global-kb-gap-sm, 1rem);}.kadence-column33488_1ef8b8-c0 > .kt-inside-inner-col{flex-direction:column;}.kadence-column33488_1ef8b8-c0 > .kt-inside-inner-col > .aligncenter{width:100%;}.kadence-column33488_1ef8b8-c0 > .kt-inside-inner-col:before{opacity:0.3;}.kadence-column33488_1ef8b8-c0{position:relative;}@media all and (max-width: 1024px){.kadence-column33488_1ef8b8-c0 > .kt-inside-inner-col{flex-direction:column;justify-content:center;}}@media all and (max-width: 767px){.kadence-column33488_1ef8b8-c0 > .kt-inside-inner-col{flex-direction:column;justify-content:center;}}<\/style>\n<div class=\"wp-block-kadence-column kadence-column33488_1ef8b8-c0\"><div class=\"kt-inside-inner-col\"><style>.kb-image33488_7ce38a-7d .kb-image-has-overlay:after{opacity:0.3;}<\/style>\n<figure class=\"wp-block-kadence-image kb-image33488_7ce38a-7d\"><img decoding=\"async\" src=\"https:\/\/www.geoparcorigens.cat\/wp-content\/uploads\/2018\/04\/IMG_20180219_095641.jpg\" alt=\"\" class=\"kb-img wp-image-4330\"\/><\/figure>\n<\/div><\/div>\n\n\n<style>.kadence-column33488_411b92-98 > .kt-inside-inner-col,.kadence-column33488_411b92-98 > .kt-inside-inner-col:before{border-top-left-radius:0px;border-top-right-radius:0px;border-bottom-right-radius:0px;border-bottom-left-radius:0px;}.kadence-column33488_411b92-98 > .kt-inside-inner-col{column-gap:var(--global-kb-gap-sm, 1rem);}.kadence-column33488_411b92-98 > .kt-inside-inner-col{flex-direction:column;}.kadence-column33488_411b92-98 > .kt-inside-inner-col > .aligncenter{width:100%;}.kadence-column33488_411b92-98 > .kt-inside-inner-col:before{opacity:0.3;}.kadence-column33488_411b92-98{position:relative;}@media all and (max-width: 1024px){.kadence-column33488_411b92-98 > .kt-inside-inner-col{flex-direction:column;justify-content:center;}}@media all and (max-width: 767px){.kadence-column33488_411b92-98 > .kt-inside-inner-col{flex-direction:column;justify-content:center;}}<\/style>\n<div class=\"wp-block-kadence-column kadence-column33488_411b92-98\"><div class=\"kt-inside-inner-col\">\n<p>Bien que l\u2019industrie mini\u00e8re soit inactive sur le site du G\u00e9oparc Or\u00edgens, une grande diversit\u00e9 de min\u00e9raux y ont \u00e9t\u00e9 extraits au cours de l\u2019histoire. L\u2019exploitation mini\u00e8re a jou\u00e9 un r\u00f4le socio\u00e9conomique important \u00e0 l\u2019\u00e9chelle locale via:<\/p>\n\n\n\n<ul class=\"wp-block-list\">\n<li>L\u2019<strong>obtention de chaux et de ciment<\/strong>\u00a0issus des roches carbonat\u00e9es (cimenteries de La Pobla de Segur et Xerallo) et des mines de charbon (Soss\u00eds, Isona et Coll de Narg\u00f3).<\/li>\n\n\n\n<li>L\u2019extraction de\u00a0<strong>m\u00e9taux<\/strong>\u00a0comme le fer, le cuivre, le plomb et le zinc.<\/li>\n\n\n\n<li>L\u2019extraction d\u2019<strong>uranium<\/strong>, exploit\u00e9 dans les mines de Castell pendant les ann\u00e9es \u201960.<\/li>\n\n\n\n<li>Les nombreuses exploitations des ressources hydriques \u00e0 des fins d\u2019<strong>exploitation hydro\u00e9lectrique<\/strong>, comme l\u2019\u00e9voquent le Site d\u2019int\u00e9r\u00eat du patrimoine minier (LIPM) de la Vall Fosca, les centrales \u00e9lectriques de Talarn et Camarasa ainsi que leurs barrages correspondants.<\/li>\n<\/ul>\n\n\n\n<p>\u00c0 noter que, le min\u00e9ralogiste et gemmologue Joan Abella i Creus d\u00e9couvrit dans cette r\u00e9gion l\u2019<strong>Abella\u00efte, la premi\u00e8re nouvelle esp\u00e8ce min\u00e9rale d\u00e9couverte et d\u00e9crite en Catalogne.<\/strong><\/p>\n<\/div><\/div>\n\n<\/div><\/div>\n\n<style>.kb-row-layout-id33488_adecc1-d7 > .kt-row-column-wrap{align-content:center;}:where(.kb-row-layout-id33488_adecc1-d7 > .kt-row-column-wrap) > .wp-block-kadence-column{justify-content:center;}.kb-row-layout-id33488_adecc1-d7 > .kt-row-column-wrap{column-gap:var(--global-kb-gap-md, 2rem);row-gap:var(--global-kb-gap-none, 0rem );max-width:var( --global-content-width, 1290px );padding-left:var(--global-content-edge-padding);padding-right:var(--global-content-edge-padding);padding-top:var(--global-kb-spacing-xxl, 5rem);padding-bottom:var(--global-kb-spacing-xxl, 5rem);grid-template-columns:repeat(2, minmax(0, 1fr));}.kb-row-layout-id33488_adecc1-d7 > .kt-row-layout-overlay{opacity:0.30;}@media all and (max-width: 1024px){.kb-row-layout-id33488_adecc1-d7 > .kt-row-column-wrap{column-gap:var(--global-kb-gap-md, 2rem);row-gap:var(--global-kb-gap-md, 2rem);padding-top:var(--global-kb-spacing-lg, 3rem);padding-bottom:var(--global-kb-spacing-lg, 3rem);grid-template-columns:repeat(2, minmax(0, 1fr));}}@media all and (max-width: 767px){.kb-row-layout-id33488_adecc1-d7 > .kt-row-column-wrap{padding-bottom:var(--global-kb-spacing-sm, 1.5rem);grid-template-columns:minmax(0, 1fr);}}<\/style><div class=\"kb-row-layout-wrap kb-row-layout-id33488_adecc1-d7 alignfull wp-block-kadence-rowlayout\"><div class=\"kt-row-column-wrap kt-has-2-columns kt-row-layout-equal kt-tab-layout-inherit kt-mobile-layout-row kt-row-valign-middle kb-theme-content-width\">\n<style>.kadence-column33488_6db4cd-5a > .kt-inside-inner-col,.kadence-column33488_6db4cd-5a > .kt-inside-inner-col:before{border-top-left-radius:0px;border-top-right-radius:0px;border-bottom-right-radius:0px;border-bottom-left-radius:0px;}.kadence-column33488_6db4cd-5a > .kt-inside-inner-col{column-gap:var(--global-kb-gap-sm, 1rem);}.kadence-column33488_6db4cd-5a > .kt-inside-inner-col{flex-direction:column;}.kadence-column33488_6db4cd-5a > .kt-inside-inner-col > .aligncenter{width:100%;}.kadence-column33488_6db4cd-5a > .kt-inside-inner-col:before{opacity:0.3;}.kadence-column33488_6db4cd-5a{position:relative;}@media all and (max-width: 1024px){.kadence-column33488_6db4cd-5a > .kt-inside-inner-col{flex-direction:column;justify-content:center;}}@media all and (max-width: 767px){.kadence-column33488_6db4cd-5a > .kt-inside-inner-col{flex-direction:column;justify-content:center;}}<\/style>\n<div class=\"wp-block-kadence-column kadence-column33488_6db4cd-5a\"><div class=\"kt-inside-inner-col\">\n<figure class=\"wp-block-image\"><a href=\"https:\/\/www.geoparcorigens.cat\/wp-content\/uploads\/2015\/04\/mapa_paleo_geo_ore_heritage.jpg\" target=\"_blank\" rel=\"noreferrer noopener\"><img decoding=\"async\" src=\"https:\/\/www.geoparcorigens.cat\/wp-content\/uploads\/2015\/04\/mapa_paleo_geo_ore_heritage.jpg\" alt=\"mapa_paleo_geo_ore_heritage\" class=\"wp-image-2556\"\/><\/a><\/figure>\n<\/div><\/div>\n\n\n<style>.kadence-column33488_89e9b7-06 > .kt-inside-inner-col,.kadence-column33488_89e9b7-06 > .kt-inside-inner-col:before{border-top-left-radius:0px;border-top-right-radius:0px;border-bottom-right-radius:0px;border-bottom-left-radius:0px;}.kadence-column33488_89e9b7-06 > .kt-inside-inner-col{column-gap:var(--global-kb-gap-sm, 1rem);}.kadence-column33488_89e9b7-06 > .kt-inside-inner-col{flex-direction:column;}.kadence-column33488_89e9b7-06 > .kt-inside-inner-col > .aligncenter{width:100%;}.kadence-column33488_89e9b7-06 > .kt-inside-inner-col:before{opacity:0.3;}.kadence-column33488_89e9b7-06{position:relative;}@media all and (max-width: 1024px){.kadence-column33488_89e9b7-06 > .kt-inside-inner-col{flex-direction:column;justify-content:center;}}@media all and (max-width: 767px){.kadence-column33488_89e9b7-06 > .kt-inside-inner-col{flex-direction:column;justify-content:center;}}<\/style>\n<div class=\"wp-block-kadence-column kadence-column33488_89e9b7-06\"><div class=\"kt-inside-inner-col\">\n<p>Parmi les espaces d\u2019int\u00e9r\u00eat minier figurent:<\/p>\n\n\n\n<ol class=\"wp-block-list\">\n<li>Exploitation du fer<\/li>\n\n\n\n<li>Exploitation du mangan\u00e8se et du sel commun \u00e0 Gerri de la Sal<\/li>\n\n\n\n<li>Exploitation du cuivre \u00e0 La Torre de Capdella<\/li>\n\n\n\n<li>Exploitation du plomb et du zinc \u00e0 Mont-Ros et Pobell\u00e0<\/li>\n\n\n\n<li>Exploitation de l\u2019uranium \u00e0 Castell-Esta\u00f3<\/li>\n\n\n\n<li>Exploitation du charbon \u00e0 Isona<\/li>\n\n\n\n<li>Exploitation de pl\u00e2tres \u00e0 Tendrui<\/li>\n\n\n\n<li>Exploitation des roches carbonat\u00e9es, de la chaux et du ciment \u00e0 Xerallo<\/li>\n\n\n\n<li>Exploitation des roches argileuses \u00e0 Palau de Noguera<\/li>\n<\/ol>\n<\/div><\/div>\n\n<\/div><\/div>","protected":false},"excerpt":{"rendered":"<p>Bien que l\u2019industrie mini\u00e8re soit inactive sur le site du G\u00e9oparc Or\u00edgens, une grande diversit\u00e9 de min\u00e9raux y ont \u00e9t\u00e9 extraits au cours de l\u2019histoire. L\u2019exploitation mini\u00e8re a jou\u00e9 un r\u00f4le socio\u00e9conomique important \u00e0 l\u2019\u00e9chelle locale via: \u00c0 noter que, le min\u00e9ralogiste et gemmologue Joan Abella i Creus d\u00e9couvrit dans cette r\u00e9gion l\u2019Abella\u00efte, la premi\u00e8re&#8230;<\/p>\n","protected":false},"author":1,"featured_media":0,"parent":0,"menu_order":0,"comment_status":"closed","ping_status":"closed","template":"","meta":{"_acf_changed":false,"_kad_blocks_custom_css":"","_kad_blocks_head_custom_js":"","_kad_blocks_body_custom_js":"","_kad_blocks_footer_custom_js":"","_kad_post_transparent":"","_kad_post_title":"show","_kad_post_layout":"","_kad_post_sidebar_id":"","_kad_post_content_style":"","_kad_post_vertical_padding":"","_kad_post_feature":"","_kad_post_feature_position":"","_kad_post_header":false,"_kad_post_footer":false,"_kad_post_classname":"","footnotes":""},"class_list":["post-33488","page","type-page","status-publish","hentry"],"acf":[],"taxonomy_info":[],"featured_image_src_large":false,"author_info":{"display_name":"09254GP","author_link":"https:\/\/www.geoparcorigens.cat\/fr\/author\/administrador\/"},"comment_info":0,"_links":{"self":[{"href":"https:\/\/www.geoparcorigens.cat\/fr\/wp-json\/wp\/v2\/pages\/33488","targetHints":{"allow":["GET"]}}],"collection":[{"href":"https:\/\/www.geoparcorigens.cat\/fr\/wp-json\/wp\/v2\/pages"}],"about":[{"href":"https:\/\/www.geoparcorigens.cat\/fr\/wp-json\/wp\/v2\/types\/page"}],"author":[{"embeddable":true,"href":"https:\/\/www.geoparcorigens.cat\/fr\/wp-json\/wp\/v2\/users\/1"}],"replies":[{"embeddable":true,"href":"https:\/\/www.geoparcorigens.cat\/fr\/wp-json\/wp\/v2\/comments?post=33488"}],"version-history":[{"count":0,"href":"https:\/\/www.geoparcorigens.cat\/fr\/wp-json\/wp\/v2\/pages\/33488\/revisions"}],"wp:attachment":[{"href":"https:\/\/www.geoparcorigens.cat\/fr\/wp-json\/wp\/v2\/media?parent=33488"}],"curies":[{"name":"wp","href":"https:\/\/api.w.org\/{rel}","templated":true}]}}